{"id":2013,"date":"2024-12-17T09:06:12","date_gmt":"2024-12-17T09:06:12","guid":{"rendered":"https:\/\/mj-clothing.com\/?post_type=product&#038;p=2013"},"modified":"2024-12-17T09:06:12","modified_gmt":"2024-12-17T09:06:12","slug":"womens-petite-long-wool-coat","status":"publish","type":"product","link":"https:\/\/mj-clothing.com\/sv\/manufacturer\/womens-petite-long-wool-coat\/","title":{"rendered":"Petite l\u00e5ng ullkappa f\u00f6r kvinnor"},"content":{"rendered":"<p data-sourcepos=\"1:1-1:249\">En liten l\u00e5ng ullkappa f\u00f6r kvinnor \u00e4r ett fantastiskt val f\u00f6r att h\u00e5lla sig varm och snygg under de kallare m\u00e5naderna, s\u00e4rskilt om du har en mindre kropp. Nyckeln \u00e4r att hitta en kappa som passar bra och som smickrar dina proportioner. H\u00e4r \u00e4r vad du b\u00f6r t\u00e4nka p\u00e5:<\/p>\n<h3 data-sourcepos=\"3:1-3:31\"><strong>Vad k\u00e4nnetecknar en Petite Long Wool Coat f\u00f6r kvinnor?<\/strong><\/h3>\n<p data-sourcepos=\"5:1-5:125\"><span class=\"citation-0 recitation citation-end-0\">Petite kl\u00e4der \u00e4r designade f\u00f6r kvinnor som i allm\u00e4nhet \u00e4r 5'4 \u2033 och under.<\/span> De viktigaste skillnaderna i sm\u00e5 kappor \u00e4r:<span class=\"button-container hide-from-message-actions ng-star-inserted\">\u00a0 \u00a0<\/span><\/p>\n<ul data-sourcepos=\"7:1-11:0\">\n<li data-sourcepos=\"7:1-7:105\"><strong>Kortare l\u00e4ngder:<\/strong> Kappans totala l\u00e4ngd \u00e4r kortare f\u00f6r att undvika att den \u00f6verv\u00e4ldigar en mindre kroppsbyggnad.<\/li>\n<li data-sourcepos=\"8:1-8:104\"><strong>Kortare \u00e4rmar:<\/strong> \u00c4rmarna \u00e4r utformade f\u00f6r att n\u00e5 handleden, vilket eliminerar behovet av \u00e4ndringar.<\/li>\n<li data-sourcepos=\"9:1-9:82\"><strong>H\u00f6gre \u00e4rmh\u00e5l:<\/strong> Detta f\u00f6rhindrar att \u00f6verfl\u00f6digt tyg kl\u00e4ms ihop under armarna.<\/li>\n<li data-sourcepos=\"10:1-11:0\"><strong><span class=\"citation-1 recitation\">Smalare axlar:<\/span><\/strong><span class=\"citation-1 recitation citation-end-1\"> Axels\u00f6mmarna \u00e4r smalare f\u00f6r att passa en mindre kroppshydda ordentligt.<\/span><span class=\"button-container hide-from-message-actions ng-star-inserted\"> \u00a0<\/span>\n<div class=\"container ng-tns-c2960411664-127 hide\">\n<div class=\"carousel-container ng-tns-c2960411664-127\"><\/div>\n<\/div>\n<\/li>\n<\/ul>\n<h3 data-sourcepos=\"12:1-12:56\"><strong>Varf\u00f6r v\u00e4lja en l\u00e5ng ullkappa f\u00f6r kvinnor (\u00e4ven om du \u00e4r liten)?<\/strong><\/h3>\n<ul data-sourcepos=\"14:1-17:0\">\n<li data-sourcepos=\"14:1-14:111\"><strong><span class=\"citation-2 recitation\">V\u00e4rme:<\/span><\/strong><span class=\"citation-2 recitation citation-end-2\"> En l\u00e5ng ullkappa ger utm\u00e4rkt t\u00e4ckning och v\u00e4rme, perfekt f\u00f6r kallt v\u00e4der.<\/span><span class=\"button-container hide-from-message-actions ng-star-inserted\"> \u00a0<\/span>\n<div class=\"container ng-tns-c2960411664-128 hide\">\n<div class=\"carousel-container ng-tns-c2960411664-128\"><\/div>\n<\/div>\n<\/li>\n<li data-sourcepos=\"15:1-15:97\"><strong>Elegans:<\/strong> Den l\u00e5nga silhuetten kan vara mycket elegant och smickrande, \u00e4ven p\u00e5 sm\u00e5 figurer.<\/li>\n<li data-sourcepos=\"16:1-17:0\"><strong>M\u00e5ngsidighet:<\/strong> <span class=\"citation-3 recitation citation-end-3\">En klassisk l\u00e5ng ullkappa kan kl\u00e4s upp eller ner, vilket g\u00f6r den till ett m\u00e5ngsidigt tillskott i din garderob.<\/span>\n<div class=\"container ng-tns-c2960411664-129 hide\">\n<div class=\"carousel-container ng-tns-c2960411664-129\"><\/div>\n<\/div>\n<\/li>\n<\/ul>\n<h3 data-sourcepos=\"18:1-18:56\"><strong>Viktiga egenskaper att leta efter i en liten l\u00e5ng ullrock f\u00f6r kvinnor:<\/strong><\/h3>\n<ul data-sourcepos=\"20:1-25:0\">\n<li data-sourcepos=\"20:1-20:144\"><strong>L\u00e4ngd:<\/strong> Helst ska kappan n\u00e5 runt kn\u00e4et eller n\u00e5got nedanf\u00f6r. Undvik f\u00f6r l\u00e5nga kappor, eftersom de kan bli f\u00f6r stora f\u00f6r din kropp.<\/li>\n<li data-sourcepos=\"21:1-21:140\"><strong>Passar:<\/strong> Var mycket uppm\u00e4rksam p\u00e5 passformen i axlar och byst. Kappan ska sitta bekv\u00e4mt utan att vara f\u00f6r tr\u00e5ng eller f\u00f6r l\u00f6s.<\/li>\n<li data-sourcepos=\"22:1-22:108\"><strong>\u00c4rmar:<\/strong> \u00c4rmarna ska n\u00e5 upp till handleden. Om de \u00e4r f\u00f6r l\u00e5nga kan de f\u00e5 dig att se kortare ut.<\/li>\n<li data-sourcepos=\"23:1-23:146\"><strong>Stil:<\/strong> T\u00e4nk p\u00e5 klassiska stilar som enkelkn\u00e4ppta, dubbelkn\u00e4ppta eller omlottrockar. Dessa stilar tenderar att vara smickrande f\u00f6r sm\u00e5 figurer.<\/li>\n<li data-sourcepos=\"24:1-25:0\"><strong>F\u00e4rg:<\/strong> Svart, marinbl\u00e5 och gr\u00e5tt \u00e4r klassiska och m\u00e5ngsidiga val. Men du kan ocks\u00e5 \u00f6verv\u00e4ga andra f\u00e4rger som kompletterar din hudton.<\/li>\n<\/ul>\n<h3 data-sourcepos=\"26:1-26:45\"><strong>Tips f\u00f6r Petite Women's Petite Long Wool Coat:<\/strong><\/h3>\n<ul data-sourcepos=\"28:1-32:0\">\n<li data-sourcepos=\"28:1-28:124\"><strong>Undvik \u00f6verdimensionerade modeller:<\/strong> F\u00f6r stora kappor kan \u00f6verv\u00e4ldiga en liten kropp. V\u00e4lj en kappa som \u00e4r mer figursydd eller skr\u00e4ddarsydd.<\/li>\n<li data-sourcepos=\"29:1-29:127\"><strong>Var uppm\u00e4rksam p\u00e5 detaljerna:<\/strong> Detaljer som b\u00e4lten, knappar och kragar kan bidra till att skapa en mer smickrande silhuett.<\/li>\n<li data-sourcepos=\"30:1-30:117\"><strong>Anv\u00e4nd klackar eller st\u00f6vlar med klack:<\/strong> Detta kan bidra till att f\u00f6rl\u00e4nga dina ben och balansera kappans proportioner.<\/li>\n<li data-sourcepos=\"31:1-32:0\"><strong>T\u00e4nk p\u00e5 tyget:<\/strong> V\u00e4lj en l\u00e4tt till medeltung ullsort f\u00f6r att undvika att den blir f\u00f6r tjock.<\/li>\n<\/ul>\n<h3 data-sourcepos=\"33:1-33:41\"><strong>Var hittar man Petite l\u00e5ng ullrock f\u00f6r kvinnor:<\/strong><\/h3>\n<ul data-sourcepos=\"35:1-38:0\">\n<li data-sourcepos=\"35:1-35:124\"><strong><span class=\"citation-4 recitation\">Varuhus:<\/span><\/strong><span class=\"citation-4 recitation citation-end-4\"> M\u00e5nga varuhus har s\u00e4rskilda petite-avdelningar med en m\u00e4ngd olika kappmodeller.<\/span><span class=\"button-container hide-from-message-actions ng-star-inserted\"> \u00a0<\/span>\n<div class=\"container ng-tns-c2960411664-130 hide\">\n<div class=\"carousel-container ng-tns-c2960411664-130\"><\/div>\n<\/div>\n<\/li>\n<li data-sourcepos=\"36:1-36:124\"><strong>Specialiserade \u00e5terf\u00f6rs\u00e4ljare:<\/strong> <span class=\"citation-5 recitation citation-end-5\">Vissa \u00e5terf\u00f6rs\u00e4ljare specialiserar sig p\u00e5 petite kl\u00e4der och erbjuder ett bredare urval av rockar.<\/span><span class=\"button-container hide-from-message-actions ng-star-inserted\">\u00a0 \u00a0<\/span>\n<div class=\"container ng-tns-c2960411664-131 hide\">\n<div class=\"carousel-container ng-tns-c2960411664-131\"><\/div>\n<\/div>\n<\/li>\n<li data-sourcepos=\"37:1-38:0\"><strong><span class=\"citation-6 recitation\">\u00c5terf\u00f6rs\u00e4ljare p\u00e5 n\u00e4tet:<\/span><\/strong><span class=\"citation-6 recitation citation-end-6\"> Online-\u00e5terf\u00f6rs\u00e4ljare erbjuder ett stort urval av petite kappor i olika stilar och prisklasser.<\/span><span class=\"button-container hide-from-message-actions ng-star-inserted\">\u00a0<\/span>\n<div class=\"container ng-tns-c2960411664-132 hide\">\n<div class=\"carousel-container ng-tns-c2960411664-132\"><\/div>\n<\/div>\n<\/li>\n<\/ul>\n<p data-sourcepos=\"39:1-39:150\">Genom att h\u00e5lla dessa tips i \u00e5tanke kan du hitta den perfekta petite l\u00e5nga ullkappan som h\u00e5ller dig varm, snygg och k\u00e4nner dig sj\u00e4lvs\u00e4ker hela vintern.<\/p>","protected":false},"excerpt":{"rendered":"<table style=\"height: 521px;\" width=\"496\">\n<tbody>\n<tr>\n<td width=\"146\"><strong><b>Produkt<\/b><\/strong>\u00a0<strong><b>Namn:<\/b><\/strong><\/td>\n<td width=\"601\"><strong>Petite l\u00e5ng ullkappa f\u00f6r kvinnor<\/strong><\/td>\n<\/tr>\n<tr>\n<td width=\"146\"><strong><b>Materlal:<\/b><\/strong><\/td>\n<td width=\"601\">Stickning<\/td>\n<\/tr>\n<tr>\n<td width=\"146\"><strong><b>Teknik:<\/b><\/strong><\/td>\n<td width=\"601\">Broderad<\/td>\n<\/tr>\n<tr>\n<td width=\"146\"><strong><b>Stil:<\/b><\/strong><\/td>\n<td width=\"601\">Avslappnad<\/td>\n<\/tr>\n<tr>\n<td width=\"146\"><strong><b>F\u00e4rg<\/b><\/strong><strong><b>:<\/b><\/strong><\/td>\n<td width=\"601\">\u00a0Anpassade f\u00e4rger<\/td>\n<\/tr>\n<tr>\n<td width=\"146\"><strong><b>Storlek:<\/b><\/strong><\/td>\n<td width=\"601\">S \/M \/L \/XL \/2XL<\/td>\n<\/tr>\n<tr>\n<td width=\"146\"><strong><b>OEM\/ODM:<\/b><\/strong><\/td>\n<td width=\"601\">Godtagbar<\/td>\n<\/tr>\n<tr>\n<td width=\"146\"><strong><b>Kvalitet:<\/b><\/strong><\/td>\n<td width=\"601\">100% H\u00f6g kvalitet<\/td>\n<\/tr>\n<tr>\n<td width=\"146\"><strong><b>M<\/b><\/strong><strong><b>OQ:<\/b><\/strong><\/td>\n<td width=\"601\">200 st.<\/td>\n<\/tr>\n<\/tbody>\n<\/table>","protected":false},"featured_media":2014,"template":"","meta":[],"product_brand":[],"product_cat":[39],"product_tag":[],"class_list":{"0":"post-2013","1":"product","2":"type-product","3":"status-publish","4":"has-post-thumbnail","6":"product_cat-womens-clothing","8":"first","9":"instock","10":"shipping-taxable","11":"product-type-simple"},"_links":{"self":[{"href":"https:\/\/mj-clothing.com\/sv\/wp-json\/wp\/v2\/product\/2013","targetHints":{"allow":["GET"]}}],"collection":[{"href":"https:\/\/mj-clothing.com\/sv\/wp-json\/wp\/v2\/product"}],"about":[{"href":"https:\/\/mj-clothing.com\/sv\/wp-json\/wp\/v2\/types\/product"}],"wp:featuredmedia":[{"embeddable":true,"href":"https:\/\/mj-clothing.com\/sv\/wp-json\/wp\/v2\/media\/2014"}],"wp:attachment":[{"href":"https:\/\/mj-clothing.com\/sv\/wp-json\/wp\/v2\/media?parent=2013"}],"wp:term":[{"taxonomy":"product_brand","embeddable":true,"href":"https:\/\/mj-clothing.com\/sv\/wp-json\/wp\/v2\/product_brand?post=2013"},{"taxonomy":"product_cat","embeddable":true,"href":"https:\/\/mj-clothing.com\/sv\/wp-json\/wp\/v2\/product_cat?post=2013"},{"taxonomy":"product_tag","embeddable":true,"href":"https:\/\/mj-clothing.com\/sv\/wp-json\/wp\/v2\/product_tag?post=2013"}],"curies":[{"name":"wp","href":"https:\/\/api.w.org\/{rel}","templated":true}]}}