{"id":2037,"date":"2024-12-18T02:59:21","date_gmt":"2024-12-18T02:59:21","guid":{"rendered":"https:\/\/mj-clothing.com\/?post_type=product&#038;p=2037"},"modified":"2024-12-18T03:22:38","modified_gmt":"2024-12-18T03:22:38","slug":"womens-heated-long-coat","status":"publish","type":"product","link":"https:\/\/mj-clothing.com\/sv\/manufacturer\/womens-heated-long-coat\/","title":{"rendered":"Uppv\u00e4rmd l\u00e5ng jacka f\u00f6r kvinnor"},"content":{"rendered":"<p data-sourcepos=\"1:1-1:216\">En uppv\u00e4rmd l\u00e5ng rock f\u00f6r kvinnor \u00e4r en typ av ytterplagg som \u00e4r utformade f\u00f6r att ge exceptionell v\u00e4rme i kallt v\u00e4der. Den har integrerade v\u00e4rmeelement som drivs av ett batteripaket, som vanligtvis placeras i en diskret ficka.<\/p>\n<h3 data-sourcepos=\"3:1-3:35\"><strong>H\u00e4r \u00e4r vad som g\u00f6r dem speciella:<\/strong><\/h3>\n<ul data-sourcepos=\"5:1-8:0\">\n<li data-sourcepos=\"5:1-5:222\"><strong>\u00d6verl\u00e4gsen v\u00e4rme:<\/strong> De inbyggda v\u00e4rmeelementen genererar v\u00e4rme, vilket avsev\u00e4rt \u00f6kar rockens isolerande egenskaper. Detta g\u00f6r dem idealiska f\u00f6r extremt kalla klimat eller utomhusaktiviteter i kyliga temperaturer.<\/li>\n<li data-sourcepos=\"6:1-6:159\"><strong>Komfort:<\/strong> M\u00e5nga modeller har justerbara v\u00e4rmeinst\u00e4llningar, vilket g\u00f6r att du kan anpassa v\u00e4rmeniv\u00e5n efter dina \u00f6nskem\u00e5l och hur sv\u00e5r kylan \u00e4r.<\/li>\n<li data-sourcepos=\"7:1-8:0\"><strong>M\u00e5ngsidighet:<\/strong> De kan stylas f\u00f6r olika tillf\u00e4llen, fr\u00e5n avslappnade utflykter till mer formella tillst\u00e4llningar, beroende p\u00e5 rockens design och material.<\/li>\n<\/ul>\n<h3 data-sourcepos=\"9:1-9:56\"><strong>Saker att t\u00e4nka p\u00e5 n\u00e4r du v\u00e4ljer en uppv\u00e4rmd l\u00e5ng jacka f\u00f6r kvinnor:<\/strong><\/h3>\n<ul data-sourcepos=\"11:1-15:0\">\n<li data-sourcepos=\"11:1-11:198\"><strong>Uppv\u00e4rmningsteknik:<\/strong> Olika m\u00e4rken anv\u00e4nder olika v\u00e4rmetekniker. Unders\u00f6k den specifika teknik som anv\u00e4nds i den kappa du \u00e4r intresserad av f\u00f6r att f\u00f6rst\u00e5 dess prestanda och s\u00e4kerhetsfunktioner.<\/li>\n<li data-sourcepos=\"12:1-12:182\"><strong>Batteritid:<\/strong> Batteritiden \u00e4r avg\u00f6rande. Fundera p\u00e5 hur l\u00e4nge batteriet r\u00e4cker i olika v\u00e4rmeinst\u00e4llningar f\u00f6r att s\u00e4kerst\u00e4lla att det uppfyller dina behov under hela din aktivitet.<\/li>\n<li data-sourcepos=\"13:1-13:174\"><strong>Komfort och passform:<\/strong> V\u00e4lj en jacka som sitter bra och \u00e4r bekv\u00e4m att b\u00e4ra. Leta efter funktioner som justerbara manschetter, huvor och dragsko f\u00f6r att f\u00f6rb\u00e4ttra passformen och v\u00e4rmen.<\/li>\n<li data-sourcepos=\"14:1-15:0\"><strong>Stil och design:<\/strong> V\u00e4lj en kappa som passar din personliga stil och de tillf\u00e4llen du ska anv\u00e4nda den.<\/li>\n<\/ul>\n<p data-sourcepos=\"16:1-16:186\">Om du bor i ett mycket kallt klimat eller ofta \u00e4gnar dig \u00e5t utomhusaktiviteter under vintern kan en uppv\u00e4rmd l\u00e5ng kappa f\u00f6r damer vara en v\u00e4rdefull investering f\u00f6r att h\u00e5lla dig varm och bekv\u00e4m.<\/p>","protected":false},"excerpt":{"rendered":"<table style=\"height: 602px;\" width=\"581\">\n<tbody>\n<tr>\n<td width=\"146\"><strong><b>Produkt<\/b><\/strong>\u00a0<strong><b>Namn:<\/b><\/strong><\/td>\n<td width=\"601\"><strong>Uppv\u00e4rmd l\u00e5ng jacka f\u00f6r kvinnor<\/strong><\/td>\n<\/tr>\n<tr>\n<td width=\"146\"><strong><b>Materlal:<\/b><\/strong><\/td>\n<td width=\"601\">Stickning<\/td>\n<\/tr>\n<tr>\n<td width=\"146\"><strong><b>Teknik:<\/b><\/strong><\/td>\n<td width=\"601\">Broderad<\/td>\n<\/tr>\n<tr>\n<td width=\"146\"><strong><b>Stil:<\/b><\/strong><\/td>\n<td width=\"601\">Avslappnad<\/td>\n<\/tr>\n<tr>\n<td width=\"146\"><strong><b>F\u00e4rg<\/b><\/strong><strong><b>:<\/b><\/strong><\/td>\n<td width=\"601\">\u00a0Anpassade f\u00e4rger<\/td>\n<\/tr>\n<tr>\n<td width=\"146\"><strong><b>Storlek:<\/b><\/strong><\/td>\n<td width=\"601\">S \/M \/L \/XL \/2XL<\/td>\n<\/tr>\n<tr>\n<td width=\"146\"><strong><b>OEM\/ODM:<\/b><\/strong><\/td>\n<td width=\"601\">Godtagbar<\/td>\n<\/tr>\n<tr>\n<td width=\"146\"><strong><b>Kvalitet:<\/b><\/strong><\/td>\n<td width=\"601\">100% H\u00f6g kvalitet<\/td>\n<\/tr>\n<tr>\n<td width=\"146\"><strong><b>M<\/b><\/strong><strong><b>OQ:<\/b><\/strong><\/td>\n<td width=\"601\">200 st.<\/td>\n<\/tr>\n<\/tbody>\n<\/table>","protected":false},"featured_media":2040,"template":"","meta":[],"product_brand":[],"product_cat":[39],"product_tag":[],"class_list":{"0":"post-2037","1":"product","2":"type-product","3":"status-publish","4":"has-post-thumbnail","6":"product_cat-womens-clothing","8":"first","9":"instock","10":"shipping-taxable","11":"product-type-simple"},"_links":{"self":[{"href":"https:\/\/mj-clothing.com\/sv\/wp-json\/wp\/v2\/product\/2037","targetHints":{"allow":["GET"]}}],"collection":[{"href":"https:\/\/mj-clothing.com\/sv\/wp-json\/wp\/v2\/product"}],"about":[{"href":"https:\/\/mj-clothing.com\/sv\/wp-json\/wp\/v2\/types\/product"}],"wp:featuredmedia":[{"embeddable":true,"href":"https:\/\/mj-clothing.com\/sv\/wp-json\/wp\/v2\/media\/2040"}],"wp:attachment":[{"href":"https:\/\/mj-clothing.com\/sv\/wp-json\/wp\/v2\/media?parent=2037"}],"wp:term":[{"taxonomy":"product_brand","embeddable":true,"href":"https:\/\/mj-clothing.com\/sv\/wp-json\/wp\/v2\/product_brand?post=2037"},{"taxonomy":"product_cat","embeddable":true,"href":"https:\/\/mj-clothing.com\/sv\/wp-json\/wp\/v2\/product_cat?post=2037"},{"taxonomy":"product_tag","embeddable":true,"href":"https:\/\/mj-clothing.com\/sv\/wp-json\/wp\/v2\/product_tag?post=2037"}],"curies":[{"name":"wp","href":"https:\/\/api.w.org\/{rel}","templated":true}]}}