{"id":2041,"date":"2024-12-18T03:08:39","date_gmt":"2024-12-18T03:08:39","guid":{"rendered":"https:\/\/mj-clothing.com\/?post_type=product&#038;p=2041"},"modified":"2024-12-18T03:23:38","modified_gmt":"2024-12-18T03:23:38","slug":"womens-long-wrap-coat","status":"publish","type":"product","link":"https:\/\/mj-clothing.com\/sv\/manufacturer\/womens-long-wrap-coat\/","title":{"rendered":"L\u00e5ng omlottjacka f\u00f6r kvinnor"},"content":{"rendered":"<p data-sourcepos=\"1:1-1:121\">En l\u00e5ng omlottrock f\u00f6r kvinnor \u00e4r ett snyggt och m\u00e5ngsidigt ytterplaggsalternativ som ger en touch av elegans och sofistikering.<\/p>\n<h3 data-sourcepos=\"3:1-3:17\"><strong>L\u00e5ng omlottjacka f\u00f6r kvinnor Viktiga egenskaper:<\/strong><\/h3>\n<ul data-sourcepos=\"5:1-9:0\">\n<li data-sourcepos=\"5:1-5:132\"><strong>Wrap Design:<\/strong> Det utm\u00e4rkande draget \u00e4r omlottmodellen, d\u00e4r kappan \u00f6verlappar och vanligtvis knyts eller b\u00e4ltas i midjan.<\/li>\n<li data-sourcepos=\"6:1-6:83\"><strong>L\u00e4ngd:<\/strong> Den str\u00e4cker sig under h\u00f6fterna och n\u00e5r ofta upp till kn\u00e4na eller till och med till mitten av vaden.<\/li>\n<li data-sourcepos=\"7:1-7:126\"><strong>Olika typer av material:<\/strong> De kan tillverkas av olika tyger, till exempel ull, kashmir, bomullsblandningar och till och med fuskp\u00e4ls.<\/li>\n<li data-sourcepos=\"8:1-9:0\"><strong><span class=\"citation-0 interactive-span-selected-v2\">M\u00e5ngsidighet:<\/span><\/strong><span class=\"citation-0 citation-end-0 interactive-span-selected-v2\"> De kan kl\u00e4s upp eller ner, vilket g\u00f6r dem l\u00e4mpliga f\u00f6r en rad olika tillf\u00e4llen, fr\u00e5n avslappnade utflykter till formella evenemang. <\/span>\n<div class=\"container ng-tns-c3353360079-34\">\n<div class=\"carousel-container ng-tns-c3353360079-34\">\n<div class=\"carousel-content ng-tns-c3353360079-34\">\n<div class=\"sources-carousel-source ng-tns-c3353360079-34 ng-star-inserted\" data-test-id=\"sources-carousel-source\">\n<div class=\"source-card-container\">\n<div class=\"source-card-content\">\n<div class=\"source-card-body\">\n<div class=\"source-card-header\"><\/div>\n<\/div>\n<div class=\"source-card-footer\">\n<div class=\"source-card-attribution\"><\/div>\n<\/div>\n<\/div>\n<\/div>\n<\/div>\n<\/div>\n<\/div>\n<\/div>\n<\/li>\n<\/ul>\n<h3 data-sourcepos=\"10:1-10:24\"><strong>Varf\u00f6r kvinnor \u00e4lskar dem:<\/strong><\/h3>\n<ul data-sourcepos=\"12:1-15:0\">\n<li data-sourcepos=\"12:1-12:108\"><strong>Smickrande silhuett:<\/strong> Omslagsm\u00f6nstret framh\u00e4ver midjan och skapar en smickrande timglasform.<\/li>\n<li data-sourcepos=\"13:1-13:64\"><strong>Komfort:<\/strong> De har ofta en bekv\u00e4m och avslappnad passform.<\/li>\n<li data-sourcepos=\"14:1-15:0\"><strong>Stil:<\/strong> De ger en touch av femininitet och elegans till alla outfits.<\/li>\n<\/ul>\n<h3 data-sourcepos=\"16:1-16:17\"><strong>Tips f\u00f6r styling:<\/strong><\/h3>\n<ul data-sourcepos=\"18:1-20:0\">\n<li data-sourcepos=\"18:1-18:101\"><strong>Koppla ihop med:<\/strong> Jeans och st\u00f6vlar f\u00f6r en avslappnad look, eller kl\u00e4nning och klackar f\u00f6r en mer elegant ensemble.<\/li>\n<li data-sourcepos=\"19:1-20:0\"><strong>Accessoarer:<\/strong> L\u00e4gg till en scarf, handskar och en snygg hatt f\u00f6r att full\u00e4nda looken.<\/li>\n<\/ul>\n<p data-sourcepos=\"21:1-21:140\">Om du letar efter en snygg och m\u00e5ngsidig kappa att l\u00e4gga till i din vintergarderob \u00e4r en Women's Long Wrap Coat definitivt v\u00e4rd att \u00f6verv\u00e4ga.<\/p>","protected":false},"excerpt":{"rendered":"<table style=\"height: 617px;\" width=\"599\">\n<tbody>\n<tr>\n<td width=\"146\"><strong><b>Produkt<\/b><\/strong>\u00a0<strong><b>Namn:<\/b><\/strong><\/td>\n<td width=\"601\"><strong>L\u00e5ng omlottjacka f\u00f6r kvinnor<\/strong><\/td>\n<\/tr>\n<tr>\n<td width=\"146\"><strong><b>Materlal:<\/b><\/strong><\/td>\n<td width=\"601\">Stickning<\/td>\n<\/tr>\n<tr>\n<td width=\"146\"><strong><b>Teknik:<\/b><\/strong><\/td>\n<td width=\"601\">Broderad<\/td>\n<\/tr>\n<tr>\n<td width=\"146\"><strong><b>Stil:<\/b><\/strong><\/td>\n<td width=\"601\">Avslappnad<\/td>\n<\/tr>\n<tr>\n<td width=\"146\"><strong><b>F\u00e4rg<\/b><\/strong><strong><b>:<\/b><\/strong><\/td>\n<td width=\"601\">\u00a0Anpassade f\u00e4rger<\/td>\n<\/tr>\n<tr>\n<td width=\"146\"><strong><b>Storlek:<\/b><\/strong><\/td>\n<td width=\"601\">S \/M \/L \/XL \/2XL<\/td>\n<\/tr>\n<tr>\n<td width=\"146\"><strong><b>OEM\/ODM:<\/b><\/strong><\/td>\n<td width=\"601\">Godtagbar<\/td>\n<\/tr>\n<tr>\n<td width=\"146\"><strong><b>Kvalitet:<\/b><\/strong><\/td>\n<td width=\"601\">100% H\u00f6g kvalitet<\/td>\n<\/tr>\n<tr>\n<td width=\"146\"><strong><b>M<\/b><\/strong><strong><b>OQ:<\/b><\/strong><\/td>\n<td width=\"601\">200 st.<\/td>\n<\/tr>\n<\/tbody>\n<\/table>","protected":false},"featured_media":2042,"template":"","meta":[],"product_brand":[],"product_cat":[39],"product_tag":[],"class_list":{"0":"post-2041","1":"product","2":"type-product","3":"status-publish","4":"has-post-thumbnail","6":"product_cat-womens-clothing","8":"first","9":"instock","10":"shipping-taxable","11":"product-type-simple"},"_links":{"self":[{"href":"https:\/\/mj-clothing.com\/sv\/wp-json\/wp\/v2\/product\/2041","targetHints":{"allow":["GET"]}}],"collection":[{"href":"https:\/\/mj-clothing.com\/sv\/wp-json\/wp\/v2\/product"}],"about":[{"href":"https:\/\/mj-clothing.com\/sv\/wp-json\/wp\/v2\/types\/product"}],"wp:featuredmedia":[{"embeddable":true,"href":"https:\/\/mj-clothing.com\/sv\/wp-json\/wp\/v2\/media\/2042"}],"wp:attachment":[{"href":"https:\/\/mj-clothing.com\/sv\/wp-json\/wp\/v2\/media?parent=2041"}],"wp:term":[{"taxonomy":"product_brand","embeddable":true,"href":"https:\/\/mj-clothing.com\/sv\/wp-json\/wp\/v2\/product_brand?post=2041"},{"taxonomy":"product_cat","embeddable":true,"href":"https:\/\/mj-clothing.com\/sv\/wp-json\/wp\/v2\/product_cat?post=2041"},{"taxonomy":"product_tag","embeddable":true,"href":"https:\/\/mj-clothing.com\/sv\/wp-json\/wp\/v2\/product_tag?post=2041"}],"curies":[{"name":"wp","href":"https:\/\/api.w.org\/{rel}","templated":true}]}}