{"id":2044,"date":"2024-12-18T03:15:03","date_gmt":"2024-12-18T03:15:03","guid":{"rendered":"https:\/\/mj-clothing.com\/?post_type=product&#038;p=2044"},"modified":"2024-12-18T03:23:05","modified_gmt":"2024-12-18T03:23:05","slug":"womens-petite-long-winter-coats","status":"publish","type":"product","link":"https:\/\/mj-clothing.com\/sv\/manufacturer\/womens-petite-long-winter-coats\/","title":{"rendered":"Petite l\u00e5nga vinterrockar f\u00f6r kvinnor"},"content":{"rendered":"<p data-sourcepos=\"1:1-1:158\">L\u00e4ngre vinterrockar f\u00f6r kvinnor i petite storlek \u00e4r s\u00e4rskilt utformade f\u00f6r kortare kvinnor f\u00f6r att s\u00e4kerst\u00e4lla en korrekt passform och smickrande silhuett. H\u00e4r \u00e4r vad som g\u00f6r dem speciella:<\/p>\n<ul data-sourcepos=\"3:1-6:0\">\n<li data-sourcepos=\"3:1-3:155\"><strong>Proportionerad f\u00f6r kortare ramar:<\/strong> Dessa kappor \u00e4r designade med tanke p\u00e5 kortare \u00f6verkroppar och insteg, vilket f\u00f6rhindrar att de \u00f6verv\u00e4ldigar sm\u00e5 figurer.<\/li>\n<li data-sourcepos=\"4:1-4:144\"><strong>Idealisk l\u00e4ngd:<\/strong> De anses fortfarande vara \"l\u00e5nga\", men l\u00e4ngden \u00e4r justerad f\u00f6r att undvika att de sl\u00e4par i marken eller ger ett alltf\u00f6r volumin\u00f6st intryck.<\/li>\n<li data-sourcepos=\"5:1-6:0\"><strong>F\u00f6rb\u00e4ttrad passform:<\/strong> Funktioner som kortare \u00e4rmar och justerad midja g\u00f6r att kappan sitter bekv\u00e4mt och proportionerligt.<\/li>\n<\/ul>\n<h3 data-sourcepos=\"7:1-7:19\"><strong>Popul\u00e4ra stilar:<\/strong><\/h3>\n<ul data-sourcepos=\"9:1-12:0\">\n<li data-sourcepos=\"9:1-9:102\"><strong>Sm\u00e5 ullrockar:<\/strong> Klassiska och tidl\u00f6sa, ofta i stilar som peacoats eller dubbelkn\u00e4ppta kappor.<\/li>\n<li data-sourcepos=\"10:1-10:118\"><strong>Petite Puffer Coats:<\/strong> De ger utm\u00e4rkt v\u00e4rme och finns i olika l\u00e4ngder och stilar, fr\u00e5n eleganta till mer avslappnade.<\/li>\n<li data-sourcepos=\"11:1-12:0\"><strong>Petite Parkas:<\/strong> Perfekt f\u00f6r kallare klimat, ofta med huva, p\u00e4lskant och flera fickor.<\/li>\n<\/ul>\n<h3 data-sourcepos=\"13:1-13:23\"><strong>Var hittar man sm\u00e5 l\u00e5nga vinterrockar f\u00f6r kvinnor:<\/strong><\/h3>\n<p data-sourcepos=\"15:1-15:54\">M\u00e5nga \u00e5terf\u00f6rs\u00e4ljare erbjuder sm\u00e5 storlekar, bland annat:<\/p>\n<ul data-sourcepos=\"17:1-20:0\">\n<li data-sourcepos=\"17:1-17:58\"><strong>Varuhus:<\/strong> Nordstrom, Macy's, Bloomingdale's<\/li>\n<li data-sourcepos=\"18:1-18:52\"><strong>Specialiserade \u00e5terf\u00f6rs\u00e4ljare:<\/strong> Ann Taylor, Loft, Talbots<\/li>\n<li data-sourcepos=\"19:1-20:0\"><strong>\u00c5terf\u00f6rs\u00e4ljare p\u00e5 n\u00e4tet:<\/strong> ASOS, Nordstrom Rack, Amazon<\/li>\n<\/ul>\n<h3 data-sourcepos=\"21:1-21:22\"><strong>Tips f\u00f6r att v\u00e4lja:<\/strong><\/h3>\n<ul data-sourcepos=\"23:1-26:0\">\n<li data-sourcepos=\"23:1-23:102\"><strong>T\u00e4nk p\u00e5 tyget:<\/strong> Leta efter varma och slitstarka material som ull, dun eller syntetisk isolering.<\/li>\n<li data-sourcepos=\"24:1-24:106\"><strong>Kontrollera l\u00e4ngden:<\/strong> Se till att kappan sitter p\u00e5 r\u00e4tt st\u00e4lle p\u00e5 benen, s\u00e5 att du undviker en \"drunknande\" effekt.<\/li>\n<li data-sourcepos=\"25:1-26:0\"><strong>Prova den p\u00e5:<\/strong> Prova alltid en liten kappa f\u00f6r att se till att den sitter ordentligt och smickrar din figur.<\/li>\n<\/ul>\n<p data-sourcepos=\"27:1-27:121\">Genom att v\u00e4lja en v\u00e4lsittande Womens Petite Long Winter Coats kan kortare kvinnor h\u00e5lla sig varma och snygga under de kallare m\u00e5naderna.<\/p>","protected":false},"excerpt":{"rendered":"<table style=\"height: 572px;\" width=\"534\">\n<tbody>\n<tr>\n<td width=\"146\"><strong><b>Produkt<\/b><\/strong>\u00a0<strong><b>Namn:<\/b><\/strong><\/td>\n<td width=\"601\"><strong>Petite l\u00e5nga vinterrockar f\u00f6r kvinnor<\/strong><\/td>\n<\/tr>\n<tr>\n<td width=\"146\"><strong><b>Materlal:<\/b><\/strong><\/td>\n<td width=\"601\">Stickning<\/td>\n<\/tr>\n<tr>\n<td width=\"146\"><strong><b>Teknik:<\/b><\/strong><\/td>\n<td width=\"601\">Broderad<\/td>\n<\/tr>\n<tr>\n<td width=\"146\"><strong><b>Stil:<\/b><\/strong><\/td>\n<td width=\"601\">Avslappnad<\/td>\n<\/tr>\n<tr>\n<td width=\"146\"><strong><b>F\u00e4rg<\/b><\/strong><strong><b>:<\/b><\/strong><\/td>\n<td width=\"601\">\u00a0Anpassade f\u00e4rger<\/td>\n<\/tr>\n<tr>\n<td width=\"146\"><strong><b>Storlek:<\/b><\/strong><\/td>\n<td width=\"601\">S \/M \/L \/XL \/2XL<\/td>\n<\/tr>\n<tr>\n<td width=\"146\"><strong><b>OEM\/ODM:<\/b><\/strong><\/td>\n<td width=\"601\">Godtagbar<\/td>\n<\/tr>\n<tr>\n<td width=\"146\"><strong><b>Kvalitet:<\/b><\/strong><\/td>\n<td width=\"601\">100% H\u00f6g kvalitet<\/td>\n<\/tr>\n<tr>\n<td width=\"146\"><strong><b>M<\/b><\/strong><strong><b>OQ:<\/b><\/strong><\/td>\n<td width=\"601\">200 st.<\/td>\n<\/tr>\n<\/tbody>\n<\/table>","protected":false},"featured_media":2045,"template":"","meta":[],"product_brand":[],"product_cat":[39],"product_tag":[],"class_list":{"0":"post-2044","1":"product","2":"type-product","3":"status-publish","4":"has-post-thumbnail","6":"product_cat-womens-clothing","8":"first","9":"instock","10":"shipping-taxable","11":"product-type-simple"},"_links":{"self":[{"href":"https:\/\/mj-clothing.com\/sv\/wp-json\/wp\/v2\/product\/2044","targetHints":{"allow":["GET"]}}],"collection":[{"href":"https:\/\/mj-clothing.com\/sv\/wp-json\/wp\/v2\/product"}],"about":[{"href":"https:\/\/mj-clothing.com\/sv\/wp-json\/wp\/v2\/types\/product"}],"wp:featuredmedia":[{"embeddable":true,"href":"https:\/\/mj-clothing.com\/sv\/wp-json\/wp\/v2\/media\/2045"}],"wp:attachment":[{"href":"https:\/\/mj-clothing.com\/sv\/wp-json\/wp\/v2\/media?parent=2044"}],"wp:term":[{"taxonomy":"product_brand","embeddable":true,"href":"https:\/\/mj-clothing.com\/sv\/wp-json\/wp\/v2\/product_brand?post=2044"},{"taxonomy":"product_cat","embeddable":true,"href":"https:\/\/mj-clothing.com\/sv\/wp-json\/wp\/v2\/product_cat?post=2044"},{"taxonomy":"product_tag","embeddable":true,"href":"https:\/\/mj-clothing.com\/sv\/wp-json\/wp\/v2\/product_tag?post=2044"}],"curies":[{"name":"wp","href":"https:\/\/api.w.org\/{rel}","templated":true}]}}