{"id":2066,"date":"2024-12-19T03:05:05","date_gmt":"2024-12-19T03:05:05","guid":{"rendered":"https:\/\/mj-clothing.com\/?post_type=product&#038;p=2066"},"modified":"2024-12-19T03:05:05","modified_gmt":"2024-12-19T03:05:05","slug":"spring-coats-for-ladies","status":"publish","type":"product","link":"https:\/\/mj-clothing.com\/sv\/manufacturer\/spring-coats-for-ladies\/","title":{"rendered":"V\u00e5rkappor f\u00f6r damer"},"content":{"rendered":"<p data-sourcepos=\"1:1-1:154\">Spring Coats For Ladies \u00e4r en vacker \u00e5rstid, och det \u00e4r den perfekta tiden att uppdatera din garderob med n\u00e5gra snygga v\u00e5rrockar. H\u00e4r \u00e4r n\u00e5gra popul\u00e4ra alternativ f\u00f6r damer:<\/p>\n<h3 data-sourcepos=\"3:1-3:19\"><strong>1. V\u00e5rkappor f\u00f6r damer:<\/strong><\/h3>\n<ul data-sourcepos=\"5:1-8:0\">\n<li style=\"list-style-type: none;\">\n<ul data-sourcepos=\"5:1-8:0\">\n<li data-sourcepos=\"5:1-5:94\"><strong>Klassiskt och tidl\u00f6st:<\/strong> En trenchcoat \u00e4r ett basplagg i garderoben som kan kl\u00e4s upp eller ner.<\/li>\n<li data-sourcepos=\"6:1-6:60\"><strong>M\u00e5ngsidig:<\/strong> Den \u00e4r perfekt f\u00f6r b\u00e5de regniga och soliga dagar.<\/li>\n<li data-sourcepos=\"7:1-8:0\"><strong>Snyggt:<\/strong> V\u00e4lj bland en m\u00e4ngd olika f\u00e4rger och stilar f\u00f6r att passa din personliga smak.<\/li>\n<\/ul>\n<\/li>\n<\/ul>\n<div class=\"attachment-container search-images\">\n<div class=\"image-container hide-from-message-actions ng-star-inserted\"><strong style=\"color: #555555; font-size: 14.4px;\">2. Jeansjacka:<\/strong><\/div>\n<\/div>\n<ul data-sourcepos=\"13:1-16:0\">\n<li style=\"list-style-type: none;\">\n<ul data-sourcepos=\"13:1-16:0\">\n<li data-sourcepos=\"13:1-13:91\"><strong>Avslappnad och cool:<\/strong> En jeansjacka \u00e4r ett utm\u00e4rkt s\u00e4tt att ge din outfit en touch av edge.<\/li>\n<li data-sourcepos=\"14:1-14:65\"><strong>M\u00e5ngsidig:<\/strong> Den kan kombineras med jeans, kl\u00e4nningar eller kjolar.<\/li>\n<li data-sourcepos=\"15:1-16:0\"><strong>Bekv\u00e4mt:<\/strong> Denim \u00e4r ett slitstarkt och bekv\u00e4mt tyg.<\/li>\n<\/ul>\n<\/li>\n<\/ul>\n<div class=\"attachment-container search-images\">\n<div class=\"image-container hide-from-message-actions ng-star-inserted\">\n<div class=\"caption ellipsis gds-label-m-alt ng-star-inserted\" aria-hidden=\"true\"><strong style=\"color: #555555; font-size: 14.4px;\">3.Spring Coats f\u00f6r damer Blazer:<\/strong><\/div>\n<\/div>\n<\/div>\n<ul data-sourcepos=\"21:1-24:0\">\n<li style=\"list-style-type: none;\">\n<ul data-sourcepos=\"21:1-24:0\">\n<li data-sourcepos=\"21:1-21:75\"><strong>Chic och sofistikerad:<\/strong> En kavaj \u00e4r ett bra s\u00e4tt att lyfta din look.<\/li>\n<li data-sourcepos=\"22:1-22:80\"><strong>M\u00e5ngsidig:<\/strong> Den kan b\u00e4ras p\u00e5 jobbet, ute p\u00e5 middag eller p\u00e5 en avslappnad helg.<\/li>\n<li data-sourcepos=\"23:1-24:0\"><strong>Snyggt:<\/strong> V\u00e4lj bland en m\u00e4ngd olika f\u00e4rger, m\u00f6nster och stilar.<\/li>\n<\/ul>\n<\/li>\n<\/ul>\n<div class=\"attachment-container search-images\">\n<div class=\"image-container hide-from-message-actions ng-star-inserted\">\n<div class=\"caption ellipsis gds-label-m-alt ng-star-inserted\" aria-hidden=\"true\"><strong style=\"color: #555555; font-size: 14.4px;\">4. V\u00e5rkappor f\u00f6r damer L\u00e4derjacka:<\/strong><\/div>\n<\/div>\n<\/div>\n<ul data-sourcepos=\"29:1-32:0\">\n<li style=\"list-style-type: none;\">\n<ul data-sourcepos=\"29:1-32:0\">\n<li data-sourcepos=\"29:1-29:89\"><strong>Edgy och cool:<\/strong> En skinnjacka \u00e4r ett bra s\u00e4tt att f\u00e5 lite attityd i din outfit.<\/li>\n<li data-sourcepos=\"30:1-30:46\"><strong>M\u00e5ngsidig:<\/strong> Den kan kl\u00e4s upp eller ner.<\/li>\n<li data-sourcepos=\"31:1-32:0\"><strong>Snyggt:<\/strong> V\u00e4lj bland en m\u00e4ngd olika f\u00e4rger och stilar.<\/li>\n<\/ul>\n<\/li>\n<\/ul>\n<div class=\"attachment-container search-images\">\n<div class=\"image-container hide-from-message-actions ng-star-inserted\">\n<div class=\"caption ellipsis gds-label-m-alt ng-star-inserted\" aria-hidden=\"true\"><strong style=\"color: #555555; font-size: 14.4px;\">5. Pufferjacka:<\/strong><\/div>\n<\/div>\n<\/div>\n<ul data-sourcepos=\"37:1-40:0\">\n<li style=\"list-style-type: none;\">\n<ul data-sourcepos=\"37:1-40:0\">\n<li data-sourcepos=\"37:1-37:87\"><strong>Varmt och mysigt:<\/strong> En pufferjacka \u00e4r ett bra s\u00e4tt att h\u00e5lla sig varm under kyliga v\u00e5rdagar.<\/li>\n<li data-sourcepos=\"38:1-38:66\"><strong>M\u00e5ngsidig:<\/strong> Den kan kombineras med jeans, leggings eller kjol.<\/li>\n<li data-sourcepos=\"39:1-40:0\"><strong>Snyggt:<\/strong> V\u00e4lj bland en m\u00e4ngd olika f\u00e4rger och stilar.<\/li>\n<\/ul>\n<\/li>\n<\/ul>\n<div class=\"attachment-container search-images\"><\/div>\n<p data-sourcepos=\"43:1-43:46\"><strong>Tips f\u00f6r att v\u00e4lja den perfekta v\u00e5rkappan:<\/strong><\/p>\n<ul data-sourcepos=\"45:1-49:0\">\n<li data-sourcepos=\"45:1-45:184\"><strong>T\u00e4nk p\u00e5 ditt klimat:<\/strong> Om du bor i ett varmt klimat kan det vara bra att v\u00e4lja en l\u00e4ttare kappa. Om du bor i ett kallare klimat kan det vara bra att v\u00e4lja en tyngre kappa.<\/li>\n<li data-sourcepos=\"46:1-46:188\"><strong>T\u00e4nk p\u00e5 din livsstil:<\/strong> Om du \u00e4r aktiv kan det vara bra att v\u00e4lja en kappa som \u00e4r l\u00e4tt att r\u00f6ra sig i. Om du arbetar i en professionell milj\u00f6 kanske du vill v\u00e4lja en mer formell kappa.<\/li>\n<li data-sourcepos=\"47:1-47:87\"><strong>V\u00e4lj en f\u00e4rg som du tycker om:<\/strong> Du kommer att vara mer ben\u00e4gen att b\u00e4ra en kappa som du \u00e4lskar.<\/li>\n<li data-sourcepos=\"48:1-49:0\"><strong>T\u00e4nk p\u00e5 passformen:<\/strong> En v\u00e4lsittande kappa ser bra ut och k\u00e4nns bra.<\/li>\n<\/ul>\n<p data-sourcepos=\"50:1-50:202\">Oavsett vilken stil du har, finns det en perfekt v\u00e5rkappa f\u00f6r dig d\u00e4r ute. Med s\u00e5 m\u00e5nga bra alternativ att v\u00e4lja mellan kommer du s\u00e4kert att hitta den perfekta kappan som h\u00e5ller dig varm och snygg hela s\u00e4songen.<\/p>","protected":false},"excerpt":{"rendered":"<table style=\"height: 611px;\" width=\"429\">\n<tbody>\n<tr>\n<td width=\"146\"><strong><b>Produkt<\/b><\/strong>\u00a0<strong><b>Namn:<\/b><\/strong><\/td>\n<td width=\"601\"><strong>V\u00e5rkappor f\u00f6r damer<\/strong><\/td>\n<\/tr>\n<tr>\n<td width=\"146\"><strong><b>Materlal:<\/b><\/strong><\/td>\n<td width=\"601\">Stickning<\/td>\n<\/tr>\n<tr>\n<td width=\"146\"><strong><b>Teknik:<\/b><\/strong><\/td>\n<td width=\"601\">Broderad<\/td>\n<\/tr>\n<tr>\n<td width=\"146\"><strong><b>Stil:<\/b><\/strong><\/td>\n<td width=\"601\">Avslappnad<\/td>\n<\/tr>\n<tr>\n<td width=\"146\"><strong><b>F\u00e4rg<\/b><\/strong><strong><b>:<\/b><\/strong><\/td>\n<td width=\"601\">\u00a0Anpassade f\u00e4rger<\/td>\n<\/tr>\n<tr>\n<td width=\"146\"><strong><b>Storlek:<\/b><\/strong><\/td>\n<td width=\"601\">S \/M \/L \/XL \/2XL<\/td>\n<\/tr>\n<tr>\n<td width=\"146\"><strong><b>OEM\/ODM:<\/b><\/strong><\/td>\n<td width=\"601\">Godtagbar<\/td>\n<\/tr>\n<tr>\n<td width=\"146\"><strong><b>Kvalitet:<\/b><\/strong><\/td>\n<td width=\"601\">100% H\u00f6g kvalitet<\/td>\n<\/tr>\n<tr>\n<td width=\"146\"><strong><b>M<\/b><\/strong><strong><b>OQ:<\/b><\/strong><\/td>\n<td width=\"601\">200 st.<\/td>\n<\/tr>\n<\/tbody>\n<\/table>","protected":false},"featured_media":2075,"template":"","meta":[],"product_brand":[],"product_cat":[39],"product_tag":[],"class_list":{"0":"post-2066","1":"product","2":"type-product","3":"status-publish","4":"has-post-thumbnail","6":"product_cat-womens-clothing","8":"first","9":"instock","10":"shipping-taxable","11":"product-type-simple"},"_links":{"self":[{"href":"https:\/\/mj-clothing.com\/sv\/wp-json\/wp\/v2\/product\/2066","targetHints":{"allow":["GET"]}}],"collection":[{"href":"https:\/\/mj-clothing.com\/sv\/wp-json\/wp\/v2\/product"}],"about":[{"href":"https:\/\/mj-clothing.com\/sv\/wp-json\/wp\/v2\/types\/product"}],"wp:featuredmedia":[{"embeddable":true,"href":"https:\/\/mj-clothing.com\/sv\/wp-json\/wp\/v2\/media\/2075"}],"wp:attachment":[{"href":"https:\/\/mj-clothing.com\/sv\/wp-json\/wp\/v2\/media?parent=2066"}],"wp:term":[{"taxonomy":"product_brand","embeddable":true,"href":"https:\/\/mj-clothing.com\/sv\/wp-json\/wp\/v2\/product_brand?post=2066"},{"taxonomy":"product_cat","embeddable":true,"href":"https:\/\/mj-clothing.com\/sv\/wp-json\/wp\/v2\/product_cat?post=2066"},{"taxonomy":"product_tag","embeddable":true,"href":"https:\/\/mj-clothing.com\/sv\/wp-json\/wp\/v2\/product_tag?post=2066"}],"curies":[{"name":"wp","href":"https:\/\/api.w.org\/{rel}","templated":true}]}}