{"id":2076,"date":"2024-12-19T03:26:08","date_gmt":"2024-12-19T03:26:08","guid":{"rendered":"https:\/\/mj-clothing.com\/?post_type=product&#038;p=2076"},"modified":"2024-12-19T03:33:03","modified_gmt":"2024-12-19T03:33:03","slug":"spring-trench-coats-for-ladies","status":"publish","type":"product","link":"https:\/\/mj-clothing.com\/sv\/manufacturer\/spring-trench-coats-for-ladies\/","title":{"rendered":"V\u00e5rens Trenchcoats f\u00f6r damer"},"content":{"rendered":"<p data-sourcepos=\"1:1-1:134\">V\u00e5rens trenchcoats f\u00f6r damer \u00e4r en klassisk bas i garderoben som kan kl\u00e4s upp eller ner. H\u00e4r \u00e4r n\u00e5gra popul\u00e4ra stilar att \u00f6verv\u00e4ga:<\/p>\n<h3 data-sourcepos=\"3:1-3:27\"><strong>1. Klassisk Trench Coat:<\/strong><\/h3>\n<ul data-sourcepos=\"5:1-8:0\">\n<li style=\"list-style-type: none;\">\n<ul data-sourcepos=\"5:1-8:0\">\n<li data-sourcepos=\"5:1-5:116\"><strong>Tidl\u00f6s och elegant:<\/strong> Den klassiska trenchcoaten \u00e4r ett m\u00e5ngsidigt plagg som kan b\u00e4ras till en m\u00e4ngd olika outfits.<\/li>\n<li data-sourcepos=\"6:1-6:101\"><strong>M\u00e5ngsidig:<\/strong> Den kan kl\u00e4s upp med kjol och klackar eller kl\u00e4s ner med jeans och sneakers.<\/li>\n<li data-sourcepos=\"7:1-8:0\"><strong>Funktionell:<\/strong> Den \u00e4r perfekt f\u00f6r regniga eller bl\u00e5siga dagar tack vare det vattenavvisande tyget och b\u00e4ltet som h\u00e5ller vinden ute.<\/li>\n<\/ul>\n<\/li>\n<\/ul>\n<div class=\"attachment-container search-images\"><strong style=\"color: #555555; font-size: 14.4px;\">2. Trenchcoat med b\u00e4lte:<\/strong><\/div>\n<ul data-sourcepos=\"13:1-16:0\">\n<li style=\"list-style-type: none;\">\n<ul data-sourcepos=\"13:1-16:0\">\n<li data-sourcepos=\"13:1-13:86\"><strong>Figursmickrande:<\/strong> B\u00e4ltet stramar \u00e5t midjan och skapar en smickrande silhuett.<\/li>\n<li data-sourcepos=\"14:1-14:79\"><strong>Snyggt:<\/strong> Det \u00e4r ett bra s\u00e4tt att ge en sofistikerad touch till vilken outfit som helst.<\/li>\n<li data-sourcepos=\"15:1-16:0\"><strong>Praktiskt:<\/strong> B\u00e4ltet kan sp\u00e4nnas \u00e5t eller lossas f\u00f6r att justera passformen.<\/li>\n<\/ul>\n<\/li>\n<\/ul>\n<div class=\"attachment-container search-images\">\n<div class=\"image-container hide-from-message-actions ng-star-inserted\">\n<h3 class=\"caption ellipsis gds-label-m-alt ng-star-inserted\" aria-hidden=\"true\"><strong style=\"color: #555555; font-size: 14.4px;\">3. Trenchcoat i l\u00e4ttviktsmodell:<\/strong><\/h3>\n<\/div>\n<\/div>\n<ul data-sourcepos=\"21:1-24:0\">\n<li style=\"list-style-type: none;\">\n<ul data-sourcepos=\"21:1-24:0\">\n<li data-sourcepos=\"21:1-21:108\"><strong>Perfekt f\u00f6r varmare v\u00e4der:<\/strong> En l\u00e4tt trenchcoat \u00e4r perfekt f\u00f6r v\u00e5rdagar n\u00e4r det inte \u00e4r f\u00f6r kallt.<\/li>\n<li data-sourcepos=\"22:1-22:73\"><strong>M\u00e5ngsidig:<\/strong> Den kan kl\u00e4s upp eller ner, beroende p\u00e5 tillf\u00e4lle.<\/li>\n<li data-sourcepos=\"23:1-24:0\"><strong>Bekv\u00e4mt:<\/strong> Det l\u00e4tta tyget g\u00f6r den l\u00e4tt att r\u00f6ra sig i.<\/li>\n<\/ul>\n<\/li>\n<\/ul>\n<div class=\"attachment-container search-images\">\n<div class=\"image-container hide-from-message-actions ng-star-inserted\">\n<h3 class=\"caption ellipsis gds-label-m-alt ng-star-inserted\" aria-hidden=\"true\"><strong style=\"color: #555555; font-size: 14.4px;\">4. F\u00e4rgad Trench Coat:<\/strong><\/h3>\n<\/div>\n<\/div>\n<ul data-sourcepos=\"29:1-32:0\">\n<li style=\"list-style-type: none;\">\n<ul data-sourcepos=\"29:1-32:0\">\n<li data-sourcepos=\"29:1-29:102\"><strong>Trendigt och snyggt:<\/strong> En f\u00e4rgad trenchcoat \u00e4r ett bra s\u00e4tt att ge din garderob en f\u00e4rgklick.<\/li>\n<li data-sourcepos=\"30:1-30:77\"><strong>M\u00e5ngsidig:<\/strong> Den kan kombineras med neutrala f\u00e4rger eller andra ljusa f\u00e4rger.<\/li>\n<li data-sourcepos=\"31:1-32:0\"><strong>I\u00f6gonfallande:<\/strong> Den kommer garanterat att f\u00e5 folk att dra \u00f6ronen \u00e5t sig.<\/li>\n<\/ul>\n<\/li>\n<\/ul>\n<div class=\"attachment-container search-images\">\n<div class=\"image-container hide-from-message-actions ng-star-inserted\">\n<h3 class=\"caption ellipsis gds-label-m-alt ng-star-inserted\" aria-hidden=\"true\"><strong style=\"color: #555555; font-size: 14.4px;\">Tips f\u00f6r att v\u00e4lja den perfekta v\u00e5ren Trench Coats f\u00f6r damer:<\/strong><\/h3>\n<\/div>\n<\/div>\n<ul data-sourcepos=\"37:1-41:0\">\n<li data-sourcepos=\"37:1-37:102\"><strong>T\u00e4nk p\u00e5 tyget:<\/strong> Leta efter ett l\u00e4tt, vattenavvisande tyg som \u00e4r bekv\u00e4mt att b\u00e4ra.<\/li>\n<li data-sourcepos=\"38:1-38:87\"><strong>V\u00e4lj r\u00e4tt passform:<\/strong> Kappan ska sitta bra och inte vara f\u00f6r tr\u00e5ng eller f\u00f6r l\u00f6s.<\/li>\n<li data-sourcepos=\"39:1-39:109\"><strong>V\u00e4lj r\u00e4tt l\u00e4ngd:<\/strong> Kappans l\u00e4ngd ska vara l\u00e4mplig f\u00f6r din l\u00e4ngd och f\u00f6r tillf\u00e4llet.<\/li>\n<li data-sourcepos=\"40:1-41:0\"><strong>Accessoarer:<\/strong> L\u00e4gg till en scarf, ett b\u00e4lte eller en hatt f\u00f6r att g\u00f6ra din look mer personlig.<\/li>\n<\/ul>\n<p data-sourcepos=\"42:1-42:134\">Med s\u00e5 m\u00e5nga olika stilar och f\u00e4rger att v\u00e4lja mellan, Spring Trench Coats For Ladies du \u00e4r s\u00e4ker p\u00e5 att hitta den perfekta v\u00e5ren trenchcoat f\u00f6r att komplettera din garderob.<\/p>","protected":false},"excerpt":{"rendered":"<table style=\"height: 631px;\" width=\"523\">\n<tbody>\n<tr>\n<td width=\"146\"><strong><b>Produkt<\/b><\/strong>\u00a0<strong><b>Namn:<\/b><\/strong><\/td>\n<td width=\"601\"><strong>V\u00e5rens Trenchcoats f\u00f6r damer<\/strong><\/td>\n<\/tr>\n<tr>\n<td width=\"146\"><strong><b>Materlal:<\/b><\/strong><\/td>\n<td width=\"601\">Stickning<\/td>\n<\/tr>\n<tr>\n<td width=\"146\"><strong><b>Teknik:<\/b><\/strong><\/td>\n<td width=\"601\">Broderad<\/td>\n<\/tr>\n<tr>\n<td width=\"146\"><strong><b>Stil:<\/b><\/strong><\/td>\n<td width=\"601\">Avslappnad<\/td>\n<\/tr>\n<tr>\n<td width=\"146\"><strong><b>F\u00e4rg<\/b><\/strong><strong><b>:<\/b><\/strong><\/td>\n<td width=\"601\">\u00a0Anpassade f\u00e4rger<\/td>\n<\/tr>\n<tr>\n<td width=\"146\"><strong><b>Storlek:<\/b><\/strong><\/td>\n<td width=\"601\">S \/M \/L \/XL \/2XL<\/td>\n<\/tr>\n<tr>\n<td width=\"146\"><strong><b>OEM\/ODM:<\/b><\/strong><\/td>\n<td width=\"601\">Godtagbar<\/td>\n<\/tr>\n<tr>\n<td width=\"146\"><strong><b>Kvalitet:<\/b><\/strong><\/td>\n<td width=\"601\">100% H\u00f6g kvalitet<\/td>\n<\/tr>\n<tr>\n<td width=\"146\"><strong><b>M<\/b><\/strong><strong><b>OQ:<\/b><\/strong><\/td>\n<td width=\"601\">200 st.<\/td>\n<\/tr>\n<\/tbody>\n<\/table>","protected":false},"featured_media":2077,"template":"","meta":[],"product_brand":[],"product_cat":[39],"product_tag":[],"class_list":{"0":"post-2076","1":"product","2":"type-product","3":"status-publish","4":"has-post-thumbnail","6":"product_cat-womens-clothing","8":"first","9":"instock","10":"shipping-taxable","11":"product-type-simple"},"_links":{"self":[{"href":"https:\/\/mj-clothing.com\/sv\/wp-json\/wp\/v2\/product\/2076","targetHints":{"allow":["GET"]}}],"collection":[{"href":"https:\/\/mj-clothing.com\/sv\/wp-json\/wp\/v2\/product"}],"about":[{"href":"https:\/\/mj-clothing.com\/sv\/wp-json\/wp\/v2\/types\/product"}],"wp:featuredmedia":[{"embeddable":true,"href":"https:\/\/mj-clothing.com\/sv\/wp-json\/wp\/v2\/media\/2077"}],"wp:attachment":[{"href":"https:\/\/mj-clothing.com\/sv\/wp-json\/wp\/v2\/media?parent=2076"}],"wp:term":[{"taxonomy":"product_brand","embeddable":true,"href":"https:\/\/mj-clothing.com\/sv\/wp-json\/wp\/v2\/product_brand?post=2076"},{"taxonomy":"product_cat","embeddable":true,"href":"https:\/\/mj-clothing.com\/sv\/wp-json\/wp\/v2\/product_cat?post=2076"},{"taxonomy":"product_tag","embeddable":true,"href":"https:\/\/mj-clothing.com\/sv\/wp-json\/wp\/v2\/product_tag?post=2076"}],"curies":[{"name":"wp","href":"https:\/\/api.w.org\/{rel}","templated":true}]}}