{"id":2078,"date":"2024-12-19T03:32:27","date_gmt":"2024-12-19T03:32:27","guid":{"rendered":"https:\/\/mj-clothing.com\/?post_type=product&#038;p=2078"},"modified":"2024-12-19T03:32:27","modified_gmt":"2024-12-19T03:32:27","slug":"womens-winter-coats","status":"publish","type":"product","link":"https:\/\/mj-clothing.com\/sv\/manufacturer\/womens-winter-coats\/","title":{"rendered":"Vinterjackor f\u00f6r kvinnor"},"content":{"rendered":"<p data-sourcepos=\"1:1-1:131\">Vinterrockar f\u00f6r damer \u00e4r viktiga f\u00f6r att h\u00e5lla sig varm och snygg under de kallare m\u00e5naderna. H\u00e4r \u00e4r n\u00e5gra popul\u00e4ra stilar att \u00f6verv\u00e4ga:<\/p>\n<h3 data-sourcepos=\"3:1-3:19\"><strong>1. Vinterjackor f\u00f6r damer:<\/strong><\/h3>\n<ul data-sourcepos=\"5:1-8:0\">\n<li style=\"list-style-type: none;\">\n<ul data-sourcepos=\"5:1-8:0\">\n<li data-sourcepos=\"5:1-5:113\"><strong>Varmt och mysigt:<\/strong> Puffercoats \u00e4r k\u00e4nda f\u00f6r sin utm\u00e4rkta isolering, vilket g\u00f6r dem perfekta f\u00f6r kallt v\u00e4der.<\/li>\n<li data-sourcepos=\"6:1-6:96\"><strong>M\u00e5ngsidig:<\/strong> De finns i olika l\u00e4ngder, stilar och f\u00e4rger f\u00f6r att passa olika preferenser.<\/li>\n<li data-sourcepos=\"7:1-8:0\"><strong>Funktionell:<\/strong> M\u00e5nga puffercoats har huvor, fickor och andra praktiska detaljer.<\/li>\n<\/ul>\n<\/li>\n<\/ul>\n<div class=\"attachment-container search-images\"><\/div>\n<h3 data-sourcepos=\"11:1-11:17\"><strong>2. Vinterrockar i ull f\u00f6r kvinnor:<\/strong><\/h3>\n<ul data-sourcepos=\"13:1-16:0\">\n<li style=\"list-style-type: none;\">\n<ul data-sourcepos=\"13:1-16:0\">\n<li data-sourcepos=\"13:1-13:85\"><strong>Elegant och tidl\u00f6s:<\/strong> Ullkappor \u00e4r ett klassiskt val f\u00f6r en sofistikerad look.<\/li>\n<li data-sourcepos=\"14:1-14:95\"><strong>Varm och slitstark:<\/strong> Ull \u00e4r en naturlig isolator som t\u00e5l tuffa vinterf\u00f6rh\u00e5llanden.<\/li>\n<li data-sourcepos=\"15:1-16:0\"><strong>M\u00e5ngsidig:<\/strong> Ullkappor kan kl\u00e4s upp eller ner beroende p\u00e5 tillf\u00e4lle.<\/li>\n<\/ul>\n<\/li>\n<\/ul>\n<div class=\"attachment-container search-images\">\n<div class=\"image-container hide-from-message-actions ng-star-inserted\">\n<h3 class=\"caption ellipsis gds-label-m-alt ng-star-inserted\" aria-hidden=\"true\"><strong style=\"color: #555555; font-size: 14.4px;\">3. Parkacoat:<\/strong><\/h3>\n<\/div>\n<\/div>\n<ul data-sourcepos=\"21:1-24:0\">\n<li style=\"list-style-type: none;\">\n<ul data-sourcepos=\"21:1-24:0\">\n<li data-sourcepos=\"21:1-21:88\"><strong>Varm och skyddande:<\/strong> Parkas \u00e4r utformade f\u00f6r att h\u00e5lla dig varm i extremt kallt v\u00e4der.<\/li>\n<li data-sourcepos=\"22:1-22:75\"><strong>Funktionell:<\/strong> De har ofta huvor, p\u00e4lskant och flera fickor.<\/li>\n<li data-sourcepos=\"23:1-24:0\"><strong>Snyggt:<\/strong> Parkas kan vara snygga och moderiktiga, s\u00e4rskilt med moderna m\u00f6nster och f\u00e4rger.<\/li>\n<\/ul>\n<\/li>\n<\/ul>\n<div class=\"attachment-container search-images\">\n<div class=\"image-container hide-from-message-actions ng-star-inserted\">\n<h3 class=\"caption ellipsis gds-label-m-alt ng-star-inserted\" aria-hidden=\"true\"><strong style=\"color: #555555; font-size: 14.4px;\">4. Peacoat Vinterjackor f\u00f6r damer:<\/strong><\/h3>\n<\/div>\n<\/div>\n<ul data-sourcepos=\"29:1-32:0\">\n<li style=\"list-style-type: none;\">\n<ul data-sourcepos=\"29:1-32:0\">\n<li data-sourcepos=\"29:1-29:83\"><strong>Klassisk och nautisk:<\/strong> Peacoats \u00e4r en tidl\u00f6s stil med ett nautiskt arv.<\/li>\n<li data-sourcepos=\"30:1-30:102\"><strong>Varm och snygg:<\/strong> De \u00e4r tillverkade av tjock, varm ull och har ofta en dubbelkn\u00e4ppt front.<\/li>\n<li data-sourcepos=\"31:1-32:0\"><strong>M\u00e5ngsidig:<\/strong> Peacoats kan kl\u00e4s upp eller ner, beroende p\u00e5 tillf\u00e4lle.<\/li>\n<\/ul>\n<\/li>\n<\/ul>\n<div class=\"attachment-container search-images\">\n<div class=\"image-container hide-from-message-actions ng-star-inserted\">\n<div class=\"caption ellipsis gds-label-m-alt ng-star-inserted\" aria-hidden=\"true\"><strong style=\"color: #555555; font-size: 14.4px;\">5. L\u00e4derrock:<\/strong><\/div>\n<\/div>\n<\/div>\n<ul data-sourcepos=\"37:1-40:0\">\n<li style=\"list-style-type: none;\">\n<ul data-sourcepos=\"37:1-40:0\">\n<li data-sourcepos=\"37:1-37:72\"><strong>Edgy och elegant:<\/strong> Skinnrockar ger en touch av edge till alla outfits.<\/li>\n<li data-sourcepos=\"38:1-38:87\"><strong>H\u00e5llbar och tidl\u00f6s:<\/strong> L\u00e4der \u00e4r ett slitstarkt material som kan h\u00e5lla i m\u00e5nga \u00e5r.<\/li>\n<li data-sourcepos=\"39:1-40:0\"><strong>M\u00e5ngsidig:<\/strong> Skinnrockar kan kl\u00e4s upp eller ner, beroende p\u00e5 stil och tillf\u00e4lle.<\/li>\n<\/ul>\n<\/li>\n<\/ul>\n<div class=\"attachment-container search-images\">\n<div class=\"image-container hide-from-message-actions ng-star-inserted\">\n<div class=\"caption ellipsis gds-label-m-alt ng-star-inserted\" aria-hidden=\"true\"><strong style=\"color: #555555; font-size: 14.4px;\">Tips f\u00f6r att v\u00e4lja vinterjackor f\u00f6r kvinnor:<\/strong><\/div>\n<\/div>\n<\/div>\n<ul data-sourcepos=\"45:1-50:0\">\n<li data-sourcepos=\"45:1-45:91\"><strong>T\u00e4nk p\u00e5 ditt klimat:<\/strong> V\u00e4lj en kappa som \u00e4r l\u00e4mplig f\u00f6r det klimat du lever i.<\/li>\n<li data-sourcepos=\"46:1-46:117\"><strong>T\u00e4nk p\u00e5 din livsstil:<\/strong> T\u00e4nk p\u00e5 dina dagliga aktiviteter och v\u00e4lj en kappa som \u00e4r praktisk och bekv\u00e4m.<\/li>\n<li data-sourcepos=\"47:1-47:91\"><strong>Var uppm\u00e4rksam p\u00e5 passformen:<\/strong> Kappan ska sitta bra och inte vara f\u00f6r tr\u00e5ng eller f\u00f6r l\u00f6s.<\/li>\n<li data-sourcepos=\"48:1-48:98\"><strong>V\u00e4lj en stil som passar din personlighet:<\/strong> V\u00e4lj en kappa som speglar din personliga stil.<\/li>\n<li data-sourcepos=\"49:1-50:0\"><strong>T\u00e4nk p\u00e5 materialen:<\/strong> Leta efter material av h\u00f6g kvalitet som h\u00e5ller dig varm och torr.<\/li>\n<\/ul>\n<p data-sourcepos=\"51:1-51:149\">Med s\u00e5 m\u00e5nga olika stilar och material att v\u00e4lja mellan kommer du garanterat att hitta den perfekta vinterkappan som h\u00e5ller dig varm och snygg hela s\u00e4songen.<\/p>","protected":false},"excerpt":{"rendered":"<table style=\"height: 500px;\" width=\"479\">\n<tbody>\n<tr>\n<td width=\"146\"><strong><b>Produkt<\/b><\/strong>\u00a0<strong><b>Namn:<\/b><\/strong><\/td>\n<td width=\"601\"><strong>Vinterjackor f\u00f6r kvinnor<\/strong><\/td>\n<\/tr>\n<tr>\n<td width=\"146\"><strong><b>Materlal:<\/b><\/strong><\/td>\n<td width=\"601\">Stickning<\/td>\n<\/tr>\n<tr>\n<td width=\"146\"><strong><b>Teknik:<\/b><\/strong><\/td>\n<td width=\"601\">Broderad<\/td>\n<\/tr>\n<tr>\n<td width=\"146\"><strong><b>Stil:<\/b><\/strong><\/td>\n<td width=\"601\">Avslappnad<\/td>\n<\/tr>\n<tr>\n<td width=\"146\"><strong><b>F\u00e4rg<\/b><\/strong><strong><b>:<\/b><\/strong><\/td>\n<td width=\"601\">\u00a0Anpassade f\u00e4rger<\/td>\n<\/tr>\n<tr>\n<td width=\"146\"><strong><b>Storlek:<\/b><\/strong><\/td>\n<td width=\"601\">S \/M \/L \/XL \/2XL<\/td>\n<\/tr>\n<tr>\n<td width=\"146\"><strong><b>OEM\/ODM:<\/b><\/strong><\/td>\n<td width=\"601\">Godtagbar<\/td>\n<\/tr>\n<tr>\n<td width=\"146\"><strong><b>Kvalitet:<\/b><\/strong><\/td>\n<td width=\"601\">100% H\u00f6g kvalitet<\/td>\n<\/tr>\n<tr>\n<td width=\"146\"><strong><b>M<\/b><\/strong><strong><b>OQ:<\/b><\/strong><\/td>\n<td width=\"601\">200 st.<\/td>\n<\/tr>\n<\/tbody>\n<\/table>","protected":false},"featured_media":2079,"template":"","meta":[],"product_brand":[],"product_cat":[39],"product_tag":[],"class_list":{"0":"post-2078","1":"product","2":"type-product","3":"status-publish","4":"has-post-thumbnail","6":"product_cat-womens-clothing","8":"first","9":"instock","10":"shipping-taxable","11":"product-type-simple"},"_links":{"self":[{"href":"https:\/\/mj-clothing.com\/sv\/wp-json\/wp\/v2\/product\/2078","targetHints":{"allow":["GET"]}}],"collection":[{"href":"https:\/\/mj-clothing.com\/sv\/wp-json\/wp\/v2\/product"}],"about":[{"href":"https:\/\/mj-clothing.com\/sv\/wp-json\/wp\/v2\/types\/product"}],"wp:featuredmedia":[{"embeddable":true,"href":"https:\/\/mj-clothing.com\/sv\/wp-json\/wp\/v2\/media\/2079"}],"wp:attachment":[{"href":"https:\/\/mj-clothing.com\/sv\/wp-json\/wp\/v2\/media?parent=2078"}],"wp:term":[{"taxonomy":"product_brand","embeddable":true,"href":"https:\/\/mj-clothing.com\/sv\/wp-json\/wp\/v2\/product_brand?post=2078"},{"taxonomy":"product_cat","embeddable":true,"href":"https:\/\/mj-clothing.com\/sv\/wp-json\/wp\/v2\/product_cat?post=2078"},{"taxonomy":"product_tag","embeddable":true,"href":"https:\/\/mj-clothing.com\/sv\/wp-json\/wp\/v2\/product_tag?post=2078"}],"curies":[{"name":"wp","href":"https:\/\/api.w.org\/{rel}","templated":true}]}}