{"id":1630,"date":"2024-12-12T01:46:18","date_gmt":"2024-12-12T01:46:18","guid":{"rendered":"https:\/\/mj-clothing.com\/?post_type=product&#038;p=1630"},"modified":"2024-12-17T07:22:20","modified_gmt":"2024-12-17T07:22:20","slug":"mens-long-sleeve-shirt","status":"publish","type":"product","link":"https:\/\/mj-clothing.com\/tr\/manufacturer\/mens-long-sleeve-shirt\/","title":{"rendered":"Erkek Uzun Kollu G\u00f6mlek"},"content":{"rendered":"<p><span class=\"citation-0 recitation citation-end-0\">Uzun kollu erkek g\u00f6mle\u011fi, duruma ve kuma\u015fa ba\u011fl\u0131 olarak yukar\u0131 veya a\u015fa\u011f\u0131 giyilebilen \u00e7ok y\u00f6nl\u00fc bir giysi par\u00e7as\u0131d\u0131r.<\/span> Her erke\u011fin sahip olmas\u0131 gereken bir gard\u0131rop elyaf\u0131d\u0131r.<\/p>\n<h3 data-sourcepos=\"5:1-5:38\"><strong>Erkek Uzun Kollu G\u00f6mlek \u00c7e\u015fitleri:<\/strong><\/h3>\n<ul data-sourcepos=\"7:1-15:0\">\n<li data-sourcepos=\"7:1-8:30\"><strong><span class=\"citation-1 recitation\">Flanel:<\/span><\/strong><span class=\"citation-1 recitation citation-end-1\"> Sonbahar ve k\u0131\u015f i\u00e7in klasik bir se\u00e7im olan flanel g\u00f6mlekler, kat kat giymek i\u00e7in m\u00fckemmel olan yumu\u015fak ve s\u0131cak tutan bir kuma\u015ftan \u00fcretilir.<\/span>\n<div class=\"container\"><\/div>\n<p><span class=\"citation-2 recitation citation-end-2\">Ekoseden d\u00fcz renklere kadar \u00e7e\u015fitli desenlere sahiptirler.<\/span><\/li>\n<li data-sourcepos=\"7:1-8:30\"><strong>Oxford:<\/strong> S\u0131k\u0131 dokunmu\u015f pamuklu kuma\u015ftan yap\u0131lm\u0131\u015f bir elbise g\u00f6mle\u011fi. <span class=\"citation-3 recitation citation-end-3\">Oxford g\u00f6mlekler genellikle i\u015f ortamlar\u0131nda giyilir, ancak g\u00fcndelik giyim i\u00e7in de giyilebilirler.<\/span>\n<div class=\"container\"><\/div>\n<\/li>\n<li data-sourcepos=\"7:1-8:30\"><strong>Chambray:<\/strong> <span class=\"citation-4 recitation citation-end-4\">Denime benzer pamuklu bir kuma\u015ftan yap\u0131lm\u0131\u015f hafif, rahat bir g\u00f6mlek.<\/span> Chambray g\u00f6mlekler ilkbahar ve yaz i\u00e7in m\u00fckemmeldir.<\/li>\n<li data-sourcepos=\"7:1-8:30\"><strong><span class=\"citation-5 recitation\">Ti\u015f\u00f6rt:<\/span><\/strong><span class=\"citation-5 recitation citation-end-5\"> Tek ba\u015f\u0131na veya di\u011fer giysilerin alt\u0131na giyilebilen temel, \u00e7ok y\u00f6nl\u00fc bir g\u00f6mlek.<\/span>\n<div class=\"container\"><span style=\"font-size: 14.4px;\">Uzun kollu ti\u015f\u00f6rtler serin havalar i\u00e7in harikad\u0131r.<\/span><\/div>\n<\/li>\n<li data-sourcepos=\"7:1-8:30\">\n<p data-sourcepos=\"16:1-16:43\"><strong>Erkek Uzun Kollu G\u00f6mlek Nas\u0131l Stilize Edilir?<\/strong><\/p>\n<ul data-sourcepos=\"18:1-21:0\">\n<li data-sourcepos=\"18:1-18:110\"><strong><span class=\"citation-6 recitation\">Giydir:<\/span><\/strong><span class=\"citation-6 recitation citation-end-6\"> Resmi bir g\u00f6r\u00fcn\u00fcm i\u00e7in uzun kollu oxford g\u00f6mle\u011fi kravat ve elbise pantolonuyla e\u015fle\u015ftirin.<\/span><\/li>\n<li data-sourcepos=\"18:1-18:110\"><strong style=\"font-size: 14.4px;\"><span class=\"citation-7 recitation\">Giydirin:<\/span><\/strong><span class=\"citation-7 recitation citation-end-7\" style=\"font-size: 14.4px;\"> Rahat ve sa\u011flam bir g\u00f6r\u00fcn\u00fcm i\u00e7in flanel g\u00f6mle\u011finizi kot pantolon ve botlarla giyin.<\/span><\/li>\n<li data-sourcepos=\"18:1-18:110\"><strong>Kat kat:<\/strong> Ekstra s\u0131cakl\u0131k i\u00e7in flanel g\u00f6mlek veya s\u00fcveterin alt\u0131na uzun kollu bir ti\u015f\u00f6rt giyin.<\/li>\n<li data-sourcepos=\"18:1-18:110\">\n<p data-sourcepos=\"22:1-22:46\"><strong>Erkek Uzun Kollu G\u00f6mlek Sat\u0131n Almak \u0130\u00e7in \u0130pu\u00e7lar\u0131:<\/strong><\/p>\n<ul data-sourcepos=\"24:1-27:0\">\n<li data-sourcepos=\"24:1-24:95\"><strong>Kuma\u015f\u0131 d\u00fc\u015f\u00fcn\u00fcn:<\/strong> Mevsime ve duruma uygun bir kuma\u015f se\u00e7in.<\/li>\n<li data-sourcepos=\"25:1-25:126\"><strong>Uyumuna dikkat edin:<\/strong> G\u00f6mlek omuzlara ve g\u00f6\u011fse tam oturmal\u0131 ve i\u00e7ine sokulabilecek kadar uzun olmal\u0131d\u0131r.<\/li>\n<li data-sourcepos=\"26:1-27:0\"><strong>Yakay\u0131 kontrol et:<\/strong> Yaka boynunuza d\u00fcz bir \u015fekilde oturmal\u0131 ve \u00e7ok s\u0131k\u0131 ya da \u00e7ok gev\u015fek olmamal\u0131d\u0131r.<\/li>\n<\/ul>\n<\/li>\n<\/ul>\n<\/li>\n<\/ul>","protected":false},"excerpt":{"rendered":"<table style=\"height: 593px;\" width=\"513\">\n<tbody>\n<tr>\n<td width=\"146\"><strong><b>\u00dcr\u00fcn<\/b><\/strong>\u00a0<strong><b>\u0130sim:<\/b><\/strong><\/td>\n<td width=\"601\"><strong>Erkek Uzun Kollu G\u00f6mlek<\/strong><\/td>\n<\/tr>\n<tr>\n<td width=\"146\"><strong><b>Materlal:<\/b><\/strong><\/td>\n<td width=\"601\">Polyester\/Pamuk<\/td>\n<\/tr>\n<tr>\n<td width=\"146\"><strong><b>Teknik:<\/b><\/strong><\/td>\n<td width=\"601\">Bask\u0131 ve Boyama<\/td>\n<\/tr>\n<tr>\n<td width=\"146\"><strong><b>Stil:<\/b><\/strong><\/td>\n<td width=\"601\">G\u00fcndelik<\/td>\n<\/tr>\n<tr>\n<td width=\"146\"><strong><b>Renk<\/b><\/strong><strong><b>:<\/b><\/strong><\/td>\n<td width=\"601\">\u00a0\u00d6zel Renkler<\/td>\n<\/tr>\n<tr>\n<td width=\"146\"><strong><b>Boyut:<\/b><\/strong><\/td>\n<td width=\"601\">S \/M \/L \/XL \/2XL<\/td>\n<\/tr>\n<tr>\n<td width=\"146\"><strong><b>OEM\/ODM:<\/b><\/strong><\/td>\n<td width=\"601\">Kabul edilebilir<\/td>\n<\/tr>\n<tr>\n<td width=\"146\"><strong><b>Kalite:<\/b><\/strong><\/td>\n<td width=\"601\">100% Y\u00fcksek Kalite<\/td>\n<\/tr>\n<tr>\n<td width=\"146\"><strong><b>M<\/b><\/strong><strong><b>OQ:<\/b><\/strong><\/td>\n<td width=\"601\">200 Adet<\/td>\n<\/tr>\n<\/tbody>\n<\/table>","protected":false},"featured_media":1746,"template":"","meta":[],"product_brand":[],"product_cat":[38],"product_tag":[],"class_list":{"0":"post-1630","1":"product","2":"type-product","3":"status-publish","4":"has-post-thumbnail","6":"product_cat-mens-clothing","8":"first","9":"instock","10":"shipping-taxable","11":"product-type-simple"},"_links":{"self":[{"href":"https:\/\/mj-clothing.com\/tr\/wp-json\/wp\/v2\/product\/1630","targetHints":{"allow":["GET"]}}],"collection":[{"href":"https:\/\/mj-clothing.com\/tr\/wp-json\/wp\/v2\/product"}],"about":[{"href":"https:\/\/mj-clothing.com\/tr\/wp-json\/wp\/v2\/types\/product"}],"wp:featuredmedia":[{"embeddable":true,"href":"https:\/\/mj-clothing.com\/tr\/wp-json\/wp\/v2\/media\/1746"}],"wp:attachment":[{"href":"https:\/\/mj-clothing.com\/tr\/wp-json\/wp\/v2\/media?parent=1630"}],"wp:term":[{"taxonomy":"product_brand","embeddable":true,"href":"https:\/\/mj-clothing.com\/tr\/wp-json\/wp\/v2\/product_brand?post=1630"},{"taxonomy":"product_cat","embeddable":true,"href":"https:\/\/mj-clothing.com\/tr\/wp-json\/wp\/v2\/product_cat?post=1630"},{"taxonomy":"product_tag","embeddable":true,"href":"https:\/\/mj-clothing.com\/tr\/wp-json\/wp\/v2\/product_tag?post=1630"}],"curies":[{"name":"wp","href":"https:\/\/api.w.org\/{rel}","templated":true}]}}