{"id":1639,"date":"2024-12-12T03:09:51","date_gmt":"2024-12-12T03:09:51","guid":{"rendered":"https:\/\/mj-clothing.com\/?post_type=product&#038;p=1639"},"modified":"2024-12-17T07:21:12","modified_gmt":"2024-12-17T07:21:12","slug":"luxury-mens-white-shirt","status":"publish","type":"product","link":"https:\/\/mj-clothing.com\/tr\/manufacturer\/luxury-mens-white-shirt\/","title":{"rendered":"L\u00fcks Erkek Beyaz G\u00f6mlek"},"content":{"rendered":"<h2>L\u00fcks Erkek Beyaz G\u00f6mlek<\/h2>\n<p><span class=\"citation-0 recitation citation-end-0\">L\u00fcks Erkek Beyaz G\u00f6mlek, her gard\u0131robu y\u00fckseltebilecek zamans\u0131z bir klasiktir.<\/span>\u0130\u015fte l\u00fcks bir beyaz g\u00f6mlek se\u00e7erken g\u00f6z \u00f6n\u00fcnde bulundurman\u0131z gereken baz\u0131 temel fakt\u00f6rler:<\/p>\n<div id=\"model-response-message-contentr_5dd7d1f0a90fdd28\" class=\"markdown markdown-main-panel response-optimization\" dir=\"ltr\">\n<p data-sourcepos=\"3:1-3:11\"><strong>Kuma\u015f:<\/strong><\/p>\n<ul data-sourcepos=\"5:1-12:0\">\n<li data-sourcepos=\"5:1-7:29\"><strong><span class=\"citation-1 recitation\">\u0130nce Pamuk:<\/span><\/strong><span class=\"citation-1 recitation citation-end-1\"> M\u0131s\u0131r veya Pima pamu\u011fu gibi y\u00fcksek kaliteli pamuk ola\u011fan\u00fcst\u00fc yumu\u015fakl\u0131k, nefes alabilirlik ve dayan\u0131kl\u0131l\u0131k sunar.<\/span><\/li>\n<li data-sourcepos=\"5:1-7:29\"><strong><span class=\"citation-2 recitation\">Sea Island Cotton:<\/span><\/strong><span class=\"citation-2 recitation citation-end-2\"> Ekstra uzun lifleriyle bilinen Sea Island pamu\u011fu, mevcut en l\u00fcks kuma\u015flardan biridir.<\/span> \u0130nan\u0131lmaz derecede yumu\u015fak, p\u00fcr\u00fczs\u00fcz ve parlak.<span class=\"button-container hide-from-message-actions ng-star-inserted\">\u00a0<\/span>\n<div class=\"container ng-tns-c3661983433-95 hide\">\n<div class=\"carousel-container ng-tns-c3661983433-95\"><\/div>\n<\/div>\n<div class=\"attachment-container search-images\"><\/div>\n<\/li>\n<li data-sourcepos=\"5:1-7:29\"><strong><span class=\"citation-3 recitation\">Keten:<\/span><\/strong><span class=\"citation-3 recitation citation-end-3\"> S\u0131cak havalar i\u00e7in m\u00fckemmel olan do\u011fal, nefes alabilen bir kuma\u015f.<\/span>Genellikle hafif dokulu bir g\u00f6r\u00fcn\u00fcme ve rahat, zarif bir havaya sahiptir.<span class=\"button-container hide-from-message-actions ng-star-inserted\" style=\"font-size: 14.4px;\">\u00a0\u00a0<\/span>\n<div class=\"container ng-tns-c3661983433-95 hide\">\n<div class=\"carousel-container ng-tns-c3661983433-95\"><\/div>\n<\/div>\n<div class=\"attachment-container search-images\"><\/div>\n<\/li>\n<\/ul>\n<p data-sourcepos=\"13:1-13:17\"><strong>\u0130n\u015faat:<\/strong><\/p>\n<ul data-sourcepos=\"15:1-18:0\">\n<li data-sourcepos=\"15:1-15:160\"><strong>Terzilik:<\/strong> G\u00f6mlek iyi dikilmi\u015f, hassas diki\u015fli ve temiz y\u00fczeyli olmal\u0131d\u0131r. Yaka, man\u015fet ve ilik gibi detaylara dikkat edin.<\/li>\n<li data-sourcepos=\"16:1-16:110\"><strong>Fit:<\/strong> L\u00fcks bir g\u00f6r\u00fcn\u00fcm i\u00e7in bedene oturmas\u0131 \u00e7ok \u00f6nemlidir. \u0130yi oturmu\u015f bir g\u00f6mlek d\u00fczg\u00fcn ve rahat bir \u015fekilde \u00f6rt\u00fcnmelidir.<\/li>\n<li data-sourcepos=\"17:1-18:0\"><strong>Yaka Stili:<\/strong> Y\u00fcz \u015feklinize ve ki\u015fisel tercihinize uygun bir yaka stili se\u00e7in. <span class=\"citation-4 recitation citation-end-4\">Pop\u00fcler se\u00e7enekler aras\u0131nda klasik sivri yaka, d\u00fc\u011fmeli yaka ve kesik yaka yer al\u0131r.<\/span><span class=\"button-container hide-from-message-actions ng-star-inserted\"> \u00a0<\/span>\n<div class=\"container ng-tns-c3661983433-96 hide\">\n<div class=\"carousel-container ng-tns-c3661983433-96\">\n<div class=\"carousel-content ng-tns-c3661983433-96\">\n<div class=\"sources-carousel-source ng-tns-c3661983433-96 hide ng-star-inserted\" data-test-id=\"sources-carousel-source\"><\/div>\n<\/div>\n<\/div>\n<\/div>\n<\/li>\n<\/ul>\n<p data-sourcepos=\"19:1-19:11\"><strong>Tasar\u0131m:<\/strong><\/p>\n<ul data-sourcepos=\"21:1-23:0\">\n<li data-sourcepos=\"21:1-21:168\"><strong>Minimalist \u015e\u0131kl\u0131k:<\/strong> Sade, temiz bir tasar\u0131m genellikle en l\u00fcks olan\u0131 yans\u0131t\u0131r. Sedef d\u00fc\u011fmeler veya zarif bir monogram gibi ince detaylara sahip bir g\u00f6mlek tercih edin.<\/li>\n<li data-sourcepos=\"22:1-23:0\"><strong>\u0130nce Desenler:<\/strong> Desen dokunu\u015funu tercih ediyorsan\u0131z, ince bir \u015ferit veya k\u00fc\u00e7\u00fck bir ekose d\u00fc\u015f\u00fcn\u00fcn.<\/li>\n<\/ul>\n<p data-sourcepos=\"24:1-24:11\"><strong>Markalar:<\/strong><\/p>\n<\/div>\n<div class=\"skeleton-loader-container\">\n<p data-sourcepos=\"26:1-26:70\">Bir\u00e7ok l\u00fcks marka, L\u00fcks Erkek Beyaz G\u00f6mlekleri ile \u00fcnl\u00fcd\u00fcr:<\/p>\n<ul data-sourcepos=\"28:1-36:0\">\n<li data-sourcepos=\"28:1-29:43\"><strong>Turnbull &amp; Asser:<\/strong> <span class=\"citation-5 recitation citation-end-5\">Ismarlama terzilik ve l\u00fcks kuma\u015flar\u0131yla tan\u0131n\u0131r.<\/span><\/li>\n<li data-sourcepos=\"28:1-29:43\"><strong><span class=\"citation-6 recitation\">Charvet:<\/span><\/strong><span class=\"citation-6 recitation citation-end-6\"> Zarif i\u015f\u00e7ilik ve zarif tasar\u0131mlar sunan tarihi bir Frans\u0131z g\u00f6mlek \u00fcreticisi.<\/span><\/li>\n<li data-sourcepos=\"28:1-29:43\"><strong><span class=\"citation-7 recitation\">Brioni:<\/span><\/strong><span class=\"citation-7 recitation citation-end-7\"> \u0130nce terzilik ve kusursuz kaliteye odaklanan l\u00fcks bir \u0130talyan markas\u0131.<\/span><\/li>\n<li data-sourcepos=\"28:1-29:43\">\n<div class=\"container\"><strong><span class=\"citation-8 recitation\">Kiton:<\/span><\/strong><span class=\"citation-8 recitation citation-end-8\"> D\u00fcnyan\u0131n en iyi g\u00f6mleklerinden baz\u0131lar\u0131n\u0131 \u00fcreten bir ba\u015fka \u0130talyan l\u00fcks markas\u0131.<\/span><\/div>\n<p><span class=\"button-container hide-from-message-actions ng-star-inserted\"> \u00a0 <\/span><\/li>\n<\/ul>\n<\/div>\n<div class=\"response-footer gap complete\">\n<div class=\"container ng-tns-c3661983433-86\">\n<div class=\"carousel-container ng-tns-c3661983433-86\">\n<div class=\"carousel-content ng-tns-c3661983433-86\">\n<div class=\"sources-carousel-source ng-tns-c3661983433-86 ng-star-inserted\" data-test-id=\"sources-carousel-source\">\n<div class=\"source-card-container\">\n<div class=\"source-card-content\">\n<div class=\"source-card-body\">\n<div class=\"source-card-header\">\n<div class=\"source-card-title\"><\/div>\n<\/div>\n<\/div>\n<\/div>\n<\/div>\n<\/div>\n<\/div>\n<\/div>\n<\/div>\n<\/div>","protected":false},"excerpt":{"rendered":"<table style=\"height: 485px;\" width=\"491\">\n<tbody>\n<tr>\n<td width=\"146\"><strong><b>\u00dcr\u00fcn<\/b><\/strong>\u00a0<strong><b>\u0130sim:<\/b><\/strong><\/td>\n<td width=\"601\"><strong>L\u00fcks Erkek Beyaz G\u00f6mlek<\/strong><\/td>\n<\/tr>\n<tr>\n<td width=\"146\"><strong><b>Materlal:<\/b><\/strong><\/td>\n<td width=\"601\">Polyester\/Pamuk<\/td>\n<\/tr>\n<tr>\n<td width=\"146\"><strong><b>Teknik:<\/b><\/strong><\/td>\n<td width=\"601\">Bask\u0131 ve Boyama<\/td>\n<\/tr>\n<tr>\n<td width=\"146\"><strong><b>Stil:<\/b><\/strong><\/td>\n<td width=\"601\">G\u00fcndelik<\/td>\n<\/tr>\n<tr>\n<td width=\"146\"><strong><b>Renk<\/b><\/strong><strong><b>:<\/b><\/strong><\/td>\n<td width=\"601\">\u00a0\u00d6zel Renkler<\/td>\n<\/tr>\n<tr>\n<td width=\"146\"><strong><b>Boyut:<\/b><\/strong><\/td>\n<td width=\"601\">S \/M \/L \/XL \/2XL<\/td>\n<\/tr>\n<tr>\n<td width=\"146\"><strong><b>OEM\/ODM:<\/b><\/strong><\/td>\n<td width=\"601\">Kabul edilebilir<\/td>\n<\/tr>\n<tr>\n<td width=\"146\"><strong><b>Kalite:<\/b><\/strong><\/td>\n<td width=\"601\">100% Y\u00fcksek Kalite<\/td>\n<\/tr>\n<tr>\n<td width=\"146\"><strong><b>M<\/b><\/strong><strong><b>OQ:<\/b><\/strong><\/td>\n<td width=\"601\">200 Adet<\/td>\n<\/tr>\n<\/tbody>\n<\/table>","protected":false},"featured_media":1748,"template":"","meta":[],"product_brand":[],"product_cat":[38],"product_tag":[],"class_list":{"0":"post-1639","1":"product","2":"type-product","3":"status-publish","4":"has-post-thumbnail","6":"product_cat-mens-clothing","8":"first","9":"instock","10":"shipping-taxable","11":"product-type-simple"},"_links":{"self":[{"href":"https:\/\/mj-clothing.com\/tr\/wp-json\/wp\/v2\/product\/1639","targetHints":{"allow":["GET"]}}],"collection":[{"href":"https:\/\/mj-clothing.com\/tr\/wp-json\/wp\/v2\/product"}],"about":[{"href":"https:\/\/mj-clothing.com\/tr\/wp-json\/wp\/v2\/types\/product"}],"wp:featuredmedia":[{"embeddable":true,"href":"https:\/\/mj-clothing.com\/tr\/wp-json\/wp\/v2\/media\/1748"}],"wp:attachment":[{"href":"https:\/\/mj-clothing.com\/tr\/wp-json\/wp\/v2\/media?parent=1639"}],"wp:term":[{"taxonomy":"product_brand","embeddable":true,"href":"https:\/\/mj-clothing.com\/tr\/wp-json\/wp\/v2\/product_brand?post=1639"},{"taxonomy":"product_cat","embeddable":true,"href":"https:\/\/mj-clothing.com\/tr\/wp-json\/wp\/v2\/product_cat?post=1639"},{"taxonomy":"product_tag","embeddable":true,"href":"https:\/\/mj-clothing.com\/tr\/wp-json\/wp\/v2\/product_tag?post=1639"}],"curies":[{"name":"wp","href":"https:\/\/api.w.org\/{rel}","templated":true}]}}