{"id":1662,"date":"2024-12-12T03:40:11","date_gmt":"2024-12-12T03:40:11","guid":{"rendered":"https:\/\/mj-clothing.com\/?post_type=product&#038;p=1662"},"modified":"2024-12-17T07:20:07","modified_gmt":"2024-12-17T07:20:07","slug":"mens-lounge-shirts","status":"publish","type":"product","link":"https:\/\/mj-clothing.com\/tr\/manufacturer\/mens-lounge-shirts\/","title":{"rendered":"Erkek Salon G\u00f6mlekleri"},"content":{"rendered":"<div class=\"user-query-container ng-star-inserted\">\n<div id=\"user-query-content-5\" class=\"query-content\">\n<div class=\"query-text ng-star-inserted\" dir=\"ltr\" role=\"heading\" aria-level=\"2\">\n<h2 class=\"query-text-line ng-star-inserted\">Erkek Salon G\u00f6mlekleri<\/h2>\n<\/div>\n<\/div>\n<div class=\"button-gutter\"><span class=\"citation-0 recitation citation-end-0\" style=\"font-size: 14.4px; color: #555555;\">Erkek Salon G\u00f6mlekleri, rahatlama ve e\u011flence i\u00e7in tasarlanm\u0131\u015f rahat ve \u015f\u0131k bir k\u0131yafettir.<\/span><span style=\"font-size: 14.4px; color: #555555;\"> Evde uzanmak, i\u015flerinizi halletmek veya d\u0131\u015far\u0131da rahat bir g\u00fcn\u00fcn tad\u0131n\u0131 \u00e7\u0131karmak i\u00e7in m\u00fckemmeldir.<\/span><\/div>\n<div>\n<p data-sourcepos=\"3:1-3:61\">\u0130\u015fte erkek salon g\u00f6mleklerinin baz\u0131 temel \u00f6zellikleri ve stilleri:<\/p>\n<p data-sourcepos=\"5:1-5:17\"><strong>Temel \u00d6zellikler:<\/strong><\/p>\n<ul data-sourcepos=\"7:1-10:0\">\n<li data-sourcepos=\"7:1-7:123\"><strong><span class=\"citation-1 recitation\">Konfor:<\/span><\/strong><span class=\"citation-1 recitation citation-end-1\"> Lounge g\u00f6mlekleri genellikle pamuk, flanel veya jarse gibi yumu\u015fak, nefes alabilen kuma\u015flardan yap\u0131l\u0131r.<\/span><\/li>\n<li data-sourcepos=\"7:1-7:123\"><strong>Rahat kesim:<\/strong> Maksimum rahatl\u0131k i\u00e7in genellikle rahat veya b\u00fcy\u00fck beden bir kesime sahiptirler.<\/li>\n<li data-sourcepos=\"7:1-7:123\"><strong>G\u00fcnl\u00fck tarz:<\/strong> Salon g\u00f6mlekleri d\u00fcz renkler, \u00e7izgiler ve desenler de dahil olmak \u00fczere \u00e7e\u015fitli g\u00fcndelik stillere sahiptir.\n<p data-sourcepos=\"11:1-11:19\"><strong>Pop\u00fcler Stiller:<\/strong><\/p>\n<\/li>\n<li data-sourcepos=\"7:1-7:123\">\n<p data-sourcepos=\"11:1-11:19\"><strong style=\"color: #333333; font-size: 14.4px;\">Flanel G\u00f6mlek:<\/strong><span style=\"color: #333333; font-size: 14.4px;\"> So\u011fuk havalar i\u00e7in klasik bir se\u00e7im olan flanel g\u00f6mlekler, koltukta rahatlamak i\u00e7in m\u00fckemmeldir.<\/span><\/p>\n<\/li>\n<li data-sourcepos=\"7:1-7:123\"><strong><span class=\"citation-2 recitation\">Oxford G\u00f6mlek:<\/span><\/strong><span class=\"citation-2 recitation citation-end-2\"> Daha g\u00f6steri\u015fli bir se\u00e7enek olan oxford g\u00f6mlekler yukar\u0131 veya a\u015fa\u011f\u0131 giyilebilir<\/span><\/li>\n<li data-sourcepos=\"7:1-7:123\"><strong><span class=\"citation-3 recitation\">Jersey G\u00f6mlek:<\/span><\/strong><span class=\"citation-3 recitation citation-end-3\"> Yumu\u015fak ve esnek bir se\u00e7enek olan jarse g\u00f6mlekler evde uzanmak i\u00e7in idealdir.<sup class=\"superscript visible\" data-turn-source-index=\"4\">\u00a0<\/sup><\/span><\/li>\n<li data-sourcepos=\"7:1-7:123\"><strong><span class=\"citation-4 recitation\">Henley G\u00f6mlek:<\/span><\/strong><span class=\"citation-4 recitation citation-end-4\"> Rahat ve konforlu bir se\u00e7enek olan Henley g\u00f6mlekler, rahat bir g\u00f6r\u00fcn\u00fcm i\u00e7in m\u00fckemmeldir.<\/span>\n<div class=\"container\">\n<p data-sourcepos=\"22:1-22:38\"><strong>Erkek Salon G\u00f6mlekleri Nas\u0131l Stilize Edilir?<\/strong><\/p>\n<ul data-sourcepos=\"24:1-27:0\">\n<li data-sourcepos=\"24:1-24:88\"><strong>Rahat bir g\u00f6r\u00fcn\u00fcm:<\/strong> Flanel veya jarse bir g\u00f6mle\u011fi kot pantolon veya e\u015fofman alt\u0131 ve spor ayakkab\u0131 ile e\u015fle\u015ftirin.<\/li>\n<li data-sourcepos=\"25:1-25:85\"><strong>Y\u00fckseltilmi\u015f g\u00f6r\u00fcn\u00fcm:<\/strong> Oxford g\u00f6mle\u011finizi chino pantolon veya elbise pantolonu ve mokasen ayakkab\u0131larla s\u00fcsleyin.<\/li>\n<li data-sourcepos=\"26:1-27:0\"><strong>Katmanl\u0131 g\u00f6r\u00fcn\u00fcm:<\/strong> Rahat ve \u015f\u0131k bir g\u00f6r\u00fcn\u00fcm i\u00e7in flanel g\u00f6mle\u011fi ti\u015f\u00f6rt\u00fcn \u00fczerine katlay\u0131n.<\/li>\n<\/ul>\n<\/div>\n<\/li>\n<\/ul>\n<\/div>\n<\/div>","protected":false},"excerpt":{"rendered":"<table style=\"height: 527px;\" width=\"492\">\n<tbody>\n<tr>\n<td width=\"146\"><strong><b>\u00dcr\u00fcn<\/b><\/strong>\u00a0<strong><b>\u0130sim:<\/b><\/strong><\/td>\n<td width=\"601\"><strong>Erkek Salon G\u00f6mlekleri<\/strong><\/td>\n<\/tr>\n<tr>\n<td width=\"146\"><strong><b>Materlal:<\/b><\/strong><\/td>\n<td width=\"601\">Polyester\/Pamuk<\/td>\n<\/tr>\n<tr>\n<td width=\"146\"><strong><b>Teknik:<\/b><\/strong><\/td>\n<td width=\"601\">Bask\u0131 ve Boyama<\/td>\n<\/tr>\n<tr>\n<td width=\"146\"><strong><b>Stil:<\/b><\/strong><\/td>\n<td width=\"601\">G\u00fcndelik<\/td>\n<\/tr>\n<tr>\n<td width=\"146\"><strong><b>Renk<\/b><\/strong><strong><b>:<\/b><\/strong><\/td>\n<td width=\"601\">\u00a0\u00d6zel Renkler<\/td>\n<\/tr>\n<tr>\n<td width=\"146\"><strong><b>Boyut:<\/b><\/strong><\/td>\n<td width=\"601\">S \/M \/L \/XL \/2XL<\/td>\n<\/tr>\n<tr>\n<td width=\"146\"><strong><b>OEM\/ODM:<\/b><\/strong><\/td>\n<td width=\"601\">Kabul edilebilir<\/td>\n<\/tr>\n<tr>\n<td width=\"146\"><strong><b>Kalite:<\/b><\/strong><\/td>\n<td width=\"601\">100% Y\u00fcksek Kalite<\/td>\n<\/tr>\n<tr>\n<td width=\"146\"><strong><b>M<\/b><\/strong><strong><b>OQ:<\/b><\/strong><\/td>\n<td width=\"601\">200 Adet<\/td>\n<\/tr>\n<\/tbody>\n<\/table>","protected":false},"featured_media":1747,"template":"","meta":[],"product_brand":[],"product_cat":[38],"product_tag":[],"class_list":{"0":"post-1662","1":"product","2":"type-product","3":"status-publish","4":"has-post-thumbnail","6":"product_cat-mens-clothing","8":"first","9":"instock","10":"shipping-taxable","11":"product-type-simple"},"_links":{"self":[{"href":"https:\/\/mj-clothing.com\/tr\/wp-json\/wp\/v2\/product\/1662","targetHints":{"allow":["GET"]}}],"collection":[{"href":"https:\/\/mj-clothing.com\/tr\/wp-json\/wp\/v2\/product"}],"about":[{"href":"https:\/\/mj-clothing.com\/tr\/wp-json\/wp\/v2\/types\/product"}],"wp:featuredmedia":[{"embeddable":true,"href":"https:\/\/mj-clothing.com\/tr\/wp-json\/wp\/v2\/media\/1747"}],"wp:attachment":[{"href":"https:\/\/mj-clothing.com\/tr\/wp-json\/wp\/v2\/media?parent=1662"}],"wp:term":[{"taxonomy":"product_brand","embeddable":true,"href":"https:\/\/mj-clothing.com\/tr\/wp-json\/wp\/v2\/product_brand?post=1662"},{"taxonomy":"product_cat","embeddable":true,"href":"https:\/\/mj-clothing.com\/tr\/wp-json\/wp\/v2\/product_cat?post=1662"},{"taxonomy":"product_tag","embeddable":true,"href":"https:\/\/mj-clothing.com\/tr\/wp-json\/wp\/v2\/product_tag?post=1662"}],"curies":[{"name":"wp","href":"https:\/\/api.w.org\/{rel}","templated":true}]}}