{"id":1687,"date":"2024-12-12T06:29:02","date_gmt":"2024-12-12T06:29:02","guid":{"rendered":"https:\/\/mj-clothing.com\/?post_type=product&#038;p=1687"},"modified":"2024-12-13T03:09:53","modified_gmt":"2024-12-13T03:09:53","slug":"mens-linnen-ecru-shirt","status":"publish","type":"product","link":"https:\/\/mj-clothing.com\/tr\/manufacturer\/mens-linnen-ecru-shirt\/","title":{"rendered":"Erkek Linnen Ekru G\u00f6mlek"},"content":{"rendered":"<h2><strong>Erkek Linnen Ekru G\u00f6mlek<\/strong><\/h2>\n<p><span class=\"citation-0 recitation citation-end-0\">Erkek Linnen Ekru G\u00f6mlek, s\u0131cak havalar i\u00e7in m\u00fckemmel, \u015f\u0131k ve \u00e7ok y\u00f6nl\u00fc bir giysidir.<\/span> \u0130\u015fte nedeni:<\/p>\n<h3 data-sourcepos=\"3:1-3:14\"><strong>\u00a0 \u00a0 \u00a0 Neden Keten?<\/strong><\/h3>\n<ul data-sourcepos=\"5:1-9:0\">\n<li data-sourcepos=\"5:1-5:157\"><strong>Nefes alabilirlik:<\/strong> <span class=\"citation-1 recitation citation-end-1\">Keten, nemi emmede ve havan\u0131n dola\u015fmas\u0131na izin vererek sizi serin ve rahat tutmada ba\u015far\u0131l\u0131 olan do\u011fal bir elyaft\u0131r.<\/span><\/li>\n<li data-sourcepos=\"5:1-5:157\"><strong style=\"font-size: 14.4px;\"><span class=\"citation-2 recitation\">Dayan\u0131kl\u0131l\u0131k:<\/span><\/strong><span class=\"citation-2 recitation citation-end-2\" style=\"font-size: 14.4px;\"> Narin g\u00f6r\u00fcn\u00fcm\u00fcne ra\u011fmen keten \u015fa\u015f\u0131rt\u0131c\u0131 derecede dayan\u0131kl\u0131 ve uzun \u00f6m\u00fcrl\u00fcd\u00fcr.<\/span><\/li>\n<li data-sourcepos=\"5:1-5:157\"><strong><span class=\"citation-3 recitation\">Yumu\u015fakl\u0131k:<\/span><\/strong><span class=\"citation-3 recitation citation-end-3\"> Keten her y\u0131kamada daha yumu\u015fak hale gelir ve zamanla daha konforlu hale gelir.<\/span><\/li>\n<li data-sourcepos=\"5:1-5:157\"><strong style=\"font-size: 14.4px;\">K\u0131r\u0131\u015fmaya Dayan\u0131kl\u0131:<\/strong><span style=\"font-size: 14.4px;\"> Keten do\u011fal k\u0131r\u0131\u015f\u0131kl\u0131\u011f\u0131yla bilinse de, bu durum onun rahat ve konforlu cazibesine katk\u0131da bulunur.<\/span><br \/>\n<h3 data-sourcepos=\"10:1-10:13\"><strong>Neden Ekru?<\/strong><\/h3>\n<\/li>\n<li data-sourcepos=\"5:1-5:157\"><strong>\u00c7ok y\u00f6nl\u00fcl\u00fck:<\/strong> <span class=\"citation-4 recitation citation-end-4\">A\u00e7\u0131k bej veya kirli beyaz bir renk olan ekru, inan\u0131lmaz derecede \u00e7ok y\u00f6nl\u00fcd\u00fcr.<\/span>Koyu denimden a\u00e7\u0131k renk chinolara kadar \u00e7e\u015fitli renklerle iyi uyum sa\u011flar.<\/li>\n<li data-sourcepos=\"13:1-13:96\"><strong>Zamans\u0131z:<\/strong> N\u00f6tr ekru tonu, onu asla modas\u0131 ge\u00e7meyen zamans\u0131z bir par\u00e7a haline getiriyor.<\/li>\n<li data-sourcepos=\"14:1-15:0\"><strong>\u015eekillendirmesi Kolay:<\/strong> <span class=\"citation-5 recitation citation-end-5\"><span class=\"citation-5 recitation citation-end-5\"><span class=\"citation-5 recitation citation-end-5\">A\u015fa\u011f\u0131 veya yukar\u0131 giydirilebilir, bu da onu \u00e7e\u015fitli durumlar i\u00e7in m\u00fckemmel k\u0131lar.<\/span><\/span><\/span><br \/>\n<h3 data-sourcepos=\"16:1-16:36\"><strong>Erkek Linnen Ekru G\u00f6mlek Nas\u0131l Stilize Edilir?<\/strong><\/h3>\n<\/li>\n<li data-sourcepos=\"14:1-15:0\"><strong>S\u0131radan:<\/strong> Rahat, g\u00fcnl\u00fck bir g\u00f6r\u00fcn\u00fcm i\u00e7in kot pantolon, chino pantolon veya \u015fort ve spor ayakkab\u0131larla e\u015fle\u015ftirin.<\/li>\n<li data-sourcepos=\"14:1-15:0\"><strong>Smart Casual:<\/strong> Sofistike ama rahat bir kombin i\u00e7in \u00f6zel dikim pantolonlar ve mokasen ayakkab\u0131larla kombinleyin.<\/li>\n<li data-sourcepos=\"14:1-15:0\"><strong>Tropikal:<\/strong> Rahat, yazl\u0131k bir k\u0131yafet i\u00e7in kontrast renkte keten pantolonlar veya \u015fortlarla giyin.<\/li>\n<\/ul>","protected":false},"excerpt":{"rendered":"<p>Materyal: Polyester\/Pamuk\/\u0130\u011fne<\/p>\n<p>Teknik: \u0130\u015flemeli<\/p>\n<p>Stil: G\u00fcnl\u00fck<\/p>\n<p>Renk\uff1aSiyah ve \u00d6zel Renkler<\/p>\n<p>Beden S \/M \/L \/XL \/2XL<\/p>","protected":false},"featured_media":1750,"template":"","meta":[],"product_brand":[],"product_cat":[38],"product_tag":[],"class_list":{"0":"post-1687","1":"product","2":"type-product","3":"status-publish","4":"has-post-thumbnail","6":"product_cat-mens-clothing","8":"first","9":"instock","10":"shipping-taxable","11":"product-type-simple"},"_links":{"self":[{"href":"https:\/\/mj-clothing.com\/tr\/wp-json\/wp\/v2\/product\/1687","targetHints":{"allow":["GET"]}}],"collection":[{"href":"https:\/\/mj-clothing.com\/tr\/wp-json\/wp\/v2\/product"}],"about":[{"href":"https:\/\/mj-clothing.com\/tr\/wp-json\/wp\/v2\/types\/product"}],"wp:featuredmedia":[{"embeddable":true,"href":"https:\/\/mj-clothing.com\/tr\/wp-json\/wp\/v2\/media\/1750"}],"wp:attachment":[{"href":"https:\/\/mj-clothing.com\/tr\/wp-json\/wp\/v2\/media?parent=1687"}],"wp:term":[{"taxonomy":"product_brand","embeddable":true,"href":"https:\/\/mj-clothing.com\/tr\/wp-json\/wp\/v2\/product_brand?post=1687"},{"taxonomy":"product_cat","embeddable":true,"href":"https:\/\/mj-clothing.com\/tr\/wp-json\/wp\/v2\/product_cat?post=1687"},{"taxonomy":"product_tag","embeddable":true,"href":"https:\/\/mj-clothing.com\/tr\/wp-json\/wp\/v2\/product_tag?post=1687"}],"curies":[{"name":"wp","href":"https:\/\/api.w.org\/{rel}","templated":true}]}}