{"id":1744,"date":"2024-12-13T02:59:23","date_gmt":"2024-12-13T02:59:23","guid":{"rendered":"https:\/\/mj-clothing.com\/?post_type=product&#038;p=1744"},"modified":"2024-12-17T07:18:06","modified_gmt":"2024-12-17T07:18:06","slug":"mens-pocket-t-shirts","status":"publish","type":"product","link":"https:\/\/mj-clothing.com\/tr\/manufacturer\/mens-pocket-t-shirts\/","title":{"rendered":"Erkek Cepli Ti\u015f\u00f6rtler"},"content":{"rendered":"<div id=\"chat-history\" class=\"chat-history-scroll-container\">\n<div id=\"e1f51b489f031adc\" class=\"conversation-container ng-tns-c2150043242-1 message-actions-hover-boundary response-optimization ng-star-inserted\">\n<div class=\"response-container ng-tns-c1933435332-46 response-optimization response-container-with-gpi ng-star-inserted response-container-has-multiple-responses\">\n<div class=\"presented-response-container ng-tns-c1933435332-46\">\n<div class=\"response-container-content ng-tns-c1933435332-46 tunable-selection-with-avatar\">\n<div class=\"response-content ng-tns-c1933435332-46\">\n<div id=\"model-response-message-contentr_e1f51b489f031adc\" class=\"markdown markdown-main-panel response-optimization\" dir=\"ltr\">\n<h3 data-sourcepos=\"1:1-1:78\">Erkek Cepli Ti\u015f\u00f6rtler<\/h3>\n<p data-sourcepos=\"1:1-1:78\">\u0130\u015fte Singapur'da \u015fu anda mevcut olan baz\u0131 Erkek Cepli Ti\u015f\u00f6rtler:<\/p>\n<p data-sourcepos=\"3:1-3:19\"><strong>G\u00fcnl\u00fck Se\u00e7enekler:<\/strong><\/p>\n<ul data-sourcepos=\"5:1-10:0\">\n<li data-sourcepos=\"5:1-7:0\">\n<p data-sourcepos=\"5:3-6:64\"><strong>Uniqlo B\u00fcy\u00fck Boy Cepli Bisiklet Yaka Yar\u0131m Kol Ti\u015f\u00f6rt:<\/strong> <span class=\"citation-0 recitation citation-end-0\">Bu, \u00e7e\u015fitli renklerde gelen rahat ve \u015f\u0131k bir se\u00e7enektir.<\/span> G\u00fcnl\u00fck kullan\u0131m i\u00e7in m\u00fckemmeldir.<span class=\"button-container hide-from-message-actions ng-star-inserted\">\u00a0 \u00a0<\/span><\/p>\n<div class=\"container ng-tns-c2946245707-59 hide\">\n<div class=\"carousel-container ng-tns-c2946245707-59\"><\/div>\n<\/div>\n<div class=\"attachment-container search-images\"><\/div>\n<\/li>\n<li data-sourcepos=\"8:1-10:0\">\n<p data-sourcepos=\"8:3-9:47\"><strong>Carhartt WIP S\/S \u0130\u015f Cebi T-Shirt:<\/strong> Bu, i\u015f veya a\u00e7\u0131k hava etkinlikleri i\u00e7in m\u00fckemmel olan daha dayan\u0131kl\u0131 ve sa\u011flam bir se\u00e7enektir. <span class=\"citation-1 recitation citation-end-1\">G\u00f6\u011f\u00fcs cebi ve rahat bir kesime sahiptir.<\/span><span class=\"button-container hide-from-message-actions ng-star-inserted\">\u00a0 \u00a0<\/span><\/p>\n<div class=\"container ng-tns-c2946245707-60 hide\">\n<div class=\"carousel-container ng-tns-c2946245707-60\"><\/div>\n<\/div>\n<div class=\"attachment-container search-images\"><\/div>\n<\/li>\n<\/ul>\n<p data-sourcepos=\"11:1-11:20\"><strong>Premium Se\u00e7enekler:<\/strong><\/p>\n<ul data-sourcepos=\"13:1-18:0\">\n<li data-sourcepos=\"13:1-15:0\">\n<p data-sourcepos=\"13:3-14:45\"><strong>Ralph Lauren Jersey Cepli Ti\u015f\u00f6rt:<\/strong> <span class=\"citation-2 recitation citation-end-2\">Bu, birinci s\u0131n\u0131f pamuktan yap\u0131lm\u0131\u015f y\u00fcksek kaliteli bir ti\u015f\u00f6rtt\u00fcr.<\/span> Klasik bir tasar\u0131ma ve g\u00f6\u011f\u00fcste k\u00fc\u00e7\u00fck bir cebe sahiptir.<\/p>\n<\/li>\n<li data-sourcepos=\"13:1-15:0\">\n<p data-sourcepos=\"13:3-14:45\"><strong style=\"font-size: 14.4px;\">Timberland Erkek Oxford G\u00f6\u011f\u00fcs Cepli Ti\u015f\u00f6rt:<\/strong> <span class=\"citation-3 recitation citation-end-3\" style=\"font-size: 14.4px;\">Bu, 100% pamuktan yap\u0131lm\u0131\u015f benzersiz ve \u015f\u0131k bir se\u00e7enektir.<\/span> <span class=\"citation-4 recitation citation-end-4\" style=\"font-size: 14.4px;\">D\u00fc\u011fmeli yaka ve g\u00f6\u011f\u00fcs cebi bulunur.<\/span><span class=\"button-container hide-from-message-actions ng-star-inserted\" style=\"font-size: 14.4px;\">\u00a0 \u00a0<\/span><\/p>\n<div class=\"container ng-tns-c2946245707-62 hide\">\n<div class=\"carousel-container ng-tns-c2946245707-62\">\n<div class=\"carousel-content ng-tns-c2946245707-62\">\n<div class=\"sources-carousel-source ng-tns-c2946245707-62 hide ng-star-inserted\" data-test-id=\"sources-carousel-source\"><\/div>\n<\/div>\n<\/div>\n<\/div>\n<div class=\"attachment-container search-images\"><\/div>\n<\/li>\n<\/ul>\n<p data-sourcepos=\"19:1-19:24\"><strong>Performans Se\u00e7enekleri:<\/strong><\/p>\n<ul data-sourcepos=\"21:1-23:0\">\n<li data-sourcepos=\"21:1-23:0\"><strong>Under Armour Erkek UA Cepli Ti\u015f\u00f6rt:<\/strong> Bu, egzersiz veya di\u011fer aktif u\u011fra\u015flar i\u00e7in m\u00fckemmel bir performans ti\u015f\u00f6rt\u00fcd\u00fcr. <span class=\"citation-5 recitation citation-end-5\">Nem emici teknolojiye ve g\u00f6\u011f\u00fcs cebine sahiptir.<\/span><span class=\"button-container hide-from-message-actions ng-star-inserted\"> \u00a0<\/span>\n<div class=\"container ng-tns-c2946245707-63 hide\">\n<div class=\"carousel-container ng-tns-c2946245707-63\"><\/div>\n<\/div>\n<div class=\"attachment-container search-images\">\n<div class=\"image-container hide-from-message-actions ng-star-inserted\">\n<div class=\"caption ellipsis gmat-caption ng-star-inserted\" aria-hidden=\"true\"><\/div>\n<\/div>\n<\/div>\n<\/li>\n<\/ul>\n<p data-sourcepos=\"24:1-24:171\">Bunlar, Singapur'da bulunan bir\u00e7ok erkek cep ti\u015f\u00f6rt\u00fcnden sadece birka\u00e7\u0131d\u0131r. Yerel ma\u011fazan\u0131zda veya \u00e7evrimi\u00e7i perakendecinizde daha geni\u015f bir se\u00e7enek yelpazesi bulabilirsiniz.<\/p>\n<p data-sourcepos=\"26:1-26:56\"><strong>Erkek Cepli Ti\u015f\u00f6rt Se\u00e7imi \u0130\u00e7in Ek \u0130pu\u00e7lar\u0131:<\/strong><\/p>\n<ul data-sourcepos=\"28:1-32:0\">\n<li data-sourcepos=\"28:1-28:273\">Kuma\u015f\u0131 g\u00f6z \u00f6n\u00fcnde bulundurun: Pamuk, rahat ve nefes alabilir olmas\u0131 nedeniyle cepli ti\u015f\u00f6rtler i\u00e7in pop\u00fcler bir se\u00e7imdir. Ancak, Erkek Cepli Ti\u015f\u00f6rtler nemi uzakla\u015ft\u0131racak ve sizi serin tutacak bir ti\u015f\u00f6rt ar\u0131yorsan\u0131z polyester veya naylon gibi performans kuma\u015flar\u0131n\u0131 da d\u00fc\u015f\u00fcnmek isteyebilirsiniz.<\/li>\n<li data-sourcepos=\"29:1-29:174\">Do\u011fru kal\u0131b\u0131 se\u00e7in: Cepli ti\u015f\u00f6rtlerin dar kesimden rahat kesime kadar \u00e7e\u015fitli kal\u0131plar\u0131 vard\u0131r. V\u00fccut tipinize uygun ve rahat giyebilece\u011finiz bir kal\u0131p se\u00e7in.<\/li>\n<li data-sourcepos=\"30:1-30:209\">Cep stilini g\u00f6z \u00f6n\u00fcnde bulundurun: Baz\u0131 cepli ti\u015f\u00f6rtlerin g\u00f6\u011fs\u00fcnde k\u00fc\u00e7\u00fck bir cep bulunurken, di\u011ferlerinin yan taraf\u0131nda daha b\u00fcy\u00fck bir cep vard\u0131r. Be\u011fendi\u011finiz ve ihtiya\u00e7lar\u0131n\u0131z i\u00e7in pratik olacak bir cep stili se\u00e7in.<\/li>\n<li data-sourcepos=\"31:1-32:0\">Durum hakk\u0131nda d\u00fc\u015f\u00fcn\u00fcn: \u0130\u015fe giderken giymek i\u00e7in cepli bir ti\u015f\u00f6rt ar\u0131yorsan\u0131z, daha resmi bir tarz se\u00e7mek isteyebilirsiniz. Hafta sonu giymek i\u00e7in bir ti\u015f\u00f6rt ar\u0131yorsan\u0131z, daha rahat bir stil se\u00e7mek isteyebilirsiniz.<\/li>\n<\/ul>\n<p data-sourcepos=\"33:1-33:86\">Bu ipu\u00e7lar\u0131n\u0131 takip ederek, ihtiya\u00e7lar\u0131n\u0131z i\u00e7in m\u00fckemmel erkek cepli ti\u015f\u00f6rt\u00fc bulabilirsiniz.<\/p>\n<\/div>\n<\/div>\n<\/div>\n<\/div>\n<\/div>\n<\/div>\n<\/div>\n<div class=\"input-area-container\">\n<div class=\"input-area\" data-node-type=\"input-area\">\n<div class=\"text-input-field\">\n<div class=\"text-input-field_textarea-wrapper\">\n<div class=\"text-input-field-main-area\">\n<div class=\"text-input-field_textarea-inner\">\n<div class=\"ql-editor textarea new-input-ui ql-blank\" role=\"textbox\" contenteditable=\"true\" data-gramm=\"false\" aria-multiline=\"true\" aria-label=\"Buraya bir istem girin\" data-placeholder=\"Ask Gemini\"><\/div>\n<\/div>\n<\/div>\n<\/div>\n<\/div>\n<\/div>\n<\/div>","protected":false},"excerpt":{"rendered":"<table style=\"height: 530px;\" width=\"498\">\n<tbody>\n<tr>\n<td width=\"146\"><strong><b>\u00dcr\u00fcn<\/b><\/strong>\u00a0<strong><b>\u0130sim:<\/b><\/strong><\/td>\n<td width=\"601\"><strong>Erkek Cepli Ti\u015f\u00f6rtler<\/strong><\/td>\n<\/tr>\n<tr>\n<td width=\"146\"><strong><b>Materlal:<\/b><\/strong><\/td>\n<td width=\"601\">Polyester\/Pamuk<\/td>\n<\/tr>\n<tr>\n<td width=\"146\"><strong><b>Teknik:<\/b><\/strong><\/td>\n<td width=\"601\">Bask\u0131 ve Boyama<\/td>\n<\/tr>\n<tr>\n<td width=\"146\"><strong><b>Stil:<\/b><\/strong><\/td>\n<td width=\"601\">G\u00fcndelik<\/td>\n<\/tr>\n<tr>\n<td width=\"146\"><strong><b>Renk<\/b><\/strong><strong><b>:<\/b><\/strong><\/td>\n<td width=\"601\">\u00a0\u00d6zel Renkler<\/td>\n<\/tr>\n<tr>\n<td width=\"146\"><strong><b>Boyut:<\/b><\/strong><\/td>\n<td width=\"601\">S \/M \/L \/XL \/2XL<\/td>\n<\/tr>\n<tr>\n<td width=\"146\"><strong><b>OEM\/ODM:<\/b><\/strong><\/td>\n<td width=\"601\">Kabul edilebilir<\/td>\n<\/tr>\n<tr>\n<td width=\"146\"><strong><b>Kalite:<\/b><\/strong><\/td>\n<td width=\"601\">100% Y\u00fcksek Kalite<\/td>\n<\/tr>\n<tr>\n<td width=\"146\"><strong><b>M<\/b><\/strong><strong><b>OQ:<\/b><\/strong><\/td>\n<td width=\"601\">200 Adet<\/td>\n<\/tr>\n<\/tbody>\n<\/table>","protected":false},"featured_media":1751,"template":"","meta":[],"product_brand":[],"product_cat":[38],"product_tag":[],"class_list":{"0":"post-1744","1":"product","2":"type-product","3":"status-publish","4":"has-post-thumbnail","6":"product_cat-mens-clothing","8":"first","9":"instock","10":"shipping-taxable","11":"product-type-simple"},"_links":{"self":[{"href":"https:\/\/mj-clothing.com\/tr\/wp-json\/wp\/v2\/product\/1744","targetHints":{"allow":["GET"]}}],"collection":[{"href":"https:\/\/mj-clothing.com\/tr\/wp-json\/wp\/v2\/product"}],"about":[{"href":"https:\/\/mj-clothing.com\/tr\/wp-json\/wp\/v2\/types\/product"}],"wp:featuredmedia":[{"embeddable":true,"href":"https:\/\/mj-clothing.com\/tr\/wp-json\/wp\/v2\/media\/1751"}],"wp:attachment":[{"href":"https:\/\/mj-clothing.com\/tr\/wp-json\/wp\/v2\/media?parent=1744"}],"wp:term":[{"taxonomy":"product_brand","embeddable":true,"href":"https:\/\/mj-clothing.com\/tr\/wp-json\/wp\/v2\/product_brand?post=1744"},{"taxonomy":"product_cat","embeddable":true,"href":"https:\/\/mj-clothing.com\/tr\/wp-json\/wp\/v2\/product_cat?post=1744"},{"taxonomy":"product_tag","embeddable":true,"href":"https:\/\/mj-clothing.com\/tr\/wp-json\/wp\/v2\/product_tag?post=1744"}],"curies":[{"name":"wp","href":"https:\/\/api.w.org\/{rel}","templated":true}]}}