{"id":1765,"date":"2024-12-14T03:13:20","date_gmt":"2024-12-14T03:13:20","guid":{"rendered":"https:\/\/mj-clothing.com\/?post_type=product&#038;p=1765"},"modified":"2024-12-17T07:10:04","modified_gmt":"2024-12-17T07:10:04","slug":"vintage-jacket","status":"publish","type":"product","link":"https:\/\/mj-clothing.com\/tr\/manufacturer\/vintage-jacket\/","title":{"rendered":"Vintage Ceket"},"content":{"rendered":"<p data-sourcepos=\"1:1-1:110\">Vintage bir ceket, her k\u0131yafete benzersiz bir dokunu\u015f katabilecek zamans\u0131z bir par\u00e7ad\u0131r. \u0130\u015fte neden bir tanesini sevebilece\u011finizi a\u00e7\u0131kl\u0131yoruz:<\/p>\n<h3 data-sourcepos=\"3:1-3:32\"><strong>Neden Vintage Ceket Se\u00e7melisiniz?<\/strong><\/h3>\n<ul data-sourcepos=\"5:1-9:0\">\n<li data-sourcepos=\"5:1-5:118\"><strong>E\u015fsiz Stil:<\/strong>\u00a0 Ceketler genellikle modern k\u0131yafetlerde bulamayaca\u011f\u0131n\u0131z farkl\u0131 tasar\u0131mlara ve detaylara sahiptir.<\/li>\n<li data-sourcepos=\"6:1-6:111\"><strong>Y\u00fcksek Kalite:<\/strong> Bir\u00e7ok ceket, zamana meydan okuyan y\u00fcksek kaliteli malzemelerden \u00fcretilmi\u015ftir.<\/li>\n<li data-sourcepos=\"7:1-7:125\"><strong>S\u00fcrd\u00fcr\u00fclebilir Moda:<\/strong> Vintage'\u0131 se\u00e7erek \u00e7evresel etkinizi azalt\u0131yor ve bir giysiye ikinci bir hayat veriyorsunuz.<\/li>\n<li data-sourcepos=\"8:1-9:0\"><strong>Karakter ve Tarih:<\/strong> Ceketler bir hikaye anlatabilir, gard\u0131robunuza nostalji ve ki\u015filik katabilir.<\/li>\n<\/ul>\n<h3 data-sourcepos=\"10:1-10:34\"><strong>Vintage Ceket Nas\u0131l Stilize Edilir?<\/strong><\/h3>\n<ul data-sourcepos=\"12:1-16:0\">\n<li data-sourcepos=\"12:1-12:79\"><strong>S\u0131radan:<\/strong> Rahat bir g\u00f6r\u00fcn\u00fcm i\u00e7in kot pantolon, ti\u015f\u00f6rt ve spor ayakkab\u0131larla e\u015fle\u015ftirin.<\/li>\n<li data-sourcepos=\"13:1-13:98\"><strong>Smart Casual:<\/strong> \u015e\u0131k bir kombin i\u00e7in chino pantolon, d\u00fc\u011fmeli g\u00f6mlek ve mokasen ayakkab\u0131larla giyin.<\/li>\n<li data-sourcepos=\"14:1-14:93\"><strong>Sinirli:<\/strong> Rock-and-roll havas\u0131 i\u00e7in deri pantolon, grafik ti\u015f\u00f6rt ve botlarla kombinleyin.<\/li>\n<li data-sourcepos=\"15:1-16:0\"><strong>Resmi:<\/strong> Resmi giyimde benzersiz bir dokunu\u015f i\u00e7in tak\u0131m elbise ceketinin \u00fczerine katlay\u0131n.<\/li>\n<\/ul>\n<h3 data-sourcepos=\"17:1-17:39\"><strong>Vintage Ceket Se\u00e7imi \u0130\u00e7in \u0130pu\u00e7lar\u0131:<\/strong><\/h3>\n<ul data-sourcepos=\"19:1-23:0\">\n<li data-sourcepos=\"19:1-19:82\"><strong>Fit:<\/strong> Olas\u0131 de\u011fi\u015fiklikleri g\u00f6z \u00f6n\u00fcnde bulundurarak ceketin \u00fczerinize tam oturdu\u011fundan emin olun.<\/li>\n<li data-sourcepos=\"20:1-20:64\"><strong>Durum:<\/strong> Herhangi bir hasar, leke veya y\u0131pranma olup olmad\u0131\u011f\u0131n\u0131 kontrol edin.<\/li>\n<li data-sourcepos=\"21:1-21:93\"><strong>Stil:<\/strong> Ki\u015fisel tarz\u0131n\u0131z\u0131 g\u00f6z \u00f6n\u00fcnde bulundurun ve gard\u0131robunuzu tamamlayacak bir ceket se\u00e7in.<\/li>\n<li data-sourcepos=\"22:1-23:0\"><strong>Malzeme:<\/strong> Deri, y\u00fcn veya denim gibi y\u00fcksek kaliteli malzemeler aray\u0131n.<\/li>\n<\/ul>\n<h3 data-sourcepos=\"24:1-24:34\"><strong>Vintage Ceket Nerede Bulunur:<\/strong><\/h3>\n<ul data-sourcepos=\"26:1-30:0\">\n<li data-sourcepos=\"26:1-26:76\"><strong>\u0130kinci el ma\u011fazalar\u0131:<\/strong> Uygun fiyatlarla gizli m\u00fccevherler bulmak i\u00e7in harika bir yer.<\/li>\n<li data-sourcepos=\"27:1-27:89\"><strong>Konsinye Ma\u011fazalar\u0131:<\/strong> Bu ma\u011fazalar genellikle vintage k\u0131yafetlerden olu\u015fan koleksiyonlara sahiptir.<\/li>\n<li data-sourcepos=\"28:1-28:97\"><strong>\u00c7evrimi\u00e7i Pazar Yerleri:<\/strong> eBay ve Etsy gibi web siteleri geni\u015f bir ceket yelpazesi sunmaktad\u0131r.<\/li>\n<li data-sourcepos=\"29:1-30:0\"><strong>Vintage Giyim Ma\u011fazalar\u0131:<\/strong> Vintage moda konusunda uzmanla\u015fm\u0131\u015f \u00f6zel ma\u011fazalar.<\/li>\n<\/ul>\n<div class=\"attachment-container search-images\">\n<div class=\"image-container hide-from-message-actions ng-star-inserted\">\n<div class=\"overlay-container ng-star-inserted\"><\/div>\n<\/div>\n<\/div>","protected":false},"excerpt":{"rendered":"<table style=\"height: 442px;\" width=\"514\">\n<tbody>\n<tr>\n<td width=\"146\"><strong><b>\u00dcr\u00fcn<\/b><\/strong>\u00a0<strong><b>\u0130sim:<\/b><\/strong><\/td>\n<td width=\"601\"><strong>Vintage Ceket<\/strong><\/td>\n<\/tr>\n<tr>\n<td width=\"146\"><strong><b>Materlal:<\/b><\/strong><\/td>\n<td width=\"601\">Polyester\/Pamuk<\/td>\n<\/tr>\n<tr>\n<td width=\"146\"><strong><b>Teknik:<\/b><\/strong><\/td>\n<td width=\"601\">Bask\u0131 ve Boyama<\/td>\n<\/tr>\n<tr>\n<td width=\"146\"><strong><b>Stil:<\/b><\/strong><\/td>\n<td width=\"601\">G\u00fcndelik<\/td>\n<\/tr>\n<tr>\n<td width=\"146\"><strong><b>Renk<\/b><\/strong><strong><b>:<\/b><\/strong><\/td>\n<td width=\"601\">\u00a0\u00d6zel Renkler<\/td>\n<\/tr>\n<tr>\n<td width=\"146\"><strong><b>Boyut:<\/b><\/strong><\/td>\n<td width=\"601\">S \/M \/L \/XL \/2XL<\/td>\n<\/tr>\n<tr>\n<td width=\"146\"><strong><b>OEM\/ODM:<\/b><\/strong><\/td>\n<td width=\"601\">Kabul edilebilir<\/td>\n<\/tr>\n<tr>\n<td width=\"146\"><strong><b>Kalite:<\/b><\/strong><\/td>\n<td width=\"601\">100% Y\u00fcksek Kalite<\/td>\n<\/tr>\n<tr>\n<td width=\"146\"><strong><b>M<\/b><\/strong><strong><b>OQ:<\/b><\/strong><\/td>\n<td width=\"601\">200 Adet<\/td>\n<\/tr>\n<\/tbody>\n<\/table>","protected":false},"featured_media":1769,"template":"","meta":[],"product_brand":[],"product_cat":[38],"product_tag":[],"class_list":{"0":"post-1765","1":"product","2":"type-product","3":"status-publish","4":"has-post-thumbnail","6":"product_cat-mens-clothing","8":"first","9":"instock","10":"shipping-taxable","11":"product-type-simple"},"_links":{"self":[{"href":"https:\/\/mj-clothing.com\/tr\/wp-json\/wp\/v2\/product\/1765","targetHints":{"allow":["GET"]}}],"collection":[{"href":"https:\/\/mj-clothing.com\/tr\/wp-json\/wp\/v2\/product"}],"about":[{"href":"https:\/\/mj-clothing.com\/tr\/wp-json\/wp\/v2\/types\/product"}],"wp:featuredmedia":[{"embeddable":true,"href":"https:\/\/mj-clothing.com\/tr\/wp-json\/wp\/v2\/media\/1769"}],"wp:attachment":[{"href":"https:\/\/mj-clothing.com\/tr\/wp-json\/wp\/v2\/media?parent=1765"}],"wp:term":[{"taxonomy":"product_brand","embeddable":true,"href":"https:\/\/mj-clothing.com\/tr\/wp-json\/wp\/v2\/product_brand?post=1765"},{"taxonomy":"product_cat","embeddable":true,"href":"https:\/\/mj-clothing.com\/tr\/wp-json\/wp\/v2\/product_cat?post=1765"},{"taxonomy":"product_tag","embeddable":true,"href":"https:\/\/mj-clothing.com\/tr\/wp-json\/wp\/v2\/product_tag?post=1765"}],"curies":[{"name":"wp","href":"https:\/\/api.w.org\/{rel}","templated":true}]}}