{"id":1770,"date":"2024-12-14T03:18:13","date_gmt":"2024-12-14T03:18:13","guid":{"rendered":"https:\/\/mj-clothing.com\/?post_type=product&#038;p=1770"},"modified":"2024-12-17T07:08:53","modified_gmt":"2024-12-17T07:08:53","slug":"white-varsity-jacket","status":"publish","type":"product","link":"https:\/\/mj-clothing.com\/tr\/manufacturer\/white-varsity-jacket\/","title":{"rendered":"Beyaz Varsity Ceket"},"content":{"rendered":"<div class=\"user-query-container ng-star-inserted\">\n<div id=\"user-query-content-8\" class=\"query-content\">\n<div class=\"query-text ng-star-inserted\" dir=\"ltr\" role=\"heading\" aria-level=\"2\">\n<h2 class=\"query-text-line ng-star-inserted\"><span style=\"color: #555555; font-size: 14.4px;\">Beyaz bir varsity ceket, gard\u0131robunuza taze ve modern bir dokunu\u015f katabilecek cesur ve \u015f\u0131k bir se\u00e7imdir. \u0130\u015fte neden bir tane sevebilece\u011finizi:<\/span><\/h2>\n<\/div>\n<\/div>\n<\/div>\n<div>\n<div class=\"response-container ng-tns-c1933435332-125 response-optimization response-container-with-gpi ng-star-inserted response-container-has-multiple-responses\">\n<div class=\"presented-response-container ng-tns-c1933435332-125\">\n<div class=\"response-container-content ng-tns-c1933435332-125 tunable-selection-with-avatar\">\n<div class=\"response-content ng-tns-c1933435332-125\">\n<div id=\"model-response-message-contentr_093b668a98236c3a\" class=\"markdown markdown-main-panel response-optimization\" dir=\"ltr\">\n<h3 data-sourcepos=\"3:1-3:38\"><strong>Neden Beyaz Varsity Ceket Se\u00e7melisiniz?<\/strong><\/h3>\n<ul data-sourcepos=\"5:1-9:0\">\n<li data-sourcepos=\"5:1-5:102\"><strong>Benzersiz ve G\u00f6z Al\u0131c\u0131:<\/strong> Bir \u00fcniversite ceketi kalabal\u0131\u011f\u0131n aras\u0131ndan s\u0131yr\u0131l\u0131r ve bir a\u00e7\u0131klama yapar.<\/li>\n<li data-sourcepos=\"6:1-6:85\"><strong>\u00c7ok Y\u00f6nl\u00fc \u015eekillendirme:<\/strong> Yukar\u0131 veya a\u015fa\u011f\u0131 giydirilebilir, \u00e7e\u015fitli durumlar i\u00e7in m\u00fckemmeldir.<\/li>\n<li data-sourcepos=\"7:1-7:74\"><strong>Temiz ve Modern:<\/strong> Beyaz renk temiz ve minimalist bir g\u00f6r\u00fcn\u00fcm verir.<\/li>\n<li data-sourcepos=\"8:1-9:0\"><strong>Rahat ve S\u0131cak:<\/strong> Klasik varsity ceket tasar\u0131m\u0131 s\u0131cakl\u0131k ve konfor sunar.<\/li>\n<\/ul>\n<h3 data-sourcepos=\"10:1-10:40\"><strong>Beyaz Varsity Ceket Nas\u0131l Stilize Edilir?<\/strong><\/h3>\n<ul data-sourcepos=\"12:1-15:0\">\n<li data-sourcepos=\"12:1-12:82\"><strong>Rahat ve \u015f\u0131k:<\/strong> Rahat bir g\u00f6r\u00fcn\u00fcm i\u00e7in kot pantolon, ti\u015f\u00f6rt ve spor ayakkab\u0131larla e\u015fle\u015ftirin.<\/li>\n<li data-sourcepos=\"13:1-13:82\"><strong>Sportif bir g\u00f6r\u00fcn\u00fcm:<\/strong> Sportif bir hava i\u00e7in jogger, kap\u00fc\u015fonlu sweatshirt ve spor ayakkab\u0131larla giyin.<\/li>\n<li data-sourcepos=\"14:1-15:0\"><strong>Smart Casual:<\/strong> G\u00f6steri\u015fli bir g\u00f6r\u00fcn\u00fcm i\u00e7in chino pantolon, d\u00fc\u011fmeli g\u00f6mlek ve mokasen ayakkab\u0131larla kombinleyin.<\/li>\n<\/ul>\n<h3 data-sourcepos=\"16:1-16:45\"><strong>Beyaz Varsity Ceket Se\u00e7imi \u0130\u00e7in \u0130pu\u00e7lar\u0131:<\/strong><\/h3>\n<ul data-sourcepos=\"18:1-22:0\">\n<li data-sourcepos=\"18:1-18:81\"><strong>Malzeme:<\/strong> Y\u00fcn veya deri gibi dayan\u0131kl\u0131 ve y\u00fcksek kaliteli bir malzeme tercih edin.<\/li>\n<li data-sourcepos=\"19:1-19:71\"><strong>Fit:<\/strong> \u00dczerinize tam oturan ve v\u00fccut \u015feklinizi d\u00fczle\u015ftiren bir ceket se\u00e7in.<\/li>\n<li data-sourcepos=\"20:1-20:96\"><strong>Detaylar:<\/strong> Kollar\u0131n rengi ve yaz\u0131 t\u00fcr\u00fc gibi ayr\u0131nt\u0131lar\u0131 g\u00f6z \u00f6n\u00fcnde bulundurun.<\/li>\n<li data-sourcepos=\"21:1-22:0\"><strong>Bak\u0131m:<\/strong> Olas\u0131 lekelere kar\u015f\u0131 dikkatli olun ve cekete uygun bak\u0131m\u0131 yap\u0131n.<\/li>\n<\/ul>\n<\/div>\n<\/div>\n<\/div>\n<\/div>\n<\/div>\n<\/div>","protected":false},"excerpt":{"rendered":"<table style=\"height: 507px;\" width=\"477\">\n<tbody>\n<tr>\n<td width=\"146\"><strong><b>\u00dcr\u00fcn<\/b><\/strong>\u00a0<strong><b>\u0130sim:<\/b><\/strong><\/td>\n<td width=\"601\"><strong>Beyaz Varsity Ceket<\/strong><\/td>\n<\/tr>\n<tr>\n<td width=\"146\"><strong><b>Materlal:<\/b><\/strong><\/td>\n<td width=\"601\">Polyester\/Pamuk<\/td>\n<\/tr>\n<tr>\n<td width=\"146\"><strong><b>Teknik:<\/b><\/strong><\/td>\n<td width=\"601\">Bask\u0131 ve Boyama<\/td>\n<\/tr>\n<tr>\n<td width=\"146\"><strong><b>Stil:<\/b><\/strong><\/td>\n<td width=\"601\">G\u00fcndelik<\/td>\n<\/tr>\n<tr>\n<td width=\"146\"><strong><b>Renk<\/b><\/strong><strong><b>:<\/b><\/strong><\/td>\n<td width=\"601\">\u00a0\u00d6zel Renkler<\/td>\n<\/tr>\n<tr>\n<td width=\"146\"><strong><b>Boyut:<\/b><\/strong><\/td>\n<td width=\"601\">S \/M \/L \/XL \/2XL<\/td>\n<\/tr>\n<tr>\n<td width=\"146\"><strong><b>OEM\/ODM:<\/b><\/strong><\/td>\n<td width=\"601\">Kabul edilebilir<\/td>\n<\/tr>\n<tr>\n<td width=\"146\"><strong><b>Kalite:<\/b><\/strong><\/td>\n<td width=\"601\">100% Y\u00fcksek Kalite<\/td>\n<\/tr>\n<tr>\n<td width=\"146\"><strong><b>M<\/b><\/strong><strong><b>OQ:<\/b><\/strong><\/td>\n<td width=\"601\">200 Adet<\/td>\n<\/tr>\n<\/tbody>\n<\/table>","protected":false},"featured_media":1773,"template":"","meta":[],"product_brand":[],"product_cat":[38],"product_tag":[],"class_list":{"0":"post-1770","1":"product","2":"type-product","3":"status-publish","4":"has-post-thumbnail","6":"product_cat-mens-clothing","8":"first","9":"instock","10":"shipping-taxable","11":"product-type-simple"},"_links":{"self":[{"href":"https:\/\/mj-clothing.com\/tr\/wp-json\/wp\/v2\/product\/1770","targetHints":{"allow":["GET"]}}],"collection":[{"href":"https:\/\/mj-clothing.com\/tr\/wp-json\/wp\/v2\/product"}],"about":[{"href":"https:\/\/mj-clothing.com\/tr\/wp-json\/wp\/v2\/types\/product"}],"wp:featuredmedia":[{"embeddable":true,"href":"https:\/\/mj-clothing.com\/tr\/wp-json\/wp\/v2\/media\/1773"}],"wp:attachment":[{"href":"https:\/\/mj-clothing.com\/tr\/wp-json\/wp\/v2\/media?parent=1770"}],"wp:term":[{"taxonomy":"product_brand","embeddable":true,"href":"https:\/\/mj-clothing.com\/tr\/wp-json\/wp\/v2\/product_brand?post=1770"},{"taxonomy":"product_cat","embeddable":true,"href":"https:\/\/mj-clothing.com\/tr\/wp-json\/wp\/v2\/product_cat?post=1770"},{"taxonomy":"product_tag","embeddable":true,"href":"https:\/\/mj-clothing.com\/tr\/wp-json\/wp\/v2\/product_tag?post=1770"}],"curies":[{"name":"wp","href":"https:\/\/api.w.org\/{rel}","templated":true}]}}