{"id":1774,"date":"2024-12-14T03:23:26","date_gmt":"2024-12-14T03:23:26","guid":{"rendered":"https:\/\/mj-clothing.com\/?post_type=product&#038;p=1774"},"modified":"2024-12-17T07:06:57","modified_gmt":"2024-12-17T07:06:57","slug":"shell-jacket","status":"publish","type":"product","link":"https:\/\/mj-clothing.com\/tr\/manufacturer\/shell-jacket\/","title":{"rendered":"Kabuk Ceket"},"content":{"rendered":"<p data-sourcepos=\"1:1-1:266\">Kabuk ceket, sizi d\u0131\u015f etkenlerden korumak i\u00e7in tasarlanm\u0131\u015f hafif, su ve r\u00fczgar ge\u00e7irmez bir d\u0131\u015f katmand\u0131r. \u00c7e\u015fitli hava ko\u015fullar\u0131nda giyilebilen \u00e7ok y\u00f6nl\u00fc bir d\u0131\u015f giyim par\u00e7as\u0131d\u0131r, bu da onu a\u00e7\u0131k hava etkinlikleri ve g\u00fcnl\u00fck giyim i\u00e7in pop\u00fcler bir se\u00e7im haline getirir.<\/p>\n<h3 data-sourcepos=\"3:1-3:35\"><strong>Kabuk Ceketin Temel \u00d6zellikleri:<\/strong><\/h3>\n<ul data-sourcepos=\"5:1-9:0\">\n<li data-sourcepos=\"5:1-5:218\"><strong>Su ve R\u00fczgar Ge\u00e7irmez:<\/strong> Bir ceketin birincil i\u015flevi sizi kuru tutmak ve r\u00fczgardan korumakt\u0131r. Genellikle Gore-Tex veya benzer teknolojiler gibi su ge\u00e7irmez ve nefes alabilen malzemelerden yap\u0131l\u0131r.<\/li>\n<li data-sourcepos=\"6:1-6:155\"><strong>Nefes alabilirlik:<\/strong> \u0130yi bir ceket sizi kuru tutarken ayn\u0131 zamanda nem buhar\u0131n\u0131n d\u0131\u015far\u0131 \u00e7\u0131kmas\u0131n\u0131 sa\u011flayarak nemli ve rahats\u0131z hissetmenizi \u00f6nler.<\/li>\n<li data-sourcepos=\"7:1-7:97\"><strong>Dayan\u0131kl\u0131l\u0131k:<\/strong> Kabuk ceketler zorlu hava ko\u015fullar\u0131na ve a\u011f\u0131r kullan\u0131ma dayanacak \u015fekilde tasarlanm\u0131\u015ft\u0131r.<\/li>\n<li data-sourcepos=\"8:1-9:0\"><strong>Paketlenebilirlik:<\/strong> Bir\u00e7ok ceket hafif ve paketlenebilir oldu\u011fundan kullan\u0131lmad\u0131klar\u0131 zamanlarda kolayl\u0131kla ta\u015f\u0131nabilir.<\/li>\n<\/ul>\n<h3 data-sourcepos=\"10:1-10:32\"><strong>Kabuk Ceket Nas\u0131l Stilize Edilir?<\/strong><\/h3>\n<ul data-sourcepos=\"12:1-15:0\">\n<li data-sourcepos=\"12:1-12:96\"><strong>S\u0131radan:<\/strong> Rahat ve i\u015flevsel bir g\u00f6r\u00fcn\u00fcm i\u00e7in kot pantolon, ti\u015f\u00f6rt ve spor ayakkab\u0131larla e\u015fle\u015ftirin.<\/li>\n<li data-sourcepos=\"13:1-13:112\"><strong>Smart Casual:<\/strong> \u015e\u0131k ve pratik bir kombin i\u00e7in kazak, chino pantolon ve d\u00fc\u011fmeli g\u00f6mlek \u00fczerine katlay\u0131n.<\/li>\n<li data-sourcepos=\"14:1-15:0\"><strong>A\u00e7\u0131k Hava Etkinlikleri:<\/strong> Do\u011fa ko\u015fullar\u0131na kar\u015f\u0131 korunmak i\u00e7in y\u00fcr\u00fcy\u00fc\u015f pantolonu, polar ve sa\u011flam botlarla giyin.<\/li>\n<\/ul>\n<h3 data-sourcepos=\"16:1-16:37\"><strong>Kabuk Ceketler i\u00e7in Pop\u00fcler Markalar:<\/strong><\/h3>\n<ul data-sourcepos=\"18:1-21:0\">\n<li data-sourcepos=\"18:1-18:58\"><strong>D\u0131\u015f Mekan Markalar\u0131:<\/strong> Patagonia, The North Face, Arc'teryx<\/li>\n<li data-sourcepos=\"19:1-19:46\"><strong>Teknik Markalar:<\/strong> Gore-Tex, Helly Hansen<\/li>\n<li data-sourcepos=\"20:1-21:0\"><strong>Ya\u015fam Tarz\u0131 Markalar\u0131:<\/strong> Columbia, Timberland, Jack Wolfskin<\/li>\n<\/ul>","protected":false},"excerpt":{"rendered":"<table style=\"height: 515px;\" width=\"509\">\n<tbody>\n<tr>\n<td width=\"146\"><strong><b>\u00dcr\u00fcn<\/b><\/strong>\u00a0<strong><b>\u0130sim:<\/b><\/strong><\/td>\n<td width=\"601\"><strong>Kabuk Ceket<\/strong><\/td>\n<\/tr>\n<tr>\n<td width=\"146\"><strong><b>Materlal:<\/b><\/strong><\/td>\n<td width=\"601\">Polyester\/Pamuk<\/td>\n<\/tr>\n<tr>\n<td width=\"146\"><strong><b>Teknik:<\/b><\/strong><\/td>\n<td width=\"601\">Bask\u0131 ve Boyama<\/td>\n<\/tr>\n<tr>\n<td width=\"146\"><strong><b>Stil:<\/b><\/strong><\/td>\n<td width=\"601\">G\u00fcndelik<\/td>\n<\/tr>\n<tr>\n<td width=\"146\"><strong><b>Renk<\/b><\/strong><strong><b>:<\/b><\/strong><\/td>\n<td width=\"601\">\u00a0\u00d6zel Renkler<\/td>\n<\/tr>\n<tr>\n<td width=\"146\"><strong><b>Boyut:<\/b><\/strong><\/td>\n<td width=\"601\">S \/M \/L \/XL \/2XL<\/td>\n<\/tr>\n<tr>\n<td width=\"146\"><strong><b>OEM\/ODM:<\/b><\/strong><\/td>\n<td width=\"601\">Kabul edilebilir<\/td>\n<\/tr>\n<tr>\n<td width=\"146\"><strong><b>Kalite:<\/b><\/strong><\/td>\n<td width=\"601\">100% Y\u00fcksek Kalite<\/td>\n<\/tr>\n<tr>\n<td width=\"146\"><strong><b>M<\/b><\/strong><strong><b>OQ:<\/b><\/strong><\/td>\n<td width=\"601\">200 Adet<\/td>\n<\/tr>\n<\/tbody>\n<\/table>","protected":false},"featured_media":1776,"template":"","meta":[],"product_brand":[],"product_cat":[38],"product_tag":[],"class_list":{"0":"post-1774","1":"product","2":"type-product","3":"status-publish","4":"has-post-thumbnail","6":"product_cat-mens-clothing","8":"first","9":"instock","10":"shipping-taxable","11":"product-type-simple"},"_links":{"self":[{"href":"https:\/\/mj-clothing.com\/tr\/wp-json\/wp\/v2\/product\/1774","targetHints":{"allow":["GET"]}}],"collection":[{"href":"https:\/\/mj-clothing.com\/tr\/wp-json\/wp\/v2\/product"}],"about":[{"href":"https:\/\/mj-clothing.com\/tr\/wp-json\/wp\/v2\/types\/product"}],"wp:featuredmedia":[{"embeddable":true,"href":"https:\/\/mj-clothing.com\/tr\/wp-json\/wp\/v2\/media\/1776"}],"wp:attachment":[{"href":"https:\/\/mj-clothing.com\/tr\/wp-json\/wp\/v2\/media?parent=1774"}],"wp:term":[{"taxonomy":"product_brand","embeddable":true,"href":"https:\/\/mj-clothing.com\/tr\/wp-json\/wp\/v2\/product_brand?post=1774"},{"taxonomy":"product_cat","embeddable":true,"href":"https:\/\/mj-clothing.com\/tr\/wp-json\/wp\/v2\/product_cat?post=1774"},{"taxonomy":"product_tag","embeddable":true,"href":"https:\/\/mj-clothing.com\/tr\/wp-json\/wp\/v2\/product_tag?post=1774"}],"curies":[{"name":"wp","href":"https:\/\/api.w.org\/{rel}","templated":true}]}}