{"id":1785,"date":"2024-12-14T03:42:50","date_gmt":"2024-12-14T03:42:50","guid":{"rendered":"https:\/\/mj-clothing.com\/?post_type=product&#038;p=1785"},"modified":"2024-12-17T07:02:12","modified_gmt":"2024-12-17T07:02:12","slug":"mens-full-zip-sweater","status":"publish","type":"product","link":"https:\/\/mj-clothing.com\/tr\/manufacturer\/mens-full-zip-sweater\/","title":{"rendered":"Erkek Tam Fermuarl\u0131 Kazak"},"content":{"rendered":"<p data-sourcepos=\"1:1-1:236\"><span class=\"citation-0 recitation citation-end-0\">Erkek Full Zip Kazak, \u00e7e\u015fitli hava ko\u015fullar\u0131nda giyilebilen ve farkl\u0131 durumlar i\u00e7in \u015fekillendirilebilen \u00e7ok y\u00f6nl\u00fc bir giysi par\u00e7as\u0131d\u0131r.<\/span> Geleneksel kazaklara rahat ve \u015f\u0131k bir alternatif sunar.<span class=\"button-container hide-from-message-actions ng-star-inserted\"> \u00a0<\/span><\/p>\n<h3><strong style=\"font-size: 14.4px;\">Erkek Full Zip S\u00fcveterin Temel \u00d6zellikleri:<\/strong><\/h3>\n<ul data-sourcepos=\"5:1-9:0\">\n<li data-sourcepos=\"5:1-5:116\"><strong>Tam Fermuarl\u0131 Kapatma:<\/strong> Tam fermuarl\u0131 tasar\u0131m, kolay a\u00e7ma ve kapama sa\u011flar ve s\u0131cakl\u0131\u011f\u0131 d\u00fczenlemek i\u00e7in ayarlanabilir.<\/li>\n<li data-sourcepos=\"6:1-6:127\"><strong>S\u0131cakl\u0131k ve Konfor:<\/strong> <span class=\"citation-1 recitation citation-end-1\">Tam fermuarl\u0131 kazaklar genellikle y\u00fcn, polar veya y\u00fcn kar\u0131\u015f\u0131m\u0131 gibi s\u0131cak tutan malzemelerden yap\u0131l\u0131r.<\/span><span class=\"button-container hide-from-message-actions ng-star-inserted\">\u00a0 \u00a0<\/span>\n<div class=\"container ng-tns-c2946245707-175 hide\">\n<div class=\"carousel-container ng-tns-c2946245707-175\"><\/div>\n<\/div>\n<\/li>\n<li data-sourcepos=\"7:1-7:134\"><strong>\u00c7ok Y\u00f6nl\u00fc \u015eekillendirme:<\/strong> <span class=\"citation-2 recitation citation-end-2\">Hava durumuna ve istenen g\u00f6r\u00fcn\u00fcme ba\u011fl\u0131 olarak g\u00f6mleklerin \u00fczerine katlanabilir veya tek ba\u015flar\u0131na giyilebilirler.<\/span><\/li>\n<li data-sourcepos=\"7:1-7:134\"><strong><span class=\"citation-3 recitation\">Fonksiyonel Cepler:<\/span><\/strong><span class=\"citation-3 recitation citation-end-3\"> Bir\u00e7ok tam fermuarl\u0131 kazak, ellerinizi s\u0131cak tutmak veya k\u00fc\u00e7\u00fck e\u015fyalar\u0131n\u0131z\u0131 saklamak i\u00e7in ceplerle birlikte gelir.<\/span><span class=\"button-container hide-from-message-actions ng-star-inserted\">\u00a0<\/span>\n<div class=\"container ng-tns-c2946245707-177 hide\">\n<div class=\"carousel-container ng-tns-c2946245707-177\"><\/div>\n<\/div>\n<\/li>\n<\/ul>\n<h2 data-sourcepos=\"10:1-10:42\"><strong>Erkek Full Zip Kazak Nas\u0131l Stil Verilir?<\/strong><\/h2>\n<ul data-sourcepos=\"12:1-15:0\">\n<li data-sourcepos=\"12:1-12:77\"><strong>S\u0131radan:<\/strong> Rahat bir g\u00f6r\u00fcn\u00fcm i\u00e7in kot pantolon, ti\u015f\u00f6rt ve spor ayakkab\u0131larla e\u015fle\u015ftirin.<\/li>\n<li data-sourcepos=\"13:1-13:96\"><strong>Smart Casual:<\/strong> G\u00f6steri\u015fli bir kombin i\u00e7in chino pantolon, d\u00fc\u011fmeli g\u00f6mlek ve mokasen ayakkab\u0131larla giyin.<\/li>\n<li data-sourcepos=\"14:1-15:0\"><strong>A\u00e7\u0131k Hava Etkinlikleri:<\/strong> A\u00e7\u0131k hava maceralar\u0131 s\u0131ras\u0131nda daha fazla s\u0131cakl\u0131k i\u00e7in bir polar veya kap\u00fc\u015fonlunun \u00fczerine katlay\u0131n.<\/li>\n<\/ul>\n<h3 data-sourcepos=\"16:1-16:47\"><strong>Erkek Full Zip Kazak i\u00e7in Pop\u00fcler Markalar:<\/strong><\/h3>\n<ul data-sourcepos=\"18:1-21:0\">\n<li data-sourcepos=\"18:1-18:71\"><strong><span class=\"citation-4 recitation\">D\u0131\u015f Mekan Markalar\u0131:<\/span><\/strong><span class=\"citation-4 recitation citation-end-4\"> The North Face, Patagonia, Arc'teryx<\/span><span class=\"button-container hide-from-message-actions ng-star-inserted\"> \u00a0<\/span><\/li>\n<li data-sourcepos=\"18:1-18:71\"><strong style=\"font-size: 14.4px;\">Ya\u015fam Tarz\u0131 Markalar\u0131:<\/strong><span style=\"font-size: 14.4px;\"> Ralph Lauren, Tommy Hilfiger, J.Crew<\/span><\/li>\n<li data-sourcepos=\"20:1-21:0\"><strong>Teknik Markalar:<\/strong> Under Armour, Nike, Adidas<\/li>\n<\/ul>\n<p data-sourcepos=\"22:1-22:111\"><strong>Unutmay\u0131n, tam fermuarl\u0131 bir kazak se\u00e7menin anahtar\u0131 malzemeyi, kal\u0131b\u0131 ve ki\u015fisel tarz\u0131n\u0131z\u0131 g\u00f6z \u00f6n\u00fcnde bulundurmakt\u0131r.<\/strong><\/p>","protected":false},"excerpt":{"rendered":"<table style=\"height: 424px;\" width=\"509\">\n<tbody>\n<tr>\n<td width=\"146\"><strong><b>\u00dcr\u00fcn<\/b><\/strong>\u00a0<strong><b>\u0130sim:<\/b><\/strong><\/td>\n<td width=\"601\"><strong>Erkek Tam Fermuarl\u0131 Kazak<\/strong><\/td>\n<\/tr>\n<tr>\n<td width=\"146\"><strong><b>Materlal:<\/b><\/strong><\/td>\n<td width=\"601\">Polyester\/Pamuk<\/td>\n<\/tr>\n<tr>\n<td width=\"146\"><strong><b>Teknik:<\/b><\/strong><\/td>\n<td width=\"601\">Dokuma<\/td>\n<\/tr>\n<tr>\n<td width=\"146\"><strong><b>Stil:<\/b><\/strong><\/td>\n<td width=\"601\">G\u00fcndelik<\/td>\n<\/tr>\n<tr>\n<td width=\"146\"><strong><b>Renk<\/b><\/strong><strong><b>:<\/b><\/strong><\/td>\n<td width=\"601\">\u00a0\u00d6zel Renkler<\/td>\n<\/tr>\n<tr>\n<td width=\"146\"><strong><b>Boyut:<\/b><\/strong><\/td>\n<td width=\"601\">S \/M \/L \/XL \/2XL<\/td>\n<\/tr>\n<tr>\n<td width=\"146\"><strong><b>OEM\/ODM:<\/b><\/strong><\/td>\n<td width=\"601\">Kabul edilebilir<\/td>\n<\/tr>\n<tr>\n<td width=\"146\"><strong><b>Kalite:<\/b><\/strong><\/td>\n<td width=\"601\">100% Y\u00fcksek Kalite<\/td>\n<\/tr>\n<tr>\n<td width=\"146\"><strong><b>M<\/b><\/strong><strong><b>OQ:<\/b><\/strong><\/td>\n<td width=\"601\">200 Adet<\/td>\n<\/tr>\n<\/tbody>\n<\/table>","protected":false},"featured_media":1790,"template":"","meta":[],"product_brand":[],"product_cat":[38],"product_tag":[],"class_list":{"0":"post-1785","1":"product","2":"type-product","3":"status-publish","4":"has-post-thumbnail","6":"product_cat-mens-clothing","8":"first","9":"instock","10":"shipping-taxable","11":"product-type-simple"},"_links":{"self":[{"href":"https:\/\/mj-clothing.com\/tr\/wp-json\/wp\/v2\/product\/1785","targetHints":{"allow":["GET"]}}],"collection":[{"href":"https:\/\/mj-clothing.com\/tr\/wp-json\/wp\/v2\/product"}],"about":[{"href":"https:\/\/mj-clothing.com\/tr\/wp-json\/wp\/v2\/types\/product"}],"wp:featuredmedia":[{"embeddable":true,"href":"https:\/\/mj-clothing.com\/tr\/wp-json\/wp\/v2\/media\/1790"}],"wp:attachment":[{"href":"https:\/\/mj-clothing.com\/tr\/wp-json\/wp\/v2\/media?parent=1785"}],"wp:term":[{"taxonomy":"product_brand","embeddable":true,"href":"https:\/\/mj-clothing.com\/tr\/wp-json\/wp\/v2\/product_brand?post=1785"},{"taxonomy":"product_cat","embeddable":true,"href":"https:\/\/mj-clothing.com\/tr\/wp-json\/wp\/v2\/product_cat?post=1785"},{"taxonomy":"product_tag","embeddable":true,"href":"https:\/\/mj-clothing.com\/tr\/wp-json\/wp\/v2\/product_tag?post=1785"}],"curies":[{"name":"wp","href":"https:\/\/api.w.org\/{rel}","templated":true}]}}