{"id":1792,"date":"2024-12-14T03:52:01","date_gmt":"2024-12-14T03:52:01","guid":{"rendered":"https:\/\/mj-clothing.com\/?post_type=product&#038;p=1792"},"modified":"2024-12-17T07:00:56","modified_gmt":"2024-12-17T07:00:56","slug":"mens-alpaca-sweater","status":"publish","type":"product","link":"https:\/\/mj-clothing.com\/tr\/manufacturer\/mens-alpaca-sweater\/","title":{"rendered":"Erkek Alpaka Kazak"},"content":{"rendered":"<p data-sourcepos=\"1:1-1:198\"><span class=\"citation-0 recitation citation-end-0\">Erkek Alpaka Kazak, bir G\u00fcney Amerika devesi olan alpakan\u0131n ince, yumu\u015fak liflerinden yap\u0131lan l\u00fcks ve s\u0131cak bir giysidir.<\/span> Alpaka elyaf\u0131, a\u015fa\u011f\u0131dakiler de dahil olmak \u00fczere ola\u011fan\u00fcst\u00fc nitelikleriyle bilinir:<span class=\"button-container hide-from-message-actions ng-star-inserted\"> \u00a0<\/span><\/p>\n<ul data-sourcepos=\"3:1-7:0\">\n<li data-sourcepos=\"3:1-3:89\"><strong><span class=\"citation-1 recitation\">Yumu\u015fakl\u0131k:<\/span><\/strong><span class=\"citation-1 recitation citation-end-1\"> Alpaka elyaf\u0131 inan\u0131lmaz derecede yumu\u015fakt\u0131r, genellikle ka\u015fmirden daha yumu\u015fakt\u0131r.<\/span><\/li>\n<li data-sourcepos=\"3:1-3:89\"><span class=\"button-container hide-from-message-actions ng-star-inserted\"><strong style=\"font-size: 14.4px;\">S\u0131cakl\u0131k:<\/strong> <span class=\"citation-2 recitation citation-end-2\" style=\"font-size: 14.4px;\">M\u00fckemmel yal\u0131t\u0131m sa\u011flayarak so\u011fuk havalarda sizi s\u0131cak tutar.<\/span><\/span>\n<div class=\"container ng-tns-c2946245707-269 hide\">\n<div class=\"carousel-container ng-tns-c2946245707-269\"><\/div>\n<\/div>\n<\/li>\n<li data-sourcepos=\"5:1-5:80\"><strong>Dayan\u0131kl\u0131l\u0131k:<\/strong> <span class=\"citation-3 recitation citation-end-3\">Alpaka elyaf\u0131 dayan\u0131kl\u0131d\u0131r ve boncuklanmaya kar\u015f\u0131 diren\u00e7lidir.<\/span><\/li>\n<li data-sourcepos=\"5:1-5:80\"><span class=\"button-container hide-from-message-actions ng-star-inserted\">\u00a0<\/span><span class=\"button-container hide-from-message-actions ng-star-inserted\"><strong style=\"font-size: 14.4px;\">Hipoalerjenik:<\/strong> <span class=\"citation-4 recitation citation-end-4\" style=\"font-size: 14.4px;\">Do\u011fal olarak hipoalerjeniktir, bu da onu hassas cilde sahip olanlar i\u00e7in m\u00fckemmel bir se\u00e7im haline getirir.<\/span><span class=\"button-container hide-from-message-actions ng-star-inserted\" style=\"font-size: 14.4px;\"> \u00a0<\/span><\/span>\n<div class=\"container ng-tns-c2946245707-271 hide\">\n<div class=\"carousel-container ng-tns-c2946245707-271\"><\/div>\n<\/div>\n<\/li>\n<\/ul>\n<h3 data-sourcepos=\"8:1-8:33\"><strong>Neden Erkek Alpaka Kazak Se\u00e7melisiniz?<\/strong><\/h3>\n<ul data-sourcepos=\"10:1-14:0\">\n<li data-sourcepos=\"10:1-10:93\"><strong>L\u00fcks bir his:<\/strong> Alpaka lifinin yumu\u015fak, ipeksi dokusu cilde kar\u015f\u0131 harika bir his verir.<\/li>\n<li data-sourcepos=\"11:1-11:118\"><strong><span class=\"citation-5 recitation\">Ola\u011fan\u00fcst\u00fc S\u0131cakl\u0131k:<\/span><\/strong><span class=\"citation-5 recitation citation-end-5\"> Alpaka kazaklar so\u011fuk havalar i\u00e7in m\u00fckemmeldir, sizi rahat ve konforlu tutar.<\/span><\/li>\n<li data-sourcepos=\"11:1-11:118\"><strong style=\"font-size: 14.4px;\">Stil ve Zarafet:<\/strong><span style=\"font-size: 14.4px;\"> Alpaka kazaklar, sofistike bir dokunu\u015f katarak her k\u0131yafeti y\u00fckseltebilir.<\/span><\/li>\n<li data-sourcepos=\"13:1-14:0\"><strong><span class=\"citation-6 recitation\">Etik ve S\u00fcrd\u00fcr\u00fclebilir:<\/span><\/strong><span class=\"citation-6 recitation citation-end-6\"> Alpaka yeti\u015ftiricili\u011fi genellikle koyun yeti\u015ftiricili\u011finden daha insanc\u0131l ve \u00e7evre dostu olarak kabul edilir.<\/span><span class=\"button-container hide-from-message-actions ng-star-inserted\">\u00a0 \u00a0<\/span>\n<div class=\"container ng-tns-c2946245707-273 hide\">\n<div class=\"carousel-container ng-tns-c2946245707-273\"><\/div>\n<\/div>\n<\/li>\n<\/ul>\n<h3 data-sourcepos=\"15:1-15:35\"><strong>Erkek Alpaka Kazak Nas\u0131l Stil Verilir?<\/strong><\/h3>\n<ul data-sourcepos=\"17:1-20:0\">\n<li data-sourcepos=\"17:1-17:77\"><strong>S\u0131radan:<\/strong> Rahat bir g\u00f6r\u00fcn\u00fcm i\u00e7in kot pantolon, ti\u015f\u00f6rt ve spor ayakkab\u0131larla e\u015fle\u015ftirin.<\/li>\n<li data-sourcepos=\"18:1-18:96\"><strong>Smart Casual:<\/strong> G\u00f6steri\u015fli bir kombin i\u00e7in chino pantolon, d\u00fc\u011fmeli g\u00f6mlek ve mokasen ayakkab\u0131larla giyin.<\/li>\n<li data-sourcepos=\"19:1-20:0\"><strong>Resmi:<\/strong> Sofistike bir g\u00f6r\u00fcn\u00fcm i\u00e7in g\u00f6mlek ve kravat \u00fczerine katlay\u0131n.<\/li>\n<\/ul>\n<p data-sourcepos=\"21:1-21:40\"><strong>Erkek Alpaka Kazaklar\u0131 Nerede Bulunur:<\/strong><\/p>\n<ul data-sourcepos=\"23:1-26:0\">\n<li data-sourcepos=\"23:1-23:116\"><strong><span class=\"citation-7 recitation\">\u00c7evrimi\u00e7i Perakendeciler:<\/span><\/strong><span class=\"citation-7 recitation citation-end-7\"> Amazon, Etsy ve di\u011fer \u00e7evrimi\u00e7i perakendeciler \u00e7ok \u00e7e\u015fitli alpaka kazaklar\u0131 sunmaktad\u0131r.<\/span><\/li>\n<li data-sourcepos=\"23:1-23:116\"><strong style=\"font-size: 14.4px;\">B\u00fcy\u00fck Ma\u011fazalar:<\/strong><span style=\"font-size: 14.4px;\"> \u00dcst d\u00fczey ma\u011fazalarda genellikle l\u00fcks markalar\u0131n alpaka kazaklar\u0131 bulunur.<\/span><\/li>\n<li data-sourcepos=\"25:1-26:0\"><strong>\u00d6zel Ma\u011fazalar:<\/strong> L\u00fcks elyaflar ve s\u00fcrd\u00fcr\u00fclebilir moda konusunda uzmanla\u015fm\u0131\u015f ma\u011fazalar\u0131 aray\u0131n.<\/li>\n<\/ul>\n<p data-sourcepos=\"27:1-27:223\"><strong>Unutmay\u0131n:<\/strong> Alpaka kazak sat\u0131n al\u0131rken, y\u00fcksek kaliteli, etik kaynakl\u0131 elyaf aray\u0131n. Ayr\u0131ca, kaza\u011f\u0131n s\u0131cakl\u0131\u011f\u0131n\u0131 ve farkl\u0131 iklimler i\u00e7in uygunlu\u011funu etkileyece\u011finden, kaza\u011f\u0131n a\u011f\u0131rl\u0131\u011f\u0131n\u0131 ve kal\u0131nl\u0131\u011f\u0131n\u0131 da g\u00f6z \u00f6n\u00fcnde bulundurun.<\/p>","protected":false},"excerpt":{"rendered":"<table style=\"height: 483px;\" width=\"499\">\n<tbody>\n<tr>\n<td width=\"146\"><strong><b>\u00dcr\u00fcn<\/b><\/strong>\u00a0<strong><b>\u0130sim:<\/b><\/strong><\/td>\n<td width=\"601\"><strong>Erkek Alpaka Kazak<\/strong><\/td>\n<\/tr>\n<tr>\n<td width=\"146\"><strong><b>Materlal:<\/b><\/strong><\/td>\n<td width=\"601\">Polyester\/Pamuk<\/td>\n<\/tr>\n<tr>\n<td width=\"146\"><strong><b>Teknik:<\/b><\/strong><\/td>\n<td width=\"601\">Dokuma<\/td>\n<\/tr>\n<tr>\n<td width=\"146\"><strong><b>Stil:<\/b><\/strong><\/td>\n<td width=\"601\">G\u00fcndelik<\/td>\n<\/tr>\n<tr>\n<td width=\"146\"><strong><b>Renk<\/b><\/strong><strong><b>:<\/b><\/strong><\/td>\n<td width=\"601\">\u00a0\u00d6zel Renkler<\/td>\n<\/tr>\n<tr>\n<td width=\"146\"><strong><b>Boyut:<\/b><\/strong><\/td>\n<td width=\"601\">S \/M \/L \/XL \/2XL<\/td>\n<\/tr>\n<tr>\n<td width=\"146\"><strong><b>OEM\/ODM:<\/b><\/strong><\/td>\n<td width=\"601\">Kabul edilebilir<\/td>\n<\/tr>\n<tr>\n<td width=\"146\"><strong><b>Kalite:<\/b><\/strong><\/td>\n<td width=\"601\">100% Y\u00fcksek Kalite<\/td>\n<\/tr>\n<tr>\n<td width=\"146\"><strong><b>M<\/b><\/strong><strong><b>OQ:<\/b><\/strong><\/td>\n<td width=\"601\">200 Adet<\/td>\n<\/tr>\n<\/tbody>\n<\/table>","protected":false},"featured_media":1793,"template":"","meta":[],"product_brand":[],"product_cat":[38],"product_tag":[],"class_list":{"0":"post-1792","1":"product","2":"type-product","3":"status-publish","4":"has-post-thumbnail","6":"product_cat-mens-clothing","8":"first","9":"instock","10":"shipping-taxable","11":"product-type-simple"},"_links":{"self":[{"href":"https:\/\/mj-clothing.com\/tr\/wp-json\/wp\/v2\/product\/1792","targetHints":{"allow":["GET"]}}],"collection":[{"href":"https:\/\/mj-clothing.com\/tr\/wp-json\/wp\/v2\/product"}],"about":[{"href":"https:\/\/mj-clothing.com\/tr\/wp-json\/wp\/v2\/types\/product"}],"wp:featuredmedia":[{"embeddable":true,"href":"https:\/\/mj-clothing.com\/tr\/wp-json\/wp\/v2\/media\/1793"}],"wp:attachment":[{"href":"https:\/\/mj-clothing.com\/tr\/wp-json\/wp\/v2\/media?parent=1792"}],"wp:term":[{"taxonomy":"product_brand","embeddable":true,"href":"https:\/\/mj-clothing.com\/tr\/wp-json\/wp\/v2\/product_brand?post=1792"},{"taxonomy":"product_cat","embeddable":true,"href":"https:\/\/mj-clothing.com\/tr\/wp-json\/wp\/v2\/product_cat?post=1792"},{"taxonomy":"product_tag","embeddable":true,"href":"https:\/\/mj-clothing.com\/tr\/wp-json\/wp\/v2\/product_tag?post=1792"}],"curies":[{"name":"wp","href":"https:\/\/api.w.org\/{rel}","templated":true}]}}