{"id":1802,"date":"2024-12-14T06:48:03","date_gmt":"2024-12-14T06:48:03","guid":{"rendered":"https:\/\/mj-clothing.com\/?post_type=product&#038;p=1802"},"modified":"2024-12-17T06:59:40","modified_gmt":"2024-12-17T06:59:40","slug":"mens-mohair-sweater","status":"publish","type":"product","link":"https:\/\/mj-clothing.com\/tr\/manufacturer\/mens-mohair-sweater\/","title":{"rendered":"Erkek Tiftik Kazak"},"content":{"rendered":"<h2 data-sourcepos=\"1:1-1:44\">Erkek Tiftik Kazaklar\u0131: L\u00fcks Bir Se\u00e7im<\/h2>\n<p data-sourcepos=\"3:1-3:167\"><span class=\"citation-0 recitation citation-end-0\">Erkek tiftik kazak, Angora ke\u00e7isinin ince, yumu\u015fak elyaf\u0131ndan yap\u0131lan l\u00fcks bir giysidir.<\/span> Tiftik, a\u015fa\u011f\u0131dakiler de dahil olmak \u00fczere ola\u011fan\u00fcst\u00fc nitelikleriyle bilinir:<span class=\"button-container hide-from-message-actions ng-star-inserted\">\u00a0<\/span><\/p>\n<div class=\"container ng-tns-c2946245707-308 hide\">\n<div class=\"carousel-container ng-tns-c2946245707-308\">\n<div class=\"carousel-content ng-tns-c2946245707-308\">\n<div class=\"sources-carousel-source ng-tns-c2946245707-308 hide ng-star-inserted\" data-test-id=\"sources-carousel-source\"><\/div>\n<\/div>\n<\/div>\n<\/div>\n<ul data-sourcepos=\"5:1-9:0\">\n<li data-sourcepos=\"5:1-5:70\"><strong>Yumu\u015fakl\u0131k:<\/strong> Tiftik inan\u0131lmaz derecede yumu\u015fakt\u0131r, genellikle ka\u015fmirden daha yumu\u015fakt\u0131r.<\/li>\n<li data-sourcepos=\"6:1-6:94\"><strong>S\u0131cakl\u0131k:<\/strong> <span class=\"citation-1 recitation citation-end-1\">M\u00fckemmel yal\u0131t\u0131m sa\u011flayarak so\u011fuk havalarda sizi s\u0131cak tutar.<\/span><span class=\"button-container hide-from-message-actions ng-star-inserted\"> \u00a0<\/span><\/li>\n<li data-sourcepos=\"6:1-6:94\"><span class=\"button-container hide-from-message-actions ng-star-inserted\"><strong style=\"font-size: 14.4px;\"><span class=\"citation-2 recitation\">Dayan\u0131kl\u0131l\u0131k:<\/span><\/strong><span class=\"citation-2 recitation citation-end-2\" style=\"font-size: 14.4px;\"> Tiftik dayan\u0131kl\u0131d\u0131r ve t\u00fcylenmeye kar\u015f\u0131 diren\u00e7lidir.<\/span><\/span>\n<div class=\"container ng-tns-c2946245707-310 hide\">\n<div class=\"carousel-container ng-tns-c2946245707-310\"><\/div>\n<\/div>\n<\/li>\n<li data-sourcepos=\"8:1-9:0\"><strong><span class=\"citation-3 recitation\">Parlakl\u0131k:<\/span><\/strong><span class=\"citation-3 recitation citation-end-3\"> Tifti\u011fin kendine \u00f6zg\u00fc bir parlakl\u0131k veren do\u011fal bir parlakl\u0131\u011f\u0131 vard\u0131r.<\/span>\n<div class=\"container ng-tns-c2946245707-311 hide\">\n<div class=\"carousel-container ng-tns-c2946245707-311\"><\/div>\n<\/div>\n<\/li>\n<\/ul>\n<h3 data-sourcepos=\"10:1-10:32\"><strong>Neden Erkek Tiftik Kazak Se\u00e7melisiniz?<\/strong><\/h3>\n<ul data-sourcepos=\"12:1-16:0\">\n<li data-sourcepos=\"12:1-12:93\"><strong>L\u00fcks bir his:<\/strong> Tiftik lifinin yumu\u015fak, ipeksi dokusu cilde kar\u015f\u0131 harika bir his verir.<\/li>\n<li data-sourcepos=\"13:1-13:118\"><strong><span class=\"citation-4 recitation\">Ola\u011fan\u00fcst\u00fc S\u0131cakl\u0131k:<\/span><\/strong><span class=\"citation-4 recitation citation-end-4\"> Tiftik kazaklar so\u011fuk havalar i\u00e7in m\u00fckemmeldir, sizi rahat ve konforlu tutar.<\/span><span class=\"button-container hide-from-message-actions ng-star-inserted\">\u00a0<\/span>\n<div class=\"container ng-tns-c2946245707-312 hide\">\n<div class=\"carousel-container ng-tns-c2946245707-312\"><\/div>\n<\/div>\n<\/li>\n<li data-sourcepos=\"14:1-14:99\"><strong>Stil ve Zarafet:<\/strong> Tiftik kazaklar her k\u0131yafete sofistike bir dokunu\u015f katarak onu y\u00fcceltebilir.<\/li>\n<li data-sourcepos=\"15:1-16:0\"><strong>E\u015fsiz Doku:<\/strong> Tifti\u011fin e\u015fsiz dokusu gard\u0131robunuza g\u00f6rsel bir ilgi katar.<\/li>\n<\/ul>\n<h3 data-sourcepos=\"17:1-17:34\"><strong>Tiftik Kazak Nas\u0131l Stil Verilir?<\/strong><\/h3>\n<ul data-sourcepos=\"19:1-22:0\">\n<li data-sourcepos=\"19:1-19:77\"><strong>S\u0131radan:<\/strong> Rahat bir g\u00f6r\u00fcn\u00fcm i\u00e7in kot pantolon, ti\u015f\u00f6rt ve spor ayakkab\u0131larla e\u015fle\u015ftirin.<\/li>\n<li data-sourcepos=\"20:1-20:96\"><strong>Smart Casual:<\/strong> G\u00f6steri\u015fli bir kombin i\u00e7in chino pantolon, d\u00fc\u011fmeli g\u00f6mlek ve mokasen ayakkab\u0131larla giyin.<\/li>\n<li data-sourcepos=\"21:1-22:0\"><strong>Resmi:<\/strong> Sofistike bir g\u00f6r\u00fcn\u00fcm i\u00e7in g\u00f6mlek ve kravat \u00fczerine katlay\u0131n.<\/li>\n<\/ul>\n<h3 data-sourcepos=\"23:1-23:40\"><strong>Erkek Tiftik Kazaklar\u0131 Nerede Bulunur:<\/strong><\/h3>\n<ul data-sourcepos=\"25:1-28:0\">\n<li data-sourcepos=\"25:1-25:90\"><strong>\u00dcst D\u00fczey Ma\u011fazalar:<\/strong> \u0130nce trikolarda uzmanla\u015fm\u0131\u015f l\u00fcks markalar\u0131 aray\u0131n.<\/li>\n<li data-sourcepos=\"26:1-26:130\"><strong><span class=\"citation-5 recitation\">\u00c7evrimi\u00e7i Perakendeciler:<\/span><\/strong><span class=\"citation-5 recitation citation-end-5\"> Amazon, Etsy ve di\u011fer \u00e7evrimi\u00e7i perakendeciler gibi web siteleri \u00e7ok \u00e7e\u015fitli tiftik kazaklar sunmaktad\u0131r.<\/span>\n<div class=\"container ng-tns-c2946245707-313 hide\">\n<div class=\"carousel-container ng-tns-c2946245707-313\"><\/div>\n<\/div>\n<\/li>\n<li data-sourcepos=\"27:1-28:0\"><strong>\u00d6zel Ma\u011fazalar:<\/strong> L\u00fcks elyaflar ve s\u00fcrd\u00fcr\u00fclebilir moda konusunda uzmanla\u015fm\u0131\u015f ma\u011fazalar tiftik kazak ta\u015f\u0131yabilir.<\/li>\n<\/ul>\n<p data-sourcepos=\"29:1-29:222\"><strong>Unutmay\u0131n:<\/strong> Bir tiftik kazak sat\u0131n al\u0131rken, y\u00fcksek kaliteli, etik kaynakl\u0131 elyaf aray\u0131n. Ayr\u0131ca, kaza\u011f\u0131n s\u0131cakl\u0131\u011f\u0131n\u0131 ve farkl\u0131 iklimler i\u00e7in uygunlu\u011funu etkileyece\u011finden, kaza\u011f\u0131n a\u011f\u0131rl\u0131\u011f\u0131n\u0131 ve kal\u0131nl\u0131\u011f\u0131n\u0131 da g\u00f6z \u00f6n\u00fcnde bulundurun.<\/p>","protected":false},"excerpt":{"rendered":"<table style=\"height: 484px;\" width=\"506\">\n<tbody>\n<tr>\n<td width=\"146\"><strong><b>\u00dcr\u00fcn<\/b><\/strong>\u00a0<strong><b>\u0130sim:<\/b><\/strong><\/td>\n<td width=\"601\"><strong>Erkek Tiftik Kazak<\/strong><\/td>\n<\/tr>\n<tr>\n<td width=\"146\"><strong><b>Materlal:<\/b><\/strong><\/td>\n<td width=\"601\">Polyester\/Pamuk<\/td>\n<\/tr>\n<tr>\n<td width=\"146\"><strong><b>Teknik:<\/b><\/strong><\/td>\n<td width=\"601\">Dokuma<\/td>\n<\/tr>\n<tr>\n<td width=\"146\"><strong><b>Stil:<\/b><\/strong><\/td>\n<td width=\"601\">G\u00fcndelik<\/td>\n<\/tr>\n<tr>\n<td width=\"146\"><strong><b>Renk<\/b><\/strong><strong><b>:<\/b><\/strong><\/td>\n<td width=\"601\">\u00a0\u00d6zel Renkler<\/td>\n<\/tr>\n<tr>\n<td width=\"146\"><strong><b>Boyut:<\/b><\/strong><\/td>\n<td width=\"601\">S \/M \/L \/XL \/2XL<\/td>\n<\/tr>\n<tr>\n<td width=\"146\"><strong><b>OEM\/ODM:<\/b><\/strong><\/td>\n<td width=\"601\">Kabul edilebilir<\/td>\n<\/tr>\n<tr>\n<td width=\"146\"><strong><b>Kalite:<\/b><\/strong><\/td>\n<td width=\"601\">100% Y\u00fcksek Kalite<\/td>\n<\/tr>\n<tr>\n<td width=\"146\"><strong><b>M<\/b><\/strong><strong><b>OQ:<\/b><\/strong><\/td>\n<td width=\"601\">200 Adet<\/td>\n<\/tr>\n<\/tbody>\n<\/table>","protected":false},"featured_media":1803,"template":"","meta":[],"product_brand":[],"product_cat":[38],"product_tag":[],"class_list":{"0":"post-1802","1":"product","2":"type-product","3":"status-publish","4":"has-post-thumbnail","6":"product_cat-mens-clothing","8":"first","9":"instock","10":"shipping-taxable","11":"product-type-simple"},"_links":{"self":[{"href":"https:\/\/mj-clothing.com\/tr\/wp-json\/wp\/v2\/product\/1802","targetHints":{"allow":["GET"]}}],"collection":[{"href":"https:\/\/mj-clothing.com\/tr\/wp-json\/wp\/v2\/product"}],"about":[{"href":"https:\/\/mj-clothing.com\/tr\/wp-json\/wp\/v2\/types\/product"}],"wp:featuredmedia":[{"embeddable":true,"href":"https:\/\/mj-clothing.com\/tr\/wp-json\/wp\/v2\/media\/1803"}],"wp:attachment":[{"href":"https:\/\/mj-clothing.com\/tr\/wp-json\/wp\/v2\/media?parent=1802"}],"wp:term":[{"taxonomy":"product_brand","embeddable":true,"href":"https:\/\/mj-clothing.com\/tr\/wp-json\/wp\/v2\/product_brand?post=1802"},{"taxonomy":"product_cat","embeddable":true,"href":"https:\/\/mj-clothing.com\/tr\/wp-json\/wp\/v2\/product_cat?post=1802"},{"taxonomy":"product_tag","embeddable":true,"href":"https:\/\/mj-clothing.com\/tr\/wp-json\/wp\/v2\/product_tag?post=1802"}],"curies":[{"name":"wp","href":"https:\/\/api.w.org\/{rel}","templated":true}]}}