{"id":1804,"date":"2024-12-14T06:55:24","date_gmt":"2024-12-14T06:55:24","guid":{"rendered":"https:\/\/mj-clothing.com\/?post_type=product&#038;p=1804"},"modified":"2024-12-17T06:56:31","modified_gmt":"2024-12-17T06:56:31","slug":"mens-cashmere-sweater","status":"publish","type":"product","link":"https:\/\/mj-clothing.com\/tr\/manufacturer\/mens-cashmere-sweater\/","title":{"rendered":"Erkek Ka\u015fmir Kazak"},"content":{"rendered":"<p data-sourcepos=\"1:1-1:177\"><span class=\"citation-0 recitation citation-end-0\">Erkek ka\u015fmir kazak, benzersiz bir konfor ve s\u0131cakl\u0131k sunan l\u00fcks ve zamans\u0131z bir giyim par\u00e7as\u0131d\u0131r.<\/span> \u0130\u015fte neden bir tanesine yat\u0131r\u0131m yapmay\u0131 d\u00fc\u015f\u00fcnmeniz gerekti\u011fini a\u00e7\u0131kl\u0131yoruz:<span class=\"button-container hide-from-message-actions ng-star-inserted\"> \u00a0<\/span><\/p>\n<div class=\"container ng-tns-c2946245707-329 hide\">\n<div class=\"carousel-container ng-tns-c2946245707-329\">\n<div class=\"carousel-content ng-tns-c2946245707-329\">\n<div class=\"sources-carousel-source ng-tns-c2946245707-329 hide ng-star-inserted\" data-test-id=\"sources-carousel-source\"><\/div>\n<\/div>\n<\/div>\n<\/div>\n<h3 data-sourcepos=\"3:1-3:34\"><strong>Neden Erkek Ka\u015fmir Kazak Se\u00e7melisiniz?<\/strong><\/h3>\n<ul data-sourcepos=\"5:1-9:0\">\n<li data-sourcepos=\"5:1-5:124\"><strong><span class=\"citation-1 recitation\">Ola\u011fan\u00fcst\u00fc Yumu\u015fakl\u0131k:<\/span><\/strong><span class=\"citation-1 recitation citation-end-1\"> Ka\u015fmir, inan\u0131lmaz yumu\u015fak dokusuyla \u00fcnl\u00fcd\u00fcr ve giymeyi bir zevk haline getirir.<\/span><\/li>\n<li data-sourcepos=\"5:1-5:124\"><span class=\"button-container hide-from-message-actions ng-star-inserted\"><strong style=\"font-size: 14.4px;\"><span class=\"citation-2 recitation\">\u00dcst\u00fcn S\u0131cakl\u0131k:<\/span><\/strong><span class=\"citation-2 recitation citation-end-2\" style=\"font-size: 14.4px;\"> Ka\u015fmir, hafif yap\u0131s\u0131na ra\u011fmen m\u00fckemmel yal\u0131t\u0131m sa\u011flayarak so\u011fuk havalarda sizi s\u0131cak tutar.<\/span><\/span>\n<div class=\"container ng-tns-c2946245707-331 hide\">\n<div class=\"carousel-container ng-tns-c2946245707-331\"><\/div>\n<\/div>\n<\/li>\n<li data-sourcepos=\"7:1-7:122\"><strong>Dayan\u0131kl\u0131l\u0131k:<\/strong> <span class=\"citation-3 recitation citation-end-3\">Y\u00fcksek kaliteli ka\u015fmir \u015fa\u015f\u0131rt\u0131c\u0131 derecede dayan\u0131kl\u0131d\u0131r ve uygun bak\u0131mla uzun y\u0131llar dayanabilir.<\/span><span class=\"button-container hide-from-message-actions ng-star-inserted\">\u00a0<\/span>\n<div class=\"container ng-tns-c2946245707-332 hide\">\n<div class=\"carousel-container ng-tns-c2946245707-332\"><\/div>\n<\/div>\n<\/li>\n<li data-sourcepos=\"8:1-9:0\"><strong><span class=\"citation-4 recitation\">Hipoalerjenik:<\/span><\/strong><span class=\"citation-4 recitation citation-end-4\"> Ka\u015fmir hipoalerjeniktir, bu da onu hassas cilde sahip olanlar i\u00e7in uygun hale getirir.<\/span><span class=\"button-container hide-from-message-actions ng-star-inserted\">\u00a0<\/span>\n<div class=\"container ng-tns-c2946245707-333 hide\">\n<div class=\"carousel-container ng-tns-c2946245707-333\">\n<div class=\"carousel-content ng-tns-c2946245707-333\">\n<div class=\"sources-carousel-source ng-tns-c2946245707-333 hide ng-star-inserted\" data-test-id=\"sources-carousel-source\"><\/div>\n<\/div>\n<\/div>\n<\/div>\n<\/li>\n<\/ul>\n<h3 data-sourcepos=\"10:1-10:36\"><strong>Erkek Ka\u015fmir Kazak Nas\u0131l Stil Verilir?<\/strong><\/h3>\n<ul data-sourcepos=\"12:1-15:0\">\n<li data-sourcepos=\"12:1-12:77\">\n<h3><strong>S\u0131radan:<\/strong> Rahat bir g\u00f6r\u00fcn\u00fcm i\u00e7in kot pantolon, ti\u015f\u00f6rt ve spor ayakkab\u0131larla e\u015fle\u015ftirin.<\/h3>\n<\/li>\n<li data-sourcepos=\"13:1-13:96\"><strong>Smart Casual:<\/strong> G\u00f6steri\u015fli bir kombin i\u00e7in chino pantolon, d\u00fc\u011fmeli g\u00f6mlek ve mokasen ayakkab\u0131larla giyin.<\/li>\n<li data-sourcepos=\"14:1-15:0\"><strong>Resmi:<\/strong> Sofistike bir g\u00f6r\u00fcn\u00fcm i\u00e7in g\u00f6mlek ve kravat \u00fczerine katlay\u0131n.<\/li>\n<\/ul>\n<h3 data-sourcepos=\"16:1-16:42\"><strong>Erkek Ka\u015fmir Kazaklar\u0131 Nerede Bulunur:<\/strong><\/h3>\n<ul data-sourcepos=\"18:1-21:0\">\n<li data-sourcepos=\"18:1-18:90\"><strong>\u00dcst D\u00fczey Ma\u011fazalar:<\/strong> \u0130nce trikolarda uzmanla\u015fm\u0131\u015f l\u00fcks markalar\u0131 aray\u0131n.<\/li>\n<li data-sourcepos=\"19:1-19:132\"><strong><span class=\"citation-5 recitation\">\u00c7evrimi\u00e7i Perakendeciler:<\/span><\/strong><span class=\"citation-5 recitation citation-end-5\"> Amazon, Etsy ve di\u011fer \u00e7evrimi\u00e7i perakendeciler gibi web siteleri \u00e7ok \u00e7e\u015fitli ka\u015fmir kazaklar sunmaktad\u0131r.<\/span><\/li>\n<li data-sourcepos=\"19:1-19:132\"><strong style=\"font-size: 14.4px;\">\u00d6zel Ma\u011fazalar:<\/strong><span style=\"font-size: 14.4px;\"> L\u00fcks elyaflar ve s\u00fcrd\u00fcr\u00fclebilir moda konusunda uzmanla\u015fm\u0131\u015f ma\u011fazalar ka\u015fmir kazak ta\u015f\u0131yabilir.<\/span><\/li>\n<\/ul>\n<h3 data-sourcepos=\"22:1-22:41\"><strong>Erkek Ka\u015fmir Kazak Se\u00e7imi \u0130\u00e7in \u0130pu\u00e7lar\u0131:<\/strong><\/h3>\n<ul data-sourcepos=\"24:1-28:0\">\n<li data-sourcepos=\"24:1-24:94\"><strong>Kalite:<\/strong> Yumu\u015fak, p\u00fcr\u00fczs\u00fcz ve kusur i\u00e7ermeyen y\u00fcksek kaliteli ka\u015fmir aray\u0131n.<\/li>\n<li data-sourcepos=\"25:1-25:95\"><strong>A\u011f\u0131rl\u0131k:<\/strong> Daha a\u011f\u0131r kazaklar daha fazla s\u0131cakl\u0131k sa\u011flayaca\u011f\u0131ndan, kaza\u011f\u0131n a\u011f\u0131rl\u0131\u011f\u0131n\u0131 g\u00f6z \u00f6n\u00fcnde bulundurun.<\/li>\n<li data-sourcepos=\"26:1-26:72\"><strong>Fit:<\/strong> \u00dczerinize tam oturan ve v\u00fccut \u015feklinizi d\u00fczle\u015ftiren bir kazak se\u00e7in.<\/li>\n<li data-sourcepos=\"27:1-28:0\"><strong>Stil:<\/strong> \u0130ster bisiklet yaka, ister V yaka, ister bal\u0131k\u00e7\u0131 yaka olsun, ki\u015fisel zevkinize uygun bir stil se\u00e7in.<\/li>\n<\/ul>\n<h4 data-sourcepos=\"29:1-29:37\"><strong>Ka\u015fmir Kaza\u011f\u0131n\u0131z\u0131n Bak\u0131m\u0131:<\/strong><\/h4>\n<ul data-sourcepos=\"31:1-34:0\">\n<li data-sourcepos=\"31:1-31:50\">Nazik bir deterjanla so\u011fuk suda elde y\u0131kay\u0131n.<\/li>\n<li data-sourcepos=\"32:1-32:31\">Gerilmeyi \u00f6nlemek i\u00e7in d\u00fcz kurutun.<\/li>\n<li data-sourcepos=\"33:1-34:0\">Serin ve kuru bir yerde, do\u011frudan g\u00fcne\u015f \u0131\u015f\u0131\u011f\u0131ndan uzakta saklay\u0131n.<\/li>\n<\/ul>\n<p data-sourcepos=\"35:1-35:144\">Y\u00fcksek kaliteli bir ka\u015fmir kaza\u011fa yat\u0131r\u0131m yaparak, yaln\u0131zca \u015f\u0131k ve rahat bir giysi de\u011fil, ayn\u0131 zamanda zamans\u0131z bir l\u00fcks par\u00e7as\u0131 da elde etmi\u015f olursunuz.<\/p>\n<div class=\"attachment-container search-images\">\n<div class=\"image-container hide-from-message-actions ng-star-inserted\">\n<div class=\"overlay-container ng-star-inserted\"><\/div>\n<\/div>\n<\/div>","protected":false},"excerpt":{"rendered":"<table style=\"height: 529px;\" width=\"500\">\n<tbody>\n<tr>\n<td width=\"146\"><strong><b>\u00dcr\u00fcn<\/b><\/strong>\u00a0<strong><b>\u0130sim:<\/b><\/strong><\/td>\n<td width=\"601\"><strong>Erkek Ka\u015fmir Kazak<\/strong><\/td>\n<\/tr>\n<tr>\n<td width=\"146\"><strong><b>Materlal:<\/b><\/strong><\/td>\n<td width=\"601\">Polyester\/Pamuk<\/td>\n<\/tr>\n<tr>\n<td width=\"146\"><strong><b>Teknik:<\/b><\/strong><\/td>\n<td width=\"601\">Dokuma<\/td>\n<\/tr>\n<tr>\n<td width=\"146\"><strong><b>Stil:<\/b><\/strong><\/td>\n<td width=\"601\">G\u00fcndelik<\/td>\n<\/tr>\n<tr>\n<td width=\"146\"><strong><b>Renk<\/b><\/strong><strong><b>:<\/b><\/strong><\/td>\n<td width=\"601\">\u00a0\u00d6zel Renkler<\/td>\n<\/tr>\n<tr>\n<td width=\"146\"><strong><b>Boyut:<\/b><\/strong><\/td>\n<td width=\"601\">S \/M \/L \/XL \/2XL<\/td>\n<\/tr>\n<tr>\n<td width=\"146\"><strong><b>OEM\/ODM:<\/b><\/strong><\/td>\n<td width=\"601\">Kabul edilebilir<\/td>\n<\/tr>\n<tr>\n<td width=\"146\"><strong><b>Kalite:<\/b><\/strong><\/td>\n<td width=\"601\">100% Y\u00fcksek Kalite<\/td>\n<\/tr>\n<tr>\n<td width=\"146\"><strong><b>M<\/b><\/strong><strong><b>OQ:<\/b><\/strong><\/td>\n<td width=\"601\">200 Adet<\/td>\n<\/tr>\n<\/tbody>\n<\/table>","protected":false},"featured_media":1805,"template":"","meta":[],"product_brand":[],"product_cat":[38],"product_tag":[],"class_list":{"0":"post-1804","1":"product","2":"type-product","3":"status-publish","4":"has-post-thumbnail","6":"product_cat-mens-clothing","8":"first","9":"instock","10":"shipping-taxable","11":"product-type-simple"},"_links":{"self":[{"href":"https:\/\/mj-clothing.com\/tr\/wp-json\/wp\/v2\/product\/1804","targetHints":{"allow":["GET"]}}],"collection":[{"href":"https:\/\/mj-clothing.com\/tr\/wp-json\/wp\/v2\/product"}],"about":[{"href":"https:\/\/mj-clothing.com\/tr\/wp-json\/wp\/v2\/types\/product"}],"wp:featuredmedia":[{"embeddable":true,"href":"https:\/\/mj-clothing.com\/tr\/wp-json\/wp\/v2\/media\/1805"}],"wp:attachment":[{"href":"https:\/\/mj-clothing.com\/tr\/wp-json\/wp\/v2\/media?parent=1804"}],"wp:term":[{"taxonomy":"product_brand","embeddable":true,"href":"https:\/\/mj-clothing.com\/tr\/wp-json\/wp\/v2\/product_brand?post=1804"},{"taxonomy":"product_cat","embeddable":true,"href":"https:\/\/mj-clothing.com\/tr\/wp-json\/wp\/v2\/product_cat?post=1804"},{"taxonomy":"product_tag","embeddable":true,"href":"https:\/\/mj-clothing.com\/tr\/wp-json\/wp\/v2\/product_tag?post=1804"}],"curies":[{"name":"wp","href":"https:\/\/api.w.org\/{rel}","templated":true}]}}