{"id":1806,"date":"2024-12-14T06:59:55","date_gmt":"2024-12-14T06:59:55","guid":{"rendered":"https:\/\/mj-clothing.com\/?post_type=product&#038;p=1806"},"modified":"2024-12-17T06:54:59","modified_gmt":"2024-12-17T06:54:59","slug":"mens-slim-fit-sweater","status":"publish","type":"product","link":"https:\/\/mj-clothing.com\/tr\/manufacturer\/mens-slim-fit-sweater\/","title":{"rendered":"Erkek Slim Fit Kazak"},"content":{"rendered":"<p data-sourcepos=\"1:1-1:224\"><span class=\"citation-0 recitation citation-end-0\">Erkek slim fit kazak, \u015f\u0131k ve modern bir g\u00f6r\u00fcn\u00fcm sunan \u00e7ok y\u00f6nl\u00fc bir giyim par\u00e7as\u0131d\u0131r.<\/span> <span class=\"citation-1 recitation citation-end-1\">V\u00fccuda daha yak\u0131n oturacak \u015fekilde tasarlanm\u0131\u015ft\u0131r, konfor ve s\u0131cakl\u0131k sa\u011flarken fizi\u011finizi vurgular.<\/span><\/p>\n<h3 data-sourcepos=\"1:1-1:224\"><strong>\u00a0 \u00a0 Neden Erkek Slim Fit Kazak Se\u00e7melisiniz?<\/strong><\/h3>\n<ul data-sourcepos=\"5:1-9:0\">\n<li data-sourcepos=\"5:1-5:95\"><strong><span class=\"citation-2 recitation\">\u015e\u0131k ve Modern:<\/span><\/strong><span class=\"citation-2 recitation citation-end-2\"> Dar kesim kazak, \u00e7a\u011fda\u015f ve \u015f\u0131k bir g\u00f6r\u00fcn\u00fcm sunar.<\/span>\n<div class=\"container ng-tns-c2946245707-350 hide\">\n<div class=\"carousel-container ng-tns-c2946245707-350\"><\/div>\n<\/div>\n<\/li>\n<li data-sourcepos=\"6:1-6:103\"><strong>V\u00fccuda tam oturur:<\/strong> Fizi\u011finizi vurgulamaya ve daha aerodinamik bir siluet olu\u015fturmaya yard\u0131mc\u0131 olabilir.<\/li>\n<li data-sourcepos=\"7:1-7:89\"><strong>\u00c7ok y\u00f6nl\u00fcl\u00fck:<\/strong> A\u015fa\u011f\u0131 veya yukar\u0131 giydirilebilir, bu da onu \u00e7e\u015fitli durumlar i\u00e7in m\u00fckemmel k\u0131lar.<\/li>\n<li data-sourcepos=\"8:1-9:0\"><strong>Konfor:<\/strong> V\u00fccuda oturan tarz\u0131na ra\u011fmen, iyi yap\u0131lm\u0131\u015f dar kesim bir kazak inan\u0131lmaz derecede rahat olabilir.<\/li>\n<\/ul>\n<h3 data-sourcepos=\"10:1-10:36\"><strong>Erkek Dar Kesim Kazak Nas\u0131l Stilize Edilir?<\/strong><\/h3>\n<ul data-sourcepos=\"12:1-15:0\">\n<li data-sourcepos=\"12:1-12:77\"><strong>S\u0131radan:<\/strong> Rahat bir g\u00f6r\u00fcn\u00fcm i\u00e7in kot pantolon, ti\u015f\u00f6rt ve spor ayakkab\u0131larla e\u015fle\u015ftirin.<\/li>\n<li data-sourcepos=\"13:1-13:96\"><strong>Smart Casual:<\/strong> G\u00f6steri\u015fli bir kombin i\u00e7in chino pantolon, d\u00fc\u011fmeli g\u00f6mlek ve mokasen ayakkab\u0131larla giyin.<\/li>\n<li data-sourcepos=\"14:1-15:0\"><strong>Resmi:<\/strong> Sofistike bir g\u00f6r\u00fcn\u00fcm i\u00e7in g\u00f6mlek ve kravat \u00fczerine katlay\u0131n.<\/li>\n<\/ul>\n<h3 data-sourcepos=\"16:1-16:41\"><strong>Erkek Slim Fit Kazak Se\u00e7imi \u0130\u00e7in \u0130pu\u00e7lar\u0131:<\/strong><\/h3>\n<ul data-sourcepos=\"18:1-22:0\">\n<li data-sourcepos=\"18:1-18:164\"><strong>Malzeme:<\/strong> Kaza\u011f\u0131n s\u0131cakl\u0131\u011f\u0131n\u0131, konforunu ve dayan\u0131kl\u0131l\u0131\u011f\u0131n\u0131 etkileyece\u011fi i\u00e7in malzemeyi g\u00f6z \u00f6n\u00fcnde bulundurun. <span class=\"citation-3 recitation citation-end-3\">Y\u00fcn, ka\u015fmir ve pamuk pop\u00fcler se\u00e7eneklerdir.<\/span><\/li>\n<li data-sourcepos=\"18:1-18:164\"><strong style=\"font-size: 14.4px;\">Fit:<\/strong><span style=\"font-size: 14.4px;\"> Kaza\u011f\u0131n \u00e7ok s\u0131k\u0131 veya \u00e7ok bol olmadan iyi oturdu\u011fundan emin olun.<\/span><\/li>\n<li data-sourcepos=\"20:1-20:103\"><strong>Stil:<\/strong> Bisiklet yaka, V yaka veya bal\u0131k\u00e7\u0131 yaka gibi ki\u015fisel zevkinize uygun bir stil se\u00e7in.<\/li>\n<li data-sourcepos=\"21:1-22:0\"><strong>Renk:<\/strong> Gard\u0131robunuzu tamamlamak i\u00e7in kaza\u011f\u0131n rengini ve desenini g\u00f6z \u00f6n\u00fcnde bulundurun.<\/li>\n<\/ul>\n<p data-sourcepos=\"23:1-23:96\"><strong>Unutmay\u0131n:<\/strong> Tam oturan dar kesim bir kazak stilinizi y\u00fckseltir ve en iyi \u015fekilde g\u00f6r\u00fcnmenizi sa\u011flar.<\/p>","protected":false},"excerpt":{"rendered":"<table style=\"height: 520px;\" width=\"518\">\n<tbody>\n<tr>\n<td width=\"146\"><strong><b>\u00dcr\u00fcn<\/b><\/strong>\u00a0<strong><b>\u0130sim:<\/b><\/strong><\/td>\n<td width=\"601\"><strong>Erkek Slim Fit Kazak<\/strong><\/td>\n<\/tr>\n<tr>\n<td width=\"146\"><strong><b>Materlal:<\/b><\/strong><\/td>\n<td width=\"601\">Polyester\/Pamuk<\/td>\n<\/tr>\n<tr>\n<td width=\"146\"><strong><b>Teknik:<\/b><\/strong><\/td>\n<td width=\"601\">Dokuma<\/td>\n<\/tr>\n<tr>\n<td width=\"146\"><strong><b>Stil:<\/b><\/strong><\/td>\n<td width=\"601\">G\u00fcndelik<\/td>\n<\/tr>\n<tr>\n<td width=\"146\"><strong><b>Renk<\/b><\/strong><strong><b>:<\/b><\/strong><\/td>\n<td width=\"601\">\u00a0\u00d6zel Renkler<\/td>\n<\/tr>\n<tr>\n<td width=\"146\"><strong><b>Boyut:<\/b><\/strong><\/td>\n<td width=\"601\">S \/M \/L \/XL \/2XL<\/td>\n<\/tr>\n<tr>\n<td width=\"146\"><strong><b>OEM\/ODM:<\/b><\/strong><\/td>\n<td width=\"601\">Kabul edilebilir<\/td>\n<\/tr>\n<tr>\n<td width=\"146\"><strong><b>Kalite:<\/b><\/strong><\/td>\n<td width=\"601\">100% Y\u00fcksek Kalite<\/td>\n<\/tr>\n<tr>\n<td width=\"146\"><strong><b>M<\/b><\/strong><strong><b>OQ:<\/b><\/strong><\/td>\n<td width=\"601\">200 Adet<\/td>\n<\/tr>\n<\/tbody>\n<\/table>","protected":false},"featured_media":1807,"template":"","meta":[],"product_brand":[],"product_cat":[38],"product_tag":[],"class_list":{"0":"post-1806","1":"product","2":"type-product","3":"status-publish","4":"has-post-thumbnail","6":"product_cat-mens-clothing","8":"first","9":"instock","10":"shipping-taxable","11":"product-type-simple"},"_links":{"self":[{"href":"https:\/\/mj-clothing.com\/tr\/wp-json\/wp\/v2\/product\/1806","targetHints":{"allow":["GET"]}}],"collection":[{"href":"https:\/\/mj-clothing.com\/tr\/wp-json\/wp\/v2\/product"}],"about":[{"href":"https:\/\/mj-clothing.com\/tr\/wp-json\/wp\/v2\/types\/product"}],"wp:featuredmedia":[{"embeddable":true,"href":"https:\/\/mj-clothing.com\/tr\/wp-json\/wp\/v2\/media\/1807"}],"wp:attachment":[{"href":"https:\/\/mj-clothing.com\/tr\/wp-json\/wp\/v2\/media?parent=1806"}],"wp:term":[{"taxonomy":"product_brand","embeddable":true,"href":"https:\/\/mj-clothing.com\/tr\/wp-json\/wp\/v2\/product_brand?post=1806"},{"taxonomy":"product_cat","embeddable":true,"href":"https:\/\/mj-clothing.com\/tr\/wp-json\/wp\/v2\/product_cat?post=1806"},{"taxonomy":"product_tag","embeddable":true,"href":"https:\/\/mj-clothing.com\/tr\/wp-json\/wp\/v2\/product_tag?post=1806"}],"curies":[{"name":"wp","href":"https:\/\/api.w.org\/{rel}","templated":true}]}}