{"id":1809,"date":"2024-12-14T07:05:10","date_gmt":"2024-12-14T07:05:10","guid":{"rendered":"https:\/\/mj-clothing.com\/?post_type=product&#038;p=1809"},"modified":"2024-12-17T06:53:15","modified_gmt":"2024-12-17T06:53:15","slug":"mens-quilted-sweater","status":"publish","type":"product","link":"https:\/\/mj-clothing.com\/tr\/manufacturer\/mens-quilted-sweater\/","title":{"rendered":"Erkek Kapitone Kazak"},"content":{"rendered":"<p data-sourcepos=\"1:1-1:189\"><span class=\"citation-0 recitation citation-end-0\">Erkek kapitone kazak, hem s\u0131cakl\u0131k hem de benzersiz bir estetik sunan \u015f\u0131k ve i\u015flevsel bir giyim par\u00e7as\u0131d\u0131r.<\/span> \u0130\u015fte bu y\u00fczden gard\u0131robunuza bir tane eklemeyi d\u00fc\u015f\u00fcnebilirsiniz:<span class=\"button-container hide-from-message-actions ng-star-inserted\"> \u00a0<\/span><\/p>\n<h3 data-sourcepos=\"3:1-3:33\"><strong>\u00a0 Neden Erkek Kapitone Kazak Se\u00e7melisiniz?<\/strong><\/h3>\n<ul data-sourcepos=\"5:1-9:0\">\n<li data-sourcepos=\"5:1-5:139\"><strong>S\u0131cakl\u0131k ve Konfor:<\/strong> <span class=\"citation-1 recitation citation-end-1\">Kapitone tasar\u0131m\u0131 havay\u0131 hapsederek m\u00fckemmel yal\u0131t\u0131m sa\u011flar ve so\u011fuk havalarda sizi s\u0131cak tutar.<\/span><span class=\"button-container hide-from-message-actions ng-star-inserted\"> \u00a0<\/span>\n<div class=\"container ng-tns-c2946245707-367 hide\">\n<div class=\"carousel-container ng-tns-c2946245707-367\"><\/div>\n<\/div>\n<\/li>\n<li data-sourcepos=\"6:1-6:129\"><strong>Stil ve \u00c7ok Y\u00f6nl\u00fcl\u00fck:<\/strong> <span class=\"citation-2 recitation citation-end-2\">Kapitone kazaklar yukar\u0131 veya a\u015fa\u011f\u0131 giydirilebilir, bu da onlar\u0131 \u00e7e\u015fitli durumlar i\u00e7in uygun hale getirir.<\/span><\/li>\n<li data-sourcepos=\"6:1-6:129\"><strong style=\"font-size: 14.4px;\">E\u015fsiz Estetik:<\/strong><span style=\"font-size: 14.4px;\"> Kapitone deseni k\u0131yafetinize g\u00f6rsel ilgi ve doku katar.<\/span><\/li>\n<li data-sourcepos=\"8:1-9:0\"><strong>Dayan\u0131kl\u0131l\u0131k:<\/strong> <span class=\"citation-3 recitation citation-end-3\">Kapitone kazaklar genellikle dayan\u0131kl\u0131 malzemelerden \u00fcretilir ve d\u00fczenli a\u015f\u0131nma ve y\u0131pranmaya dayanabilmelerini sa\u011flar.<\/span><span class=\"button-container hide-from-message-actions ng-star-inserted\">\u00a0<\/span>\n<div class=\"container ng-tns-c2946245707-369 hide\">\n<div class=\"carousel-container ng-tns-c2946245707-369\">\n<div class=\"carousel-content ng-tns-c2946245707-369\">\n<div class=\"sources-carousel-source ng-tns-c2946245707-369 hide ng-star-inserted\" data-test-id=\"sources-carousel-source\"><\/div>\n<\/div>\n<\/div>\n<\/div>\n<\/li>\n<\/ul>\n<h3 data-sourcepos=\"10:1-10:35\"><strong>Kapitone Erkek Kaza\u011f\u0131 Nas\u0131l Stilize Edilir?<\/strong><\/h3>\n<ul data-sourcepos=\"12:1-15:0\">\n<li data-sourcepos=\"12:1-12:77\"><strong>S\u0131radan:<\/strong> Rahat bir g\u00f6r\u00fcn\u00fcm i\u00e7in kot pantolon, ti\u015f\u00f6rt ve spor ayakkab\u0131larla e\u015fle\u015ftirin.<\/li>\n<li data-sourcepos=\"13:1-13:96\"><strong>Smart Casual:<\/strong> G\u00f6steri\u015fli bir kombin i\u00e7in chino pantolon, d\u00fc\u011fmeli g\u00f6mlek ve mokasen ayakkab\u0131larla giyin.<\/li>\n<li data-sourcepos=\"14:1-15:0\"><strong>A\u00e7\u0131k Hava Etkinlikleri:<\/strong> A\u00e7\u0131k hava maceralar\u0131 s\u0131ras\u0131nda daha fazla s\u0131cakl\u0131k i\u00e7in bir polar veya kap\u00fc\u015fonlunun \u00fczerine katlay\u0131n.<\/li>\n<\/ul>\n<h3 data-sourcepos=\"16:1-16:41\"><strong>Erkek Kapitone Kazaklar\u0131 Nerede Bulunur:<\/strong><\/h3>\n<ul data-sourcepos=\"18:1-21:0\">\n<li data-sourcepos=\"18:1-18:86\"><strong>B\u00fcy\u00fck Ma\u011fazalar:<\/strong> \u00c7e\u015fitli stiller ve malzemeler sunan markalar\u0131 aray\u0131n.<\/li>\n<li data-sourcepos=\"19:1-19:131\"><strong><span class=\"citation-4 recitation\">\u00c7evrimi\u00e7i Perakendeciler:<\/span><\/strong><span class=\"citation-4 recitation citation-end-4\"> Amazon, eBay ve di\u011fer \u00e7evrimi\u00e7i perakendeciler gibi web siteleri \u00e7ok \u00e7e\u015fitli kapitone kazaklar sunmaktad\u0131r.<\/span><span class=\"button-container hide-from-message-actions ng-star-inserted\">\u00a0<\/span>\n<div class=\"container ng-tns-c2946245707-370 hide\">\n<div class=\"carousel-container ng-tns-c2946245707-370\">\n<div class=\"carousel-content ng-tns-c2946245707-370\">\n<div class=\"sources-carousel-source ng-tns-c2946245707-370 hide ng-star-inserted\" data-test-id=\"sources-carousel-source\"><\/div>\n<\/div>\n<\/div>\n<\/div>\n<\/li>\n<li data-sourcepos=\"20:1-21:0\"><strong>D\u0131\u015f Giyim Ma\u011fazalar\u0131:<\/strong> D\u0131\u015f mekan malzemeleri konusunda uzmanla\u015fm\u0131\u015f ma\u011fazalarda genellikle belirli aktiviteler i\u00e7in tasarlanm\u0131\u015f kapitone kazaklar bulunur.<\/li>\n<\/ul>\n<h3 data-sourcepos=\"22:1-22:40\"><strong>Kapitone Kazak Se\u00e7imi \u0130\u00e7in \u0130pu\u00e7lar\u0131:<\/strong><\/h3>\n<ul data-sourcepos=\"24:1-28:0\">\n<li data-sourcepos=\"24:1-24:169\"><strong>Malzeme:<\/strong> Kaza\u011f\u0131n s\u0131cakl\u0131\u011f\u0131n\u0131 ve dayan\u0131kl\u0131l\u0131\u011f\u0131n\u0131 etkileyece\u011fi i\u00e7in yorgan\u0131n malzemesini g\u00f6z \u00f6n\u00fcnde bulundurun. Y\u00fcn, polar ve sentetik malzemeler yayg\u0131n se\u00e7eneklerdir.<\/li>\n<li data-sourcepos=\"25:1-25:70\"><strong>Fit:<\/strong> \u00dczerinize tam oturan ve rahat giyebilece\u011finiz bir kazak se\u00e7in.<\/li>\n<li data-sourcepos=\"26:1-26:102\"><strong>Stil:<\/strong> Tam fermuarl\u0131, yar\u0131m fermuarl\u0131 veya kazak gibi ki\u015fisel zevkinize uygun bir stil se\u00e7in.<\/li>\n<li data-sourcepos=\"27:1-28:0\"><strong>Renk ve Desen:<\/strong> Gard\u0131robunuzu tamamlamak i\u00e7in yorgan\u0131n rengini ve desenini g\u00f6z \u00f6n\u00fcnde bulundurun.<\/li>\n<\/ul>\n<p data-sourcepos=\"29:1-29:193\">Y\u00fcksek kaliteli bir kapitone kaza\u011fa yat\u0131r\u0131m yaparak yaln\u0131zca \u015f\u0131k ve i\u015flevsel bir giysi elde etmekle kalmaz, ayn\u0131 zamanda sizi y\u0131llarca s\u0131cak ve rahat tutacak bir giysi par\u00e7as\u0131 da edinmi\u015f olursunuz.<\/p>","protected":false},"excerpt":{"rendered":"<table style=\"height: 486px;\" width=\"466\">\n<tbody>\n<tr>\n<td width=\"146\"><strong><b>\u00dcr\u00fcn<\/b><\/strong>\u00a0<strong><b>\u0130sim:<\/b><\/strong><\/td>\n<td width=\"601\"><strong>Erkek Kapitone Kazak<\/strong><\/td>\n<\/tr>\n<tr>\n<td width=\"146\"><strong><b>Materlal:<\/b><\/strong><\/td>\n<td width=\"601\">Polyester\/Pamuk<\/td>\n<\/tr>\n<tr>\n<td width=\"146\"><strong><b>Teknik:<\/b><\/strong><\/td>\n<td width=\"601\">Dokuma<\/td>\n<\/tr>\n<tr>\n<td width=\"146\"><strong><b>Stil:<\/b><\/strong><\/td>\n<td width=\"601\">G\u00fcndelik<\/td>\n<\/tr>\n<tr>\n<td width=\"146\"><strong><b>Renk<\/b><\/strong><strong><b>:<\/b><\/strong><\/td>\n<td width=\"601\">\u00a0\u00d6zel Renkler<\/td>\n<\/tr>\n<tr>\n<td width=\"146\"><strong><b>Boyut:<\/b><\/strong><\/td>\n<td width=\"601\">S \/M \/L \/XL \/2XL<\/td>\n<\/tr>\n<tr>\n<td width=\"146\"><strong><b>OEM\/ODM:<\/b><\/strong><\/td>\n<td width=\"601\">Kabul edilebilir<\/td>\n<\/tr>\n<tr>\n<td width=\"146\"><strong><b>Kalite:<\/b><\/strong><\/td>\n<td width=\"601\">100% Y\u00fcksek Kalite<\/td>\n<\/tr>\n<tr>\n<td width=\"146\"><strong><b>M<\/b><\/strong><strong><b>OQ:<\/b><\/strong><\/td>\n<td width=\"601\">200 Adet<\/td>\n<\/tr>\n<\/tbody>\n<\/table>","protected":false},"featured_media":1810,"template":"","meta":[],"product_brand":[],"product_cat":[38],"product_tag":[],"class_list":{"0":"post-1809","1":"product","2":"type-product","3":"status-publish","4":"has-post-thumbnail","6":"product_cat-mens-clothing","8":"first","9":"instock","10":"shipping-taxable","11":"product-type-simple"},"_links":{"self":[{"href":"https:\/\/mj-clothing.com\/tr\/wp-json\/wp\/v2\/product\/1809","targetHints":{"allow":["GET"]}}],"collection":[{"href":"https:\/\/mj-clothing.com\/tr\/wp-json\/wp\/v2\/product"}],"about":[{"href":"https:\/\/mj-clothing.com\/tr\/wp-json\/wp\/v2\/types\/product"}],"wp:featuredmedia":[{"embeddable":true,"href":"https:\/\/mj-clothing.com\/tr\/wp-json\/wp\/v2\/media\/1810"}],"wp:attachment":[{"href":"https:\/\/mj-clothing.com\/tr\/wp-json\/wp\/v2\/media?parent=1809"}],"wp:term":[{"taxonomy":"product_brand","embeddable":true,"href":"https:\/\/mj-clothing.com\/tr\/wp-json\/wp\/v2\/product_brand?post=1809"},{"taxonomy":"product_cat","embeddable":true,"href":"https:\/\/mj-clothing.com\/tr\/wp-json\/wp\/v2\/product_cat?post=1809"},{"taxonomy":"product_tag","embeddable":true,"href":"https:\/\/mj-clothing.com\/tr\/wp-json\/wp\/v2\/product_tag?post=1809"}],"curies":[{"name":"wp","href":"https:\/\/api.w.org\/{rel}","templated":true}]}}