{"id":1811,"date":"2024-12-14T07:29:45","date_gmt":"2024-12-14T07:29:45","guid":{"rendered":"https:\/\/mj-clothing.com\/?post_type=product&#038;p=1811"},"modified":"2024-12-17T06:51:19","modified_gmt":"2024-12-17T06:51:19","slug":"mens-hooded-cotton-jacket","status":"publish","type":"product","link":"https:\/\/mj-clothing.com\/tr\/manufacturer\/mens-hooded-cotton-jacket\/","title":{"rendered":"Erkek Kap\u00fc\u015fonlu Pamuklu Ceket"},"content":{"rendered":"<p data-sourcepos=\"1:1-1:194\"><span class=\"citation-0 recitation citation-end-0\">Erkek kap\u00fc\u015fonlu pamuklu ceket, \u00e7e\u015fitli hava ko\u015fullar\u0131nda giyilebilen \u00e7ok y\u00f6nl\u00fc ve \u015f\u0131k bir d\u0131\u015f giyim par\u00e7as\u0131d\u0131r.<\/span> \u0130\u015fte bu y\u00fczden gard\u0131robunuza bir tane eklemeyi d\u00fc\u015f\u00fcnebilirsiniz:<span class=\"button-container hide-from-message-actions ng-star-inserted\">\u00a0<\/span><\/p>\n<div class=\"container ng-tns-c2946245707-384 hide\">\n<div class=\"carousel-container ng-tns-c2946245707-384\">\n<div class=\"carousel-content ng-tns-c2946245707-384\">\n<div class=\"sources-carousel-source ng-tns-c2946245707-384 hide ng-star-inserted\" data-test-id=\"sources-carousel-source\"><\/div>\n<\/div>\n<\/div>\n<\/div>\n<h3 data-sourcepos=\"3:1-3:38\"><strong>Neden Erkek Kap\u00fc\u015fonlu Pamuklu Ceket Se\u00e7melisiniz?<\/strong><\/h3>\n<ul data-sourcepos=\"5:1-9:0\">\n<li data-sourcepos=\"5:1-5:128\"><strong><span class=\"citation-1 recitation\">Konfor ve S\u0131cakl\u0131k:<\/span><\/strong><span class=\"citation-1 recitation citation-end-1\"> Pamuk, serin havalarda sizi s\u0131cak tutabilecek nefes alabilen ve rahat bir malzemedir.<\/span><\/li>\n<li data-sourcepos=\"5:1-5:128\"><strong style=\"font-size: 14.4px;\">\u00c7ok y\u00f6nl\u00fcl\u00fck:<\/strong><span style=\"font-size: 14.4px;\"> Kap\u00fc\u015fonlu pamuklu bir ceket, hem g\u00fcndelik hem de yar\u0131 resmi durumlar i\u00e7in m\u00fckemmel hale getirerek a\u015fa\u011f\u0131 veya yukar\u0131 giyilebilir.<\/span><\/li>\n<li data-sourcepos=\"7:1-7:97\"><strong>Elementlerden Koruma:<\/strong> Kap\u00fc\u015fon ya\u011fmur, r\u00fczgar ve so\u011fu\u011fa kar\u015f\u0131 ekstra koruma sa\u011flar.<\/li>\n<li data-sourcepos=\"8:1-9:0\"><strong>Stil:<\/strong> Kap\u00fc\u015fonlu ceketler her k\u0131yafete \u015f\u0131k bir dokunu\u015f katabilir.<\/li>\n<\/ul>\n<h3 data-sourcepos=\"10:1-10:40\"><strong>Erkek Kap\u00fc\u015fonlu Pamuklu Ceket Nas\u0131l Stilize Edilir?<\/strong><\/h3>\n<ul data-sourcepos=\"12:1-15:0\">\n<li data-sourcepos=\"12:1-12:77\"><strong>S\u0131radan:<\/strong> Rahat bir g\u00f6r\u00fcn\u00fcm i\u00e7in kot pantolon, ti\u015f\u00f6rt ve spor ayakkab\u0131larla e\u015fle\u015ftirin.<\/li>\n<li data-sourcepos=\"13:1-13:96\"><strong>Smart Casual:<\/strong> G\u00f6steri\u015fli bir kombin i\u00e7in chino pantolon, d\u00fc\u011fmeli g\u00f6mlek ve mokasen ayakkab\u0131larla giyin.<\/li>\n<li data-sourcepos=\"14:1-15:0\"><strong>A\u00e7\u0131k Hava Etkinlikleri:<\/strong> A\u00e7\u0131k hava maceralar\u0131 s\u0131ras\u0131nda daha fazla s\u0131cakl\u0131k i\u00e7in bir polar veya kap\u00fc\u015fonlunun \u00fczerine katlay\u0131n.<\/li>\n<\/ul>\n<h3 data-sourcepos=\"16:1-16:46\"><strong>Erkek Kap\u00fc\u015fonlu Pamuklu Ceketler Nerede Bulunur:<\/strong><\/h3>\n<ul data-sourcepos=\"18:1-21:0\">\n<li data-sourcepos=\"18:1-18:86\"><strong>B\u00fcy\u00fck Ma\u011fazalar:<\/strong> \u00c7e\u015fitli stiller ve malzemeler sunan markalar\u0131 aray\u0131n.<\/li>\n<li data-sourcepos=\"19:1-19:136\"><strong><span class=\"citation-2 recitation\">\u00c7evrimi\u00e7i Perakendeciler:<\/span><\/strong><span class=\"citation-2 recitation citation-end-2\"> Amazon, eBay ve di\u011fer \u00e7evrimi\u00e7i perakendeciler gibi web siteleri \u00e7ok \u00e7e\u015fitli kap\u00fc\u015fonlu pamuklu ceketler sunmaktad\u0131r.<\/span><span class=\"button-container hide-from-message-actions ng-star-inserted\"> \u00a0<\/span>\n<div class=\"container ng-tns-c2946245707-386 hide\">\n<div class=\"carousel-container ng-tns-c2946245707-386\"><\/div>\n<\/div>\n<\/li>\n<li data-sourcepos=\"20:1-21:0\"><strong>D\u0131\u015f Giyim Ma\u011fazalar\u0131:<\/strong> D\u0131\u015f mekan malzemeleri konusunda uzmanla\u015fm\u0131\u015f ma\u011fazalarda genellikle belirli aktiviteler i\u00e7in tasarlanm\u0131\u015f kap\u00fc\u015fonlu pamuklu ceketler bulunur.<\/li>\n<\/ul>\n<h3 data-sourcepos=\"22:1-22:45\"><strong>Erkek Kap\u00fc\u015fonlu Pamuklu Ceket Se\u00e7imi \u0130\u00e7in \u0130pu\u00e7lar\u0131:<\/strong><\/h3>\n<ul data-sourcepos=\"24:1-28:0\">\n<li data-sourcepos=\"24:1-24:123\"><strong>Malzeme:<\/strong> Ceketin s\u0131cakl\u0131\u011f\u0131n\u0131 ve dayan\u0131kl\u0131l\u0131\u011f\u0131n\u0131 etkileyece\u011fi i\u00e7in pamu\u011fun a\u011f\u0131rl\u0131\u011f\u0131n\u0131 ve kal\u0131nl\u0131\u011f\u0131n\u0131 g\u00f6z \u00f6n\u00fcnde bulundurun.<\/li>\n<li data-sourcepos=\"25:1-25:69\"><strong>Fit:<\/strong> \u00dczerinize tam oturan ve rahat giyebilece\u011finiz bir ceket se\u00e7in.<\/li>\n<li data-sourcepos=\"26:1-26:108\"><strong>Stil:<\/strong> Bomber ceket, saha ceketi veya parka gibi ki\u015fisel zevkinize uygun bir stil se\u00e7in.<\/li>\n<li data-sourcepos=\"27:1-28:0\"><strong>\u00d6zellikler:<\/strong> Cepler, ipli kap\u00fc\u015fon ve nerv\u00fcrl\u00fc man\u015fet ve etek ucu gibi ek \u00f6zellikleri g\u00f6z \u00f6n\u00fcnde bulundurun.<\/li>\n<\/ul>\n<p data-sourcepos=\"29:1-29:198\">Y\u00fcksek kaliteli kap\u00fc\u015fonlu pamuklu bir cekete yat\u0131r\u0131m yaparak yaln\u0131zca \u015f\u0131k ve i\u015flevsel bir giysi elde etmekle kalmaz, ayn\u0131 zamanda sizi y\u0131llarca s\u0131cak ve rahat tutacak bir giysi par\u00e7as\u0131 da edinmi\u015f olursunuz.<\/p>\n<div class=\"attachment-container search-images\">\n<div class=\"image-container hide-from-message-actions ng-star-inserted\">\n<div class=\"overlay-container ng-star-inserted\"><\/div>\n<\/div>\n<\/div>","protected":false},"excerpt":{"rendered":"<table style=\"height: 509px;\" width=\"553\">\n<tbody>\n<tr>\n<td width=\"146\"><strong><b>\u00dcr\u00fcn<\/b><\/strong>\u00a0<strong><b>\u0130sim:<\/b><\/strong><\/td>\n<td width=\"601\"><strong>Erkek Kap\u00fc\u015fonlu Pamuklu Ceket<\/strong><\/td>\n<\/tr>\n<tr>\n<td width=\"146\"><strong><b>Materlal:<\/b><\/strong><\/td>\n<td width=\"601\">Polyester\/Pamuk<\/td>\n<\/tr>\n<tr>\n<td width=\"146\"><strong><b>Teknik:<\/b><\/strong><\/td>\n<td width=\"601\">D\u00fcz pamuk<\/td>\n<\/tr>\n<tr>\n<td width=\"146\"><strong><b>Stil:<\/b><\/strong><\/td>\n<td width=\"601\">G\u00fcndelik<\/td>\n<\/tr>\n<tr>\n<td width=\"146\"><strong><b>Renk<\/b><\/strong><strong><b>:<\/b><\/strong><\/td>\n<td width=\"601\">\u00a0\u00d6zel Renkler<\/td>\n<\/tr>\n<tr>\n<td width=\"146\"><strong><b>Boyut:<\/b><\/strong><\/td>\n<td width=\"601\">S \/M \/L \/XL \/2XL<\/td>\n<\/tr>\n<tr>\n<td width=\"146\"><strong><b>OEM\/ODM:<\/b><\/strong><\/td>\n<td width=\"601\">Kabul edilebilir<\/td>\n<\/tr>\n<tr>\n<td width=\"146\"><strong><b>Kalite:<\/b><\/strong><\/td>\n<td width=\"601\">100% Y\u00fcksek Kalite<\/td>\n<\/tr>\n<tr>\n<td width=\"146\"><strong><b>M<\/b><\/strong><strong><b>OQ:<\/b><\/strong><\/td>\n<td width=\"601\">200 Adet<\/td>\n<\/tr>\n<\/tbody>\n<\/table>","protected":false},"featured_media":1812,"template":"","meta":[],"product_brand":[],"product_cat":[38],"product_tag":[],"class_list":{"0":"post-1811","1":"product","2":"type-product","3":"status-publish","4":"has-post-thumbnail","6":"product_cat-mens-clothing","8":"first","9":"instock","10":"shipping-taxable","11":"product-type-simple"},"_links":{"self":[{"href":"https:\/\/mj-clothing.com\/tr\/wp-json\/wp\/v2\/product\/1811","targetHints":{"allow":["GET"]}}],"collection":[{"href":"https:\/\/mj-clothing.com\/tr\/wp-json\/wp\/v2\/product"}],"about":[{"href":"https:\/\/mj-clothing.com\/tr\/wp-json\/wp\/v2\/types\/product"}],"wp:featuredmedia":[{"embeddable":true,"href":"https:\/\/mj-clothing.com\/tr\/wp-json\/wp\/v2\/media\/1812"}],"wp:attachment":[{"href":"https:\/\/mj-clothing.com\/tr\/wp-json\/wp\/v2\/media?parent=1811"}],"wp:term":[{"taxonomy":"product_brand","embeddable":true,"href":"https:\/\/mj-clothing.com\/tr\/wp-json\/wp\/v2\/product_brand?post=1811"},{"taxonomy":"product_cat","embeddable":true,"href":"https:\/\/mj-clothing.com\/tr\/wp-json\/wp\/v2\/product_cat?post=1811"},{"taxonomy":"product_tag","embeddable":true,"href":"https:\/\/mj-clothing.com\/tr\/wp-json\/wp\/v2\/product_tag?post=1811"}],"curies":[{"name":"wp","href":"https:\/\/api.w.org\/{rel}","templated":true}]}}