{"id":1813,"date":"2024-12-14T07:39:40","date_gmt":"2024-12-14T07:39:40","guid":{"rendered":"https:\/\/mj-clothing.com\/?post_type=product&#038;p=1813"},"modified":"2024-12-17T06:49:41","modified_gmt":"2024-12-17T06:49:41","slug":"flannel-lined-jacket","status":"publish","type":"product","link":"https:\/\/mj-clothing.com\/tr\/manufacturer\/flannel-lined-jacket\/","title":{"rendered":"Flanel Astarl\u0131 Ceket"},"content":{"rendered":"<h2 data-sourcepos=\"1:1-1:46\">Erkek Flanel Astarl\u0131 Ceketler: Rahat Bir Klasik<\/h2>\n<p data-sourcepos=\"3:1-3:223\"><span class=\"citation-0 recitation citation-end-0\">Flanel Astarl\u0131 Ceket, s\u0131cakl\u0131k, konfor ve stil sunan klasik bir d\u0131\u015f giyim par\u00e7as\u0131d\u0131r.<\/span> Stilinizden \u00f6d\u00fcn vermeden biraz daha fazla s\u0131cakl\u0131\u011fa ihtiya\u00e7 duydu\u011funuz so\u011fuk sonbahar ve k\u0131\u015f g\u00fcnleri i\u00e7in m\u00fckemmeldir.<\/p>\n<p data-sourcepos=\"3:1-3:223\"><strong>\u00a0 \u00a0 \u00a0Neden Flanel Astarl\u0131 Ceket Se\u00e7melisiniz?<\/strong><\/p>\n<ul data-sourcepos=\"7:1-11:0\">\n<li data-sourcepos=\"7:1-7:103\"><strong>S\u0131cakl\u0131k:<\/strong> <span class=\"citation-1 recitation citation-end-1\">Flanel astar m\u00fckemmel yal\u0131t\u0131m sa\u011flayarak sizi s\u0131cak ve rahat tutar.<\/span><span class=\"button-container hide-from-message-actions ng-star-inserted\">\u00a0<\/span>\n<div class=\"container ng-tns-c2946245707-430 hide\">\n<div class=\"carousel-container ng-tns-c2946245707-430\"><\/div>\n<\/div>\n<\/li>\n<li data-sourcepos=\"8:1-8:103\"><strong>Konfor:<\/strong> <span class=\"citation-2 recitation citation-end-2\">Flanel, cilde kar\u015f\u0131 harika bir his veren yumu\u015fak ve rahat bir kuma\u015ft\u0131r.<\/span><span class=\"button-container hide-from-message-actions ng-star-inserted\"> \u00a0<\/span>\n<div class=\"container ng-tns-c2946245707-431 hide\">\n<div class=\"carousel-container ng-tns-c2946245707-431\"><\/div>\n<\/div>\n<\/li>\n<li data-sourcepos=\"9:1-9:119\"><strong>Stil:<\/strong> <span class=\"citation-3 recitation citation-end-3\">Flanel astarl\u0131 ceketler yukar\u0131 veya a\u015fa\u011f\u0131 giydirilebilir, bu da onlar\u0131 \u00e7e\u015fitli durumlar i\u00e7in \u00e7ok y\u00f6nl\u00fc hale getirir.<\/span><span class=\"button-container hide-from-message-actions ng-star-inserted\"> \u00a0<\/span>\n<div class=\"container ng-tns-c2946245707-432 hide\">\n<div class=\"carousel-container ng-tns-c2946245707-432\"><\/div>\n<\/div>\n<\/li>\n<li data-sourcepos=\"10:1-11:0\"><strong><span class=\"citation-4 recitation\">Dayan\u0131kl\u0131l\u0131k:<\/span><\/strong><span class=\"citation-4 recitation citation-end-4\"> Flanel, d\u00fczenli a\u015f\u0131nma ve y\u0131pranmaya dayanabilen dayan\u0131kl\u0131 bir kuma\u015ft\u0131r.<\/span><span class=\"button-container hide-from-message-actions ng-star-inserted\">\u00a0<\/span>\n<div class=\"container ng-tns-c2946245707-433 hide\">\n<div class=\"carousel-container ng-tns-c2946245707-433\">\n<div class=\"carousel-content ng-tns-c2946245707-433\">\n<div class=\"sources-carousel-source ng-tns-c2946245707-433 hide ng-star-inserted\" data-test-id=\"sources-carousel-source\"><\/div>\n<\/div>\n<\/div>\n<\/div>\n<\/li>\n<\/ul>\n<p data-sourcepos=\"12:1-12:40\"><strong>Flanel Astarl\u0131 Ceket Nas\u0131l Stilize Edilir?<\/strong><\/p>\n<ul data-sourcepos=\"14:1-17:0\">\n<li data-sourcepos=\"14:1-14:77\"><strong>S\u0131radan:<\/strong> Rahat bir g\u00f6r\u00fcn\u00fcm i\u00e7in kot pantolon, ti\u015f\u00f6rt ve spor ayakkab\u0131larla e\u015fle\u015ftirin.<\/li>\n<li data-sourcepos=\"15:1-15:96\"><strong>Smart Casual:<\/strong> G\u00f6steri\u015fli bir kombin i\u00e7in chino pantolon, d\u00fc\u011fmeli g\u00f6mlek ve mokasen ayakkab\u0131larla giyin.<\/li>\n<li data-sourcepos=\"16:1-17:0\"><strong>A\u00e7\u0131k Hava Etkinlikleri:<\/strong> A\u00e7\u0131k hava maceralar\u0131 s\u0131ras\u0131nda daha fazla s\u0131cakl\u0131k i\u00e7in bir polar veya kap\u00fc\u015fonlunun \u00fczerine katlay\u0131n.<\/li>\n<\/ul>\n<p data-sourcepos=\"18:1-18:46\"><strong>Erkek Flanel Astarl\u0131 Ceketler Nerede Bulunur:<\/strong><\/p>\n<ul data-sourcepos=\"20:1-23:0\">\n<li data-sourcepos=\"20:1-20:86\"><strong>B\u00fcy\u00fck Ma\u011fazalar:<\/strong> \u00c7e\u015fitli stiller ve malzemeler sunan markalar\u0131 aray\u0131n.<\/li>\n<li data-sourcepos=\"21:1-21:136\"><strong><span class=\"citation-5 recitation\">\u00c7evrimi\u00e7i Perakendeciler:<\/span><\/strong><span class=\"citation-5 recitation citation-end-5\"> Amazon, eBay ve di\u011fer \u00e7evrimi\u00e7i perakendeciler gibi web siteleri \u00e7ok \u00e7e\u015fitli flanel astarl\u0131 ceketler sunmaktad\u0131r.<\/span><span class=\"button-container hide-from-message-actions ng-star-inserted\">\u00a0<\/span>\n<div class=\"container ng-tns-c2946245707-434 hide\">\n<div class=\"carousel-container ng-tns-c2946245707-434\"><\/div>\n<\/div>\n<\/li>\n<li data-sourcepos=\"22:1-23:0\"><strong>D\u0131\u015f Giyim Ma\u011fazalar\u0131:<\/strong> D\u0131\u015f mekan malzemeleri konusunda uzmanla\u015fm\u0131\u015f ma\u011fazalarda genellikle belirli aktiviteler i\u00e7in tasarlanm\u0131\u015f flanel astarl\u0131 ceketler bulunur.<\/li>\n<\/ul>\n<p data-sourcepos=\"24:1-24:45\"><strong>Flanel Astarl\u0131 Ceket Se\u00e7imi \u0130\u00e7in \u0130pu\u00e7lar\u0131:<\/strong><\/p>\n<ul data-sourcepos=\"26:1-30:0\">\n<li data-sourcepos=\"26:1-26:128\"><strong>Malzeme:<\/strong> Ceketin s\u0131cakl\u0131\u011f\u0131n\u0131 ve konforunu etkileyece\u011finden, pazen astar\u0131n a\u011f\u0131rl\u0131\u011f\u0131n\u0131 ve kal\u0131nl\u0131\u011f\u0131n\u0131 g\u00f6z \u00f6n\u00fcnde bulundurun.<\/li>\n<li data-sourcepos=\"27:1-27:69\"><strong>Fit:<\/strong> \u00dczerinize tam oturan ve rahat giyebilece\u011finiz bir ceket se\u00e7in.<\/li>\n<li data-sourcepos=\"28:1-28:108\"><strong>Stil:<\/strong> Bomber ceket, saha ceketi veya parka gibi ki\u015fisel zevkinize uygun bir stil se\u00e7in.<\/li>\n<li data-sourcepos=\"29:1-30:0\"><strong>\u00d6zellikler:<\/strong> Cepler, ipli kap\u00fc\u015fon ve nerv\u00fcrl\u00fc man\u015fet ve etek ucu gibi ek \u00f6zellikleri g\u00f6z \u00f6n\u00fcnde bulundurun.<\/li>\n<\/ul>\n<p data-sourcepos=\"31:1-31:198\">Y\u00fcksek kaliteli flanel astarl\u0131 bir cekete yat\u0131r\u0131m yaparak, yaln\u0131zca \u015f\u0131k ve i\u015flevsel bir giysi de\u011fil, ayn\u0131 zamanda sizi y\u0131llarca s\u0131cak ve rahat tutacak bir giysi de elde etmi\u015f olursunuz.<\/p>","protected":false},"excerpt":{"rendered":"<table style=\"height: 478px;\" width=\"452\">\n<tbody>\n<tr>\n<td width=\"146\"><strong><b>\u00dcr\u00fcn<\/b><\/strong>\u00a0<strong><b>\u0130sim:<\/b><\/strong><\/td>\n<td width=\"601\"><strong>Flanel Astarl\u0131 Ceket<\/strong><\/td>\n<\/tr>\n<tr>\n<td width=\"146\"><strong><b>Materlal:<\/b><\/strong><\/td>\n<td width=\"601\">Polyester\/Pamuk<\/td>\n<\/tr>\n<tr>\n<td width=\"146\"><strong><b>Teknik:<\/b><\/strong><\/td>\n<td width=\"601\">D\u00fcz pamuk<\/td>\n<\/tr>\n<tr>\n<td width=\"146\"><strong><b>Stil:<\/b><\/strong><\/td>\n<td width=\"601\">G\u00fcndelik<\/td>\n<\/tr>\n<tr>\n<td width=\"146\"><strong><b>Renk<\/b><\/strong><strong><b>:<\/b><\/strong><\/td>\n<td width=\"601\">\u00a0\u00d6zel Renkler<\/td>\n<\/tr>\n<tr>\n<td width=\"146\"><strong><b>Boyut:<\/b><\/strong><\/td>\n<td width=\"601\">S \/M \/L \/XL \/2XL<\/td>\n<\/tr>\n<tr>\n<td width=\"146\"><strong><b>OEM\/ODM:<\/b><\/strong><\/td>\n<td width=\"601\">Kabul edilebilir<\/td>\n<\/tr>\n<tr>\n<td width=\"146\"><strong><b>Kalite:<\/b><\/strong><\/td>\n<td width=\"601\">100% Y\u00fcksek Kalite<\/td>\n<\/tr>\n<tr>\n<td width=\"146\"><strong><b>M<\/b><\/strong><strong><b>OQ:<\/b><\/strong><\/td>\n<td width=\"601\">200 Adet<\/td>\n<\/tr>\n<\/tbody>\n<\/table>","protected":false},"featured_media":1814,"template":"","meta":[],"product_brand":[],"product_cat":[38],"product_tag":[],"class_list":{"0":"post-1813","1":"product","2":"type-product","3":"status-publish","4":"has-post-thumbnail","6":"product_cat-mens-clothing","8":"first","9":"instock","10":"shipping-taxable","11":"product-type-simple"},"_links":{"self":[{"href":"https:\/\/mj-clothing.com\/tr\/wp-json\/wp\/v2\/product\/1813","targetHints":{"allow":["GET"]}}],"collection":[{"href":"https:\/\/mj-clothing.com\/tr\/wp-json\/wp\/v2\/product"}],"about":[{"href":"https:\/\/mj-clothing.com\/tr\/wp-json\/wp\/v2\/types\/product"}],"wp:featuredmedia":[{"embeddable":true,"href":"https:\/\/mj-clothing.com\/tr\/wp-json\/wp\/v2\/media\/1814"}],"wp:attachment":[{"href":"https:\/\/mj-clothing.com\/tr\/wp-json\/wp\/v2\/media?parent=1813"}],"wp:term":[{"taxonomy":"product_brand","embeddable":true,"href":"https:\/\/mj-clothing.com\/tr\/wp-json\/wp\/v2\/product_brand?post=1813"},{"taxonomy":"product_cat","embeddable":true,"href":"https:\/\/mj-clothing.com\/tr\/wp-json\/wp\/v2\/product_cat?post=1813"},{"taxonomy":"product_tag","embeddable":true,"href":"https:\/\/mj-clothing.com\/tr\/wp-json\/wp\/v2\/product_tag?post=1813"}],"curies":[{"name":"wp","href":"https:\/\/api.w.org\/{rel}","templated":true}]}}