{"id":1816,"date":"2024-12-14T07:48:01","date_gmt":"2024-12-14T07:48:01","guid":{"rendered":"https:\/\/mj-clothing.com\/?post_type=product&#038;p=1816"},"modified":"2024-12-17T06:46:30","modified_gmt":"2024-12-17T06:46:30","slug":"black-suede-jacket","status":"publish","type":"product","link":"https:\/\/mj-clothing.com\/tr\/manufacturer\/black-suede-jacket\/","title":{"rendered":"Siyah S\u00fcet Ceket"},"content":{"rendered":"<p data-sourcepos=\"1:1-1:164\">Siyah s\u00fcet ceket, her k\u0131yafeti g\u00fczelle\u015ftirebilecek zamans\u0131z bir par\u00e7ad\u0131r. A\u015fa\u011f\u0131 ya da yukar\u0131 giyilebilen \u00e7ok y\u00f6nl\u00fc bir par\u00e7ad\u0131r ve her gard\u0131rop i\u00e7in olmazsa olmazd\u0131r.<\/p>\n<h3 data-sourcepos=\"3:1-3:36\"><strong>Neden Siyah S\u00fcet Ceket Se\u00e7melisiniz?<\/strong><\/h3>\n<ul data-sourcepos=\"5:1-9:0\">\n<li data-sourcepos=\"5:1-5:76\"><strong>Zamans\u0131z Stil:<\/strong> Siyah s\u00fcet asla modas\u0131 ge\u00e7meyen bir klasiktir.<\/li>\n<li data-sourcepos=\"6:1-6:94\"><strong>\u00c7ok y\u00f6nl\u00fcl\u00fck:<\/strong> Kot pantolon, chino pantolon ve hatta daha resmi bir g\u00f6r\u00fcn\u00fcm i\u00e7in tak\u0131m elbise ile e\u015fle\u015ftirilebilir.<\/li>\n<li data-sourcepos=\"7:1-7:78\"><strong>Dayan\u0131kl\u0131l\u0131k:<\/strong> S\u00fcet, a\u015f\u0131nma ve y\u0131pranmaya dayanabilen sa\u011flam bir malzemedir.<\/li>\n<li data-sourcepos=\"8:1-9:0\"><strong>Sinirli:<\/strong> Siyah s\u00fcet, her k\u0131yafete \u015f\u0131k bir dokunu\u015f katar.<\/li>\n<\/ul>\n<h3 data-sourcepos=\"10:1-10:38\"><strong>Siyah S\u00fcet Ceket Nas\u0131l Stilize Edilir?<\/strong><\/h3>\n<ul data-sourcepos=\"12:1-16:0\">\n<li data-sourcepos=\"12:1-12:84\"><strong>Rahat bir g\u00f6r\u00fcn\u00fcm:<\/strong> Rahat bir g\u00f6r\u00fcn\u00fcm i\u00e7in kot pantolon, ti\u015f\u00f6rt ve spor ayakkab\u0131larla e\u015fle\u015ftirin.<\/li>\n<li data-sourcepos=\"13:1-13:99\"><strong>Smart Casual:<\/strong> Daha g\u00f6steri\u015fli bir g\u00f6r\u00fcn\u00fcm i\u00e7in chino pantolon, d\u00fc\u011fmeli g\u00f6mlek ve mokasen ayakkab\u0131larla giyin.<\/li>\n<li data-sourcepos=\"14:1-14:95\"><strong>Edgy Look:<\/strong> Rock-and-roll havas\u0131 i\u00e7in deri pantolon, grafik ti\u015f\u00f6rt ve botlarla e\u015fle\u015ftirin.<\/li>\n<li data-sourcepos=\"15:1-16:0\"><strong>Resmi bir g\u00f6r\u00fcn\u00fcm:<\/strong> Resmi giyimde benzersiz bir dokunu\u015f i\u00e7in tak\u0131m elbise ceketinin \u00fczerine katlay\u0131n.<\/li>\n<\/ul>\n<h3 data-sourcepos=\"17:1-17:43\"><strong>Siyah S\u00fcet Ceket Se\u00e7imi \u0130\u00e7in \u0130pu\u00e7lar\u0131:<\/strong><\/h3>\n<ul data-sourcepos=\"19:1-22:0\">\n<li data-sourcepos=\"19:1-19:71\"><strong>Fit:<\/strong> \u00dczerinize tam oturan ve v\u00fccut \u015feklinizi d\u00fczle\u015ftiren bir ceket se\u00e7in.<\/li>\n<li data-sourcepos=\"20:1-20:78\"><strong>Malzeme:<\/strong> Dayan\u0131kl\u0131 ve rahat olan y\u00fcksek kaliteli bir s\u00fcet aray\u0131n.<\/li>\n<li data-sourcepos=\"21:1-22:0\"><strong>Stil:<\/strong> Ki\u015fisel tarz\u0131n\u0131z\u0131 g\u00f6z \u00f6n\u00fcnde bulundurun ve zevkinizi yans\u0131tan bir ceket se\u00e7in.<\/li>\n<\/ul>","protected":false},"excerpt":{"rendered":"<table style=\"height: 494px;\" width=\"458\">\n<tbody>\n<tr>\n<td width=\"146\"><strong><b>\u00dcr\u00fcn<\/b><\/strong>\u00a0<strong><b>\u0130sim:<\/b><\/strong><\/td>\n<td width=\"601\"><strong>Siyah S\u00fcet Ceket<\/strong><\/td>\n<\/tr>\n<tr>\n<td width=\"146\"><strong><b>Materlal:<\/b><\/strong><\/td>\n<td width=\"601\">Polyester\/Pamuk<\/td>\n<\/tr>\n<tr>\n<td width=\"146\"><strong><b>Teknik:<\/b><\/strong><\/td>\n<td width=\"601\">Y\u00fcn<\/td>\n<\/tr>\n<tr>\n<td width=\"146\"><strong><b>Stil:<\/b><\/strong><\/td>\n<td width=\"601\">G\u00fcndelik<\/td>\n<\/tr>\n<tr>\n<td width=\"146\"><strong><b>Renk<\/b><\/strong><strong><b>:<\/b><\/strong><\/td>\n<td width=\"601\">\u00a0\u00d6zel Renkler<\/td>\n<\/tr>\n<tr>\n<td width=\"146\"><strong><b>Boyut:<\/b><\/strong><\/td>\n<td width=\"601\">S \/M \/L \/XL \/2XL<\/td>\n<\/tr>\n<tr>\n<td width=\"146\"><strong><b>OEM\/ODM:<\/b><\/strong><\/td>\n<td width=\"601\">Kabul edilebilir<\/td>\n<\/tr>\n<tr>\n<td width=\"146\"><strong><b>Kalite:<\/b><\/strong><\/td>\n<td width=\"601\">100% Y\u00fcksek Kalite<\/td>\n<\/tr>\n<tr>\n<td width=\"146\"><strong><b>M<\/b><\/strong><strong><b>OQ:<\/b><\/strong><\/td>\n<td width=\"601\">200 Adet<\/td>\n<\/tr>\n<\/tbody>\n<\/table>","protected":false},"featured_media":1817,"template":"","meta":[],"product_brand":[],"product_cat":[38],"product_tag":[],"class_list":{"0":"post-1816","1":"product","2":"type-product","3":"status-publish","4":"has-post-thumbnail","6":"product_cat-mens-clothing","8":"first","9":"instock","10":"shipping-taxable","11":"product-type-simple"},"_links":{"self":[{"href":"https:\/\/mj-clothing.com\/tr\/wp-json\/wp\/v2\/product\/1816","targetHints":{"allow":["GET"]}}],"collection":[{"href":"https:\/\/mj-clothing.com\/tr\/wp-json\/wp\/v2\/product"}],"about":[{"href":"https:\/\/mj-clothing.com\/tr\/wp-json\/wp\/v2\/types\/product"}],"wp:featuredmedia":[{"embeddable":true,"href":"https:\/\/mj-clothing.com\/tr\/wp-json\/wp\/v2\/media\/1817"}],"wp:attachment":[{"href":"https:\/\/mj-clothing.com\/tr\/wp-json\/wp\/v2\/media?parent=1816"}],"wp:term":[{"taxonomy":"product_brand","embeddable":true,"href":"https:\/\/mj-clothing.com\/tr\/wp-json\/wp\/v2\/product_brand?post=1816"},{"taxonomy":"product_cat","embeddable":true,"href":"https:\/\/mj-clothing.com\/tr\/wp-json\/wp\/v2\/product_cat?post=1816"},{"taxonomy":"product_tag","embeddable":true,"href":"https:\/\/mj-clothing.com\/tr\/wp-json\/wp\/v2\/product_tag?post=1816"}],"curies":[{"name":"wp","href":"https:\/\/api.w.org\/{rel}","templated":true}]}}