{"id":1819,"date":"2024-12-14T07:53:41","date_gmt":"2024-12-14T07:53:41","guid":{"rendered":"https:\/\/mj-clothing.com\/?post_type=product&#038;p=1819"},"modified":"2024-12-17T06:39:12","modified_gmt":"2024-12-17T06:39:12","slug":"royal-blue-jacket","status":"publish","type":"product","link":"https:\/\/mj-clothing.com\/tr\/manufacturer\/royal-blue-jacket\/","title":{"rendered":"Kraliyet Mavisi Ceket"},"content":{"rendered":"<p data-sourcepos=\"1:1-1:164\">Kraliyet mavisi bir ceket, her k\u0131yafeti y\u00fckseltebilecek \u00e7ok y\u00f6nl\u00fc bir par\u00e7ad\u0131r. Gard\u0131robunuza sofistike ve stil sahibi bir dokunu\u015f katabilecek zengin, canl\u0131 bir renktir.<\/p>\n<h3 data-sourcepos=\"3:1-3:35\"><strong>Neden Kraliyet Mavisi Ceket Se\u00e7melisiniz?<\/strong><\/h3>\n<ul data-sourcepos=\"5:1-8:0\">\n<li data-sourcepos=\"5:1-5:106\"><strong>\u00c7ok y\u00f6nl\u00fcl\u00fck:<\/strong> Kraliyet mavisi bir ceket a\u015fa\u011f\u0131 veya yukar\u0131 giydirilebilir, bu da onu \u00e7e\u015fitli durumlar i\u00e7in m\u00fckemmel k\u0131lar.<\/li>\n<li data-sourcepos=\"6:1-6:72\"><strong>Sofistike:<\/strong> Zengin renk, zarafet ve \u015f\u0131kl\u0131k katar.<\/li>\n<li data-sourcepos=\"7:1-8:0\"><strong>E\u015fsiz Stil:<\/strong> Kalabal\u0131\u011f\u0131n aras\u0131ndan s\u0131yr\u0131l\u0131r ve cesur bir ifade yarat\u0131r.<\/li>\n<\/ul>\n<h3 data-sourcepos=\"9:1-9:37\"><strong>Kraliyet Mavisi Ceket Nas\u0131l Stilize Edilir?<\/strong><\/h3>\n<ul data-sourcepos=\"11:1-14:0\">\n<li data-sourcepos=\"11:1-11:77\"><strong>S\u0131radan:<\/strong> Rahat bir g\u00f6r\u00fcn\u00fcm i\u00e7in kot pantolon, ti\u015f\u00f6rt ve spor ayakkab\u0131larla e\u015fle\u015ftirin.<\/li>\n<li data-sourcepos=\"12:1-12:96\"><strong>Smart Casual:<\/strong> G\u00f6steri\u015fli bir kombin i\u00e7in chino pantolon, d\u00fc\u011fmeli g\u00f6mlek ve mokasen ayakkab\u0131larla giyin.<\/li>\n<li data-sourcepos=\"13:1-14:0\"><strong>Resmi:<\/strong> Resmi giyimde benzersiz bir dokunu\u015f i\u00e7in tak\u0131m elbise ceketinin \u00fczerine katlay\u0131n.<\/li>\n<\/ul>\n<h3 data-sourcepos=\"15:1-15:42\"><strong>Kraliyet Mavisi Ceket Se\u00e7imi \u0130\u00e7in \u0130pu\u00e7lar\u0131:<\/strong><\/h3>\n<ul data-sourcepos=\"17:1-20:0\">\n<li data-sourcepos=\"17:1-17:154\"><strong>Malzeme:<\/strong> Ceketin s\u0131cakl\u0131\u011f\u0131n\u0131, dayan\u0131kl\u0131l\u0131\u011f\u0131n\u0131 ve genel g\u00f6r\u00fcn\u00fcm\u00fcn\u00fc etkileyece\u011fi i\u00e7in malzemeyi g\u00f6z \u00f6n\u00fcnde bulundurun. Y\u00fcn, pamuk ve deri pop\u00fcler se\u00e7eneklerdir.<\/li>\n<li data-sourcepos=\"18:1-18:71\"><strong>Fit:<\/strong> \u00dczerinize tam oturan ve v\u00fccut \u015feklinizi d\u00fczle\u015ftiren bir ceket se\u00e7in.<\/li>\n<li data-sourcepos=\"19:1-20:0\"><strong>Stil:<\/strong> Bomber ceket, saha ceketi veya blazer ceket gibi ki\u015fisel zevkinize uygun bir stil se\u00e7in.<\/li>\n<\/ul>","protected":false},"excerpt":{"rendered":"<table style=\"height: 563px;\" width=\"468\">\n<tbody>\n<tr>\n<td width=\"146\"><strong><b>\u00dcr\u00fcn<\/b><\/strong>\u00a0<strong><b>\u0130sim:<\/b><\/strong><\/td>\n<td width=\"601\"><strong>Kraliyet Mavisi Ceket<\/strong><\/td>\n<\/tr>\n<tr>\n<td width=\"146\"><strong><b>Materlal:<\/b><\/strong><\/td>\n<td width=\"601\">Polyester\/Pamuk<\/td>\n<\/tr>\n<tr>\n<td width=\"146\"><strong><b>Teknik:<\/b><\/strong><\/td>\n<td width=\"601\">D\u00fcz pamuk<\/td>\n<\/tr>\n<tr>\n<td width=\"146\"><strong><b>Stil:<\/b><\/strong><\/td>\n<td width=\"601\">G\u00fcndelik<\/td>\n<\/tr>\n<tr>\n<td width=\"146\"><strong><b>Renk<\/b><\/strong><strong><b>:<\/b><\/strong><\/td>\n<td width=\"601\">\u00a0\u00d6zel Renkler<\/td>\n<\/tr>\n<tr>\n<td width=\"146\"><strong><b>Boyut:<\/b><\/strong><\/td>\n<td width=\"601\">S \/M \/L \/XL \/2XL<\/td>\n<\/tr>\n<tr>\n<td width=\"146\"><strong><b>OEM\/ODM:<\/b><\/strong><\/td>\n<td width=\"601\">Kabul edilebilir<\/td>\n<\/tr>\n<tr>\n<td width=\"146\"><strong><b>Kalite:<\/b><\/strong><\/td>\n<td width=\"601\">100% Y\u00fcksek Kalite<\/td>\n<\/tr>\n<tr>\n<td width=\"146\"><strong><b>M<\/b><\/strong><strong><b>OQ:<\/b><\/strong><\/td>\n<td width=\"601\">200 Adet<\/td>\n<\/tr>\n<\/tbody>\n<\/table>","protected":false},"featured_media":1820,"template":"","meta":[],"product_brand":[],"product_cat":[38],"product_tag":[],"class_list":{"0":"post-1819","1":"product","2":"type-product","3":"status-publish","4":"has-post-thumbnail","6":"product_cat-mens-clothing","8":"first","9":"instock","10":"shipping-taxable","11":"product-type-simple"},"_links":{"self":[{"href":"https:\/\/mj-clothing.com\/tr\/wp-json\/wp\/v2\/product\/1819","targetHints":{"allow":["GET"]}}],"collection":[{"href":"https:\/\/mj-clothing.com\/tr\/wp-json\/wp\/v2\/product"}],"about":[{"href":"https:\/\/mj-clothing.com\/tr\/wp-json\/wp\/v2\/types\/product"}],"wp:featuredmedia":[{"embeddable":true,"href":"https:\/\/mj-clothing.com\/tr\/wp-json\/wp\/v2\/media\/1820"}],"wp:attachment":[{"href":"https:\/\/mj-clothing.com\/tr\/wp-json\/wp\/v2\/media?parent=1819"}],"wp:term":[{"taxonomy":"product_brand","embeddable":true,"href":"https:\/\/mj-clothing.com\/tr\/wp-json\/wp\/v2\/product_brand?post=1819"},{"taxonomy":"product_cat","embeddable":true,"href":"https:\/\/mj-clothing.com\/tr\/wp-json\/wp\/v2\/product_cat?post=1819"},{"taxonomy":"product_tag","embeddable":true,"href":"https:\/\/mj-clothing.com\/tr\/wp-json\/wp\/v2\/product_tag?post=1819"}],"curies":[{"name":"wp","href":"https:\/\/api.w.org\/{rel}","templated":true}]}}