{"id":1821,"date":"2024-12-14T08:09:47","date_gmt":"2024-12-14T08:09:47","guid":{"rendered":"https:\/\/mj-clothing.com\/?post_type=product&#038;p=1821"},"modified":"2024-12-17T06:35:17","modified_gmt":"2024-12-17T06:35:17","slug":"thermal-jacket","status":"publish","type":"product","link":"https:\/\/mj-clothing.com\/tr\/manufacturer\/thermal-jacket\/","title":{"rendered":"Termal Ceket"},"content":{"rendered":"<h2 data-sourcepos=\"1:1-1:38\">Termal Ceketler: Bir K\u0131\u015f Vazge\u00e7ilmezi<\/h2>\n<p data-sourcepos=\"3:1-3:216\">Termal ceket, so\u011fuk havalarda sizi s\u0131cak ve rahat tutmak i\u00e7in tasarlanm\u0131\u015f \u00e7ok y\u00f6nl\u00fc bir d\u0131\u015f giyim par\u00e7as\u0131d\u0131r. Farkl\u0131 ihtiya\u00e7lara ve tercihlere uyacak \u015fekilde \u00e7e\u015fitli stillerde, malzemelerde ve yal\u0131t\u0131m seviyelerinde sunulurlar.<\/p>\n<p data-sourcepos=\"5:1-5:36\"><strong>Termal Ceketlerin Temel \u00d6zellikleri:<\/strong><\/p>\n<ul data-sourcepos=\"7:1-11:0\">\n<li data-sourcepos=\"7:1-7:93\"><strong>S\u0131cakl\u0131k:<\/strong> Termal ceketler \u0131s\u0131y\u0131 hapsetmek ve so\u011fuk ko\u015fullarda sizi s\u0131cak tutmak i\u00e7in tasarlanm\u0131\u015ft\u0131r.<\/li>\n<li data-sourcepos=\"8:1-8:119\"><strong>Su ge\u00e7irmezlik:<\/strong> Bir\u00e7ok termal ceket suya dayan\u0131kl\u0131d\u0131r, hatta su ge\u00e7irmezdir ve sizi ya\u011fmur ve kardan korur.<\/li>\n<li data-sourcepos=\"9:1-9:87\"><strong>R\u00fczgar Direnci:<\/strong> So\u011fuk r\u00fczgarlar\u0131 engellemek i\u00e7in genellikle r\u00fczgara dayan\u0131kl\u0131 kuma\u015flara sahiptirler.<\/li>\n<li data-sourcepos=\"10:1-11:0\"><strong>Nefes alabilirlik:<\/strong> \u0130yi termal ceketler nemin d\u0131\u015far\u0131 \u00e7\u0131kmas\u0131n\u0131 sa\u011flayarak sizi kuru ve rahat tutar.<\/li>\n<\/ul>\n<p data-sourcepos=\"12:1-12:29\"><strong>Termal Ceket \u00c7e\u015fitleri:<\/strong><\/p>\n<ul data-sourcepos=\"14:1-17:0\">\n<li data-sourcepos=\"14:1-14:129\"><strong>Puffer Ceketler:<\/strong> Bu ceketler ku\u015f t\u00fcy\u00fc veya sentetik lifler gibi yal\u0131t\u0131m malzemeleriyle doldurulur ve maksimum s\u0131cakl\u0131k sa\u011flar.<\/li>\n<li data-sourcepos=\"15:1-15:120\"><strong>Yumu\u015fak Kabuklu Ceketler:<\/strong> Bu ceketler, hem s\u0131cakl\u0131k hem de esneklik sunan malzemelerin bir kombinasyonundan yap\u0131lm\u0131\u015ft\u0131r.<\/li>\n<li data-sourcepos=\"16:1-17:0\"><strong>Yal\u0131t\u0131ml\u0131 Ceketler:<\/strong> Bu ceketler sizi s\u0131cak tutmak i\u00e7in PrimaLoft veya Thinsulate gibi \u00e7e\u015fitli yal\u0131t\u0131m teknolojileri kullan\u0131r.<\/li>\n<\/ul>\n<p data-sourcepos=\"18:1-18:35\"><strong>Termal Ceket Nas\u0131l Se\u00e7ilir?<\/strong><\/p>\n<ol data-sourcepos=\"20:1-24:0\">\n<li data-sourcepos=\"20:1-20:158\"><strong>\u0130klimi g\u00f6z \u00f6n\u00fcnde bulundurun:<\/strong> \u00c7ok so\u011fuk bir iklimde ya\u015f\u0131yorsan\u0131z, a\u011f\u0131r yal\u0131t\u0131ml\u0131 bir ceket tercih edin. Daha \u0131l\u0131man iklimler i\u00e7in daha hafif bir ceket yeterli olabilir.<\/li>\n<li data-sourcepos=\"21:1-21:155\"><strong>Faaliyet Seviyesi:<\/strong> A\u00e7\u0131k hava etkinliklerine kat\u0131lmay\u0131 planl\u0131yorsan\u0131z, ayarlanabilir kap\u00fc\u015fon, cepler ve havaland\u0131rma gibi \u00f6zelliklere sahip bir ceket se\u00e7in.<\/li>\n<li data-sourcepos=\"22:1-22:90\"><strong>Fit:<\/strong> Ceketin \u00fczerinize tam oturdu\u011fundan ve kendinizi k\u0131s\u0131tlanm\u0131\u015f hissetmeden kat kat giyebildi\u011finizden emin olun.<\/li>\n<li data-sourcepos=\"23:1-24:0\"><strong>Malzeme:<\/strong> D\u0131\u015f kabu\u011fun ve yal\u0131t\u0131m\u0131n malzemesini g\u00f6z \u00f6n\u00fcnde bulundurun. Su ge\u00e7irmez ve r\u00fczgar ge\u00e7irmez malzemeler zorlu hava ko\u015fullar\u0131 i\u00e7in idealdir.<\/li>\n<\/ol>\n<p data-sourcepos=\"25:1-25:37\"><strong>Termal Ceketler i\u00e7in Stil \u0130pu\u00e7lar\u0131:<\/strong><\/p>\n<ul data-sourcepos=\"27:1-30:0\">\n<li data-sourcepos=\"27:1-27:90\"><strong>S\u0131radan:<\/strong> Rahat ve \u015f\u0131k bir g\u00f6r\u00fcn\u00fcm i\u00e7in kot pantolon, kazak ve botlarla e\u015fle\u015ftirin.<\/li>\n<li data-sourcepos=\"28:1-28:100\"><strong>Smart Casual:<\/strong> Daha g\u00f6steri\u015fli bir g\u00f6r\u00fcn\u00fcm i\u00e7in chino pantolon, d\u00fc\u011fmeli g\u00f6mlek ve spor ayakkab\u0131larla giyin.<\/li>\n<li data-sourcepos=\"29:1-30:0\"><strong>A\u00e7\u0131k Hava Etkinlikleri:<\/strong> A\u00e7\u0131k hava maceralar\u0131 s\u0131ras\u0131nda daha fazla s\u0131cakl\u0131k i\u00e7in bir polar veya kap\u00fc\u015fonlunun \u00fczerine katlay\u0131n.<\/li>\n<\/ul>\n<p data-sourcepos=\"31:1-31:105\">Do\u011fru termal ceketi se\u00e7erek, hava nas\u0131l olursa olsun s\u0131cak, rahat ve \u015f\u0131k kalabilirsiniz.<\/p>\n<div class=\"attachment-container search-images\">\n<div class=\"image-container hide-from-message-actions ng-star-inserted\">\n<div class=\"overlay-container ng-star-inserted\"><\/div>\n<\/div>\n<\/div>","protected":false},"excerpt":{"rendered":"<table style=\"height: 510px;\" width=\"461\">\n<tbody>\n<tr>\n<td width=\"146\"><strong><b>\u00dcr\u00fcn<\/b><\/strong>\u00a0<strong><b>\u0130sim:<\/b><\/strong><\/td>\n<td width=\"601\"><strong>Termal Ceket<\/strong><\/td>\n<\/tr>\n<tr>\n<td width=\"146\"><strong><b>Materlal:<\/b><\/strong><\/td>\n<td width=\"601\">Polyester\/Pamuk<\/td>\n<\/tr>\n<tr>\n<td width=\"146\"><strong><b>Teknik:<\/b><\/strong><\/td>\n<td width=\"601\">D\u00fcz pamuk<\/td>\n<\/tr>\n<tr>\n<td width=\"146\"><strong><b>Stil:<\/b><\/strong><\/td>\n<td width=\"601\">G\u00fcndelik<\/td>\n<\/tr>\n<tr>\n<td width=\"146\"><strong><b>Renk<\/b><\/strong><strong><b>:<\/b><\/strong><\/td>\n<td width=\"601\">\u00a0\u00d6zel Renkler<\/td>\n<\/tr>\n<tr>\n<td width=\"146\"><strong><b>Boyut:<\/b><\/strong><\/td>\n<td width=\"601\">S \/M \/L \/XL \/2XL<\/td>\n<\/tr>\n<tr>\n<td width=\"146\"><strong><b>OEM\/ODM:<\/b><\/strong><\/td>\n<td width=\"601\">Kabul edilebilir<\/td>\n<\/tr>\n<tr>\n<td width=\"146\"><strong><b>Kalite:<\/b><\/strong><\/td>\n<td width=\"601\">100% Y\u00fcksek Kalite<\/td>\n<\/tr>\n<tr>\n<td width=\"146\"><strong><b>M<\/b><\/strong><strong><b>OQ:<\/b><\/strong><\/td>\n<td width=\"601\">200 Adet<\/td>\n<\/tr>\n<\/tbody>\n<\/table>","protected":false},"featured_media":1822,"template":"","meta":[],"product_brand":[],"product_cat":[38],"product_tag":[],"class_list":{"0":"post-1821","1":"product","2":"type-product","3":"status-publish","4":"has-post-thumbnail","6":"product_cat-mens-clothing","8":"first","9":"instock","10":"shipping-taxable","11":"product-type-simple"},"_links":{"self":[{"href":"https:\/\/mj-clothing.com\/tr\/wp-json\/wp\/v2\/product\/1821","targetHints":{"allow":["GET"]}}],"collection":[{"href":"https:\/\/mj-clothing.com\/tr\/wp-json\/wp\/v2\/product"}],"about":[{"href":"https:\/\/mj-clothing.com\/tr\/wp-json\/wp\/v2\/types\/product"}],"wp:featuredmedia":[{"embeddable":true,"href":"https:\/\/mj-clothing.com\/tr\/wp-json\/wp\/v2\/media\/1822"}],"wp:attachment":[{"href":"https:\/\/mj-clothing.com\/tr\/wp-json\/wp\/v2\/media?parent=1821"}],"wp:term":[{"taxonomy":"product_brand","embeddable":true,"href":"https:\/\/mj-clothing.com\/tr\/wp-json\/wp\/v2\/product_brand?post=1821"},{"taxonomy":"product_cat","embeddable":true,"href":"https:\/\/mj-clothing.com\/tr\/wp-json\/wp\/v2\/product_cat?post=1821"},{"taxonomy":"product_tag","embeddable":true,"href":"https:\/\/mj-clothing.com\/tr\/wp-json\/wp\/v2\/product_tag?post=1821"}],"curies":[{"name":"wp","href":"https:\/\/api.w.org\/{rel}","templated":true}]}}