{"id":1825,"date":"2024-12-16T02:30:24","date_gmt":"2024-12-16T02:30:24","guid":{"rendered":"https:\/\/mj-clothing.com\/?post_type=product&#038;p=1825"},"modified":"2024-12-17T06:30:13","modified_gmt":"2024-12-17T06:30:13","slug":"alchemai-hoodie","status":"publish","type":"product","link":"https:\/\/mj-clothing.com\/tr\/manufacturer\/alchemai-hoodie\/","title":{"rendered":"Alchemai Kap\u00fc\u015fonlu \u00dcst"},"content":{"rendered":"<h3 data-sourcepos=\"1:1-1:266\">Alchemai Kap\u00fc\u015fonlu \u00dcst<\/h3>\n<p data-sourcepos=\"1:1-1:266\">Alchemai Hoodie, g\u00fcnl\u00fck kullan\u0131m i\u00e7in m\u00fckemmel olan \u015f\u0131k ve rahat bir giysi par\u00e7as\u0131d\u0131r. Y\u00fcksek kaliteli malzemelerden \u00fcretilmi\u015ftir ve \u00e7e\u015fitli renklerde mevcuttur. Kap\u00fc\u015fonlu sweatshirt ayn\u0131 zamanda \u00e7ok uygun fiyatl\u0131d\u0131r, bu da onu b\u00fct\u00e7esi k\u0131s\u0131tl\u0131 insanlar i\u00e7in harika bir se\u00e7enek haline getirir.<\/p>\n<p data-sourcepos=\"3:1-3:57\">\u0130\u015fte Alchemai Hoodie'nin baz\u0131 temel \u00f6zellikleri:<\/p>\n<ul data-sourcepos=\"5:1-10:0\">\n<li data-sourcepos=\"5:1-5:153\"><strong>Y\u00fcksek kaliteli malzemelerden \u00fcretilmi\u015ftir:<\/strong> Kap\u00fc\u015fonlu sweatshirt, so\u011fuk g\u00fcnlerde sizi s\u0131cak tutmak i\u00e7in m\u00fckemmel olan yumu\u015fak ve rahat bir polar malzemeden yap\u0131lm\u0131\u015ft\u0131r.<\/li>\n<li data-sourcepos=\"6:1-6:122\"><strong>\u00c7e\u015fitli renklerde mevcuttur:<\/strong> Tarz\u0131n\u0131za uygun m\u00fckemmel kap\u00fc\u015fonluyu bulmak i\u00e7in \u00e7e\u015fitli renkler aras\u0131ndan se\u00e7im yapabilirsiniz.<\/li>\n<li data-sourcepos=\"7:1-7:97\"><strong>Uygun fiyatl\u0131:<\/strong> Kap\u00fc\u015fonlu sweatshirt \u00e7ok uygun fiyatl\u0131 oldu\u011fundan b\u00fct\u00e7esi k\u0131s\u0131tl\u0131 ki\u015filer i\u00e7in harika bir se\u00e7enektir.<\/li>\n<li data-sourcepos=\"8:1-8:103\"><strong>Rahat:<\/strong> Kap\u00fc\u015fonlu sweatshirt, yumu\u015fak ve bol kesimli tasar\u0131m\u0131 sayesinde \u00e7ok rahatt\u0131r.<\/li>\n<li data-sourcepos=\"9:1-10:0\"><strong>\u015e\u0131k:<\/strong> Kap\u00fc\u015fonlu sweatshirt ayn\u0131 zamanda \u00e7ok \u015f\u0131kt\u0131r ve kolayca giydirilip \u00e7\u0131kar\u0131labilir.<\/li>\n<\/ul>\n<p data-sourcepos=\"11:1-11:174\">Uygun fiyatl\u0131, \u015f\u0131k ve rahat bir kap\u00fc\u015fonlu sweatshirt ar\u0131yorsan\u0131z, Alchemai Hoodie harika bir se\u00e7enektir. Online olarak veya yerel perakendecinizde bulabilirsiniz.<\/p>","protected":false},"excerpt":{"rendered":"<table style=\"height: 538px;\" width=\"470\">\n<tbody>\n<tr>\n<td width=\"146\"><strong><b>\u00dcr\u00fcn<\/b><\/strong>\u00a0<strong><b>\u0130sim:<\/b><\/strong><\/td>\n<td width=\"601\"><strong>Alchemai Kap\u00fc\u015fonlu \u00dcst<\/strong><\/td>\n<\/tr>\n<tr>\n<td width=\"146\"><strong><b>Materlal:<\/b><\/strong><\/td>\n<td width=\"601\">Polyester\/Pamuk<\/td>\n<\/tr>\n<tr>\n<td width=\"146\"><strong><b>Teknik:<\/b><\/strong><\/td>\n<td width=\"601\">Bask\u0131 ve Boyama<\/td>\n<\/tr>\n<tr>\n<td width=\"146\"><strong><b>Stil:<\/b><\/strong><\/td>\n<td width=\"601\">G\u00fcndelik<\/td>\n<\/tr>\n<tr>\n<td width=\"146\"><strong><b>Renk<\/b><\/strong><strong><b>:<\/b><\/strong><\/td>\n<td width=\"601\">\u00a0\u00d6zel Renkler<\/td>\n<\/tr>\n<tr>\n<td width=\"146\"><strong><b>Boyut:<\/b><\/strong><\/td>\n<td width=\"601\">S \/M \/L \/XL \/2XL<\/td>\n<\/tr>\n<tr>\n<td width=\"146\"><strong><b>OEM\/ODM:<\/b><\/strong><\/td>\n<td width=\"601\">Kabul edilebilir<\/td>\n<\/tr>\n<tr>\n<td width=\"146\"><strong><b>Kalite:<\/b><\/strong><\/td>\n<td width=\"601\">100% Y\u00fcksek Kalite<\/td>\n<\/tr>\n<tr>\n<td width=\"146\"><strong><b>M<\/b><\/strong><strong><b>OQ:<\/b><\/strong><\/td>\n<td width=\"601\">200 Adet<\/td>\n<\/tr>\n<\/tbody>\n<\/table>","protected":false},"featured_media":1826,"template":"","meta":[],"product_brand":[],"product_cat":[38],"product_tag":[],"class_list":{"0":"post-1825","1":"product","2":"type-product","3":"status-publish","4":"has-post-thumbnail","6":"product_cat-mens-clothing","8":"first","9":"instock","10":"shipping-taxable","11":"product-type-simple"},"_links":{"self":[{"href":"https:\/\/mj-clothing.com\/tr\/wp-json\/wp\/v2\/product\/1825","targetHints":{"allow":["GET"]}}],"collection":[{"href":"https:\/\/mj-clothing.com\/tr\/wp-json\/wp\/v2\/product"}],"about":[{"href":"https:\/\/mj-clothing.com\/tr\/wp-json\/wp\/v2\/types\/product"}],"wp:featuredmedia":[{"embeddable":true,"href":"https:\/\/mj-clothing.com\/tr\/wp-json\/wp\/v2\/media\/1826"}],"wp:attachment":[{"href":"https:\/\/mj-clothing.com\/tr\/wp-json\/wp\/v2\/media?parent=1825"}],"wp:term":[{"taxonomy":"product_brand","embeddable":true,"href":"https:\/\/mj-clothing.com\/tr\/wp-json\/wp\/v2\/product_brand?post=1825"},{"taxonomy":"product_cat","embeddable":true,"href":"https:\/\/mj-clothing.com\/tr\/wp-json\/wp\/v2\/product_cat?post=1825"},{"taxonomy":"product_tag","embeddable":true,"href":"https:\/\/mj-clothing.com\/tr\/wp-json\/wp\/v2\/product_tag?post=1825"}],"curies":[{"name":"wp","href":"https:\/\/api.w.org\/{rel}","templated":true}]}}