{"id":1830,"date":"2024-12-16T02:45:38","date_gmt":"2024-12-16T02:45:38","guid":{"rendered":"https:\/\/mj-clothing.com\/?post_type=product&#038;p=1830"},"modified":"2024-12-17T06:28:33","modified_gmt":"2024-12-17T06:28:33","slug":"plaid-sweatshirt","status":"publish","type":"product","link":"https:\/\/mj-clothing.com\/tr\/manufacturer\/plaid-sweatshirt\/","title":{"rendered":"Ekose Sweatshirt"},"content":{"rendered":"<p data-sourcepos=\"1:1-1:178\">Ekose sweatshirtler, a\u015fa\u011f\u0131 veya yukar\u0131 giyilebilen klasik ve \u00e7ok y\u00f6nl\u00fc bir giysi par\u00e7as\u0131d\u0131r. Sonbahar ve k\u0131\u015f i\u00e7in m\u00fckemmeldir ve \u00e7e\u015fitli durumlarda giyilebilir.<\/p>\n<h3 data-sourcepos=\"3:1-3:70\"><strong>\u0130\u015fte ekose sweatshirt se\u00e7erken dikkat etmeniz gereken baz\u0131 noktalar:<\/strong><\/h3>\n<ul data-sourcepos=\"5:1-9:0\">\n<li data-sourcepos=\"5:1-5:137\"><strong>Renk:<\/strong> Ekosenin \u00e7e\u015fitli renkleri ve desenleri vard\u0131r. Be\u011fendi\u011finiz ve di\u011fer k\u0131yafetlerinizle uyumlu olacak bir renk se\u00e7in.<\/li>\n<li data-sourcepos=\"6:1-6:119\"><strong>Fit:<\/strong> Rahat ve i\u00e7inize sinen bir kesim se\u00e7in. \u00c7ok dar veya \u00e7ok bol bir sweatshirt istemezsiniz.<\/li>\n<li data-sourcepos=\"7:1-7:101\"><strong>Malzeme:<\/strong> Yumu\u015fak ve rahat olan y\u00fcksek kaliteli bir malzemeden yap\u0131lm\u0131\u015f bir sweatshirt aray\u0131n.<\/li>\n<li data-sourcepos=\"8:1-9:0\"><strong>Stil:<\/strong> Ekose sweatshirtler klasikten moderne kadar \u00e7e\u015fitli stillere sahiptir. Be\u011fendi\u011finiz ve ki\u015fisel tarz\u0131n\u0131za uyan bir stil se\u00e7in.<\/li>\n<\/ul>\n<h3 data-sourcepos=\"10:1-10:51\"><strong>\u0130\u015fte ekoseli bir sweatshirt'\u00fc stilize etmenin baz\u0131 yollar\u0131:<\/strong><\/h3>\n<ul data-sourcepos=\"12:1-15:0\">\n<li data-sourcepos=\"12:1-12:96\"><strong>S\u0131radan:<\/strong> Rahat ve konforlu bir g\u00f6r\u00fcn\u00fcm i\u00e7in ekose sweatshirt'\u00fc kot pantolon ve spor ayakkab\u0131 ile e\u015fle\u015ftirin.<\/li>\n<li data-sourcepos=\"13:1-13:78\"><strong>\u015e\u0131k:<\/strong> Ekose sweatshirt'\u00fc bir etek veya elbise ile e\u015fle\u015ftirerek giydirin.<\/li>\n<li data-sourcepos=\"14:1-15:0\"><strong>Katmanl\u0131:<\/strong> \u015e\u0131k ve s\u0131cak bir g\u00f6r\u00fcn\u00fcm i\u00e7in ekose sweatshirt'\u00fc ti\u015f\u00f6rt veya uzun kollu g\u00f6mlek \u00fczerine giyin.<\/li>\n<\/ul>\n<h3 data-sourcepos=\"16:1-16:50\"><strong>\u0130\u015fte baz\u0131 pop\u00fcler ekose sweatshirt stilleri:<\/strong><\/h3>\n<ul data-sourcepos=\"18:1-21:0\">\n<li data-sourcepos=\"18:1-18:48\"><strong>Kap\u00fc\u015fonlular:<\/strong> Klasik ve rahat bir se\u00e7enek.<\/li>\n<li data-sourcepos=\"19:1-19:49\"><strong>Bisiklet yaka:<\/strong> Daha rahat ve g\u00fcndelik bir se\u00e7enek.<\/li>\n<li data-sourcepos=\"20:1-21:0\"><strong>\u00c7eyrek fermuarl\u0131:<\/strong> A\u015fa\u011f\u0131 ya da yukar\u0131 giydirilebilen \u00e7ok y\u00f6nl\u00fc bir se\u00e7enek.<\/li>\n<\/ul>\n<h3 data-sourcepos=\"22:1-22:60\"><strong>\u0130\u015fte ekose sweatshirt'\u00fcn\u00fcz\u00fcn bak\u0131m\u0131 i\u00e7in baz\u0131 ipu\u00e7lar\u0131:<\/strong><\/h3>\n<ul data-sourcepos=\"24:1-27:0\">\n<li data-sourcepos=\"24:1-24:55\">Sweatshirt'\u00fcn\u00fcz\u00fc so\u011fuk suda hassas programda y\u0131kay\u0131n.<\/li>\n<li data-sourcepos=\"25:1-25:21\">\u00c7ama\u015f\u0131r suyu kullanmaktan ka\u00e7\u0131n\u0131n.<\/li>\n<li data-sourcepos=\"26:1-27:0\">D\u00fc\u015f\u00fck \u0131s\u0131da kurutun veya asarak kurutun.<\/li>\n<\/ul>\n<p data-sourcepos=\"28:1-28:130\">Aralar\u0131ndan se\u00e7im yapabilece\u011finiz pek \u00e7ok farkl\u0131 stil ve renkle, gard\u0131robunuza eklemek i\u00e7in m\u00fckemmel ekose sweatshirt'\u00fc bulaca\u011f\u0131n\u0131zdan emin olabilirsiniz.<\/p>","protected":false},"excerpt":{"rendered":"<table style=\"height: 421px;\" width=\"443\">\n<tbody>\n<tr>\n<td width=\"146\"><strong><b>\u00dcr\u00fcn<\/b><\/strong>\u00a0<strong><b>\u0130sim:<\/b><\/strong><\/td>\n<td width=\"601\"><strong>Ekose Sweatshirt<\/strong><\/td>\n<\/tr>\n<tr>\n<td width=\"146\"><strong><b>Materlal:<\/b><\/strong><\/td>\n<td width=\"601\">Polyester\/Pamuk<\/td>\n<\/tr>\n<tr>\n<td width=\"146\"><strong><b>Teknik:<\/b><\/strong><\/td>\n<td width=\"601\">Bask\u0131 ve Boyama<\/td>\n<\/tr>\n<tr>\n<td width=\"146\"><strong><b>Stil:<\/b><\/strong><\/td>\n<td width=\"601\">G\u00fcndelik<\/td>\n<\/tr>\n<tr>\n<td width=\"146\"><strong><b>Renk<\/b><\/strong><strong><b>:<\/b><\/strong><\/td>\n<td width=\"601\">\u00a0\u00d6zel Renkler<\/td>\n<\/tr>\n<tr>\n<td width=\"146\"><strong><b>Boyut:<\/b><\/strong><\/td>\n<td width=\"601\">S \/M \/L \/XL \/2XL<\/td>\n<\/tr>\n<tr>\n<td width=\"146\"><strong><b>OEM\/ODM:<\/b><\/strong><\/td>\n<td width=\"601\">Kabul edilebilir<\/td>\n<\/tr>\n<tr>\n<td width=\"146\"><strong><b>Kalite:<\/b><\/strong><\/td>\n<td width=\"601\">100% Y\u00fcksek Kalite<\/td>\n<\/tr>\n<tr>\n<td width=\"146\"><strong><b>M<\/b><\/strong><strong><b>OQ:<\/b><\/strong><\/td>\n<td width=\"601\">200 Adet<\/td>\n<\/tr>\n<\/tbody>\n<\/table>","protected":false},"featured_media":1831,"template":"","meta":[],"product_brand":[],"product_cat":[38],"product_tag":[],"class_list":{"0":"post-1830","1":"product","2":"type-product","3":"status-publish","4":"has-post-thumbnail","6":"product_cat-mens-clothing","8":"first","9":"instock","10":"shipping-taxable","11":"product-type-simple"},"_links":{"self":[{"href":"https:\/\/mj-clothing.com\/tr\/wp-json\/wp\/v2\/product\/1830","targetHints":{"allow":["GET"]}}],"collection":[{"href":"https:\/\/mj-clothing.com\/tr\/wp-json\/wp\/v2\/product"}],"about":[{"href":"https:\/\/mj-clothing.com\/tr\/wp-json\/wp\/v2\/types\/product"}],"wp:featuredmedia":[{"embeddable":true,"href":"https:\/\/mj-clothing.com\/tr\/wp-json\/wp\/v2\/media\/1831"}],"wp:attachment":[{"href":"https:\/\/mj-clothing.com\/tr\/wp-json\/wp\/v2\/media?parent=1830"}],"wp:term":[{"taxonomy":"product_brand","embeddable":true,"href":"https:\/\/mj-clothing.com\/tr\/wp-json\/wp\/v2\/product_brand?post=1830"},{"taxonomy":"product_cat","embeddable":true,"href":"https:\/\/mj-clothing.com\/tr\/wp-json\/wp\/v2\/product_cat?post=1830"},{"taxonomy":"product_tag","embeddable":true,"href":"https:\/\/mj-clothing.com\/tr\/wp-json\/wp\/v2\/product_tag?post=1830"}],"curies":[{"name":"wp","href":"https:\/\/api.w.org\/{rel}","templated":true}]}}