{"id":1834,"date":"2024-12-16T03:01:13","date_gmt":"2024-12-16T03:01:13","guid":{"rendered":"https:\/\/mj-clothing.com\/?post_type=product&#038;p=1834"},"modified":"2024-12-17T06:27:12","modified_gmt":"2024-12-17T06:27:12","slug":"pullover-hoodie","status":"publish","type":"product","link":"https:\/\/mj-clothing.com\/tr\/manufacturer\/pullover-hoodie\/","title":{"rendered":"Kazak Kap\u00fc\u015fonlu"},"content":{"rendered":"<p data-sourcepos=\"1:1-1:345\"><span class=\"citation-0 recitation citation-end-0\">Kap\u00fc\u015fonlu sweatshirt, g\u00fcnl\u00fck kullan\u0131m i\u00e7in m\u00fckemmel olan rahat ve konforlu bir giysidir.<\/span> <span class=\"citation-1 recitation citation-end-1\">Tipik olarak kap\u00fc\u015fonu, kanguru cebi, elastik man\u015fetleri ve bel band\u0131 bulunur.<\/span> <span class=\"citation-2 recitation citation-end-2\">Kazak kap\u00fc\u015fonlu sweatshirtler genellikle polar veya pamuk gibi yumu\u015fak ve s\u0131cak tutan malzemelerden \u00fcretildi\u011finden so\u011fuk havalar i\u00e7in idealdir.<\/span><\/p>\n<h3 data-sourcepos=\"3:1-3:38\"><strong>Pullover-Hoodie'nin Temel \u00d6zellikleri:<\/strong><\/h3>\n<ul data-sourcepos=\"5:1-9:0\">\n<li data-sourcepos=\"5:1-5:61\"><strong>Hood:<\/strong> S\u0131cakl\u0131k ve hava ko\u015fullar\u0131na kar\u015f\u0131 koruma sa\u011flar.<\/li>\n<li data-sourcepos=\"6:1-6:125\"><strong><span class=\"citation-3 recitation\">Kanguru Cebi:<\/span><\/strong><span class=\"citation-3 recitation citation-end-3\"> Ellerinizi s\u0131cak tutmak veya k\u00fc\u00e7\u00fck e\u015fyalar\u0131n\u0131z\u0131 ta\u015f\u0131mak i\u00e7in m\u00fckemmel olan b\u00fcy\u00fck bir \u00f6n cep.<\/span><span class=\"button-container hide-from-message-actions ng-star-inserted\"> \u00a0<\/span>\n<div class=\"container ng-tns-c2946245707-75 hide\">\n<div class=\"carousel-container ng-tns-c2946245707-75\"><\/div>\n<\/div>\n<\/li>\n<li data-sourcepos=\"7:1-7:74\"><strong>Elastik Man\u015fetler ve Bel Band\u0131:<\/strong> Rahat ve s\u0131k\u0131 bir uyum sa\u011flar.<\/li>\n<li data-sourcepos=\"8:1-9:0\"><strong><span class=\"citation-4 recitation\">Yumu\u015fak ve S\u0131cak Tutan Malzeme:<\/span><\/strong><span class=\"citation-4 recitation citation-end-4\"> Optimum konfor i\u00e7in genellikle polar veya pamuktan yap\u0131l\u0131r.<\/span>\n<div class=\"container ng-tns-c2946245707-76 hide\">\n<div class=\"carousel-container ng-tns-c2946245707-76\">\n<div class=\"carousel-content ng-tns-c2946245707-76\">\n<div class=\"sources-carousel-source ng-tns-c2946245707-76 hide ng-star-inserted\" data-test-id=\"sources-carousel-source\"><\/div>\n<\/div>\n<\/div>\n<\/div>\n<\/li>\n<\/ul>\n<h3 data-sourcepos=\"10:1-10:35\"><strong>Kazak -Hoodie Nas\u0131l Stil Verilir?<\/strong><\/h3>\n<p data-sourcepos=\"12:1-12:118\"><span class=\"citation-5 recitation citation-end-5\">Kazak kap\u00fc\u015fonlular inan\u0131lmaz derecede \u00e7ok y\u00f6nl\u00fcd\u00fcr ve bir\u00e7ok farkl\u0131 \u015fekilde \u015fekillendirilebilir.<\/span> \u0130\u015fte birka\u00e7 fikir:<\/p>\n<p data-sourcepos=\"12:1-12:118\"><strong>S\u0131radan:<\/strong> Rahat ve konforlu bir g\u00f6r\u00fcn\u00fcm i\u00e7in kap\u00fc\u015fonlu sweatshirt'\u00fc kot pantolon ve spor ayakkab\u0131larla e\u015fle\u015ftirin.<\/p>\n<ul data-sourcepos=\"14:1-18:0\">\n<li data-sourcepos=\"15:1-15:93\"><strong>Sportif:<\/strong> Sportif ve aktif bir g\u00f6r\u00fcn\u00fcm i\u00e7in kazak-kap\u00fc\u015fonlu sweatshirt'\u00fc e\u015fofman alt\u0131 veya jogger ile giyin.<\/li>\n<li data-sourcepos=\"16:1-16:92\"><strong>Katmanl\u0131:<\/strong> Ekstra s\u0131cakl\u0131k i\u00e7in bir ti\u015f\u00f6rt veya uzun kollu g\u00f6mlek \u00fczerine bir kazak-kap\u00fc\u015fonlu sweatshirt katlay\u0131n.<\/li>\n<li data-sourcepos=\"17:1-18:0\"><strong>G\u00fcnl\u00fck k\u0131yafet:<\/strong> Kap\u00fc\u015fonlu kaza\u011f\u0131n\u0131z\u0131 deri ceket, koyu renk kot pantolon ve botlarla kombinleyin.<\/li>\n<\/ul>\n<h3 data-sourcepos=\"19:1-19:39\"><strong>Pop\u00fcler Kazak-Kap\u00fc\u015fon Markalar\u0131:<\/strong><\/h3>\n<ul data-sourcepos=\"21:1-26:0\">\n<li data-sourcepos=\"21:1-21:77\"><strong><span class=\"citation-6 recitation\">\u015eampiyon:<\/span><\/strong><span class=\"citation-6 recitation citation-end-6\"> Y\u00fcksek kaliteli ve klasik stilleriyle tan\u0131n\u0131r.<\/span><span class=\"button-container hide-from-message-actions ng-star-inserted\"> \u00a0<\/span>\n<div class=\"container ng-tns-c2946245707-78 hide\">\n<div class=\"carousel-container ng-tns-c2946245707-78\"><\/div>\n<\/div>\n<\/li>\n<li data-sourcepos=\"22:1-22:81\"><strong>Nike:<\/strong> \u00c7e\u015fitli stil ve renklerde \u00e7ok \u00e7e\u015fitli kap\u00fc\u015fonlu sweatshirtler sunar.<\/li>\n<li data-sourcepos=\"23:1-23:58\"><strong>Adidas:<\/strong> Atletik ve sportif tasar\u0131mlar\u0131yla tan\u0131n\u0131r.<\/li>\n<li data-sourcepos=\"24:1-24:63\"><strong>H&amp;M:<\/strong> Uygun fiyatl\u0131 ve modaya uygun kazak-kap\u00fc\u015fonlu sweatshirtler sunar.<\/li>\n<li data-sourcepos=\"25:1-26:0\"><strong>Zara:<\/strong> \u015e\u0131k ve modaya uygun kazak-kap\u00fc\u015fonlu sweatshirtler sunar.<\/li>\n<\/ul>","protected":false},"excerpt":{"rendered":"<table style=\"height: 508px;\" width=\"446\">\n<tbody>\n<tr>\n<td width=\"146\"><strong><b>\u00dcr\u00fcn<\/b><\/strong>\u00a0<strong><b>\u0130sim:<\/b><\/strong><\/td>\n<td width=\"601\"><strong>Kazak Kap\u00fc\u015fonlu<\/strong><\/td>\n<\/tr>\n<tr>\n<td width=\"146\"><strong><b>Materlal:<\/b><\/strong><\/td>\n<td width=\"601\">Polyester\/Pamuk<\/td>\n<\/tr>\n<tr>\n<td width=\"146\"><strong><b>Teknik:<\/b><\/strong><\/td>\n<td width=\"601\">Bask\u0131 ve Boyama<\/td>\n<\/tr>\n<tr>\n<td width=\"146\"><strong><b>Stil:<\/b><\/strong><\/td>\n<td width=\"601\">G\u00fcndelik<\/td>\n<\/tr>\n<tr>\n<td width=\"146\"><strong><b>Renk<\/b><\/strong><strong><b>:<\/b><\/strong><\/td>\n<td width=\"601\">\u00a0\u00d6zel Renkler<\/td>\n<\/tr>\n<tr>\n<td width=\"146\"><strong><b>Boyut:<\/b><\/strong><\/td>\n<td width=\"601\">S \/M \/L \/XL \/2XL<\/td>\n<\/tr>\n<tr>\n<td width=\"146\"><strong><b>OEM\/ODM:<\/b><\/strong><\/td>\n<td width=\"601\">Kabul edilebilir<\/td>\n<\/tr>\n<tr>\n<td width=\"146\"><strong><b>Kalite:<\/b><\/strong><\/td>\n<td width=\"601\">100% Y\u00fcksek Kalite<\/td>\n<\/tr>\n<tr>\n<td width=\"146\"><strong><b>M<\/b><\/strong><strong><b>OQ:<\/b><\/strong><\/td>\n<td width=\"601\">200 Adet<\/td>\n<\/tr>\n<\/tbody>\n<\/table>","protected":false},"featured_media":1836,"template":"","meta":[],"product_brand":[],"product_cat":[38],"product_tag":[],"class_list":{"0":"post-1834","1":"product","2":"type-product","3":"status-publish","4":"has-post-thumbnail","6":"product_cat-mens-clothing","8":"first","9":"instock","10":"shipping-taxable","11":"product-type-simple"},"_links":{"self":[{"href":"https:\/\/mj-clothing.com\/tr\/wp-json\/wp\/v2\/product\/1834","targetHints":{"allow":["GET"]}}],"collection":[{"href":"https:\/\/mj-clothing.com\/tr\/wp-json\/wp\/v2\/product"}],"about":[{"href":"https:\/\/mj-clothing.com\/tr\/wp-json\/wp\/v2\/types\/product"}],"wp:featuredmedia":[{"embeddable":true,"href":"https:\/\/mj-clothing.com\/tr\/wp-json\/wp\/v2\/media\/1836"}],"wp:attachment":[{"href":"https:\/\/mj-clothing.com\/tr\/wp-json\/wp\/v2\/media?parent=1834"}],"wp:term":[{"taxonomy":"product_brand","embeddable":true,"href":"https:\/\/mj-clothing.com\/tr\/wp-json\/wp\/v2\/product_brand?post=1834"},{"taxonomy":"product_cat","embeddable":true,"href":"https:\/\/mj-clothing.com\/tr\/wp-json\/wp\/v2\/product_cat?post=1834"},{"taxonomy":"product_tag","embeddable":true,"href":"https:\/\/mj-clothing.com\/tr\/wp-json\/wp\/v2\/product_tag?post=1834"}],"curies":[{"name":"wp","href":"https:\/\/api.w.org\/{rel}","templated":true}]}}