{"id":1837,"date":"2024-12-16T03:05:25","date_gmt":"2024-12-16T03:05:25","guid":{"rendered":"https:\/\/mj-clothing.com\/?post_type=product&#038;p=1837"},"modified":"2024-12-17T06:26:09","modified_gmt":"2024-12-17T06:26:09","slug":"akimbo-hoodie","status":"publish","type":"product","link":"https:\/\/mj-clothing.com\/tr\/manufacturer\/akimbo-hoodie\/","title":{"rendered":"Akimbo Kap\u00fc\u015fonlu \u00dcst"},"content":{"rendered":"<p data-sourcepos=\"1:1-1:237\">Akimbo Kap\u00fc\u015fonlu \u00dcst, rahat, b\u00fcy\u00fck boy kesimi ve yumu\u015fak, rahat malzemesiyle bilinen pop\u00fcler bir stildir. Genellikle y\u00fcksek kaliteli polar veya pamuktan yap\u0131l\u0131r ve ipli kap\u00fc\u015fon, kanguru cebi, nerv\u00fcrl\u00fc man\u015fetler ve bel band\u0131 bulunur.<\/p>\n<h3 data-sourcepos=\"3:1-3:38\"><strong>Akimbo Hoodie'nin temel \u00f6zellikleri:<\/strong><\/h3>\n<ul data-sourcepos=\"5:1-10:0\">\n<li data-sourcepos=\"5:1-5:77\"><strong>Oversized Fit:<\/strong> Kat kat giymek i\u00e7in m\u00fckemmel olan bol ve rahat bir kesim.<\/li>\n<li data-sourcepos=\"6:1-6:91\"><strong>Yumu\u015fak Malzeme:<\/strong> Maksimum konfor i\u00e7in genellikle y\u00fcksek kaliteli y\u00fcn veya pamuktan yap\u0131l\u0131r.<\/li>\n<li data-sourcepos=\"7:1-7:89\"><strong>\u0130pli Kap\u00fc\u015fon:<\/strong> Daha fazla s\u0131cakl\u0131k ve hava ko\u015fullar\u0131ndan koruma i\u00e7in ayarlanabilir kap\u00fc\u015fon.<\/li>\n<li data-sourcepos=\"8:1-8:111\"><strong><span class=\"citation-0 recitation\">Kanguru Cebi:<\/span><\/strong><span class=\"citation-0 recitation citation-end-0\"> Ellerinizi s\u0131cak tutmak veya k\u00fc\u00e7\u00fck e\u015fyalar\u0131n\u0131z\u0131 saklamak i\u00e7in geni\u015f bir \u00f6n cep.<\/span><span class=\"button-container hide-from-message-actions ng-star-inserted\"> \u00a0<\/span>\n<div class=\"container ng-tns-c2946245707-91 hide\">\n<div class=\"carousel-container ng-tns-c2946245707-91\"><\/div>\n<\/div>\n<\/li>\n<li data-sourcepos=\"9:1-10:0\"><strong>Nerv\u00fcrl\u00fc Man\u015fetler ve Bel Band\u0131:<\/strong> Rahat ve konforlu bir uyum sa\u011flar.<\/li>\n<\/ul>\n<h3 data-sourcepos=\"11:1-11:35\"><strong>Akimbo Hoodie nas\u0131l \u015fekillendirilir?<\/strong><\/h3>\n<p data-sourcepos=\"13:1-13:103\">Akimbo Kap\u00fc\u015fonlu \u00dcst, bir\u00e7ok farkl\u0131 \u015fekilde \u015fekillendirilebilen \u00e7ok y\u00f6nl\u00fc bir par\u00e7ad\u0131r. \u0130\u015fte birka\u00e7 fikir:<\/p>\n<ul data-sourcepos=\"15:1-18:0\">\n<li data-sourcepos=\"15:1-15:105\"><strong>S\u0131radan:<\/strong> Rahat ve konforlu bir g\u00f6r\u00fcn\u00fcm i\u00e7in kot pantolon, e\u015fofman alt\u0131 veya jogger ve spor ayakkab\u0131 ile e\u015fle\u015ftirin.<\/li>\n<li data-sourcepos=\"16:1-16:77\"><strong>Katmanl\u0131:<\/strong> Ekstra s\u0131cakl\u0131k i\u00e7in bir ti\u015f\u00f6rt veya uzun kollu g\u00f6mlek \u00fczerine katlay\u0131n.<\/li>\n<li data-sourcepos=\"17:1-18:0\"><strong>G\u00fcnl\u00fck k\u0131yafet:<\/strong> Deri ceket, koyu y\u0131kamal\u0131 kot pantolon ve botlarla giydirin.<\/li>\n<\/ul>","protected":false},"excerpt":{"rendered":"<table style=\"height: 490px;\" width=\"435\">\n<tbody>\n<tr>\n<td width=\"146\"><strong><b>\u00dcr\u00fcn<\/b><\/strong>\u00a0<strong><b>\u0130sim:<\/b><\/strong><\/td>\n<td width=\"601\"><strong>Akimbo Kap\u00fc\u015fonlu \u00dcst<\/strong><\/td>\n<\/tr>\n<tr>\n<td width=\"146\"><strong><b>Materlal:<\/b><\/strong><\/td>\n<td width=\"601\">Polyester\/Pamuk<\/td>\n<\/tr>\n<tr>\n<td width=\"146\"><strong><b>Teknik:<\/b><\/strong><\/td>\n<td width=\"601\">Bask\u0131 ve Boyama<\/td>\n<\/tr>\n<tr>\n<td width=\"146\"><strong><b>Stil:<\/b><\/strong><\/td>\n<td width=\"601\">G\u00fcndelik<\/td>\n<\/tr>\n<tr>\n<td width=\"146\"><strong><b>Renk<\/b><\/strong><strong><b>:<\/b><\/strong><\/td>\n<td width=\"601\">\u00a0\u00d6zel Renkler<\/td>\n<\/tr>\n<tr>\n<td width=\"146\"><strong><b>Boyut:<\/b><\/strong><\/td>\n<td width=\"601\">S \/M \/L \/XL \/2XL<\/td>\n<\/tr>\n<tr>\n<td width=\"146\"><strong><b>OEM\/ODM:<\/b><\/strong><\/td>\n<td width=\"601\">Kabul edilebilir<\/td>\n<\/tr>\n<tr>\n<td width=\"146\"><strong><b>Kalite:<\/b><\/strong><\/td>\n<td width=\"601\">100% Y\u00fcksek Kalite<\/td>\n<\/tr>\n<tr>\n<td width=\"146\"><strong><b>M<\/b><\/strong><strong><b>OQ:<\/b><\/strong><\/td>\n<td width=\"601\">200 Adet<\/td>\n<\/tr>\n<\/tbody>\n<\/table>","protected":false},"featured_media":1839,"template":"","meta":[],"product_brand":[],"product_cat":[38],"product_tag":[],"class_list":{"0":"post-1837","1":"product","2":"type-product","3":"status-publish","4":"has-post-thumbnail","6":"product_cat-mens-clothing","8":"first","9":"instock","10":"shipping-taxable","11":"product-type-simple"},"_links":{"self":[{"href":"https:\/\/mj-clothing.com\/tr\/wp-json\/wp\/v2\/product\/1837","targetHints":{"allow":["GET"]}}],"collection":[{"href":"https:\/\/mj-clothing.com\/tr\/wp-json\/wp\/v2\/product"}],"about":[{"href":"https:\/\/mj-clothing.com\/tr\/wp-json\/wp\/v2\/types\/product"}],"wp:featuredmedia":[{"embeddable":true,"href":"https:\/\/mj-clothing.com\/tr\/wp-json\/wp\/v2\/media\/1839"}],"wp:attachment":[{"href":"https:\/\/mj-clothing.com\/tr\/wp-json\/wp\/v2\/media?parent=1837"}],"wp:term":[{"taxonomy":"product_brand","embeddable":true,"href":"https:\/\/mj-clothing.com\/tr\/wp-json\/wp\/v2\/product_brand?post=1837"},{"taxonomy":"product_cat","embeddable":true,"href":"https:\/\/mj-clothing.com\/tr\/wp-json\/wp\/v2\/product_cat?post=1837"},{"taxonomy":"product_tag","embeddable":true,"href":"https:\/\/mj-clothing.com\/tr\/wp-json\/wp\/v2\/product_tag?post=1837"}],"curies":[{"name":"wp","href":"https:\/\/api.w.org\/{rel}","templated":true}]}}