{"id":1843,"date":"2024-12-16T03:21:20","date_gmt":"2024-12-16T03:21:20","guid":{"rendered":"https:\/\/mj-clothing.com\/?post_type=product&#038;p=1843"},"modified":"2024-12-17T06:40:16","modified_gmt":"2024-12-17T06:40:16","slug":"golf-hoodie","status":"publish","type":"product","link":"https:\/\/mj-clothing.com\/tr\/manufacturer\/golf-hoodie\/","title":{"rendered":"Golf Kap\u00fc\u015fonlu"},"content":{"rendered":"<p data-sourcepos=\"1:1-1:192\">Golf kap\u00fc\u015fonlu sweatshirt, golf\u00e7\u00fcler i\u00e7in \u00f6zel olarak tasarlanm\u0131\u015f, geleneksel kap\u00fc\u015fonlu sweatshirtlerin konfor ve s\u0131cakl\u0131\u011f\u0131n\u0131 golf sahas\u0131na uygun performans \u00f6zellikleriyle birle\u015ftiren bir t\u00fcr atletik giysidir.<\/p>\n<h3 data-sourcepos=\"3:1-3:34\"><strong>Bir Golf Kap\u00fc\u015fonlunun Temel \u00d6zellikleri:<\/strong><\/h3>\n<ul data-sourcepos=\"5:1-10:0\">\n<li data-sourcepos=\"5:1-5:283\"><strong>Performans Kuma\u015flar\u0131:<\/strong> Golf kap\u00fc\u015fonlular\u0131 genellikle polyester veya polyester ve pamuk kar\u0131\u015f\u0131m\u0131 gibi y\u00fcksek performansl\u0131 kuma\u015flardan yap\u0131l\u0131r. Bu kuma\u015flar nemi emen, nefes alabilen ve esnek olacak \u015fekilde tasarlanm\u0131\u015ft\u0131r ve golf\u00e7\u00fcleri kuru, rahat ve vuru\u015flar\u0131 s\u0131ras\u0131nda k\u0131s\u0131tlanmam\u0131\u015f tutar.<\/li>\n<li data-sourcepos=\"6:1-6:207\"><strong>Hava Ko\u015fullar\u0131na Dayan\u0131kl\u0131l\u0131k:<\/strong> Bir\u00e7ok golf \u015fapkas\u0131 suya dayan\u0131kl\u0131d\u0131r veya su tutmaz, golf\u00e7\u00fcleri hafif ya\u011fmurdan veya \u00e7iseleyen ya\u011fmurdan korur. Baz\u0131lar\u0131 ayr\u0131ca golf\u00e7\u00fcleri so\u011fuk havalarda s\u0131cak tutmak i\u00e7in \u0131s\u0131 yal\u0131t\u0131m\u0131 \u00f6zelli\u011fine sahiptir.<\/li>\n<li data-sourcepos=\"7:1-7:100\"><strong>G\u00fcne\u015f Korumas\u0131:<\/strong> Baz\u0131 golf kap\u00fc\u015fonlular\u0131, golf\u00e7\u00fcleri zararl\u0131 g\u00fcne\u015f \u0131\u015f\u0131nlar\u0131ndan korumak i\u00e7in UV korumas\u0131 sunar.<\/li>\n<li data-sourcepos=\"8:1-8:162\"><strong>Fonksiyonel Tasar\u0131m:<\/strong> Golf \u015fapkalar\u0131 genellikle de\u011ferli e\u015fyalar\u0131 korumak i\u00e7in fermuarl\u0131 cepler, ayarlanabilir kap\u00fc\u015fonlar ve kollar\u0131 yerinde tutmak i\u00e7in parmak delikleri gibi \u00f6zellikler i\u00e7erir.<\/li>\n<li data-sourcepos=\"9:1-10:0\"><strong>\u015e\u0131k Tasar\u0131m:<\/strong> \u00c7e\u015fitli stil, renk ve desenlere sahip golf \u015fapkalar\u0131, golf\u00e7\u00fclerin i\u015flevsel kal\u0131rken ki\u015fisel tarzlar\u0131n\u0131 ifade etmelerine olanak tan\u0131r.<\/li>\n<\/ul>\n<h3 data-sourcepos=\"11:1-11:31\"><strong>Golf Kap\u00fc\u015fonu Ne Zaman Giyilir?<\/strong><\/h3>\n<p data-sourcepos=\"13:1-13:112\">Golf h\u0131rkalar\u0131 \u00e7ok y\u00f6nl\u00fcd\u00fcr ve \u00e7e\u015fitli hava ko\u015fullar\u0131nda giyilebilir. \u00d6zellikle a\u015fa\u011f\u0131dakiler i\u00e7in kullan\u0131\u015fl\u0131d\u0131rlar:<\/p>\n<ul data-sourcepos=\"15:1-18:0\">\n<li data-sourcepos=\"15:1-15:87\"><strong>Serin hava:<\/strong> Golf kap\u00fc\u015fonlular\u0131 so\u011fuk turlarda s\u0131cakl\u0131k ve konfor sa\u011flayabilir.<\/li>\n<li data-sourcepos=\"16:1-16:101\"><strong>Ya\u011fmurlu hava:<\/strong> Suya dayan\u0131kl\u0131 golf kap\u00fc\u015fonlular\u0131, golf\u00e7\u00fcleri hafif ya\u011fmurda kuru ve rahat tutabilir.<\/li>\n<li data-sourcepos=\"17:1-18:0\"><strong>Kat kat:<\/strong> Golf \u015fapkalar\u0131, farkl\u0131 hava ko\u015fullar\u0131na g\u00f6re \u00f6zelle\u015ftirilmi\u015f bir k\u0131yafet olu\u015fturmak i\u00e7in di\u011fer golf k\u0131yafetleriyle katmanland\u0131r\u0131labilir.<\/li>\n<\/ul>\n<p data-sourcepos=\"19:1-19:138\">\u00d6zel ihtiya\u00e7lar\u0131n\u0131z\u0131 ve tercihlerinizi kar\u015f\u0131layan bir golf kap\u00fc\u015fonlu sweatshirt se\u00e7erek golf sahas\u0131ndaki konforunuzu ve performans\u0131n\u0131z\u0131 art\u0131rabilirsiniz.<\/p>","protected":false},"excerpt":{"rendered":"<table style=\"height: 543px;\" width=\"471\">\n<tbody>\n<tr>\n<td width=\"146\"><strong><b>\u00dcr\u00fcn<\/b><\/strong>\u00a0<strong><b>\u0130sim:<\/b><\/strong><\/td>\n<td width=\"601\">\n<p data-sourcepos=\"3:1-3:34\"><strong>Golf Kap\u00fc\u015fonlu<\/strong><\/p>\n<\/td>\n<\/tr>\n<tr>\n<td width=\"146\"><strong><b>Materlal:<\/b><\/strong><\/td>\n<td width=\"601\">Polyester\/Pamuk<\/td>\n<\/tr>\n<tr>\n<td width=\"146\"><strong><b>Teknik: <\/b><\/strong><\/td>\n<td width=\"601\">Bask\u0131 ve Boyama<\/td>\n<\/tr>\n<tr>\n<td width=\"146\"><strong><b>Stil: <\/b><\/strong><\/td>\n<td width=\"601\">G\u00fcndelik<\/td>\n<\/tr>\n<tr>\n<td width=\"146\"><strong><b>Renk<\/b><\/strong><strong><b>:<\/b><\/strong><\/td>\n<td width=\"601\">Beyaz ve \u00d6zel Renkler<\/td>\n<\/tr>\n<tr>\n<td width=\"146\"><strong><b>Boyut:<\/b><\/strong><\/td>\n<td width=\"601\">S \/M \/L \/XL \/2XL<\/td>\n<\/tr>\n<tr>\n<td width=\"146\"><strong><b>OEM\/ODM:<\/b><\/strong><\/td>\n<td width=\"601\">Kabul edilebilir<\/td>\n<\/tr>\n<tr>\n<td width=\"146\"><strong><b>Kalite:<\/b><\/strong><\/td>\n<td width=\"601\">100% Y\u00fcksek Kalite<\/td>\n<\/tr>\n<tr>\n<td width=\"146\"><strong><b>M<\/b><\/strong><strong><b>OQ:<\/b><\/strong><\/td>\n<td width=\"601\">200 Adet<\/td>\n<\/tr>\n<\/tbody>\n<\/table>","protected":false},"featured_media":1844,"template":"","meta":[],"product_brand":[],"product_cat":[38],"product_tag":[],"class_list":{"0":"post-1843","1":"product","2":"type-product","3":"status-publish","4":"has-post-thumbnail","6":"product_cat-mens-clothing","8":"first","9":"instock","10":"shipping-taxable","11":"product-type-simple"},"_links":{"self":[{"href":"https:\/\/mj-clothing.com\/tr\/wp-json\/wp\/v2\/product\/1843","targetHints":{"allow":["GET"]}}],"collection":[{"href":"https:\/\/mj-clothing.com\/tr\/wp-json\/wp\/v2\/product"}],"about":[{"href":"https:\/\/mj-clothing.com\/tr\/wp-json\/wp\/v2\/types\/product"}],"wp:featuredmedia":[{"embeddable":true,"href":"https:\/\/mj-clothing.com\/tr\/wp-json\/wp\/v2\/media\/1844"}],"wp:attachment":[{"href":"https:\/\/mj-clothing.com\/tr\/wp-json\/wp\/v2\/media?parent=1843"}],"wp:term":[{"taxonomy":"product_brand","embeddable":true,"href":"https:\/\/mj-clothing.com\/tr\/wp-json\/wp\/v2\/product_brand?post=1843"},{"taxonomy":"product_cat","embeddable":true,"href":"https:\/\/mj-clothing.com\/tr\/wp-json\/wp\/v2\/product_cat?post=1843"},{"taxonomy":"product_tag","embeddable":true,"href":"https:\/\/mj-clothing.com\/tr\/wp-json\/wp\/v2\/product_tag?post=1843"}],"curies":[{"name":"wp","href":"https:\/\/api.w.org\/{rel}","templated":true}]}}