{"id":1846,"date":"2024-12-16T03:37:19","date_gmt":"2024-12-16T03:37:19","guid":{"rendered":"https:\/\/mj-clothing.com\/?post_type=product&#038;p=1846"},"modified":"2024-12-17T06:24:41","modified_gmt":"2024-12-17T06:24:41","slug":"weighted-hoodie","status":"publish","type":"product","link":"https:\/\/mj-clothing.com\/tr\/manufacturer\/weighted-hoodie\/","title":{"rendered":"A\u011f\u0131rl\u0131kl\u0131 Kap\u00fc\u015fonlu"},"content":{"rendered":"<p data-sourcepos=\"1:1-1:292\"><span class=\"citation-0 recitation citation-end-0\">A\u011f\u0131rl\u0131kl\u0131 kap\u00fc\u015fonlu sweatshirt, sakinle\u015ftirici ve topraklay\u0131c\u0131 bir etki sa\u011flamak i\u00e7in kuma\u015fa genellikle cam boncuklar veya plastik peletler gibi a\u011f\u0131rl\u0131kl\u0131 malzemeler ekleyen bir giysi t\u00fcr\u00fcd\u00fcr.<\/span> <span class=\"citation-1 recitation citation-end-1\">Bu hafif bas\u0131n\u00e7 anksiyeteyi azaltmaya, odaklanmay\u0131 art\u0131rmaya ve daha iyi uyumaya yard\u0131mc\u0131 olabilir.<\/span><span class=\"button-container hide-from-message-actions ng-star-inserted\"> \u00a0<\/span><\/p>\n<h3 data-sourcepos=\"3:1-3:38\"><strong>A\u011f\u0131rl\u0131kl\u0131 Kap\u00fc\u015fonun Temel \u00d6zellikleri:<\/strong><\/h3>\n<ul data-sourcepos=\"5:1-10:0\">\n<li data-sourcepos=\"5:1-5:145\"><strong>A\u011f\u0131rl\u0131kl\u0131 Malzemeler:<\/strong> <span class=\"citation-2 recitation citation-end-2\">K\u00fc\u00e7\u00fck boncuklar veya topaklar kap\u00fc\u015fonun her taraf\u0131na e\u015fit olarak da\u011f\u0131t\u0131larak nazik, sakinle\u015ftirici bir bas\u0131n\u00e7 sa\u011flar.<\/span><span class=\"button-container hide-from-message-actions ng-star-inserted\"> \u00a0<\/span>\n<div class=\"container ng-tns-c2946245707-171 hide\">\n<div class=\"carousel-container ng-tns-c2946245707-171\"><\/div>\n<\/div>\n<\/li>\n<li data-sourcepos=\"6:1-6:93\"><strong>Konfor:<\/strong> <span class=\"citation-3 recitation citation-end-3\">Kap\u00fc\u015fonlu sweatshirt yumu\u015fak, rahat ve konforlu olacak \u015fekilde tasarlanm\u0131\u015ft\u0131r.<\/span><span class=\"button-container hide-from-message-actions ng-star-inserted\"> \u00a0<\/span>\n<div class=\"container ng-tns-c2946245707-172 hide\">\n<div class=\"carousel-container ng-tns-c2946245707-172\"><\/div>\n<\/div>\n<\/li>\n<li data-sourcepos=\"7:1-7:108\"><strong>\u00c7ok y\u00f6nl\u00fcl\u00fck:<\/strong> <span class=\"citation-4 recitation citation-end-4\">Rahatlamak i\u00e7in g\u00fcn boyunca veya daha iyi uyku i\u00e7in geceleri tak\u0131labilir.<\/span><span class=\"button-container hide-from-message-actions ng-star-inserted\"> \u00a0<\/span>\n<div class=\"container ng-tns-c2946245707-173 hide\">\n<div class=\"carousel-container ng-tns-c2946245707-173\"><\/div>\n<\/div>\n<\/li>\n<li data-sourcepos=\"8:1-8:127\"><strong>Sakinle\u015ftirici Etki:<\/strong> <span class=\"citation-5 recitation citation-end-5\">A\u011f\u0131rl\u0131k, stres ve kayg\u0131y\u0131 azaltmaya yard\u0131mc\u0131 olarak huzur ve esenlik duygusunu te\u015fvik edebilir.<\/span><span class=\"button-container hide-from-message-actions ng-star-inserted\">\u00a0<\/span>\n<div class=\"container ng-tns-c2946245707-174 hide\">\n<div class=\"carousel-container ng-tns-c2946245707-174\"><\/div>\n<\/div>\n<\/li>\n<li data-sourcepos=\"9:1-10:0\"><strong><span class=\"citation-6 recitation\">Geli\u015ftirilmi\u015f Odaklanma:<\/span><\/strong><span class=\"citation-6 recitation citation-end-6\"> Hafif bas\u0131n\u00e7 odaklanmay\u0131 ve konsantrasyonu art\u0131rmaya yard\u0131mc\u0131 olabilir.<\/span><span class=\"button-container hide-from-message-actions ng-star-inserted\"> \u00a0<\/span>\n<div class=\"container ng-tns-c2946245707-175 hide\">\n<div class=\"carousel-container ng-tns-c2946245707-175\"><\/div>\n<\/div>\n<\/li>\n<\/ul>\n<h3 data-sourcepos=\"11:1-11:36\"><strong>A\u011f\u0131rl\u0131kl\u0131 Kap\u00fc\u015fonlu \u00dcst Nas\u0131l Se\u00e7ilir?<\/strong><\/h3>\n<ul data-sourcepos=\"13:1-17:0\">\n<li data-sourcepos=\"13:1-13:82\"><strong>A\u011f\u0131rl\u0131k:<\/strong> Kap\u00fc\u015fonun a\u011f\u0131rl\u0131\u011f\u0131 v\u00fccut a\u011f\u0131rl\u0131\u011f\u0131n\u0131z\u0131n yakla\u015f\u0131k 5-10%'si kadar olmal\u0131d\u0131r.<\/li>\n<li data-sourcepos=\"14:1-14:75\"><strong>Malzeme:<\/strong> Pamuk veya polar gibi yumu\u015fak, nefes alabilen bir malzeme aray\u0131n.<\/li>\n<li data-sourcepos=\"15:1-15:92\"><strong>A\u011f\u0131rl\u0131k Da\u011f\u0131l\u0131m\u0131:<\/strong> A\u011f\u0131rl\u0131\u011f\u0131n kap\u00fc\u015fonlu sweatshirt boyunca e\u015fit olarak da\u011f\u0131ld\u0131\u011f\u0131ndan emin olun.<\/li>\n<li data-sourcepos=\"16:1-17:0\"><strong>Konfor:<\/strong> Kap\u00fc\u015fonlu sweatshirt rahat\u00e7a oturmal\u0131 ve \u00e7ok s\u0131k\u0131 veya \u00e7ok bol olmamal\u0131d\u0131r.<\/li>\n<\/ul>\n<h3 data-sourcepos=\"18:1-18:33\"><strong>A\u011f\u0131rl\u0131kl\u0131 Kap\u00fc\u015fonlu \u00dcstl\u00fck Nas\u0131l Kullan\u0131l\u0131r?<\/strong><\/h3>\n<ul data-sourcepos=\"20:1-23:0\">\n<li data-sourcepos=\"20:1-20:72\"><strong>Rahatlama:<\/strong> Kanepede veya yatakta dinlenirken kap\u00fc\u015fonlu sweatshirt'\u00fc giyin.<\/li>\n<li data-sourcepos=\"21:1-21:81\"><strong><span class=\"citation-7 recitation\">Uyu:<\/span><\/strong><span class=\"citation-7 recitation citation-end-7\"> Uyku kalitesini art\u0131rmak i\u00e7in kap\u00fc\u015fonluyu uyku yard\u0131m\u0131 olarak kullan\u0131n.<\/span><span class=\"button-container hide-from-message-actions ng-star-inserted\"> \u00a0<\/span>\n<div class=\"container ng-tns-c2946245707-176 hide\">\n<div class=\"carousel-container ng-tns-c2946245707-176\"><\/div>\n<\/div>\n<\/li>\n<li data-sourcepos=\"22:1-23:0\"><strong><span class=\"citation-8 recitation\">Odaklan:<\/span><\/strong><span class=\"citation-8 recitation citation-end-8\"> Kap\u00fc\u015fonlu ti\u015f\u00f6rt\u00fc ders \u00e7al\u0131\u015f\u0131rken, \u00e7al\u0131\u015f\u0131rken veya odaklanma gerektiren di\u011fer faaliyetlerde bulunurken giyin.<\/span><span class=\"button-container hide-from-message-actions ng-star-inserted\">\u00a0 \u00a0<\/span>\n<div class=\"container ng-tns-c2946245707-177 hide\">\n<div class=\"carousel-container ng-tns-c2946245707-177\"><\/div>\n<\/div>\n<\/li>\n<\/ul>\n<h3 data-sourcepos=\"24:1-24:40\"><strong>A\u011f\u0131rl\u0131kl\u0131 Kap\u00fc\u015fonlu Sweatshirt Kullanman\u0131n Faydalar\u0131:<\/strong><\/h3>\n<ul data-sourcepos=\"26:1-30:0\">\n<li data-sourcepos=\"26:1-26:92\"><strong>Azalt\u0131lm\u0131\u015f Anksiyete:<\/strong> <span class=\"citation-9 recitation citation-end-9\">Hafif bas\u0131n\u00e7 sinir sistemini sakinle\u015ftirmeye yard\u0131mc\u0131 olabilir.<\/span><span class=\"button-container hide-from-message-actions ng-star-inserted\"> \u00a0<\/span>\n<div class=\"container ng-tns-c2946245707-178 hide\">\n<div class=\"carousel-container ng-tns-c2946245707-178\"><\/div>\n<\/div>\n<\/li>\n<li data-sourcepos=\"27:1-27:87\"><strong><span class=\"citation-10 recitation\">Geli\u015ftirilmi\u015f Uyku:<\/span><\/strong><span class=\"citation-10 recitation citation-end-10\"> A\u011f\u0131rl\u0131k, daha derin ve dinlendirici bir uykuyu te\u015fvik edebilir.<\/span><span class=\"button-container hide-from-message-actions ng-star-inserted\">\u00a0<\/span>\n<div class=\"container ng-tns-c2946245707-179 hide\">\n<div class=\"carousel-container ng-tns-c2946245707-179\"><\/div>\n<\/div>\n<\/li>\n<li data-sourcepos=\"28:1-28:101\"><strong><span class=\"citation-11 recitation\">Daha iyi odaklan:<\/span><\/strong><span class=\"citation-11 recitation citation-end-11\"> Bas\u0131n\u00e7, konsantrasyon ve dikkat s\u00fcresini art\u0131rmaya yard\u0131mc\u0131 olabilir.<\/span><span class=\"button-container hide-from-message-actions ng-star-inserted\">\u00a0 \u00a0<\/span>\n<div class=\"container ng-tns-c2946245707-180 hide\">\n<div class=\"carousel-container ng-tns-c2946245707-180\"><\/div>\n<\/div>\n<\/li>\n<li data-sourcepos=\"29:1-30:0\"><strong><span class=\"citation-12 recitation\">Azalt\u0131lm\u0131\u015f Stres:<\/span><\/strong><span class=\"citation-12 recitation citation-end-12\"> A\u011f\u0131rl\u0131\u011f\u0131n sakinle\u015ftirici etkisi stres seviyelerini azaltmaya yard\u0131mc\u0131 olabilir.<\/span><span class=\"button-container hide-from-message-actions ng-star-inserted\">\u00a0<\/span>\n<div class=\"container ng-tns-c2946245707-181 hide\">\n<div class=\"carousel-container ng-tns-c2946245707-181\"><\/div>\n<\/div>\n<\/li>\n<\/ul>\n<p data-sourcepos=\"31:1-31:269\">Stres ve kayg\u0131y\u0131 azaltmak i\u00e7in do\u011fal bir yol ar\u0131yorsan\u0131z, a\u011f\u0131rl\u0131kl\u0131 kap\u00fc\u015fonlu sweatshirt sizin i\u00e7in iyi bir se\u00e7enek olabilir. Bununla birlikte, \u00f6zellikle altta yatan herhangi bir sa\u011fl\u0131k sorununuz varsa, a\u011f\u0131rl\u0131kl\u0131 bir \u00fcr\u00fcn kullanmadan \u00f6nce bir sa\u011fl\u0131k uzman\u0131na dan\u0131\u015fman\u0131z \u00f6nemlidir.<\/p>","protected":false},"excerpt":{"rendered":"<table style=\"height: 478px;\" width=\"402\">\n<tbody>\n<tr>\n<td width=\"146\"><strong><b>\u00dcr\u00fcn<\/b><\/strong>\u00a0<strong><b>\u0130sim:<\/b><\/strong><\/td>\n<td width=\"601\"><strong>A\u011f\u0131rl\u0131kl\u0131 Kap\u00fc\u015fonlu<\/strong><\/td>\n<\/tr>\n<tr>\n<td width=\"146\"><strong><b>Materlal:<\/b><\/strong><\/td>\n<td width=\"601\">Polyester\/Pamuk<\/td>\n<\/tr>\n<tr>\n<td width=\"146\"><strong><b>Teknik:<\/b><\/strong><\/td>\n<td width=\"601\">Bask\u0131 ve Boyama<\/td>\n<\/tr>\n<tr>\n<td width=\"146\"><strong><b>Stil:<\/b><\/strong><\/td>\n<td width=\"601\">G\u00fcndelik<\/td>\n<\/tr>\n<tr>\n<td width=\"146\"><strong><b>Renk<\/b><\/strong><strong><b>:<\/b><\/strong><\/td>\n<td width=\"601\">\u00a0\u00d6zel Renkler<\/td>\n<\/tr>\n<tr>\n<td width=\"146\"><strong><b>Boyut:<\/b><\/strong><\/td>\n<td width=\"601\">S \/M \/L \/XL \/2XL<\/td>\n<\/tr>\n<tr>\n<td width=\"146\"><strong><b>OEM\/ODM:<\/b><\/strong><\/td>\n<td width=\"601\">Kabul edilebilir<\/td>\n<\/tr>\n<tr>\n<td width=\"146\"><strong><b>Kalite:<\/b><\/strong><\/td>\n<td width=\"601\">100% Y\u00fcksek Kalite<\/td>\n<\/tr>\n<tr>\n<td width=\"146\"><strong><b>M<\/b><\/strong><strong><b>OQ:<\/b><\/strong><\/td>\n<td width=\"601\">200 Adet<\/td>\n<\/tr>\n<\/tbody>\n<\/table>","protected":false},"featured_media":1848,"template":"","meta":[],"product_brand":[],"product_cat":[38],"product_tag":[],"class_list":{"0":"post-1846","1":"product","2":"type-product","3":"status-publish","4":"has-post-thumbnail","6":"product_cat-mens-clothing","8":"first","9":"instock","10":"shipping-taxable","11":"product-type-simple"},"_links":{"self":[{"href":"https:\/\/mj-clothing.com\/tr\/wp-json\/wp\/v2\/product\/1846","targetHints":{"allow":["GET"]}}],"collection":[{"href":"https:\/\/mj-clothing.com\/tr\/wp-json\/wp\/v2\/product"}],"about":[{"href":"https:\/\/mj-clothing.com\/tr\/wp-json\/wp\/v2\/types\/product"}],"wp:featuredmedia":[{"embeddable":true,"href":"https:\/\/mj-clothing.com\/tr\/wp-json\/wp\/v2\/media\/1848"}],"wp:attachment":[{"href":"https:\/\/mj-clothing.com\/tr\/wp-json\/wp\/v2\/media?parent=1846"}],"wp:term":[{"taxonomy":"product_brand","embeddable":true,"href":"https:\/\/mj-clothing.com\/tr\/wp-json\/wp\/v2\/product_brand?post=1846"},{"taxonomy":"product_cat","embeddable":true,"href":"https:\/\/mj-clothing.com\/tr\/wp-json\/wp\/v2\/product_cat?post=1846"},{"taxonomy":"product_tag","embeddable":true,"href":"https:\/\/mj-clothing.com\/tr\/wp-json\/wp\/v2\/product_tag?post=1846"}],"curies":[{"name":"wp","href":"https:\/\/api.w.org\/{rel}","templated":true}]}}