{"id":1853,"date":"2024-12-16T06:19:44","date_gmt":"2024-12-16T06:19:44","guid":{"rendered":"https:\/\/mj-clothing.com\/?post_type=product&#038;p=1853"},"modified":"2024-12-17T06:22:58","modified_gmt":"2024-12-17T06:22:58","slug":"drake-hoodie","status":"publish","type":"product","link":"https:\/\/mj-clothing.com\/tr\/manufacturer\/drake-hoodie\/","title":{"rendered":"Drake Kap\u00fc\u015fonlu"},"content":{"rendered":"<p data-sourcepos=\"1:1-1:226\"><span class=\"citation-0 recitation citation-end-0\">Kanadal\u0131 \u00fcnl\u00fc rap\u00e7i Drake Hoodie, kap\u00fc\u015fonlular da dahil olmak \u00fczere bir dizi \u00fcr\u00fcne ilham verdi.<\/span> <span class=\"citation-1 recitation citation-end-1\">Bu kap\u00fc\u015fonlu sweatshirt'lerde genellikle sanat\u00e7\u0131n\u0131n ikonik logosu, alb\u00fcm resmi ya da \u015fark\u0131 s\u00f6zleri yer al\u0131yor ve hayran kitlesine hitap ediyor.<\/span><\/p>\n<h3 data-sourcepos=\"1:1-1:226\"><strong>Drake Hoodie'nin Temel \u00d6zellikleri:<\/strong><\/h3>\n<ul data-sourcepos=\"5:1-9:0\">\n<li data-sourcepos=\"5:1-5:125\"><strong><span class=\"citation-2 recitation\">Y\u00fcksek Kaliteli Malzeme:<\/span><\/strong><span class=\"citation-2 recitation citation-end-2\"> Konfor ve dayan\u0131kl\u0131l\u0131k i\u00e7in genellikle pamuk veya polar gibi birinci s\u0131n\u0131f malzemelerden yap\u0131l\u0131r.<\/span><span class=\"button-container hide-from-message-actions ng-star-inserted\"> \u00a0<\/span><\/li>\n<li data-sourcepos=\"5:1-5:125\"><span class=\"button-container hide-from-message-actions ng-star-inserted\"><strong style=\"font-size: 14.4px;\"><span class=\"citation-3 recitation\">\u015e\u0131k Tasar\u0131m:<\/span><\/strong><span class=\"citation-3 recitation citation-end-3\" style=\"font-size: 14.4px;\"> Modaya uygun tasar\u0131mlar\u0131, cesur grafikleri ve Drake imzal\u0131 esteti\u011fi bir araya getirir.<\/span><span class=\"button-container hide-from-message-actions ng-star-inserted\" style=\"font-size: 14.4px;\"> \u00a0<\/span><\/span>\n<div class=\"container ng-tns-c2946245707-199 hide\">\n<div class=\"carousel-container ng-tns-c2946245707-199\"><\/div>\n<\/div>\n<\/li>\n<li data-sourcepos=\"7:1-7:80\"><strong>Rahat Uyum:<\/strong> G\u00fcnl\u00fck kullan\u0131m i\u00e7in rahat ve konforlu bir uyum sa\u011flar.<\/li>\n<li data-sourcepos=\"8:1-9:0\"><strong>Hayran \u0130lgisi:<\/strong> <span class=\"citation-4 recitation citation-end-4\">\u0130konik Drake g\u00f6rselleri ve markas\u0131n\u0131 i\u00e7erir.<\/span><span class=\"button-container hide-from-message-actions ng-star-inserted\"> \u00a0<\/span>\n<div class=\"container ng-tns-c2946245707-200 hide\">\n<div class=\"carousel-container ng-tns-c2946245707-200\"><\/div>\n<\/div>\n<\/li>\n<\/ul>\n<h3 data-sourcepos=\"10:1-10:32\"><strong>Drake Hoodie Nereden Al\u0131n\u0131r?<\/strong><\/h3>\n<ul data-sourcepos=\"12:1-15:0\">\n<li data-sourcepos=\"12:1-12:146\"><strong>Resmi \u00dcr\u00fcn Ma\u011fazalar\u0131:<\/strong> <span class=\"citation-5 recitation citation-end-5\">Drake'in resmi \u00fcr\u00fcn ma\u011fazas\u0131 veya yetkili perakendeciler genellikle resmi lisansl\u0131 kap\u00fc\u015fonlu sweatshirtler satmaktad\u0131r.<\/span><span class=\"button-container hide-from-message-actions ng-star-inserted\">\u00a0 \u00a0<\/span>\n<div class=\"container ng-tns-c2946245707-201 hide\">\n<div class=\"carousel-container ng-tns-c2946245707-201\"><\/div>\n<\/div>\n<\/li>\n<li data-sourcepos=\"13:1-13:162\"><strong><span class=\"citation-6 recitation\">\u00c7evrimi\u00e7i Pazar Yerleri:<\/span><\/strong><span class=\"citation-6 recitation citation-end-6\"> eBay, StockX ve Grailed gibi platformlar, s\u0131n\u0131rl\u0131 say\u0131da ve vintage \u00fcr\u00fcnler de dahil olmak \u00fczere \u00e7ok \u00e7e\u015fitli Drake k\u0131yafetleri sunmaktad\u0131r.<\/span><span class=\"button-container hide-from-message-actions ng-star-inserted\"> \u00a0<\/span>\n<div class=\"container ng-tns-c2946245707-202 hide\">\n<div class=\"carousel-container ng-tns-c2946245707-202\"><\/div>\n<\/div>\n<\/li>\n<li data-sourcepos=\"14:1-15:0\"><strong>Yeniden sat\u0131\u015f ma\u011fazalar\u0131:<\/strong> Potansiyel buluntular i\u00e7in yerel sokak giyim butiklerine ve yeniden sat\u0131\u015f ma\u011fazalar\u0131na g\u00f6z at\u0131n.<\/li>\n<\/ul>\n<h3 data-sourcepos=\"16:1-16:35\"><strong>Drake Hoodie Sat\u0131n Almak \u0130\u00e7in \u0130pu\u00e7lar\u0131:<\/strong><\/h3>\n<ul data-sourcepos=\"18:1-22:0\">\n<li data-sourcepos=\"18:1-18:101\"><strong>\u00d6zg\u00fcnl\u00fck:<\/strong> Resmi etiketleri ve markay\u0131 kontrol ederek kap\u00fc\u015fonlu sweatshirt'\u00fcn orijinalli\u011fini do\u011frulay\u0131n.<\/li>\n<li data-sourcepos=\"19:1-19:85\"><strong>Durum:<\/strong> Kullan\u0131lm\u0131\u015f bir kap\u00fc\u015fonlu sweatshirt sat\u0131n al\u0131yorsan\u0131z, herhangi bir a\u015f\u0131nma veya hasar belirtisi olup olmad\u0131\u011f\u0131n\u0131 inceleyin.<\/li>\n<li data-sourcepos=\"20:1-20:84\"><strong>Boyutland\u0131rma:<\/strong> Uygun bir uyum sa\u011flamak i\u00e7in sat\u0131c\u0131 taraf\u0131ndan sa\u011flanan beden tablosuna bak\u0131n.<\/li>\n<li data-sourcepos=\"21:1-22:0\"><strong>Fiyat:<\/strong> Fazla \u00f6deme yapmaktan ka\u00e7\u0131nmak i\u00e7in mevcut piyasa fiyatlar\u0131n\u0131 ara\u015ft\u0131r\u0131n.<\/li>\n<\/ul>\n<p data-sourcepos=\"23:1-23:123\">Bu ipu\u00e7lar\u0131n\u0131 takip ederek, sanat\u00e7\u0131ya olan sevginizi sergilemek ve tarz\u0131n\u0131z\u0131 y\u00fckseltmek i\u00e7in m\u00fckemmel Drake kap\u00fc\u015fonluyu bulabilirsiniz.<\/p>","protected":false},"excerpt":{"rendered":"<table style=\"height: 547px;\" width=\"443\">\n<tbody>\n<tr>\n<td width=\"146\"><strong><b>\u00dcr\u00fcn<\/b><\/strong>\u00a0<strong><b>\u0130sim:<\/b><\/strong><\/td>\n<td width=\"601\"><strong>Drake Kap\u00fc\u015fonlu<\/strong><\/td>\n<\/tr>\n<tr>\n<td width=\"146\"><strong><b>Materlal:<\/b><\/strong><\/td>\n<td width=\"601\">Polyester\/Pamuk<\/td>\n<\/tr>\n<tr>\n<td width=\"146\"><strong><b>Teknik:<\/b><\/strong><\/td>\n<td width=\"601\">Bask\u0131 ve Boyama<\/td>\n<\/tr>\n<tr>\n<td width=\"146\"><strong><b>Stil:<\/b><\/strong><\/td>\n<td width=\"601\">G\u00fcndelik<\/td>\n<\/tr>\n<tr>\n<td width=\"146\"><strong><b>Renk<\/b><\/strong><strong><b>:<\/b><\/strong><\/td>\n<td width=\"601\">\u00a0Siyah ve \u00d6zel Renkler<\/td>\n<\/tr>\n<tr>\n<td width=\"146\"><strong><b>Boyut:<\/b><\/strong><\/td>\n<td width=\"601\">S \/M \/L \/XL \/2XL<\/td>\n<\/tr>\n<tr>\n<td width=\"146\"><strong><b>OEM\/ODM:<\/b><\/strong><\/td>\n<td width=\"601\">Kabul edilebilir<\/td>\n<\/tr>\n<tr>\n<td width=\"146\"><strong><b>Kalite:<\/b><\/strong><\/td>\n<td width=\"601\">100% Y\u00fcksek Kalite<\/td>\n<\/tr>\n<tr>\n<td width=\"146\"><strong><b>M<\/b><\/strong><strong><b>OQ:<\/b><\/strong><\/td>\n<td width=\"601\">200 Adet<\/td>\n<\/tr>\n<\/tbody>\n<\/table>","protected":false},"featured_media":1857,"template":"","meta":[],"product_brand":[],"product_cat":[38],"product_tag":[],"class_list":{"0":"post-1853","1":"product","2":"type-product","3":"status-publish","4":"has-post-thumbnail","6":"product_cat-mens-clothing","8":"first","9":"instock","10":"shipping-taxable","11":"product-type-simple"},"_links":{"self":[{"href":"https:\/\/mj-clothing.com\/tr\/wp-json\/wp\/v2\/product\/1853","targetHints":{"allow":["GET"]}}],"collection":[{"href":"https:\/\/mj-clothing.com\/tr\/wp-json\/wp\/v2\/product"}],"about":[{"href":"https:\/\/mj-clothing.com\/tr\/wp-json\/wp\/v2\/types\/product"}],"wp:featuredmedia":[{"embeddable":true,"href":"https:\/\/mj-clothing.com\/tr\/wp-json\/wp\/v2\/media\/1857"}],"wp:attachment":[{"href":"https:\/\/mj-clothing.com\/tr\/wp-json\/wp\/v2\/media?parent=1853"}],"wp:term":[{"taxonomy":"product_brand","embeddable":true,"href":"https:\/\/mj-clothing.com\/tr\/wp-json\/wp\/v2\/product_brand?post=1853"},{"taxonomy":"product_cat","embeddable":true,"href":"https:\/\/mj-clothing.com\/tr\/wp-json\/wp\/v2\/product_cat?post=1853"},{"taxonomy":"product_tag","embeddable":true,"href":"https:\/\/mj-clothing.com\/tr\/wp-json\/wp\/v2\/product_tag?post=1853"}],"curies":[{"name":"wp","href":"https:\/\/api.w.org\/{rel}","templated":true}]}}