{"id":1859,"date":"2024-12-16T06:23:43","date_gmt":"2024-12-16T06:23:43","guid":{"rendered":"https:\/\/mj-clothing.com\/?post_type=product&#038;p=1859"},"modified":"2024-12-17T06:20:37","modified_gmt":"2024-12-17T06:20:37","slug":"white-crew-neck-sweatshirt","status":"publish","type":"product","link":"https:\/\/mj-clothing.com\/tr\/manufacturer\/white-crew-neck-sweatshirt\/","title":{"rendered":"Beyaz Bisiklet Yaka Sweatshirt"},"content":{"rendered":"<p data-sourcepos=\"1:1-1:170\"><span class=\"citation-0 recitation citation-end-0\">Beyaz bisiklet yaka sweatshirt, ister a\u015fa\u011f\u0131 ister yukar\u0131 giyilebilen klasik ve \u00e7ok y\u00f6nl\u00fc bir k\u0131yafettir.<\/span> Y\u0131l boyunca giyilebilecek bir gard\u0131rop elyaf\u0131d\u0131r.<span class=\"button-container hide-from-message-actions ng-star-inserted\"> \u00a0<\/span><\/p>\n<h3 data-sourcepos=\"3:1-3:49\"><strong>Beyaz Bisiklet Yaka Sweatshirt'\u00fcn Temel \u00d6zellikleri:<\/strong><\/h3>\n<ul data-sourcepos=\"5:1-9:0\">\n<li data-sourcepos=\"5:1-5:89\"><strong>Basit Tasar\u0131m:<\/strong> Yuvarlak yakal\u0131 ve uzun kollu klasik, minimalist bir tasar\u0131m.<\/li>\n<li data-sourcepos=\"6:1-6:97\"><strong>Konfor:<\/strong> <span class=\"citation-1 recitation citation-end-1\">Genellikle pamuk veya polar gibi yumu\u015fak, nefes alabilen malzemelerden yap\u0131l\u0131r.<\/span><span class=\"button-container hide-from-message-actions ng-star-inserted\"> \u00a0<\/span>\n<div class=\"container ng-tns-c2946245707-216 hide\">\n<div class=\"carousel-container ng-tns-c2946245707-216\"><\/div>\n<\/div>\n<\/li>\n<li data-sourcepos=\"7:1-7:91\"><strong><span class=\"citation-2 recitation\">\u00c7ok y\u00f6nl\u00fcl\u00fck:<\/span><\/strong><span class=\"citation-2 recitation citation-end-2\"> Kot pantolonlar, taytlar, etekler veya elbise pantolonlar\u0131 ile e\u015fle\u015ftirilebilir.<\/span>\n<div class=\"container ng-tns-c2946245707-217 hide\">\n<div class=\"carousel-container ng-tns-c2946245707-217\"><\/div>\n<\/div>\n<\/li>\n<li data-sourcepos=\"8:1-9:0\"><strong>Zamans\u0131z:<\/strong> Asla modas\u0131 ge\u00e7meyen zamans\u0131z bir par\u00e7a.<\/li>\n<\/ul>\n<h3 data-sourcepos=\"10:1-10:46\"><strong>Beyaz Bisiklet Yaka Sweatshirt Nas\u0131l Stilize Edilir?<\/strong><\/h3>\n<p data-sourcepos=\"12:1-12:66\">\u0130\u015fte beyaz bisiklet yaka sweatshirt'\u00fcn nas\u0131l stilize edilece\u011fine dair birka\u00e7 fikir:<\/p>\n<ul data-sourcepos=\"14:1-18:0\">\n<li data-sourcepos=\"14:1-14:67\"><strong>S\u0131radan:<\/strong> Rahat bir g\u00f6r\u00fcn\u00fcm i\u00e7in kot pantolon ve spor ayakkab\u0131larla e\u015fle\u015ftirin.<\/li>\n<li data-sourcepos=\"15:1-15:69\"><strong>Sportif:<\/strong> E\u015fofman alt\u0131 veya tozluk ve spor ayakkab\u0131 ile giyin.<\/li>\n<li data-sourcepos=\"16:1-16:73\"><strong>G\u00fcnl\u00fck k\u0131yafet:<\/strong> Blazer ceket, elbise pantolonu ve mokasen ayakkab\u0131larla giydirin.<\/li>\n<li data-sourcepos=\"17:1-18:0\"><strong>Katmanl\u0131:<\/strong> \u015e\u0131k bir g\u00f6r\u00fcn\u00fcm i\u00e7in kot ceket veya deri ceketin alt\u0131na katlay\u0131n.<\/li>\n<\/ul>\n<h3 data-sourcepos=\"19:1-19:51\"><strong>Beyaz Bisiklet Yaka Sweatshirt Se\u00e7imi \u0130\u00e7in \u0130pu\u00e7lar\u0131:<\/strong><\/h3>\n<ul data-sourcepos=\"21:1-24:0\">\n<li data-sourcepos=\"21:1-21:88\"><strong>Malzeme:<\/strong> Giymesi rahat olacak yumu\u015fak, y\u00fcksek kaliteli bir malzeme aray\u0131n.<\/li>\n<li data-sourcepos=\"22:1-22:109\"><strong>Fit:<\/strong> Ki\u015fisel tarz\u0131n\u0131za uygun bir kesim se\u00e7in. Rahat bir kesim veya daha v\u00fccuda oturan bir stil tercih edebilirsiniz.<\/li>\n<li data-sourcepos=\"23:1-24:0\"><strong>Bak\u0131m:<\/strong> Sweatshirt'\u00fcn\u00fcz\u00fcn en iyi \u015fekilde g\u00f6r\u00fcnmesini sa\u011flamak i\u00e7in etiketindeki bak\u0131m talimatlar\u0131n\u0131 izleyin.<\/li>\n<\/ul>\n<p data-sourcepos=\"25:1-25:101\">Bu ipu\u00e7lar\u0131n\u0131 takip ederek, gard\u0131robunuza eklemek i\u00e7in m\u00fckemmel beyaz bisiklet yaka sweatshirt'\u00fc bulabilirsiniz.<\/p>","protected":false},"excerpt":{"rendered":"<table style=\"height: 481px;\" width=\"465\">\n<tbody>\n<tr>\n<td width=\"146\"><strong><b>\u00dcr\u00fcn<\/b><\/strong>\u00a0<strong><b>\u0130sim:<\/b><\/strong><\/td>\n<td width=\"601\"><strong>Beyaz Bisiklet Yaka Sweatshirt<\/strong><\/td>\n<\/tr>\n<tr>\n<td width=\"146\"><strong><b>Materlal:<\/b><\/strong><\/td>\n<td width=\"601\">Polyester\/Pamuk<\/td>\n<\/tr>\n<tr>\n<td width=\"146\"><strong><b>Teknik:<\/b><\/strong><\/td>\n<td width=\"601\">Bask\u0131 ve Boyama<\/td>\n<\/tr>\n<tr>\n<td width=\"146\"><strong><b>Stil:<\/b><\/strong><\/td>\n<td width=\"601\">G\u00fcndelik<\/td>\n<\/tr>\n<tr>\n<td width=\"146\"><strong><b>Renk<\/b><\/strong><strong><b>:<\/b><\/strong><\/td>\n<td width=\"601\">\u00a0\u00d6zel Renkler<\/td>\n<\/tr>\n<tr>\n<td width=\"146\"><strong><b>Boyut:<\/b><\/strong><\/td>\n<td width=\"601\">S \/M \/L \/XL \/2XL<\/td>\n<\/tr>\n<tr>\n<td width=\"146\"><strong><b>OEM\/ODM:<\/b><\/strong><\/td>\n<td width=\"601\">Kabul edilebilir<\/td>\n<\/tr>\n<tr>\n<td width=\"146\"><strong><b>Kalite:<\/b><\/strong><\/td>\n<td width=\"601\">100% Y\u00fcksek Kalite<\/td>\n<\/tr>\n<tr>\n<td width=\"146\"><strong><b>M<\/b><\/strong><strong><b>OQ:<\/b><\/strong><\/td>\n<td width=\"601\">200 Adet<\/td>\n<\/tr>\n<\/tbody>\n<\/table>","protected":false},"featured_media":1860,"template":"","meta":[],"product_brand":[],"product_cat":[38],"product_tag":[],"class_list":{"0":"post-1859","1":"product","2":"type-product","3":"status-publish","4":"has-post-thumbnail","6":"product_cat-mens-clothing","8":"first","9":"instock","10":"shipping-taxable","11":"product-type-simple"},"_links":{"self":[{"href":"https:\/\/mj-clothing.com\/tr\/wp-json\/wp\/v2\/product\/1859","targetHints":{"allow":["GET"]}}],"collection":[{"href":"https:\/\/mj-clothing.com\/tr\/wp-json\/wp\/v2\/product"}],"about":[{"href":"https:\/\/mj-clothing.com\/tr\/wp-json\/wp\/v2\/types\/product"}],"wp:featuredmedia":[{"embeddable":true,"href":"https:\/\/mj-clothing.com\/tr\/wp-json\/wp\/v2\/media\/1860"}],"wp:attachment":[{"href":"https:\/\/mj-clothing.com\/tr\/wp-json\/wp\/v2\/media?parent=1859"}],"wp:term":[{"taxonomy":"product_brand","embeddable":true,"href":"https:\/\/mj-clothing.com\/tr\/wp-json\/wp\/v2\/product_brand?post=1859"},{"taxonomy":"product_cat","embeddable":true,"href":"https:\/\/mj-clothing.com\/tr\/wp-json\/wp\/v2\/product_cat?post=1859"},{"taxonomy":"product_tag","embeddable":true,"href":"https:\/\/mj-clothing.com\/tr\/wp-json\/wp\/v2\/product_tag?post=1859"}],"curies":[{"name":"wp","href":"https:\/\/api.w.org\/{rel}","templated":true}]}}