{"id":1878,"date":"2024-12-16T07:13:21","date_gmt":"2024-12-16T07:13:21","guid":{"rendered":"https:\/\/mj-clothing.com\/?post_type=product&#038;p=1878"},"modified":"2024-12-17T03:45:36","modified_gmt":"2024-12-17T03:45:36","slug":"sewing-patterns-for-womens-tops","status":"publish","type":"product","link":"https:\/\/mj-clothing.com\/tr\/manufacturer\/sewing-patterns-for-womens-tops\/","title":{"rendered":"Kad\u0131n \u00dcst Giysileri \u0130\u00e7in Diki\u015f Kal\u0131plar\u0131"},"content":{"rendered":"<p data-sourcepos=\"1:1-1:100\">Kad\u0131n \u00fcstleri i\u00e7in diki\u015f desenleri i\u00e7in Kad\u0131n \u00dcstleri \u0130\u00e7in Diki\u015f Desenleri vard\u0131r. \u0130\u015fte birka\u00e7 pop\u00fcler se\u00e7enek:<\/p>\n<h2 data-sourcepos=\"3:1-3:29\"><strong>Kad\u0131n \u00dcst Giysileri \u0130\u00e7in Online Diki\u015f Kal\u0131plar\u0131:<\/strong><\/h2>\n<ul data-sourcepos=\"5:1-15:0\">\n<li data-sourcepos=\"5:1-6:37\"><strong>Basitlik:<\/strong> \u00dcstler, bluzlar ve tunikler de dahil olmak \u00fczere t\u00fcm beceri seviyeleri i\u00e7in geni\u015f bir desen yelpazesi sunar.<\/li>\n<li data-sourcepos=\"5:1-6:37\"><strong style=\"font-size: 14.4px;\">McCall's:<\/strong><span style=\"font-size: 14.4px;\"> \u00c7e\u015fitli kol uzunluklar\u0131na, yakalara ve detaylara sahip \u00fcstler de dahil olmak \u00fczere \u015f\u0131k ve modern desenleriyle tan\u0131n\u0131r.<\/span><\/li>\n<li data-sourcepos=\"5:1-6:37\"><strong style=\"font-size: 14.4px;\">Vogue Desenleri:<\/strong><span style=\"font-size: 14.4px;\"> Karma\u015f\u0131k bluzlar ve benzersiz tasar\u0131mlara sahip \u00fcstler de dahil olmak \u00fczere ileri d\u00fczey diki\u015f\u00e7iler i\u00e7in y\u00fcksek moda kal\u0131plar sa\u011flar.<\/span><\/li>\n<li data-sourcepos=\"5:1-6:37\"><strong style=\"font-size: 14.4px;\">BurdaStyle:<\/strong><span style=\"font-size: 14.4px;\"> A\u00e7\u0131k talimatlar ve ayr\u0131nt\u0131l\u0131 \u00e7izimlerle klasikten modaya kadar \u00e7e\u015fitli desenler sunar.<\/span><\/li>\n<li data-sourcepos=\"5:1-6:37\"><strong style=\"font-size: 14.4px;\">New Look:<\/strong><span style=\"font-size: 14.4px;\"> Temel \u00fcstler, bluzlar ve tunikler de dahil olmak \u00fczere uygun fiyatl\u0131 ve takip etmesi kolay desenler sunar.<\/span>\n<div class=\"attachment-container search-images\">\n<div class=\"image-container hide-from-message-actions ng-star-inserted\">\n<div class=\"caption ellipsis gmat-caption ng-star-inserted\" aria-hidden=\"true\"><\/div>\n<\/div>\n<\/div>\n<\/li>\n<\/ul>\n<h3><strong>Kad\u0131n \u00dcst Giysileri \u0130\u00e7in Ba\u011f\u0131ms\u0131z Diki\u015f Desenleri Desen Tasar\u0131mc\u0131lar\u0131:<\/strong><\/h3>\n<ul data-sourcepos=\"18:1-26:0\">\n<li data-sourcepos=\"18:1-19:43\"><strong>Grainline Studio:<\/strong> \u0130yi i\u015flenmi\u015f desenleri ve modern tasar\u0131mlar\u0131yla tan\u0131n\u0131r.<\/li>\n<li data-sourcepos=\"18:1-19:43\"><strong style=\"font-size: 14.4px;\">Diki\u015f \u00d6zg\u00fcrle\u015fti:<\/strong><span style=\"font-size: 14.4px;\"> \u00c7e\u015fitli uyum ve stil se\u00e7eneklerine sahip \u00fcstler de dahil olmak \u00fczere t\u00fcm v\u00fccut tipleri i\u00e7in kapsay\u0131c\u0131 desenler sunar.<\/span><\/li>\n<li data-sourcepos=\"18:1-19:43\"><strong style=\"font-size: 14.4px;\">Cuma Desen \u015eirketi:<\/strong><span style=\"font-size: 14.4px;\"> Benzersiz detaylara ve ilgin\u00e7 sil\u00fcetlere sahip \u00fcstler de dahil olmak \u00fczere \u015f\u0131k ve modern desenler sunar.<\/span><\/li>\n<li data-sourcepos=\"18:1-19:43\"><strong style=\"font-size: 14.4px;\">Megan Nielsen:<\/strong><span style=\"font-size: 14.4px;\"> Uyum ve stil odakl\u0131 iyi haz\u0131rlanm\u0131\u015f desenler sunar.<\/span>\n<div class=\"attachment-container search-images\">\n<div class=\"image-container hide-from-message-actions ng-star-inserted\">\n<div class=\"caption ellipsis gmat-caption ng-star-inserted\" aria-hidden=\"true\"><\/div>\n<\/div>\n<\/div>\n<\/li>\n<\/ul>","protected":false},"excerpt":{"rendered":"<table style=\"height: 475px;\" width=\"411\">\n<tbody>\n<tr>\n<td width=\"146\"><strong><b>\u00dcr\u00fcn<\/b><\/strong>\u00a0<strong><b>\u0130sim:<\/b><\/strong><\/td>\n<td width=\"601\"><strong>Kad\u0131n \u00dcst Giysileri \u0130\u00e7in Diki\u015f Kal\u0131plar\u0131<\/strong><\/td>\n<\/tr>\n<tr>\n<td width=\"146\"><strong><b>Materlal:<\/b><\/strong><\/td>\n<td width=\"601\">\u00d6rg\u00fc<\/td>\n<\/tr>\n<tr>\n<td width=\"146\"><strong><b>Teknik:<\/b><\/strong><\/td>\n<td width=\"601\">\u0130\u015flemeli<\/td>\n<\/tr>\n<tr>\n<td width=\"146\"><strong><b>Stil:<\/b><\/strong><\/td>\n<td width=\"601\">G\u00fcndelik<\/td>\n<\/tr>\n<tr>\n<td width=\"146\"><strong><b>Renk<\/b><\/strong><strong><b>:<\/b><\/strong><\/td>\n<td width=\"601\">\u00a0\u00d6zel Renkler<\/td>\n<\/tr>\n<tr>\n<td width=\"146\"><strong><b>Boyut:<\/b><\/strong><\/td>\n<td width=\"601\">S \/M \/L \/XL \/2XL<\/td>\n<\/tr>\n<tr>\n<td width=\"146\"><strong><b>OEM\/ODM:<\/b><\/strong><\/td>\n<td width=\"601\">Kabul edilebilir<\/td>\n<\/tr>\n<tr>\n<td width=\"146\"><strong><b>Kalite:<\/b><\/strong><\/td>\n<td width=\"601\">100% Y\u00fcksek Kalite<\/td>\n<\/tr>\n<tr>\n<td width=\"146\"><strong><b>M<\/b><\/strong><strong><b>OQ:<\/b><\/strong><\/td>\n<td width=\"601\">200 Adet<\/td>\n<\/tr>\n<\/tbody>\n<\/table>","protected":false},"featured_media":1881,"template":"","meta":[],"product_brand":[],"product_cat":[39],"product_tag":[],"class_list":{"0":"post-1878","1":"product","2":"type-product","3":"status-publish","4":"has-post-thumbnail","6":"product_cat-womens-clothing","8":"first","9":"instock","10":"shipping-taxable","11":"product-type-simple"},"_links":{"self":[{"href":"https:\/\/mj-clothing.com\/tr\/wp-json\/wp\/v2\/product\/1878","targetHints":{"allow":["GET"]}}],"collection":[{"href":"https:\/\/mj-clothing.com\/tr\/wp-json\/wp\/v2\/product"}],"about":[{"href":"https:\/\/mj-clothing.com\/tr\/wp-json\/wp\/v2\/types\/product"}],"wp:featuredmedia":[{"embeddable":true,"href":"https:\/\/mj-clothing.com\/tr\/wp-json\/wp\/v2\/media\/1881"}],"wp:attachment":[{"href":"https:\/\/mj-clothing.com\/tr\/wp-json\/wp\/v2\/media?parent=1878"}],"wp:term":[{"taxonomy":"product_brand","embeddable":true,"href":"https:\/\/mj-clothing.com\/tr\/wp-json\/wp\/v2\/product_brand?post=1878"},{"taxonomy":"product_cat","embeddable":true,"href":"https:\/\/mj-clothing.com\/tr\/wp-json\/wp\/v2\/product_cat?post=1878"},{"taxonomy":"product_tag","embeddable":true,"href":"https:\/\/mj-clothing.com\/tr\/wp-json\/wp\/v2\/product_tag?post=1878"}],"curies":[{"name":"wp","href":"https:\/\/api.w.org\/{rel}","templated":true}]}}