{"id":1891,"date":"2024-12-16T07:27:51","date_gmt":"2024-12-16T07:27:51","guid":{"rendered":"https:\/\/mj-clothing.com\/?post_type=product&#038;p=1891"},"modified":"2024-12-17T03:45:11","modified_gmt":"2024-12-17T03:45:11","slug":"african-print-womens-tops","status":"publish","type":"product","link":"https:\/\/mj-clothing.com\/tr\/manufacturer\/african-print-womens-tops\/","title":{"rendered":"Afrika Bask\u0131l\u0131 Bayan \u00dcstler"},"content":{"rendered":"<div id=\"model-response-message-contentr_ec3773cab81b3474\" class=\"markdown markdown-main-panel response-optimization\" dir=\"ltr\">\n<p data-sourcepos=\"1:1-1:255\"><span class=\"citation-0 recitation citation-end-0\">Afrika Bask\u0131l\u0131 Bayan \u00dcstler, Afrika'n\u0131n zengin k\u00fclt\u00fcrel miras\u0131n\u0131 kutlayan canl\u0131 ve \u015f\u0131k giysilerdir.<\/span> <span class=\"citation-1 recitation citation-end-1\">Bu \u00fcstler genellikle Bat\u0131 Afrika'da pop\u00fcler olan renkli ve desenli pamuklu bir kuma\u015f olan Ankara kuma\u015f\u0131ndan yap\u0131l\u0131r.<\/span><span class=\"button-container hide-from-message-actions ng-star-inserted\">\u00a0 \u00a0<\/span><\/p>\n<h3 data-sourcepos=\"5:1-5:58\">Afrika Bask\u0131l\u0131 Kad\u0131n \u00dcstler, a\u015fa\u011f\u0131dakiler de dahil olmak \u00fczere \u00e7e\u015fitli stillerde gelir:<\/h3>\n<ul data-sourcepos=\"7:1-11:0\">\n<li data-sourcepos=\"7:1-7:88\"><strong>Bluzlar:<\/strong> Bu \u00fcstler genellikle v\u00fccuda oturur ve etekler, pantolonlar veya kot pantolonlarla giyilebilir.<\/li>\n<li data-sourcepos=\"8:1-8:80\"><strong>Elbiseler:<\/strong> Afrika desenli elbiseler \u00f6zel g\u00fcnler i\u00e7in pop\u00fcler bir se\u00e7imdir.<\/li>\n<li data-sourcepos=\"9:1-9:77\"><strong><span class=\"citation-2 recitation\">Ti\u015f\u00f6rtler:<\/span><\/strong><span class=\"citation-2 recitation citation-end-2\"> Bu rahat \u00fcstler g\u00fcnl\u00fck kullan\u0131m i\u00e7in m\u00fckemmeldir.<\/span><span class=\"button-container hide-from-message-actions ng-star-inserted\"> \u00a0<\/span><\/li>\n<li data-sourcepos=\"9:1-9:77\"><strong style=\"font-size: 14.4px;\"><span class=\"citation-3 recitation\">Z\u0131plama tak\u0131mlar\u0131:<\/span><\/strong><span class=\"citation-3 recitation citation-end-3\" style=\"font-size: 14.4px;\"> Bu \u015f\u0131k tulumlar d\u0131\u015far\u0131da bir gece i\u00e7in m\u00fckemmeldir.<\/span><span class=\"button-container hide-from-message-actions ng-star-inserted\" style=\"font-size: 14.4px;\">\u00a0\u00a0<\/span>\n<div class=\"container ng-tns-c2946245707-271 hide\">\n<div class=\"carousel-container ng-tns-c2946245707-271\">\n<div class=\"carousel-content ng-tns-c2946245707-271\">\n<div class=\"sources-carousel-source ng-tns-c2946245707-271 hide ng-star-inserted\" data-test-id=\"sources-carousel-source\"><\/div>\n<\/div>\n<\/div>\n<\/div>\n<\/li>\n<\/ul>\n<p data-sourcepos=\"12:1-12:147\">Afrika desenli \u00fcstler sadece g\u00fczel de\u011fil, ayn\u0131 zamanda rahat ve \u00e7ok y\u00f6nl\u00fcd\u00fcr. Yukar\u0131 veya a\u015fa\u011f\u0131 giydirilebilirler, bu da onlar\u0131 her durum i\u00e7in m\u00fckemmel k\u0131lar.<\/p>\n<h3 data-sourcepos=\"14:1-14:50\">\u0130\u015fte Afrika Bask\u0131l\u0131 Kad\u0131n \u00dcstlerini \u015fekillendirmek i\u00e7in baz\u0131 ipu\u00e7lar\u0131:<\/h3>\n<ul data-sourcepos=\"16:1-20:0\">\n<li data-sourcepos=\"16:1-16:100\"><strong>Kar\u0131\u015ft\u0131r ve e\u015fle\u015ftir:<\/strong> Afrika bask\u0131lar\u0131n\u0131 di\u011fer desen ve renklerle kar\u0131\u015ft\u0131rmaktan ve e\u015fle\u015ftirmekten korkmay\u0131n.<\/li>\n<li data-sourcepos=\"17:1-17:102\"><strong><span class=\"citation-4 recitation\">Aksesuarlar:<\/span><\/strong><span class=\"citation-4 recitation citation-end-4\"> G\u00f6r\u00fcn\u00fcm\u00fcn\u00fcz\u00fc tamamlamak i\u00e7in tak\u0131, e\u015farp ve \u015fapka gibi aksesuarlar ekleyin.<\/span><span class=\"button-container hide-from-message-actions ng-star-inserted\"> \u00a0<\/span><\/li>\n<li data-sourcepos=\"17:1-17:102\"><strong style=\"font-size: 14.4px;\">Basit tutun:<\/strong><span style=\"font-size: 14.4px;\"> Cesur bir Afrika desenli \u00fcst giyiyorsan\u0131z, k\u0131yafetinizin geri kalan\u0131n\u0131 sade tutun.<\/span><\/li>\n<li data-sourcepos=\"19:1-20:0\"><strong>Bireyselli\u011finizi kucaklay\u0131n:<\/strong> <span class=\"citation-5 recitation citation-end-5\">Afrika desenli \u00fcstler ki\u015fisel tarz\u0131n\u0131z\u0131 ifade etmenin harika bir yoludur.<\/span><span class=\"button-container hide-from-message-actions ng-star-inserted\"> \u00a0<\/span>\n<div class=\"container ng-tns-c2946245707-273 hide\">\n<div class=\"carousel-container ng-tns-c2946245707-273\"><\/div>\n<\/div>\n<\/li>\n<\/ul>\n<p data-sourcepos=\"21:1-21:147\">\u0130ster evde giymek i\u00e7in rahat bir \u00fcst ister \u00f6zel bir g\u00fcn i\u00e7in \u015f\u0131k bir k\u0131yafet ar\u0131yor olun, Afrika desenli \u00fcstler harika bir se\u00e7enektir.<\/p>\n<\/div>","protected":false},"excerpt":{"rendered":"<table style=\"height: 455px;\" width=\"420\">\n<tbody>\n<tr>\n<td width=\"146\"><strong><b>\u00dcr\u00fcn<\/b><\/strong>\u00a0<strong><b>\u0130sim:<\/b><\/strong><\/td>\n<td width=\"601\"><strong>Afrika Bask\u0131l\u0131 Bayan \u00dcstler<\/strong><\/td>\n<\/tr>\n<tr>\n<td width=\"146\"><strong><b>Materlal:<\/b><\/strong><\/td>\n<td width=\"601\">\u00d6rg\u00fc<\/td>\n<\/tr>\n<tr>\n<td width=\"146\"><strong><b>Teknik:<\/b><\/strong><\/td>\n<td width=\"601\">\u0130\u015flemeli<\/td>\n<\/tr>\n<tr>\n<td width=\"146\"><strong><b>Stil:<\/b><\/strong><\/td>\n<td width=\"601\">G\u00fcndelik<\/td>\n<\/tr>\n<tr>\n<td width=\"146\"><strong><b>Renk<\/b><\/strong><strong><b>:<\/b><\/strong><\/td>\n<td width=\"601\">\u00a0\u00d6zel Renkler<\/td>\n<\/tr>\n<tr>\n<td width=\"146\"><strong><b>Boyut:<\/b><\/strong><\/td>\n<td width=\"601\">S \/M \/L \/XL \/2XL<\/td>\n<\/tr>\n<tr>\n<td width=\"146\"><strong><b>OEM\/ODM:<\/b><\/strong><\/td>\n<td width=\"601\">Kabul edilebilir<\/td>\n<\/tr>\n<tr>\n<td width=\"146\"><strong><b>Kalite:<\/b><\/strong><\/td>\n<td width=\"601\">100% Y\u00fcksek Kalite<\/td>\n<\/tr>\n<tr>\n<td width=\"146\"><strong><b>M<\/b><\/strong><strong><b>OQ:<\/b><\/strong><\/td>\n<td width=\"601\">200 Adet<\/td>\n<\/tr>\n<\/tbody>\n<\/table>","protected":false},"featured_media":1892,"template":"","meta":[],"product_brand":[],"product_cat":[39],"product_tag":[],"class_list":{"0":"post-1891","1":"product","2":"type-product","3":"status-publish","4":"has-post-thumbnail","6":"product_cat-womens-clothing","8":"first","9":"instock","10":"shipping-taxable","11":"product-type-simple"},"_links":{"self":[{"href":"https:\/\/mj-clothing.com\/tr\/wp-json\/wp\/v2\/product\/1891","targetHints":{"allow":["GET"]}}],"collection":[{"href":"https:\/\/mj-clothing.com\/tr\/wp-json\/wp\/v2\/product"}],"about":[{"href":"https:\/\/mj-clothing.com\/tr\/wp-json\/wp\/v2\/types\/product"}],"wp:featuredmedia":[{"embeddable":true,"href":"https:\/\/mj-clothing.com\/tr\/wp-json\/wp\/v2\/media\/1892"}],"wp:attachment":[{"href":"https:\/\/mj-clothing.com\/tr\/wp-json\/wp\/v2\/media?parent=1891"}],"wp:term":[{"taxonomy":"product_brand","embeddable":true,"href":"https:\/\/mj-clothing.com\/tr\/wp-json\/wp\/v2\/product_brand?post=1891"},{"taxonomy":"product_cat","embeddable":true,"href":"https:\/\/mj-clothing.com\/tr\/wp-json\/wp\/v2\/product_cat?post=1891"},{"taxonomy":"product_tag","embeddable":true,"href":"https:\/\/mj-clothing.com\/tr\/wp-json\/wp\/v2\/product_tag?post=1891"}],"curies":[{"name":"wp","href":"https:\/\/api.w.org\/{rel}","templated":true}]}}