{"id":1901,"date":"2024-12-16T07:56:53","date_gmt":"2024-12-16T07:56:53","guid":{"rendered":"https:\/\/mj-clothing.com\/?post_type=product&#038;p=1901"},"modified":"2024-12-17T03:44:39","modified_gmt":"2024-12-17T03:44:39","slug":"ivory-colored-womens-tops","status":"publish","type":"product","link":"https:\/\/mj-clothing.com\/tr\/manufacturer\/ivory-colored-womens-tops\/","title":{"rendered":"Fildi\u015fi Renkli Bayan \u00dcstler"},"content":{"rendered":"<div id=\"model-response-message-contentr_512563ff2fe7e496\" class=\"markdown markdown-main-panel response-optimization\" dir=\"ltr\">\n<p data-sourcepos=\"1:1-1:189\">Fildi\u015fi Renkli Bayan \u00dcstler, a\u015fa\u011f\u0131 veya yukar\u0131 giyilebilen zamans\u0131z bir klasiktir. Bu \u00e7ok y\u00f6nl\u00fc renk, di\u011fer \u00e7e\u015fitli renk ve desenlerle iyi uyum sa\u011flar ve her gard\u0131ropta temel bir par\u00e7a haline gelir.<\/p>\n<h3 data-sourcepos=\"5:1-5:51\">\u0130\u015fte Fildi\u015fi Renkli Kad\u0131n \u00dcstlerinin baz\u0131 pop\u00fcler stilleri:<\/h3>\n<div class=\"attachment-container search-images\">\n<div class=\"image-container hide-from-message-actions ng-star-inserted\"><\/div>\n<\/div>\n<ul data-sourcepos=\"7:1-18:0\">\n<li data-sourcepos=\"7:1-9:0\">\n<p data-sourcepos=\"7:3-8:23\"><strong><span class=\"citation-0 recitation\">Bluzlar:<\/span><\/strong><span class=\"citation-0 recitation citation-end-0\"> Fildi\u015fi bluzlar ipek, pamuk veya keten gibi \u00e7e\u015fitli kuma\u015flardan yap\u0131labilir.<\/span> \u015e\u0131k ve sofistike bir g\u00f6r\u00fcn\u00fcm i\u00e7in etekler, pantolonlar veya kot pantolonlarla kombinlenebilir.<\/p>\n<\/li>\n<li data-sourcepos=\"7:1-9:0\">\n<p data-sourcepos=\"7:3-8:23\"><strong style=\"font-size: 14.4px;\"><span class=\"citation-1 recitation\">Ti\u015f\u00f6rtler:<\/span><\/strong><span class=\"citation-1 recitation citation-end-1\" style=\"font-size: 14.4px;\"> Fildi\u015fi ti\u015f\u00f6rtler kot pantolonlar, \u015fortlar veya eteklerle e\u015fle\u015ftirilebilen rahat ve konforlu bir se\u00e7enektir.<\/span><\/p>\n<\/li>\n<li data-sourcepos=\"7:1-9:0\">\n<p data-sourcepos=\"7:3-8:23\"><strong style=\"font-size: 14.4px;\">Kazaklar:<\/strong><span style=\"font-size: 14.4px;\"> Fildi\u015fi kazaklar serin havalar i\u00e7in m\u00fckemmeldir. Kot pantolon, tayt veya eteklerle giyilebilirler.<\/span><\/p>\n<\/li>\n<li data-sourcepos=\"7:1-9:0\">\n<p data-sourcepos=\"7:3-8:23\"><strong><span class=\"citation-2 recitation\">Atletler:<\/span><\/strong><span class=\"citation-2 recitation citation-end-2\"> Fildi\u015fi atletler, di\u011fer \u00fcstlerin alt\u0131na katmanlanabilen veya tek ba\u015f\u0131na giyilebilen \u00e7ok y\u00f6nl\u00fc bir par\u00e7ad\u0131r.<\/span><span class=\"button-container hide-from-message-actions ng-star-inserted\"> \u00a0<\/span><\/p>\n<div class=\"container ng-tns-c2946245707-289 hide\">\n<div class=\"carousel-container ng-tns-c2946245707-289\"><\/div>\n<\/div>\n<div class=\"attachment-container search-images\">\n<div class=\"image-container hide-from-message-actions ng-star-inserted\">\n<div class=\"caption ellipsis gmat-caption ng-star-inserted\" aria-hidden=\"true\"><span style=\"font-size: 20.16px;\">Fildi\u015fi Renkli Kad\u0131n \u00dcstlerini \u015fekillendirirken a\u015fa\u011f\u0131daki ipu\u00e7lar\u0131n\u0131 g\u00f6z \u00f6n\u00fcnde bulundurun:<\/span><\/div>\n<\/div>\n<\/div>\n<\/li>\n<\/ul>\n<ul data-sourcepos=\"21:1-25:0\">\n<li data-sourcepos=\"21:1-21:94\"><strong>Aksesuarlar:<\/strong> G\u00f6r\u00fcn\u00fcm\u00fcn\u00fcz\u00fc g\u00fczelle\u015ftirmek i\u00e7in kolye, k\u00fcpe ve e\u015farp gibi aksesuarlar ekleyin.<\/li>\n<li data-sourcepos=\"22:1-22:121\"><strong>Dokularla oynay\u0131n:<\/strong> \u0130lgin\u00e7 k\u0131yafetler olu\u015fturmak i\u00e7in dantel, kadife veya \u00f6rg\u00fc gibi farkl\u0131 dokular\u0131 kar\u0131\u015ft\u0131r\u0131n ve e\u015fle\u015ftirin.<\/li>\n<li data-sourcepos=\"23:1-23:110\"><strong>Renklerle denemeler yap\u0131n:<\/strong> Cesur bir g\u00f6r\u00fcn\u00fcm i\u00e7in fildi\u015fi \u00fcst\u00fcn\u00fcz\u00fc k\u0131rm\u0131z\u0131, mavi veya ye\u015fil gibi parlak renklerle e\u015fle\u015ftirin.<\/li>\n<li data-sourcepos=\"24:1-25:0\"><strong>Basit tutun:<\/strong> Daha karma\u015f\u0131k bir fildi\u015fi \u00fcst giyiyorsan\u0131z, k\u0131yafetinizin geri kalan\u0131n\u0131 sade tutun.<\/li>\n<\/ul>\n<p data-sourcepos=\"26:1-26:197\">Fildi\u015fi renkli kad\u0131n \u00fcstleri, her durum i\u00e7in giyilebilecek \u00e7ok y\u00f6nl\u00fc ve \u015f\u0131k bir se\u00e7imdir. Bu ipu\u00e7lar\u0131n\u0131 takip ederek, en iyi \u015fekilde g\u00f6r\u00fcnmenizi ve hissetmenizi sa\u011flayacak \u00e7arp\u0131c\u0131 k\u0131yafetler yaratabilirsiniz.<\/p>\n<\/div>\n<div class=\"response-footer gap complete\">\n<div class=\"show-sources-container ng-star-inserted\"><\/div>\n<div class=\"container ng-tns-c2946245707-283\">\n<div class=\"carousel-container ng-tns-c2946245707-283\">\n<div class=\"carousel-content ng-tns-c2946245707-283\">\n<div class=\"sources-carousel-source ng-tns-c2946245707-283 ng-star-inserted\" data-test-id=\"sources-carousel-source\">\n<div class=\"source-card-container\">\n<div class=\"source-card-content\">\n<div class=\"source-card-body\">\n<div class=\"source-card-header\">\n<div class=\"source-card-title\"><\/div>\n<\/div>\n<\/div>\n<\/div>\n<\/div>\n<\/div>\n<\/div>\n<\/div>\n<\/div>\n<\/div>","protected":false},"excerpt":{"rendered":"<table style=\"height: 539px;\" width=\"411\">\n<tbody>\n<tr>\n<td width=\"146\"><strong><b>\u00dcr\u00fcn<\/b><\/strong>\u00a0<strong><b>\u0130sim:<\/b><\/strong><\/td>\n<td width=\"601\"><strong>Fildi\u015fi Renkli Bayan \u00dcstler<\/strong><\/td>\n<\/tr>\n<tr>\n<td width=\"146\"><strong><b>Materlal:<\/b><\/strong><\/td>\n<td width=\"601\">\u00d6rg\u00fc<\/td>\n<\/tr>\n<tr>\n<td width=\"146\"><strong><b>Teknik:<\/b><\/strong><\/td>\n<td width=\"601\">\u0130\u015flemeli<\/td>\n<\/tr>\n<tr>\n<td width=\"146\"><strong><b>Stil:<\/b><\/strong><\/td>\n<td width=\"601\">G\u00fcndelik<\/td>\n<\/tr>\n<tr>\n<td width=\"146\"><strong><b>Renk<\/b><\/strong><strong><b>:<\/b><\/strong><\/td>\n<td width=\"601\">\u00a0\u00d6zel Renkler<\/td>\n<\/tr>\n<tr>\n<td width=\"146\"><strong><b>Boyut:<\/b><\/strong><\/td>\n<td width=\"601\">S \/M \/L \/XL \/2XL<\/td>\n<\/tr>\n<tr>\n<td width=\"146\"><strong><b>OEM\/ODM:<\/b><\/strong><\/td>\n<td width=\"601\">Kabul edilebilir<\/td>\n<\/tr>\n<tr>\n<td width=\"146\"><strong><b>Kalite:<\/b><\/strong><\/td>\n<td width=\"601\">100% Y\u00fcksek Kalite<\/td>\n<\/tr>\n<tr>\n<td width=\"146\"><strong><b>M<\/b><\/strong><strong><b>OQ:<\/b><\/strong><\/td>\n<td width=\"601\">200 Adet<\/td>\n<\/tr>\n<\/tbody>\n<\/table>","protected":false},"featured_media":1911,"template":"","meta":[],"product_brand":[],"product_cat":[39],"product_tag":[],"class_list":{"0":"post-1901","1":"product","2":"type-product","3":"status-publish","4":"has-post-thumbnail","6":"product_cat-womens-clothing","8":"first","9":"instock","10":"shipping-taxable","11":"product-type-simple"},"_links":{"self":[{"href":"https:\/\/mj-clothing.com\/tr\/wp-json\/wp\/v2\/product\/1901","targetHints":{"allow":["GET"]}}],"collection":[{"href":"https:\/\/mj-clothing.com\/tr\/wp-json\/wp\/v2\/product"}],"about":[{"href":"https:\/\/mj-clothing.com\/tr\/wp-json\/wp\/v2\/types\/product"}],"wp:featuredmedia":[{"embeddable":true,"href":"https:\/\/mj-clothing.com\/tr\/wp-json\/wp\/v2\/media\/1911"}],"wp:attachment":[{"href":"https:\/\/mj-clothing.com\/tr\/wp-json\/wp\/v2\/media?parent=1901"}],"wp:term":[{"taxonomy":"product_brand","embeddable":true,"href":"https:\/\/mj-clothing.com\/tr\/wp-json\/wp\/v2\/product_brand?post=1901"},{"taxonomy":"product_cat","embeddable":true,"href":"https:\/\/mj-clothing.com\/tr\/wp-json\/wp\/v2\/product_cat?post=1901"},{"taxonomy":"product_tag","embeddable":true,"href":"https:\/\/mj-clothing.com\/tr\/wp-json\/wp\/v2\/product_tag?post=1901"}],"curies":[{"name":"wp","href":"https:\/\/api.w.org\/{rel}","templated":true}]}}