{"id":1919,"date":"2024-12-16T08:23:18","date_gmt":"2024-12-16T08:23:18","guid":{"rendered":"https:\/\/mj-clothing.com\/?post_type=product&#038;p=1919"},"modified":"2024-12-17T03:44:00","modified_gmt":"2024-12-17T03:44:00","slug":"womens-pink-long-sleeve-tops","status":"publish","type":"product","link":"https:\/\/mj-clothing.com\/tr\/manufacturer\/womens-pink-long-sleeve-tops\/","title":{"rendered":"Bayan Pembe Uzun Kollu \u00dcstler"},"content":{"rendered":"<p data-sourcepos=\"1:1-1:189\">Bayan pembe uzun kollu \u00fcstler, kad\u0131nlar i\u00e7in \u00e7ok y\u00f6nl\u00fc ve \u015f\u0131k bir se\u00e7imdir. <span class=\"citation-0 recitation citation-end-0\">Yumu\u015fak all\u0131ktan canl\u0131 s\u0131cak pembeye kadar \u00e7e\u015fitli tonlar\u0131 vard\u0131r ve farkl\u0131 durumlar i\u00e7in \u015fekillendirilebilirler.<\/span><span class=\"button-container hide-from-message-actions ng-star-inserted\"> \u00a0<\/span><\/p>\n<h3 data-sourcepos=\"5:1-5:54\">\u00a0 \u00a0 \u00a0 \u0130\u015fte kad\u0131n pembe uzun kollu \u00fcstlerin baz\u0131 pop\u00fcler stilleri:<\/h3>\n<ul data-sourcepos=\"7:1-18:0\">\n<li data-sourcepos=\"7:1-9:0\">\n<p data-sourcepos=\"7:3-8:22\"><strong><span class=\"citation-1 recitation\">Bluzlar:<\/span><\/strong><span class=\"citation-1 recitation citation-end-1\"> Pembe bluzlar ipek, pamuk veya keten gibi \u00e7e\u015fitli kuma\u015flardan yap\u0131labilir.<\/span> \u015e\u0131k ve sofistike bir g\u00f6r\u00fcn\u00fcm i\u00e7in etekler, pantolonlar veya kot pantolonlarla kombinlenebilir.<span class=\"button-container hide-from-message-actions ng-star-inserted\">\u00a0 \u00a0<\/span><\/p>\n<\/li>\n<li data-sourcepos=\"7:1-9:0\">\n<p data-sourcepos=\"7:3-8:22\"><strong style=\"font-size: 14.4px;\"><span class=\"citation-2 recitation\">Ti\u015f\u00f6rtler:<\/span><\/strong><span class=\"citation-2 recitation citation-end-2\" style=\"font-size: 14.4px;\"> Pembe ti\u015f\u00f6rtler kot pantolonlar, \u015fortlar veya eteklerle e\u015fle\u015ftirilebilen rahat ve konforlu bir se\u00e7enektir.<\/span><span class=\"button-container hide-from-message-actions ng-star-inserted\" style=\"font-size: 14.4px;\">\u00a0 \u00a0<\/span><\/p>\n<\/li>\n<li data-sourcepos=\"7:1-9:0\">\n<p data-sourcepos=\"7:3-8:22\"><strong style=\"font-size: 14.4px;\"><span class=\"citation-3 recitation\">Kazaklar:<\/span><\/strong><span class=\"citation-3 recitation citation-end-3\" style=\"font-size: 14.4px;\"> Pembe kazaklar serin havalar i\u00e7in m\u00fckemmeldir.<\/span><span style=\"font-size: 14.4px;\"> Kot pantolon, tayt veya eteklerle giyilebilir.<\/span><\/p>\n<\/li>\n<li data-sourcepos=\"7:1-9:0\">\n<p data-sourcepos=\"7:3-8:22\"><strong style=\"font-size: 14.4px;\"><span class=\"citation-4 recitation\">Atletler:<\/span><\/strong><span class=\"citation-4 recitation citation-end-4\" style=\"font-size: 14.4px;\"> Pembe atletler, di\u011fer \u00fcstlerin alt\u0131na katmanlanabilen veya tek ba\u015f\u0131na giyilebilen \u00e7ok y\u00f6nl\u00fc bir par\u00e7ad\u0131r.<\/span><span class=\"button-container hide-from-message-actions ng-star-inserted\" style=\"font-size: 14.4px;\">\u00a0 \u00a0<\/span><\/p>\n<div class=\"container ng-tns-c2946245707-318 hide\">\n<div class=\"carousel-container ng-tns-c2946245707-318\"><\/div>\n<\/div>\n<div class=\"attachment-container search-images\">\n<div class=\"image-container hide-from-message-actions ng-star-inserted\">\n<div class=\"caption ellipsis gmat-caption ng-star-inserted\" aria-hidden=\"true\"><span style=\"font-size: 20.16px;\">Kad\u0131n pembe uzun kollu \u00fcstler giyerken a\u015fa\u011f\u0131daki ipu\u00e7lar\u0131n\u0131 g\u00f6z \u00f6n\u00fcnde bulundurun:<\/span><\/div>\n<\/div>\n<\/div>\n<\/li>\n<\/ul>\n<ul data-sourcepos=\"21:1-25:0\">\n<li data-sourcepos=\"21:1-21:94\"><strong>Aksesuarlar:<\/strong> G\u00f6r\u00fcn\u00fcm\u00fcn\u00fcz\u00fc g\u00fczelle\u015ftirmek i\u00e7in kolye, k\u00fcpe ve e\u015farp gibi aksesuarlar ekleyin.<\/li>\n<li data-sourcepos=\"22:1-22:121\"><strong>Dokularla oynay\u0131n:<\/strong> \u0130lgin\u00e7 k\u0131yafetler olu\u015fturmak i\u00e7in dantel, kadife veya \u00f6rg\u00fc gibi farkl\u0131 dokular\u0131 kar\u0131\u015ft\u0131r\u0131n ve e\u015fle\u015ftirin.<\/li>\n<li data-sourcepos=\"23:1-23:114\"><strong>Renklerle denemeler yap\u0131n:<\/strong> Klasik bir g\u00f6r\u00fcn\u00fcm i\u00e7in pembe \u00fcst\u00fcn\u00fcz\u00fc siyah, beyaz veya denim gibi di\u011fer renklerle e\u015fle\u015ftirin.<\/li>\n<li data-sourcepos=\"24:1-25:0\"><strong>Basit tutun:<\/strong> E\u011fer koyu pembe bir \u00fcst giyiyorsan\u0131z, k\u0131yafetinizin geri kalan\u0131n\u0131 sade tutun.<\/li>\n<\/ul>\n<p data-sourcepos=\"26:1-26:192\">Pembe uzun kollu \u00fcstler, her durum i\u00e7in giyilebilecek \u00e7ok y\u00f6nl\u00fc ve \u015f\u0131k bir se\u00e7imdir. Bu ipu\u00e7lar\u0131n\u0131 takip ederek, en iyi \u015fekilde g\u00f6r\u00fcnmenizi ve hissetmenizi sa\u011flayacak \u00e7arp\u0131c\u0131 k\u0131yafetler yaratabilirsiniz.<\/p>","protected":false},"excerpt":{"rendered":"<table style=\"height: 488px;\" width=\"438\">\n<tbody>\n<tr>\n<td width=\"146\"><strong><b>\u00dcr\u00fcn<\/b><\/strong>\u00a0<strong><b>\u0130sim:<\/b><\/strong><\/td>\n<td width=\"601\"><strong>Bayan Pembe Uzun Kollu \u00dcstler<\/strong><\/td>\n<\/tr>\n<tr>\n<td width=\"146\"><strong><b>Materlal:<\/b><\/strong><\/td>\n<td width=\"601\">\u00d6rg\u00fc<\/td>\n<\/tr>\n<tr>\n<td width=\"146\"><strong><b>Teknik:<\/b><\/strong><\/td>\n<td width=\"601\">\u0130\u015flemeli<\/td>\n<\/tr>\n<tr>\n<td width=\"146\"><strong><b>Stil:<\/b><\/strong><\/td>\n<td width=\"601\">G\u00fcndelik<\/td>\n<\/tr>\n<tr>\n<td width=\"146\"><strong><b>Renk<\/b><\/strong><strong><b>:<\/b><\/strong><\/td>\n<td width=\"601\">\u00a0\u00d6zel Renkler<\/td>\n<\/tr>\n<tr>\n<td width=\"146\"><strong><b>Boyut:<\/b><\/strong><\/td>\n<td width=\"601\">S \/M \/L \/XL \/2XL<\/td>\n<\/tr>\n<tr>\n<td width=\"146\"><strong><b>OEM\/ODM:<\/b><\/strong><\/td>\n<td width=\"601\">Kabul edilebilir<\/td>\n<\/tr>\n<tr>\n<td width=\"146\"><strong><b>Kalite:<\/b><\/strong><\/td>\n<td width=\"601\">100% Y\u00fcksek Kalite<\/td>\n<\/tr>\n<tr>\n<td width=\"146\"><strong><b>M<\/b><\/strong><strong><b>OQ:<\/b><\/strong><\/td>\n<td width=\"601\">200 Adet<\/td>\n<\/tr>\n<\/tbody>\n<\/table>","protected":false},"featured_media":1922,"template":"","meta":[],"product_brand":[],"product_cat":[39],"product_tag":[],"class_list":{"0":"post-1919","1":"product","2":"type-product","3":"status-publish","4":"has-post-thumbnail","6":"product_cat-womens-clothing","8":"first","9":"instock","10":"shipping-taxable","11":"product-type-simple"},"_links":{"self":[{"href":"https:\/\/mj-clothing.com\/tr\/wp-json\/wp\/v2\/product\/1919","targetHints":{"allow":["GET"]}}],"collection":[{"href":"https:\/\/mj-clothing.com\/tr\/wp-json\/wp\/v2\/product"}],"about":[{"href":"https:\/\/mj-clothing.com\/tr\/wp-json\/wp\/v2\/types\/product"}],"wp:featuredmedia":[{"embeddable":true,"href":"https:\/\/mj-clothing.com\/tr\/wp-json\/wp\/v2\/media\/1922"}],"wp:attachment":[{"href":"https:\/\/mj-clothing.com\/tr\/wp-json\/wp\/v2\/media?parent=1919"}],"wp:term":[{"taxonomy":"product_brand","embeddable":true,"href":"https:\/\/mj-clothing.com\/tr\/wp-json\/wp\/v2\/product_brand?post=1919"},{"taxonomy":"product_cat","embeddable":true,"href":"https:\/\/mj-clothing.com\/tr\/wp-json\/wp\/v2\/product_cat?post=1919"},{"taxonomy":"product_tag","embeddable":true,"href":"https:\/\/mj-clothing.com\/tr\/wp-json\/wp\/v2\/product_tag?post=1919"}],"curies":[{"name":"wp","href":"https:\/\/api.w.org\/{rel}","templated":true}]}}