{"id":1937,"date":"2024-12-16T08:58:11","date_gmt":"2024-12-16T08:58:11","guid":{"rendered":"https:\/\/mj-clothing.com\/?post_type=product&#038;p=1937"},"modified":"2024-12-18T06:12:05","modified_gmt":"2024-12-18T06:12:05","slug":"womens-flowy-tops","status":"publish","type":"product","link":"https:\/\/mj-clothing.com\/tr\/manufacturer\/womens-flowy-tops\/","title":{"rendered":"Bayan D\u00f6k\u00fcml\u00fc \u00dcstler"},"content":{"rendered":"<div id=\"model-response-message-contentr_088ece0303c648c2\" class=\"markdown markdown-main-panel response-optimization\" dir=\"ltr\">\n<p data-sourcepos=\"1:1-1:232\">Bayan D\u00f6k\u00fcml\u00fc \u00dcstler, rahatl\u0131klar\u0131 ve \u00e7ok y\u00f6nl\u00fcl\u00fckleri nedeniyle kad\u0131nlar i\u00e7in pop\u00fcler bir se\u00e7imdir. <span class=\"citation-0 recitation citation-end-0\">\u00c7e\u015fitli stil, renk ve kuma\u015flara sahiptirler ve bu da onlar\u0131 farkl\u0131 durumlar i\u00e7in uygun hale getirir.<\/span> \u0130\u015fte baz\u0131 pop\u00fcler d\u00f6k\u00fcml\u00fc \u00fcstler stilleri:<span class=\"button-container hide-from-message-actions ng-star-inserted\">\u00a0<\/span><\/p>\n<h3 data-sourcepos=\"3:1-3:21\"><strong>1. Bayan D\u00f6k\u00fcml\u00fc \u00dcstler Bluzlar:<\/strong><\/h3>\n<ul data-sourcepos=\"5:1-11:0\">\n<li data-sourcepos=\"5:1-6:31\"><strong><span class=\"citation-1 recitation\">F\u0131rf\u0131r Kollu Bluzlar:<\/span><\/strong><span class=\"citation-1 recitation citation-end-1\"> Bu bluzlar her k\u0131yafete feminen ve romantik bir dokunu\u015f katar.<\/span><\/li>\n<li data-sourcepos=\"5:1-6:31\"><span class=\"button-container hide-from-message-actions ng-star-inserted\"><strong style=\"font-size: 14.4px;\"><span class=\"citation-2 recitation\">Omzu A\u00e7\u0131k Bluzlar:<\/span><\/strong><span class=\"citation-2 recitation citation-end-2\" style=\"font-size: 14.4px;\"> Bu bluzlar omuzlar\u0131n\u0131z\u0131 g\u00f6stermek ve fl\u00f6rt\u00f6z bir g\u00f6r\u00fcn\u00fcm yaratmak i\u00e7in m\u00fckemmeldir.<\/span><\/span><\/li>\n<li data-sourcepos=\"5:1-6:31\"><strong><span class=\"citation-3 recitation\">\u00d6nden Ba\u011flamal\u0131 Bluzlar:<\/span><\/strong><span class=\"citation-3 recitation citation-end-3\"> Bu bluzlar d\u00fczle\u015ftirici ve ayarlanabilir bir uyum sunar.<\/span>\n<div class=\"container ng-tns-c2946245707-355 hide\">\n<div class=\"carousel-container ng-tns-c2946245707-355\"><\/div>\n<\/div>\n<div class=\"attachment-container search-images\">\n<div class=\"image-container hide-from-message-actions ng-star-inserted\">\n<div class=\"caption ellipsis gmat-caption ng-star-inserted\" aria-hidden=\"true\"><\/div>\n<\/div>\n<\/div>\n<\/li>\n<\/ul>\n<h3 data-sourcepos=\"12:1-12:20\"><strong>2. Bayan D\u00f6k\u00fcml\u00fc \u00dcstler Tunikler:<\/strong><\/h3>\n<ul data-sourcepos=\"14:1-20:0\">\n<li data-sourcepos=\"14:1-15:24\"><strong><span class=\"citation-4 recitation\">Bask\u0131l\u0131 Tunikler:<\/span><\/strong><span class=\"citation-4 recitation citation-end-4\"> Bu tunikler gard\u0131robunuza renk ve desen katmak i\u00e7in m\u00fckemmeldir.<\/span><\/li>\n<li data-sourcepos=\"14:1-15:24\"><strong style=\"font-size: 14.4px;\">D\u00fcz Renk Tunikler:<\/strong><span style=\"font-size: 14.4px;\"> Bu tunikler \u00e7ok y\u00f6nl\u00fcd\u00fcr ve a\u015fa\u011f\u0131 ya da yukar\u0131 giyilebilir.<\/span><\/li>\n<li data-sourcepos=\"14:1-15:24\"><strong style=\"font-size: 14.4px;\">\u0130\u015flemeli Tunikler:<\/strong><span style=\"font-size: 14.4px;\"> Bu tunikler \u015f\u0131kl\u0131k ve sofistike bir dokunu\u015f katar.<\/span>\n<div class=\"attachment-container search-images\">\n<div class=\"image-container hide-from-message-actions ng-star-inserted\">\n<div class=\"caption ellipsis gmat-caption ng-star-inserted\" aria-hidden=\"true\"><\/div>\n<\/div>\n<\/div>\n<\/li>\n<\/ul>\n<h3 data-sourcepos=\"21:1-21:23\"><strong>3.Bayan Ak\u0131\u015fl\u0131 \u00dcstler Tank \u00dcstleri:<\/strong><\/h3>\n<ul data-sourcepos=\"23:1-29:0\">\n<li data-sourcepos=\"23:1-24:24\"><strong>Dantel atletler:<\/strong> Bu atletler her k\u0131yafete feminen ve romantik bir dokunu\u015f katmak i\u00e7in m\u00fckemmeldir.<\/li>\n<li data-sourcepos=\"23:1-24:24\"><strong style=\"font-size: 14.4px;\">Ask\u0131l\u0131 Atletler:<\/strong><span style=\"font-size: 14.4px;\"> Bu atletler kat kat giymek veya tek ba\u015flar\u0131na giymek i\u00e7in m\u00fckemmeldir.<\/span><\/li>\n<li data-sourcepos=\"23:1-24:24\"><span class=\"button-container hide-from-message-actions ng-star-inserted\"><strong style=\"font-size: 14.4px;\"><span class=\"citation-5 recitation\">F\u0131rf\u0131rl\u0131 Atletler:<\/span><\/strong><span class=\"citation-5 recitation citation-end-5\" style=\"font-size: 14.4px;\"> Bu atletler her k\u0131yafete e\u011flenceli ve fl\u00f6rt\u00f6z bir dokunu\u015f katar.<\/span><span class=\"button-container hide-from-message-actions ng-star-inserted\" style=\"font-size: 14.4px;\"> \u00a0<\/span><\/span>\n<div class=\"container ng-tns-c2946245707-357 hide\">\n<div class=\"carousel-container ng-tns-c2946245707-357\"><\/div>\n<\/div>\n<div class=\"attachment-container search-images\"><\/div>\n<\/li>\n<\/ul>\n<h4 data-sourcepos=\"30:1-30:22\"><strong>4. D\u00f6k\u00fcml\u00fc Kazaklar:<\/strong><\/h4>\n<ul data-sourcepos=\"32:1-38:0\">\n<li data-sourcepos=\"32:1-33:28\"><strong><span class=\"citation-6 recitation\">B\u00fcy\u00fck boy kazaklar:<\/span><\/strong><span class=\"citation-6 recitation citation-end-6\"> Bu kazaklar so\u011fuk bir g\u00fcnde rahatlamak i\u00e7in m\u00fckemmeldir.<\/span><span class=\"button-container hide-from-message-actions ng-star-inserted\">\u00a0 \u00a0<\/span>\n<div class=\"container ng-tns-c2946245707-358 hide\">\n<div class=\"carousel-container ng-tns-c2946245707-358\"><\/div>\n<\/div>\n<div class=\"attachment-container search-images\"><\/div>\n<\/li>\n<li data-sourcepos=\"34:1-35:29\"><strong><span class=\"citation-7 recitation\">Kablolu \u00d6rg\u00fc Kazaklar:<\/span><\/strong><span class=\"citation-7 recitation citation-end-7\"> Bu kazaklar klasik ve zamans\u0131z bir se\u00e7imdir.<\/span><span class=\"button-container hide-from-message-actions ng-star-inserted\"> \u00a0<\/span><\/li>\n<li data-sourcepos=\"34:1-35:29\"><span class=\"button-container hide-from-message-actions ng-star-inserted\"><strong style=\"font-size: 14.4px;\"><span class=\"citation-8 recitation\">H\u0131rka kazaklar:<\/span><\/strong><span class=\"citation-8 recitation citation-end-8\" style=\"font-size: 14.4px;\"> Bu kazaklar kat kat giymek i\u00e7in m\u00fckemmeldir ve a\u015fa\u011f\u0131 ya da yukar\u0131 giyilebilir.<\/span><span class=\"button-container hide-from-message-actions ng-star-inserted\" style=\"font-size: 14.4px;\"> \u00a0<\/span><\/span>\n<div class=\"container ng-tns-c2946245707-360 hide\">\n<div class=\"carousel-container ng-tns-c2946245707-360\"><\/div>\n<\/div>\n<div class=\"attachment-container search-images\">\n<div class=\"image-container hide-from-message-actions ng-star-inserted\">\n<div class=\"caption ellipsis gmat-caption ng-star-inserted\" aria-hidden=\"true\"><\/div>\n<\/div>\n<\/div>\n<\/li>\n<\/ul>\n<h3 data-sourcepos=\"39:1-39:53\">D\u00f6k\u00fcml\u00fc \u00fcstleri \u015fekillendirirken a\u015fa\u011f\u0131daki ipu\u00e7lar\u0131n\u0131 g\u00f6z \u00f6n\u00fcnde bulundurun:<\/h3>\n<ul data-sourcepos=\"41:1-45:0\">\n<li data-sourcepos=\"41:1-41:94\"><strong>Aksesuarlar:<\/strong> G\u00f6r\u00fcn\u00fcm\u00fcn\u00fcz\u00fc g\u00fczelle\u015ftirmek i\u00e7in kolye, k\u00fcpe ve e\u015farp gibi aksesuarlar ekleyin.<\/li>\n<li data-sourcepos=\"42:1-42:121\"><strong>Dokularla oynay\u0131n:<\/strong> \u0130lgin\u00e7 k\u0131yafetler olu\u015fturmak i\u00e7in dantel, kadife veya \u00f6rg\u00fc gibi farkl\u0131 dokular\u0131 kar\u0131\u015ft\u0131r\u0131n ve e\u015fle\u015ftirin.<\/li>\n<li data-sourcepos=\"43:1-43:112\"><strong>Renklerle denemeler yap\u0131n:<\/strong> \u015e\u0131k ve g\u00f6z al\u0131c\u0131 bir kombin olu\u015fturmak i\u00e7in d\u00f6k\u00fcml\u00fc \u00fcst\u00fcn\u00fcz\u00fc di\u011fer renklerle e\u015fle\u015ftirin.<\/li>\n<li data-sourcepos=\"44:1-45:0\"><strong>Basit tutun:<\/strong> Cesur ve renkli d\u00f6k\u00fcml\u00fc bir \u00fcst giyiyorsan\u0131z, k\u0131yafetinizin geri kalan\u0131n\u0131 sade tutun.<\/li>\n<\/ul>\n<\/div>","protected":false},"excerpt":{"rendered":"<table style=\"height: 541px;\" width=\"431\">\n<tbody>\n<tr>\n<td width=\"146\"><strong><b>\u00dcr\u00fcn<\/b><\/strong>\u00a0<strong><b>\u0130sim:<\/b><\/strong><\/td>\n<td width=\"601\"><strong>Bayan D\u00f6k\u00fcml\u00fc \u00dcstler<\/strong><\/td>\n<\/tr>\n<tr>\n<td width=\"146\"><strong><b>Materlal:<\/b><\/strong><\/td>\n<td width=\"601\">\u00d6rg\u00fc<\/td>\n<\/tr>\n<tr>\n<td width=\"146\"><strong><b>Teknik:<\/b><\/strong><\/td>\n<td width=\"601\">\u0130\u015flemeli<\/td>\n<\/tr>\n<tr>\n<td width=\"146\"><strong><b>Stil:<\/b><\/strong><\/td>\n<td width=\"601\">G\u00fcndelik<\/td>\n<\/tr>\n<tr>\n<td width=\"146\"><strong><b>Renk<\/b><\/strong><strong><b>:<\/b><\/strong><\/td>\n<td width=\"601\">\u00a0\u00d6zel Renkler<\/td>\n<\/tr>\n<tr>\n<td width=\"146\"><strong><b>Boyut:<\/b><\/strong><\/td>\n<td width=\"601\">S \/M \/L \/XL \/2XL<\/td>\n<\/tr>\n<tr>\n<td width=\"146\"><strong><b>OEM\/ODM:<\/b><\/strong><\/td>\n<td width=\"601\">Kabul edilebilir<\/td>\n<\/tr>\n<tr>\n<td width=\"146\"><strong><b>Kalite:<\/b><\/strong><\/td>\n<td width=\"601\">100% Y\u00fcksek Kalite<\/td>\n<\/tr>\n<tr>\n<td width=\"146\"><strong><b>M<\/b><\/strong><strong><b>OQ:<\/b><\/strong><\/td>\n<td width=\"601\">200 Adet<\/td>\n<\/tr>\n<\/tbody>\n<\/table>","protected":false},"featured_media":1938,"template":"","meta":[],"product_brand":[],"product_cat":[39],"product_tag":[],"class_list":{"0":"post-1937","1":"product","2":"type-product","3":"status-publish","4":"has-post-thumbnail","6":"product_cat-womens-clothing","8":"first","9":"instock","10":"shipping-taxable","11":"product-type-simple"},"_links":{"self":[{"href":"https:\/\/mj-clothing.com\/tr\/wp-json\/wp\/v2\/product\/1937","targetHints":{"allow":["GET"]}}],"collection":[{"href":"https:\/\/mj-clothing.com\/tr\/wp-json\/wp\/v2\/product"}],"about":[{"href":"https:\/\/mj-clothing.com\/tr\/wp-json\/wp\/v2\/types\/product"}],"wp:featuredmedia":[{"embeddable":true,"href":"https:\/\/mj-clothing.com\/tr\/wp-json\/wp\/v2\/media\/1938"}],"wp:attachment":[{"href":"https:\/\/mj-clothing.com\/tr\/wp-json\/wp\/v2\/media?parent=1937"}],"wp:term":[{"taxonomy":"product_brand","embeddable":true,"href":"https:\/\/mj-clothing.com\/tr\/wp-json\/wp\/v2\/product_brand?post=1937"},{"taxonomy":"product_cat","embeddable":true,"href":"https:\/\/mj-clothing.com\/tr\/wp-json\/wp\/v2\/product_cat?post=1937"},{"taxonomy":"product_tag","embeddable":true,"href":"https:\/\/mj-clothing.com\/tr\/wp-json\/wp\/v2\/product_tag?post=1937"}],"curies":[{"name":"wp","href":"https:\/\/api.w.org\/{rel}","templated":true}]}}