{"id":1939,"date":"2024-12-16T09:14:41","date_gmt":"2024-12-16T09:14:41","guid":{"rendered":"https:\/\/mj-clothing.com\/?post_type=product&#038;p=1939"},"modified":"2024-12-17T03:42:51","modified_gmt":"2024-12-17T03:42:51","slug":"womens-spring-tops-2024","status":"publish","type":"product","link":"https:\/\/mj-clothing.com\/tr\/manufacturer\/womens-spring-tops-2024\/","title":{"rendered":"Bayan Baharl\u0131k \u00dcstler 2024"},"content":{"rendered":"<p data-sourcepos=\"1:1-1:118\"><span class=\"citation-0 recitation citation-end-0\">Kad\u0131n Bahar \u00dcstleri 2024, klasik stillerin modern dokunu\u015flarla bir kar\u0131\u015f\u0131m\u0131d\u0131r.<\/span> \u0130\u015fte en \u00f6nemli trendlerden baz\u0131lar\u0131:<\/p>\n<h3 data-sourcepos=\"1:1-1:118\"><strong>1. Bayan Bahar \u00dcstleri 2024 Desenleri:<\/strong><\/h3>\n<ul data-sourcepos=\"5:1-7:0\">\n<li data-sourcepos=\"5:1-5:80\"><strong>Narin \u00e7i\u00e7ekler:<\/strong> Yumu\u015fak, romantik \u00e7i\u00e7ek bask\u0131lar\u0131 klasik bir bahar trendidir.<\/li>\n<li data-sourcepos=\"6:1-7:0\"><strong>Cesur \u00c7i\u00e7ekler:<\/strong> B\u00fcy\u00fck, canl\u0131 \u00e7i\u00e7ek desenleri dikkat \u00e7ekiyor.<\/li>\n<\/ul>\n<h3 data-sourcepos=\"8:1-8:20\"><strong>2. Bayan Bahar \u00dcstleri 2024 Rahat Uyum:<\/strong><\/h3>\n<ul data-sourcepos=\"10:1-12:0\">\n<li data-sourcepos=\"10:1-10:99\"><strong>B\u00fcy\u00fck boy sil\u00fcetler:<\/strong> Rahat ve \u015f\u0131k oversize \u00fcstler, g\u00fcndelik bir g\u00f6r\u00fcn\u00fcm i\u00e7in m\u00fckemmeldir.<\/li>\n<li data-sourcepos=\"11:1-12:0\"><strong>D\u00f6k\u00fcml\u00fc Bluzlar:<\/strong> Hafif ve havadar bluzlar s\u0131cak havalar i\u00e7in idealdir.<\/li>\n<\/ul>\n<h3 data-sourcepos=\"13:1-13:21\"><strong>3. Bayan Bahar \u00dcstleri 2024 Parlak Renkler:<\/strong><\/h3>\n<ul data-sourcepos=\"15:1-17:0\">\n<li data-sourcepos=\"15:1-15:83\"><strong>Cesur Tonlar:<\/strong> Pembe, sar\u0131 ve turuncu gibi canl\u0131 renkler ne\u015feli bir dokunu\u015f katar.<\/li>\n<li data-sourcepos=\"16:1-17:0\"><strong>Pastel Tonlar:<\/strong> Lavanta, nane ye\u015fili ve bebek mavisi gibi yumu\u015fak pasteller romantik bir g\u00f6r\u00fcn\u00fcm i\u00e7in m\u00fckemmeldir.<\/li>\n<\/ul>\n<h3 data-sourcepos=\"18:1-18:24\"><strong>4. Benzersiz Boyun \u00c7izgileri:<\/strong><\/h3>\n<ul data-sourcepos=\"20:1-23:0\">\n<li data-sourcepos=\"20:1-20:59\"><strong>Omzu a\u00e7\u0131k:<\/strong> Kad\u0131ns\u0131 ve gurur verici bir yaka.<\/li>\n<li data-sourcepos=\"21:1-21:55\"><strong>Kare yaka:<\/strong> Modern ve sofistike bir g\u00f6r\u00fcn\u00fcm.<\/li>\n<li data-sourcepos=\"22:1-23:0\"><strong>Tek omuz:<\/strong> Cesur ve dramatik bir se\u00e7im.<\/li>\n<\/ul>\n<h3 data-sourcepos=\"24:1-24:24\"><strong>5. Dokulu Kuma\u015flar:<\/strong><\/h3>\n<ul data-sourcepos=\"26:1-29:0\">\n<li data-sourcepos=\"26:1-26:52\"><strong>Dantel:<\/strong> \u015e\u0131kl\u0131k ve kad\u0131ns\u0131l\u0131k katar.<\/li>\n<li data-sourcepos=\"27:1-27:49\"><strong>\u00d6rg\u00fc:<\/strong> Serin g\u00fcnler i\u00e7in rahat ve konforlu.<\/li>\n<li data-sourcepos=\"28:1-29:0\"><strong>Saten:<\/strong> L\u00fcks ve g\u00f6z al\u0131c\u0131 bir kuma\u015f.<\/li>\n<\/ul>\n<h3 data-sourcepos=\"30:1-30:27\"><strong>6. S\u00fcrd\u00fcr\u00fclebilir Kuma\u015flar:<\/strong><\/h3>\n<ul data-sourcepos=\"32:1-35:0\">\n<li data-sourcepos=\"32:1-32:44\"><strong>Organik Pamuk:<\/strong> \u00c7evre dostu ve yumu\u015fak.<\/li>\n<li data-sourcepos=\"33:1-33:50\"><strong>Geri D\u00f6n\u00fc\u015ft\u00fcr\u00fclm\u00fc\u015f Polyester:<\/strong> S\u00fcrd\u00fcr\u00fclebilir ve dayan\u0131kl\u0131.<\/li>\n<li data-sourcepos=\"34:1-35:0\"><strong><span class=\"citation-1 recitation\">Tencel:<\/span><\/strong><span class=\"citation-1 recitation citation-end-1\"> Nefes alabilen ve nemi emen bir kuma\u015f.<\/span><span class=\"button-container hide-from-message-actions ng-star-inserted\"> \u00a0<\/span>\n<div class=\"container ng-tns-c2946245707-383 hide\">\n<div class=\"carousel-container ng-tns-c2946245707-383\"><\/div>\n<\/div>\n<\/li>\n<\/ul>\n<p data-sourcepos=\"36:1-36:226\">Unutmay\u0131n, sizin i\u00e7in m\u00fckemmel bahar \u00fcst\u00fcn\u00fc bulman\u0131n en iyi yolu farkl\u0131 stilleri, renkleri ve kuma\u015flar\u0131 denemektir. Se\u00e7iminizi yaparken ki\u015fisel tarz\u0131n\u0131z\u0131 ve \u00fcst\u00fcn\u00fcz\u00fc hangi durumda giyece\u011finizi g\u00f6z \u00f6n\u00fcnde bulundurun.<\/p>","protected":false},"excerpt":{"rendered":"<table style=\"height: 470px;\" width=\"398\">\n<tbody>\n<tr>\n<td width=\"146\"><strong><b>\u00dcr\u00fcn<\/b><\/strong>\u00a0<strong><b>\u0130sim:<\/b><\/strong><\/td>\n<td width=\"601\"><strong>Bayan Baharl\u0131k \u00dcstler 2024<\/strong><\/td>\n<\/tr>\n<tr>\n<td width=\"146\"><strong><b>Materlal:<\/b><\/strong><\/td>\n<td width=\"601\">\u00d6rg\u00fc<\/td>\n<\/tr>\n<tr>\n<td width=\"146\"><strong><b>Teknik:<\/b><\/strong><\/td>\n<td width=\"601\">\u0130\u015flemeli<\/td>\n<\/tr>\n<tr>\n<td width=\"146\"><strong><b>Stil:<\/b><\/strong><\/td>\n<td width=\"601\">G\u00fcndelik<\/td>\n<\/tr>\n<tr>\n<td width=\"146\"><strong><b>Renk<\/b><\/strong><strong><b>:<\/b><\/strong><\/td>\n<td width=\"601\">\u00a0\u00d6zel Renkler<\/td>\n<\/tr>\n<tr>\n<td width=\"146\"><strong><b>Boyut:<\/b><\/strong><\/td>\n<td width=\"601\">S \/M \/L \/XL \/2XL<\/td>\n<\/tr>\n<tr>\n<td width=\"146\"><strong><b>OEM\/ODM:<\/b><\/strong><\/td>\n<td width=\"601\">Kabul edilebilir<\/td>\n<\/tr>\n<tr>\n<td width=\"146\"><strong><b>Kalite:<\/b><\/strong><\/td>\n<td width=\"601\">100% Y\u00fcksek Kalite<\/td>\n<\/tr>\n<tr>\n<td width=\"146\"><strong><b>M<\/b><\/strong><strong><b>OQ:<\/b><\/strong><\/td>\n<td width=\"601\">200 Adet<\/td>\n<\/tr>\n<\/tbody>\n<\/table>","protected":false},"featured_media":1940,"template":"","meta":[],"product_brand":[],"product_cat":[39],"product_tag":[],"class_list":{"0":"post-1939","1":"product","2":"type-product","3":"status-publish","4":"has-post-thumbnail","6":"product_cat-womens-clothing","8":"first","9":"instock","10":"shipping-taxable","11":"product-type-simple"},"_links":{"self":[{"href":"https:\/\/mj-clothing.com\/tr\/wp-json\/wp\/v2\/product\/1939","targetHints":{"allow":["GET"]}}],"collection":[{"href":"https:\/\/mj-clothing.com\/tr\/wp-json\/wp\/v2\/product"}],"about":[{"href":"https:\/\/mj-clothing.com\/tr\/wp-json\/wp\/v2\/types\/product"}],"wp:featuredmedia":[{"embeddable":true,"href":"https:\/\/mj-clothing.com\/tr\/wp-json\/wp\/v2\/media\/1940"}],"wp:attachment":[{"href":"https:\/\/mj-clothing.com\/tr\/wp-json\/wp\/v2\/media?parent=1939"}],"wp:term":[{"taxonomy":"product_brand","embeddable":true,"href":"https:\/\/mj-clothing.com\/tr\/wp-json\/wp\/v2\/product_brand?post=1939"},{"taxonomy":"product_cat","embeddable":true,"href":"https:\/\/mj-clothing.com\/tr\/wp-json\/wp\/v2\/product_cat?post=1939"},{"taxonomy":"product_tag","embeddable":true,"href":"https:\/\/mj-clothing.com\/tr\/wp-json\/wp\/v2\/product_tag?post=1939"}],"curies":[{"name":"wp","href":"https:\/\/api.w.org\/{rel}","templated":true}]}}