{"id":1946,"date":"2024-12-17T02:48:08","date_gmt":"2024-12-17T02:48:08","guid":{"rendered":"https:\/\/mj-clothing.com\/?post_type=product&#038;p=1946"},"modified":"2024-12-17T03:42:21","modified_gmt":"2024-12-17T03:42:21","slug":"easy-to-sew-womens-tops","status":"publish","type":"product","link":"https:\/\/mj-clothing.com\/tr\/manufacturer\/easy-to-sew-womens-tops\/","title":{"rendered":"Dikmesi Kolay Kad\u0131n \u00dcstleri"},"content":{"rendered":"<div class=\"experimental-mode-disclaimer-container ng-star-inserted\">\n<div class=\"disclaimer\">\n<div class=\"disclaimer-text ng-star-inserted\"><\/div>\n<\/div>\n<\/div>\n<div id=\"model-response-message-contentr_97504a3a3735aa12\" class=\"markdown markdown-main-panel response-optimization\" dir=\"ltr\">\n<p data-sourcepos=\"1:1-1:139\">G\u00f6r\u00fcn\u00fc\u015fe g\u00f6re Dikmesi Kolay Kad\u0131n \u00dcstleri ar\u0131yorsunuz! \u0130\u015fte ba\u015flaman\u0131z i\u00e7in fikirlerin ve kaynaklar\u0131n bir d\u00f6k\u00fcm\u00fc:<\/p>\n<h3 data-sourcepos=\"3:1-3:33\"><strong>Dikmesi Kolay Kad\u0131n \u00dcstleri i\u00e7in Temel Unsurlar:<\/strong><\/h3>\n<ul data-sourcepos=\"5:1-9:0\">\n<li data-sourcepos=\"5:1-5:153\"><strong>Basit \u015eekiller:<\/strong> Dikd\u00f6rtgenler, kareler veya minimal e\u011friler gibi temel \u015fekillere sahip desenleri aray\u0131n. Bunlar daha az karma\u015f\u0131k kesim ve ekleme gerektirir.<\/li>\n<li data-sourcepos=\"6:1-6:172\"><strong><span class=\"citation-0 recitation\">\u00d6rg\u00fc Kuma\u015flar:<\/span><\/strong><span class=\"citation-0 recitation citation-end-0\"> Bu kuma\u015flar esneme \u00f6zelli\u011fine sahiptir, bu da onlar\u0131 yeni ba\u015flayanlar i\u00e7in daha ba\u011f\u0131\u015flay\u0131c\u0131 hale getirir.<\/span> Ayr\u0131ca genellikle kenarlar\u0131n bitirilmesini gerektirmezler, bu da size zaman kazand\u0131r\u0131r.<span class=\"button-container hide-from-message-actions ng-star-inserted\">\u00a0 \u00a0<\/span>\n<div class=\"container ng-tns-c2960411664-24 hide\">\n<div class=\"carousel-container ng-tns-c2960411664-24\"><\/div>\n<\/div>\n<\/li>\n<li data-sourcepos=\"7:1-7:95\"><strong>Minimal Diki\u015fler:<\/strong> Bir kal\u0131pta ne kadar az diki\u015f varsa, dikmek o kadar h\u0131zl\u0131 ve kolay olacakt\u0131r.<\/li>\n<li data-sourcepos=\"8:1-9:0\"><strong>Karma\u015f\u0131k Kapan\u0131\u015flar Yok:<\/strong> Ba\u015flang\u0131\u00e7ta fermuarl\u0131, ilikli veya karma\u015f\u0131k ba\u011flant\u0131lar\u0131 olan desenlerden ka\u00e7\u0131n\u0131n.<\/li>\n<\/ul>\n<h3 data-sourcepos=\"10:1-10:32\"><strong>Dikmesi Kolay Kad\u0131n \u00dcstleri Dikkate Al\u0131nmal\u0131:<\/strong><\/h3>\n<ul data-sourcepos=\"12:1-17:0\">\n<li data-sourcepos=\"12:1-12:133\"><strong>Ti\u015f\u00f6rtler:<\/strong> Klasik olmas\u0131n\u0131n bir sebebi var! <span class=\"citation-1 recitation citation-end-1\">Temel ti\u015f\u00f6rt kal\u0131plar\u0131 kolayca bulunabilir ve harika bir ba\u015flang\u0131\u00e7 noktas\u0131 sunar.<\/span><span class=\"button-container hide-from-message-actions ng-star-inserted\"> \u00a0<\/span>\n<div class=\"container ng-tns-c2960411664-25 hide\">\n<div class=\"carousel-container ng-tns-c2960411664-25\"><\/div>\n<\/div>\n<\/li>\n<li data-sourcepos=\"13:1-13:96\"><strong>Atletler:<\/strong> Geni\u015f ask\u0131l\u0131 veya temel \u015fekilli basit atletlerin yap\u0131m\u0131 \u00e7ok kolayd\u0131r.<\/li>\n<li data-sourcepos=\"14:1-14:110\"><strong>Kimono \u00dcstler:<\/strong> Bunlar genellikle d\u00fcz \u00e7izgilerin dikilmesini i\u00e7erir ve g\u00fczel d\u00f6k\u00fcml\u00fc kuma\u015flardan yap\u0131labilir.<\/li>\n<li data-sourcepos=\"15:1-15:97\"><strong>Basit Tunikler:<\/strong> Minimal \u015fekillendirmeye sahip bol kesim tunikler rahatt\u0131r ve dikimi kolayd\u0131r.<\/li>\n<li data-sourcepos=\"16:1-17:0\"><strong>B\u00fczg\u00fcl\u00fc \u00dcstler:<\/strong> Yakas\u0131 lastikli veya b\u00fczg\u00fcl\u00fc \u00fcstleri yapmak \u015fa\u015f\u0131rt\u0131c\u0131 derecede basit olabilir.<\/li>\n<\/ul>\n<h3 data-sourcepos=\"18:1-18:43\"><strong>Dikmesi Kolay Kad\u0131n \u00dcstleri Nerede Desen ve \u0130lham Bulabilirim:<\/strong><\/h3>\n<ul data-sourcepos=\"20:1-24:0\">\n<li data-sourcepos=\"20:1-20:97\"><strong>Sew Essential:<\/strong> Bu web sitesi yeni ba\u015flayanlara uygun \u00e7e\u015fitli desenler ve kaynaklar sunmaktad\u0131r.<\/li>\n<li data-sourcepos=\"21:1-21:99\"><strong>Basit diki\u015f:<\/strong> <span class=\"citation-2 recitation citation-end-2\">A\u00e7\u0131k talimatlarla basit ve \u015f\u0131k desenlere odaklan\u0131rlar.<\/span><span class=\"button-container hide-from-message-actions ng-star-inserted\">\u00a0<\/span>\n<div class=\"container ng-tns-c2960411664-26 hide\">\n<div class=\"carousel-container ng-tns-c2960411664-26\"><\/div>\n<\/div>\n<\/li>\n<li data-sourcepos=\"22:1-22:120\"><strong><span class=\"citation-3 recitation\">Pinterest:<\/span><\/strong><span class=\"citation-3 recitation citation-end-3\"> Kolay \u00fcstler i\u00e7in bir\u00e7ok \u00fccretsiz \u00f6\u011fretici ve desen i\u00e7eren bir DIY fikirleri hazinesi.<\/span><span class=\"button-container hide-from-message-actions ng-star-inserted\"> \u00a0<\/span>\n<div class=\"container ng-tns-c2960411664-27 hide\">\n<div class=\"carousel-container ng-tns-c2960411664-27\"><\/div>\n<\/div>\n<\/li>\n<li data-sourcepos=\"23:1-24:0\"><strong>Simplicity, McCall's, Butterick:<\/strong> Bu desen \u015firketleri, genellikle beceri seviyesine g\u00f6re kategorize edilmi\u015f geni\u015f bir desen yelpazesine sahiptir.<\/li>\n<\/ul>\n<h3 data-sourcepos=\"25:1-25:23\"><strong>Yeni Ba\u015flayanlar \u0130\u00e7in \u0130pu\u00e7lar\u0131:<\/strong><\/h3>\n<ul data-sourcepos=\"27:1-31:0\">\n<li data-sourcepos=\"27:1-27:102\"><strong>Basit bir proje ile ba\u015flay\u0131n:<\/strong> \u0130lk denemeniz i\u00e7in \u00e7ok karma\u015f\u0131k bir \u015feyin \u00fcstesinden gelmeye \u00e7al\u0131\u015fmay\u0131n.<\/li>\n<li data-sourcepos=\"28:1-28:99\"><strong>Do\u011fru kuma\u015f\u0131 se\u00e7in:<\/strong> \u00d6rg\u00fc kuma\u015flarla \u00e7al\u0131\u015fmak genellikle dokuma kuma\u015flarla \u00e7al\u0131\u015fmaktan daha kolayd\u0131r.<\/li>\n<li data-sourcepos=\"29:1-29:93\"><strong>Talimatlar\u0131 dikkatlice okuyun:<\/strong> Ba\u015flamadan \u00f6nce ad\u0131mlar\u0131 anlad\u0131\u011f\u0131n\u0131zdan emin olun.<\/li>\n<li data-sourcepos=\"30:1-31:0\"><strong>Yard\u0131m istemekten korkmay\u0131n:<\/strong> Tak\u0131ld\u0131\u011f\u0131n\u0131z noktalarda size yard\u0131mc\u0131 olacak \u00e7ok say\u0131da \u00e7evrimi\u00e7i topluluk ve kaynak mevcuttur.<\/li>\n<\/ul>\n<p data-sourcepos=\"32:1-32:128\">\u00d6zel sorular\u0131n\u0131z varsa veya belirli bir \u00fcst stili ke\u015ffetmek istiyorsan\u0131z size daha fazla yard\u0131mc\u0131 olmaya haz\u0131r\u0131m. Sadece bana haber verin!<\/p>\n<\/div>\n<div class=\"skeleton-loader-container\"><\/div>","protected":false},"excerpt":{"rendered":"<table style=\"height: 518px;\" width=\"411\">\n<tbody>\n<tr>\n<td width=\"146\"><strong><b>\u00dcr\u00fcn<\/b><\/strong>\u00a0<strong><b>\u0130sim:<\/b><\/strong><\/td>\n<td width=\"601\"><strong>Dikmesi Kolay Kad\u0131n \u00dcstleri<\/strong><\/td>\n<\/tr>\n<tr>\n<td width=\"146\"><strong><b>Materlal:<\/b><\/strong><\/td>\n<td width=\"601\">\u00d6rg\u00fc<\/td>\n<\/tr>\n<tr>\n<td width=\"146\"><strong><b>Teknik:<\/b><\/strong><\/td>\n<td width=\"601\">\u0130\u015flemeli<\/td>\n<\/tr>\n<tr>\n<td width=\"146\"><strong><b>Stil:<\/b><\/strong><\/td>\n<td width=\"601\">G\u00fcndelik<\/td>\n<\/tr>\n<tr>\n<td width=\"146\"><strong><b>Renk<\/b><\/strong><strong><b>:<\/b><\/strong><\/td>\n<td width=\"601\">\u00a0\u00d6zel Renkler<\/td>\n<\/tr>\n<tr>\n<td width=\"146\"><strong><b>Boyut:<\/b><\/strong><\/td>\n<td width=\"601\">S \/M \/L \/XL \/2XL<\/td>\n<\/tr>\n<tr>\n<td width=\"146\"><strong><b>OEM\/ODM:<\/b><\/strong><\/td>\n<td width=\"601\">Kabul edilebilir<\/td>\n<\/tr>\n<tr>\n<td width=\"146\"><strong><b>Kalite:<\/b><\/strong><\/td>\n<td width=\"601\">100% Y\u00fcksek Kalite<\/td>\n<\/tr>\n<tr>\n<td width=\"146\"><strong><b>M<\/b><\/strong><strong><b>OQ:<\/b><\/strong><\/td>\n<td width=\"601\">200 Adet<\/td>\n<\/tr>\n<\/tbody>\n<\/table>","protected":false},"featured_media":1956,"template":"","meta":[],"product_brand":[],"product_cat":[39],"product_tag":[],"class_list":{"0":"post-1946","1":"product","2":"type-product","3":"status-publish","4":"has-post-thumbnail","6":"product_cat-womens-clothing","8":"first","9":"instock","10":"shipping-taxable","11":"product-type-simple"},"_links":{"self":[{"href":"https:\/\/mj-clothing.com\/tr\/wp-json\/wp\/v2\/product\/1946","targetHints":{"allow":["GET"]}}],"collection":[{"href":"https:\/\/mj-clothing.com\/tr\/wp-json\/wp\/v2\/product"}],"about":[{"href":"https:\/\/mj-clothing.com\/tr\/wp-json\/wp\/v2\/types\/product"}],"wp:featuredmedia":[{"embeddable":true,"href":"https:\/\/mj-clothing.com\/tr\/wp-json\/wp\/v2\/media\/1956"}],"wp:attachment":[{"href":"https:\/\/mj-clothing.com\/tr\/wp-json\/wp\/v2\/media?parent=1946"}],"wp:term":[{"taxonomy":"product_brand","embeddable":true,"href":"https:\/\/mj-clothing.com\/tr\/wp-json\/wp\/v2\/product_brand?post=1946"},{"taxonomy":"product_cat","embeddable":true,"href":"https:\/\/mj-clothing.com\/tr\/wp-json\/wp\/v2\/product_cat?post=1946"},{"taxonomy":"product_tag","embeddable":true,"href":"https:\/\/mj-clothing.com\/tr\/wp-json\/wp\/v2\/product_tag?post=1946"}],"curies":[{"name":"wp","href":"https:\/\/api.w.org\/{rel}","templated":true}]}}