{"id":1957,"date":"2024-12-17T02:54:13","date_gmt":"2024-12-17T02:54:13","guid":{"rendered":"https:\/\/mj-clothing.com\/?post_type=product&#038;p=1957"},"modified":"2024-12-18T06:10:01","modified_gmt":"2024-12-18T06:10:01","slug":"womens-shell-top","status":"publish","type":"product","link":"https:\/\/mj-clothing.com\/tr\/manufacturer\/womens-shell-top\/","title":{"rendered":"Bayan Kabuklu \u00dcst"},"content":{"rendered":"<p data-sourcepos=\"1:1-1:134\"><span class=\"citation-0 recitation citation-end-0\">Kad\u0131n kabuklu \u00fcst, \u00e7ok y\u00f6nl\u00fc ve klasik bir gard\u0131rop elyaf\u0131d\u0131r.<\/span> \u0130\u015fte ne oldu\u011funa ve neden bu kadar pop\u00fcler oldu\u011funa dair bir d\u00f6k\u00fcm:<span class=\"button-container hide-from-message-actions ng-star-inserted\"> \u00a0<\/span><\/p>\n<h3 data-sourcepos=\"3:1-3:24\"><strong>Kad\u0131n Kaban \u00dcst\u00fc nedir?<\/strong><\/h3>\n<ul data-sourcepos=\"5:1-9:0\">\n<li data-sourcepos=\"5:1-5:173\"><strong><span class=\"citation-1 recitation\">Sade ve kolsuz:<\/span><\/strong><span class=\"citation-1 recitation citation-end-1\"> Asl\u0131nda basit, kolsuz bir \u00fcst.<\/span> Genellikle basit bir yakaya sahiptir (kep\u00e7e yaka, bisiklet yaka veya V yaka gibi) ve yakas\u0131 yoktur.<span class=\"button-container hide-from-message-actions ng-star-inserted\"> \u00a0<\/span>\n<div class=\"container ng-tns-c2960411664-35 hide\">\n<div class=\"carousel-container ng-tns-c2960411664-35\"><\/div>\n<\/div>\n<\/li>\n<li data-sourcepos=\"6:1-6:278\"><strong>\u00c7ok y\u00f6nl\u00fc kuma\u015f:<\/strong> <span class=\"citation-2 recitation citation-end-2\">Kabuk \u00fcstler pamuk, ipek, keten, suni ipek veya kar\u0131\u015f\u0131mlar\u0131 dahil olmak \u00fczere \u00e7ok \u00e7e\u015fitli kuma\u015flardan yap\u0131labilir.<\/span> <span class=\"citation-3 recitation citation-end-3\">Kuma\u015f se\u00e7imi, \u00fcst k\u0131sm\u0131n g\u00f6r\u00fcn\u00fcm\u00fcn\u00fc ve hissini b\u00fcy\u00fck \u00f6l\u00e7\u00fcde etkileyerek onu g\u00fcndelik veya daha resmi durumlar i\u00e7in uygun hale getirebilir.<\/span>\n<div class=\"container ng-tns-c2960411664-36 hide\">\n<div class=\"carousel-container ng-tns-c2960411664-36\"><\/div>\n<\/div>\n<\/li>\n<li data-sourcepos=\"7:1-7:186\"><strong>Kat kat giyinmek \u015fart:<\/strong> Kabuklu \u00fcstler h\u0131rkalar\u0131n, blazer ceketlerin, ceketlerin ve hatta transparan \u00fcstlerin alt\u0131na giymek i\u00e7in m\u00fckemmeldir. Kollara hacim kazand\u0131rmadan p\u00fcr\u00fczs\u00fcz bir taban katman\u0131 sa\u011flarlar.<\/li>\n<li data-sourcepos=\"8:1-9:0\"><strong><span class=\"citation-4 recitation\">Ba\u011f\u0131ms\u0131z bir par\u00e7a:<\/span><\/strong><span class=\"citation-4 recitation citation-end-4\"> Kat kat giymek i\u00e7in harika olsa da, kabuklu \u00fcstler \u00f6zellikle s\u0131cak havalarda tek ba\u015flar\u0131na da giyilebilir.<\/span>\n<div class=\"container ng-tns-c2960411664-37 hide\">\n<div class=\"carousel-container ng-tns-c2960411664-37\"><\/div>\n<\/div>\n<\/li>\n<\/ul>\n<h3 data-sourcepos=\"10:1-10:24\"><strong>Temel \u00f6zellikler:<\/strong><\/h3>\n<ul data-sourcepos=\"12:1-15:0\">\n<li data-sourcepos=\"12:1-12:120\"><strong>Temiz \u00e7izgiler:<\/strong> Kabuk \u00fcstler tipik olarak a\u015f\u0131r\u0131 s\u00fcslemelerden veya detaylardan ar\u0131nd\u0131r\u0131lm\u0131\u015f, temiz ve sade bir tasar\u0131ma sahiptir.<\/li>\n<li data-sourcepos=\"13:1-13:128\"><strong>Fitted veya yar\u0131 fitted:<\/strong> Genellikle v\u00fccuda nispeten yak\u0131n oturacak \u015fekilde tasarlan\u0131rlar ve gurur verici bir siluet sa\u011flarlar.<\/li>\n<li data-sourcepos=\"14:1-15:0\"><strong>Zamans\u0131z stil:<\/strong> Kabuklu \u00fcst, sadeli\u011fi ve uyarlanabilirli\u011fi sayesinde onlarca y\u0131ld\u0131r \u015f\u0131kl\u0131\u011f\u0131n\u0131 koruyan klasik bir par\u00e7ad\u0131r.<\/li>\n<\/ul>\n<h3 data-sourcepos=\"16:1-16:25\"><strong>Bayan Shell Top neden pop\u00fcler?<\/strong><\/h3>\n<ul data-sourcepos=\"18:1-22:0\">\n<li data-sourcepos=\"18:1-18:95\"><strong>\u00c7ok y\u00f6nl\u00fcl\u00fck:<\/strong> Daha \u00f6nce de belirtildi\u011fi gibi, yukar\u0131 veya a\u015fa\u011f\u0131 giyilebilir ve \u00e7e\u015fitli ortamlarda giyilebilirler.<\/li>\n<li data-sourcepos=\"19:1-19:130\"><strong>Konfor:<\/strong> Kolsuz tasar\u0131mlar\u0131 ve genellikle hafif kuma\u015flar\u0131, \u00f6zellikle s\u0131cak iklimlerde rahat\u00e7a giyilebilmelerini sa\u011flar.<\/li>\n<li data-sourcepos=\"20:1-20:92\"><strong>Katmanlama yetene\u011fi:<\/strong> Hacim eklemeden katmanl\u0131 k\u0131yafetler olu\u015fturmak i\u00e7in m\u00fckemmeldirler.<\/li>\n<li data-sourcepos=\"21:1-22:0\"><strong>Zamans\u0131zl\u0131k:<\/strong> Asla modas\u0131 ge\u00e7meyen klasik bir gard\u0131rop elyaf\u0131d\u0131r.<\/li>\n<\/ul>\n<h3 data-sourcepos=\"23:1-23:28\"><strong>Kad\u0131n Kabuklu \u00dcst Nas\u0131l Giyilir?<\/strong><\/h3>\n<ul data-sourcepos=\"25:1-28:0\">\n<li data-sourcepos=\"25:1-25:81\"><strong>S\u0131radan:<\/strong> Rahat bir g\u00f6r\u00fcn\u00fcm i\u00e7in kot pantolon, \u015fort veya rahat bir etekle e\u015fle\u015ftirin.<\/li>\n<li data-sourcepos=\"26:1-26:122\"><strong>\u0130\u015f k\u0131yafeti:<\/strong> Profesyonel ama rahat bir k\u0131yafet i\u00e7in blazer ceketin alt\u0131na pantolon veya kalem etekle giyin.<\/li>\n<li data-sourcepos=\"27:1-28:0\"><strong>\u015e\u0131k:<\/strong> \u0130pek veya saten gibi l\u00fcks bir kuma\u015ftan kabuklu bir \u00fcst se\u00e7in ve bir ak\u015fam etkinli\u011fi i\u00e7in \u015f\u0131k bir etek veya pantolonla e\u015fle\u015ftirin.<\/li>\n<\/ul>\n<p data-sourcepos=\"29:1-29:132\">\u0130ster temel bir katman par\u00e7as\u0131 ister s\u0131cak havalar i\u00e7in basit bir \u00fcst ar\u0131yor olun, kabuklu \u00fcst \u00e7ok y\u00f6nl\u00fc ve \u015f\u0131k bir se\u00e7imdir.<\/p>","protected":false},"excerpt":{"rendered":"<table style=\"height: 495px;\" width=\"411\">\n<tbody>\n<tr>\n<td width=\"146\"><strong><b>\u00dcr\u00fcn<\/b><\/strong>\u00a0<strong><b>\u0130sim:<\/b><\/strong><\/td>\n<td width=\"601\"><strong>Bayan Kabuklu \u00dcst<\/strong><\/td>\n<\/tr>\n<tr>\n<td width=\"146\"><strong><b>Materlal:<\/b><\/strong><\/td>\n<td width=\"601\">\u00d6rg\u00fc<\/td>\n<\/tr>\n<tr>\n<td width=\"146\"><strong><b>Teknik:<\/b><\/strong><\/td>\n<td width=\"601\">\u0130\u015flemeli<\/td>\n<\/tr>\n<tr>\n<td width=\"146\"><strong><b>Stil:<\/b><\/strong><\/td>\n<td width=\"601\">G\u00fcndelik<\/td>\n<\/tr>\n<tr>\n<td width=\"146\"><strong><b>Renk<\/b><\/strong><strong><b>:<\/b><\/strong><\/td>\n<td width=\"601\">\u00a0\u00d6zel Renkler<\/td>\n<\/tr>\n<tr>\n<td width=\"146\"><strong><b>Boyut:<\/b><\/strong><\/td>\n<td width=\"601\">S \/M \/L \/XL \/2XL<\/td>\n<\/tr>\n<tr>\n<td width=\"146\"><strong><b>OEM\/ODM:<\/b><\/strong><\/td>\n<td width=\"601\">Kabul edilebilir<\/td>\n<\/tr>\n<tr>\n<td width=\"146\"><strong><b>Kalite:<\/b><\/strong><\/td>\n<td width=\"601\">100% Y\u00fcksek Kalite<\/td>\n<\/tr>\n<tr>\n<td width=\"146\"><strong><b>M<\/b><\/strong><strong><b>OQ:<\/b><\/strong><\/td>\n<td width=\"601\">200 Adet<\/td>\n<\/tr>\n<\/tbody>\n<\/table>","protected":false},"featured_media":1958,"template":"","meta":[],"product_brand":[],"product_cat":[39],"product_tag":[],"class_list":{"0":"post-1957","1":"product","2":"type-product","3":"status-publish","4":"has-post-thumbnail","6":"product_cat-womens-clothing","8":"first","9":"instock","10":"shipping-taxable","11":"product-type-simple"},"_links":{"self":[{"href":"https:\/\/mj-clothing.com\/tr\/wp-json\/wp\/v2\/product\/1957","targetHints":{"allow":["GET"]}}],"collection":[{"href":"https:\/\/mj-clothing.com\/tr\/wp-json\/wp\/v2\/product"}],"about":[{"href":"https:\/\/mj-clothing.com\/tr\/wp-json\/wp\/v2\/types\/product"}],"wp:featuredmedia":[{"embeddable":true,"href":"https:\/\/mj-clothing.com\/tr\/wp-json\/wp\/v2\/media\/1958"}],"wp:attachment":[{"href":"https:\/\/mj-clothing.com\/tr\/wp-json\/wp\/v2\/media?parent=1957"}],"wp:term":[{"taxonomy":"product_brand","embeddable":true,"href":"https:\/\/mj-clothing.com\/tr\/wp-json\/wp\/v2\/product_brand?post=1957"},{"taxonomy":"product_cat","embeddable":true,"href":"https:\/\/mj-clothing.com\/tr\/wp-json\/wp\/v2\/product_cat?post=1957"},{"taxonomy":"product_tag","embeddable":true,"href":"https:\/\/mj-clothing.com\/tr\/wp-json\/wp\/v2\/product_tag?post=1957"}],"curies":[{"name":"wp","href":"https:\/\/api.w.org\/{rel}","templated":true}]}}