{"id":1960,"date":"2024-12-17T03:10:50","date_gmt":"2024-12-17T03:10:50","guid":{"rendered":"https:\/\/mj-clothing.com\/?post_type=product&#038;p=1960"},"modified":"2024-12-17T03:10:50","modified_gmt":"2024-12-17T03:10:50","slug":"periwinkle-womens-tops","status":"publish","type":"product","link":"https:\/\/mj-clothing.com\/tr\/manufacturer\/periwinkle-womens-tops\/","title":{"rendered":"Cezayir Menek\u015fesi Bayan \u00dcstler"},"content":{"rendered":"<div id=\"model-response-message-contentr_7f973865284483ec\" class=\"markdown markdown-main-panel response-optimization\" dir=\"ltr\">\n<p data-sourcepos=\"1:1-1:279\">Cezayir Menek\u015fesi Kad\u0131n \u00dcstleri, her k\u0131yafete \u015f\u0131kl\u0131k ve kad\u0131ns\u0131l\u0131k katabilecek g\u00fczel, yumu\u015fak ve \u00e7ok y\u00f6nl\u00fc bir renktir. <span class=\"citation-0 recitation citation-end-0\">Genellikle soluk lavanta veya a\u00e7\u0131k menek\u015fe olarak tan\u0131mlanan, mavi bir ipucu ile a\u00e7\u0131k bir mor.<\/span> \u0130\u015fte deniz salyangozu kad\u0131n \u00fcstlerini bu kadar \u00e7ekici k\u0131lan \u015fey:<span class=\"button-container hide-from-message-actions ng-star-inserted\">\u00a0 \u00a0<\/span><\/p>\n<h3 data-sourcepos=\"3:1-3:39\"><strong>Cezayir Menek\u015fesi Kad\u0131n \u00dcstleri \u00dcstler \u0130\u00e7in Neden \u0130yi \u00c7al\u0131\u015f\u0131r?<\/strong><\/h3>\n<ul data-sourcepos=\"5:1-9:0\">\n<li data-sourcepos=\"5:1-5:138\"><strong>Bir\u00e7ok cilt tonuna uyum sa\u011flar:<\/strong> Cezayir menek\u015fesi hem so\u011fuk hem de s\u0131cak alt tonlara sahiptir, bu da onu geni\u015f bir cilt yelpazesi i\u00e7in gurur verici k\u0131lar.<\/li>\n<li data-sourcepos=\"6:1-6:105\"><strong>Yumu\u015fak ve sakinle\u015ftirici:<\/strong> <span class=\"citation-1 recitation citation-end-1\">Sakinlik ve huzur duygular\u0131n\u0131 \u00e7a\u011fr\u0131\u015ft\u0131ran yumu\u015fak bir renktir.<\/span><span class=\"button-container hide-from-message-actions ng-star-inserted\"> \u00a0<\/span>\n<div class=\"container ng-tns-c2960411664-45 hide\">\n<div class=\"carousel-container ng-tns-c2960411664-45\"><\/div>\n<\/div>\n<\/li>\n<li data-sourcepos=\"7:1-7:111\"><strong><span class=\"citation-2 recitation\">\u00c7ok y\u00f6nl\u00fc:<\/span><\/strong><span class=\"citation-2 recitation citation-end-2\"> Cezayir menek\u015fesi yukar\u0131 veya a\u015fa\u011f\u0131 giydirilebilir, bu da onu \u00e7e\u015fitli durumlar i\u00e7in uygun hale getirir.<\/span><span class=\"button-container hide-from-message-actions ng-star-inserted\"> \u00a0<\/span>\n<div class=\"container ng-tns-c2960411664-46 hide\">\n<div class=\"carousel-container ng-tns-c2960411664-46\"><\/div>\n<\/div>\n<\/li>\n<li data-sourcepos=\"8:1-9:0\"><strong>Di\u011fer renklerle iyi uyum sa\u011flar:<\/strong> Beyaz, gri ve bej gibi n\u00f6tr renklerin yan\u0131 s\u0131ra pembe, ye\u015fil ve hatta sar\u0131 gibi di\u011fer renkleri de tamamlar.<\/li>\n<\/ul>\n<h3 data-sourcepos=\"10:1-10:44\"><strong>Bulabilece\u011finiz Cezayir Menek\u015fesi Bayan \u00dcst \u00c7e\u015fitleri:<\/strong><\/h3>\n<ul data-sourcepos=\"12:1-16:0\">\n<li data-sourcepos=\"12:1-12:164\"><strong>Ti\u015f\u00f6rtler ve G\u00fcnl\u00fck \u00dcstler:<\/strong> Cezayir menek\u015fesi rengi bir ti\u015f\u00f6rt veya rahat bir \u00fcst g\u00fcnl\u00fck kullan\u0131m i\u00e7in m\u00fckemmeldir. Rahat bir g\u00f6r\u00fcn\u00fcm i\u00e7in kot pantolon, \u015fort veya rahat bir etekle e\u015fle\u015ftirin.<\/li>\n<li data-sourcepos=\"13:1-13:198\"><strong><span class=\"citation-3 recitation\">Bluzlar ve \u00dcst Giysiler:<\/span><\/strong><span class=\"citation-3 recitation citation-end-3\"> \u0130pek, saten veya \u015fifon bir Cezayir menek\u015fesi bluz daha resmi durumlar i\u00e7in giydirilebilir.<\/span> Elbise pantolon, etek ve hatta blazer ceket ile e\u015fle\u015ftirin.<span class=\"button-container hide-from-message-actions ng-star-inserted\"> \u00a0<\/span>\n<div class=\"container ng-tns-c2960411664-47 hide\">\n<div class=\"carousel-container ng-tns-c2960411664-47\"><\/div>\n<\/div>\n<\/li>\n<li data-sourcepos=\"14:1-14:110\"><strong>Kazaklar ve H\u0131rkalar:<\/strong> Cezayir menek\u015fesi renginde bir kazak veya h\u0131rka, serin havalar i\u00e7in harika bir katman par\u00e7as\u0131d\u0131r.<\/li>\n<li data-sourcepos=\"15:1-16:0\"><strong><span class=\"citation-4 recitation\">Atletler ve Camisoles:<\/span><\/strong><span class=\"citation-4 recitation citation-end-4\"> Cezayir menek\u015fesi rengi bir atlet veya ka\u015fkorse, s\u0131cak havalarda tek ba\u015f\u0131na giyilebilir veya di\u011fer \u00fcstlerin alt\u0131na katlanabilir.<\/span><span class=\"button-container hide-from-message-actions ng-star-inserted\">\u00a0<\/span>\n<div class=\"container ng-tns-c2960411664-48 hide\">\n<div class=\"carousel-container ng-tns-c2960411664-48\">\n<div class=\"carousel-content ng-tns-c2960411664-48\">\n<div class=\"sources-carousel-source ng-tns-c2960411664-48 hide ng-star-inserted\" data-test-id=\"sources-carousel-source\"><\/div>\n<\/div>\n<\/div>\n<\/div>\n<\/li>\n<\/ul>\n<h3 data-sourcepos=\"17:1-17:33\"><strong>Cezayir Menek\u015fesi \u00dcstler Nas\u0131l Stilize Edilir?<\/strong><\/h3>\n<ul data-sourcepos=\"19:1-23:0\">\n<li data-sourcepos=\"19:1-19:100\"><strong>S\u0131radan:<\/strong> Cezayir menek\u015fesi ti\u015f\u00f6rt\u00fcn\u00fcz\u00fc beyaz kot pantolon ve spor ayakkab\u0131lar\u0131n\u0131zla e\u015fle\u015ftirerek ferah ve rahat bir g\u00f6r\u00fcn\u00fcm elde edin.<\/li>\n<li data-sourcepos=\"20:1-20:117\"><strong>\u0130\u015f k\u0131yafeti:<\/strong> Profesyonel ama \u015f\u0131k bir kombin i\u00e7in deniz salyangozu bluzu gri pantolon ve topuklu ayakkab\u0131larla giyin.<\/li>\n<li data-sourcepos=\"21:1-21:104\"><strong>\u015e\u0131k:<\/strong> Zarif bir gece g\u00f6r\u00fcn\u00fcm\u00fc i\u00e7in deniz salyangozu saten \u00fcst\u00fcn\u00fcz\u00fc siyah bir etek ve topuklu ayakkab\u0131larla kombinleyin.<\/li>\n<li data-sourcepos=\"22:1-23:0\"><strong>Bohem:<\/strong> Deniz salyangozu renginde d\u00f6k\u00fcml\u00fc bir bluzu uzun bir etek ve sandaletlerle kombinleyerek bohem bir hava yakalay\u0131n.<\/li>\n<\/ul>\n<p data-sourcepos=\"32:1-32:113\">\n<\/div>","protected":false},"excerpt":{"rendered":"<table style=\"height: 501px;\" width=\"369\">\n<tbody>\n<tr>\n<td width=\"146\"><strong><b>\u00dcr\u00fcn<\/b><\/strong>\u00a0<strong><b>\u0130sim:<\/b><\/strong><\/td>\n<td width=\"601\"><strong>Cezayir Menek\u015fesi Bayan \u00dcstler<\/strong><\/td>\n<\/tr>\n<tr>\n<td width=\"146\"><strong><b>Materlal:<\/b><\/strong><\/td>\n<td width=\"601\">\u00d6rg\u00fc<\/td>\n<\/tr>\n<tr>\n<td width=\"146\"><strong><b>Teknik: <\/b><\/strong><\/td>\n<td width=\"601\">\u0130\u015flemeli<\/td>\n<\/tr>\n<tr>\n<td width=\"146\"><strong><b>Stil: <\/b><\/strong><\/td>\n<td width=\"601\">G\u00fcndelik<\/td>\n<\/tr>\n<tr>\n<td width=\"146\"><strong><b>Renk<\/b><\/strong><strong><b>:<\/b><\/strong><\/td>\n<td width=\"601\">\u00a0\u00d6zel Renkler<\/td>\n<\/tr>\n<tr>\n<td width=\"146\"><strong><b>Boyut:<\/b><\/strong><\/td>\n<td width=\"601\">S \/M \/L \/XL \/2XL<\/td>\n<\/tr>\n<tr>\n<td width=\"146\"><strong><b>OEM\/ODM:<\/b><\/strong><\/td>\n<td width=\"601\">Kabul edilebilir<\/td>\n<\/tr>\n<tr>\n<td width=\"146\"><strong><b>Kalite:<\/b><\/strong><\/td>\n<td width=\"601\">100% Y\u00fcksek Kalite<\/td>\n<\/tr>\n<tr>\n<td width=\"146\"><strong><b>M<\/b><\/strong><strong><b>OQ:<\/b><\/strong><\/td>\n<td width=\"601\">200 Adet<\/td>\n<\/tr>\n<\/tbody>\n<\/table>","protected":false},"featured_media":1961,"template":"","meta":[],"product_brand":[],"product_cat":[39],"product_tag":[],"class_list":{"0":"post-1960","1":"product","2":"type-product","3":"status-publish","4":"has-post-thumbnail","6":"product_cat-womens-clothing","8":"first","9":"instock","10":"shipping-taxable","11":"product-type-simple"},"_links":{"self":[{"href":"https:\/\/mj-clothing.com\/tr\/wp-json\/wp\/v2\/product\/1960","targetHints":{"allow":["GET"]}}],"collection":[{"href":"https:\/\/mj-clothing.com\/tr\/wp-json\/wp\/v2\/product"}],"about":[{"href":"https:\/\/mj-clothing.com\/tr\/wp-json\/wp\/v2\/types\/product"}],"wp:featuredmedia":[{"embeddable":true,"href":"https:\/\/mj-clothing.com\/tr\/wp-json\/wp\/v2\/media\/1961"}],"wp:attachment":[{"href":"https:\/\/mj-clothing.com\/tr\/wp-json\/wp\/v2\/media?parent=1960"}],"wp:term":[{"taxonomy":"product_brand","embeddable":true,"href":"https:\/\/mj-clothing.com\/tr\/wp-json\/wp\/v2\/product_brand?post=1960"},{"taxonomy":"product_cat","embeddable":true,"href":"https:\/\/mj-clothing.com\/tr\/wp-json\/wp\/v2\/product_cat?post=1960"},{"taxonomy":"product_tag","embeddable":true,"href":"https:\/\/mj-clothing.com\/tr\/wp-json\/wp\/v2\/product_tag?post=1960"}],"curies":[{"name":"wp","href":"https:\/\/api.w.org\/{rel}","templated":true}]}}