{"id":1999,"date":"2024-12-17T07:46:21","date_gmt":"2024-12-17T07:46:21","guid":{"rendered":"https:\/\/mj-clothing.com\/?post_type=product&#038;p=1999"},"modified":"2024-12-17T08:30:43","modified_gmt":"2024-12-17T08:30:43","slug":"womens-shell-tops","status":"publish","type":"product","link":"https:\/\/mj-clothing.com\/tr\/manufacturer\/womens-shell-tops\/","title":{"rendered":"Kad\u0131n Kabuk \u00dcstler"},"content":{"rendered":"<p data-sourcepos=\"1:1-1:189\">G\u00f6r\u00fcn\u00fc\u015fe g\u00f6re kad\u0131n kabuklu \u00fcstlerle ilgileniyorsunuz! Klasik ve \u00e7ok y\u00f6nl\u00fc bir gard\u0131rop elyaf\u0131d\u0131rlar. \u0130\u015fte ne olduklar\u0131na, temel \u00f6zelliklerine ve neden bu kadar pop\u00fcler olduklar\u0131na dair bir d\u00f6k\u00fcm:<\/p>\n<h3 data-sourcepos=\"3:1-3:24\"><strong>Kad\u0131n Kaban \u00dcstleri Nedir?<\/strong><\/h3>\n<p data-sourcepos=\"5:1-5:161\"><span class=\"citation-0 recitation citation-end-0\">Kabuklu \u00fcst, basit yakal\u0131, kolsuz bir \u00fcstt\u00fcr.<\/span> K\u0131yafetiniz i\u00e7in bo\u015f bir tuval olarak d\u00fc\u015f\u00fcn\u00fcn. \u0130\u015fte belirleyici \u00f6zellikler:<span class=\"button-container hide-from-message-actions ng-star-inserted\"> \u00a0<\/span><\/p>\n<ul data-sourcepos=\"7:1-12:0\">\n<li data-sourcepos=\"7:1-7:148\"><strong>Kolsuz:<\/strong> Bu en \u00f6nemli \u00f6zelliktir. Kabuk \u00fcstler her zaman kolsuzdur, bu da onlar\u0131 s\u0131cak havalarda kat kat giymek veya giymek i\u00e7in ideal k\u0131lar.<\/li>\n<li data-sourcepos=\"8:1-8:137\"><strong>Sade yaka:<\/strong> <span class=\"citation-1 recitation citation-end-1\">Yayg\u0131n yakalar aras\u0131nda kep\u00e7e yaka, bisiklet yaka, V yaka veya hatta sahte yaka gibi daha y\u00fcksek bir yaka bulunur.<\/span><span class=\"button-container hide-from-message-actions ng-star-inserted\"> \u00a0<\/span>\n<div class=\"container ng-tns-c2960411664-59 hide\">\n<div class=\"carousel-container ng-tns-c2960411664-59\"><\/div>\n<\/div>\n<\/li>\n<li data-sourcepos=\"9:1-9:165\"><strong>Temiz Tasar\u0131m:<\/strong> Kabuk \u00fcstler genellikle f\u0131rf\u0131r, dantel veya b\u00fcy\u00fck bask\u0131lar gibi a\u015f\u0131r\u0131 s\u00fcslemelerden ar\u0131nd\u0131r\u0131lm\u0131\u015ft\u0131r. Bu sadelik onlar\u0131 inan\u0131lmaz derecede \u00e7ok y\u00f6nl\u00fc k\u0131lar.<\/li>\n<li data-sourcepos=\"10:1-10:226\"><strong><span class=\"citation-2 recitation\">\u00c7e\u015fitli Kuma\u015flar:<\/span><\/strong><span class=\"citation-2 recitation citation-end-2\"> Pamuk, ipek, keten, suni ipek, polyester veya kar\u0131\u015f\u0131mlar\u0131 dahil olmak \u00fczere \u00e7ok \u00e7e\u015fitli kuma\u015flardan yap\u0131labilirler.<\/span> <span class=\"citation-3 recitation citation-end-3\">Kuma\u015f se\u00e7imi \u00fcst giysinin d\u00f6k\u00fcm\u00fcn\u00fc, hissini ve resmiyetini etkiler.<\/span><span class=\"button-container hide-from-message-actions ng-star-inserted\"> \u00a0<\/span>\n<div class=\"container ng-tns-c2960411664-60 hide\">\n<div class=\"carousel-container ng-tns-c2960411664-60\"><\/div>\n<\/div>\n<\/li>\n<li data-sourcepos=\"11:1-12:0\"><strong>Fitted veya Semi-Fitted:<\/strong> Genellikle v\u00fccuda yak\u0131n bir kesime sahiptirler, ancak her zaman cildi s\u0131kmazlar. <span class=\"citation-4 recitation citation-end-4\">Baz\u0131 kabuklu \u00fcstler biraz daha gev\u015fek, daha rahat bir kesime sahiptir.<\/span><span class=\"button-container hide-from-message-actions ng-star-inserted\"> \u00a0<\/span>\n<div class=\"container ng-tns-c2960411664-61 hide\">\n<div class=\"carousel-container ng-tns-c2960411664-61\"><\/div>\n<\/div>\n<\/li>\n<\/ul>\n<h3 data-sourcepos=\"13:1-13:34\"><strong>Kad\u0131n Kaban \u00dcstleri Neden Bu Kadar Pop\u00fcler?<\/strong><\/h3>\n<ul data-sourcepos=\"15:1-19:0\">\n<li data-sourcepos=\"15:1-15:143\"><strong>\u00c7ok y\u00f6nl\u00fcl\u00fck:<\/strong> Bu onlar\u0131n en b\u00fcy\u00fck g\u00fcc\u00fc. <span class=\"citation-5 recitation citation-end-5\">A\u015fa\u011f\u0131 ya da yukar\u0131 giydirilebildikleri i\u00e7in neredeyse her duruma uygundurlar.<\/span><span class=\"button-container hide-from-message-actions ng-star-inserted\">\u00a0 \u00a0<\/span>\n<div class=\"container ng-tns-c2960411664-62 hide\">\n<div class=\"carousel-container ng-tns-c2960411664-62\"><\/div>\n<\/div>\n<\/li>\n<li data-sourcepos=\"16:1-16:168\"><strong>Kat kat:<\/strong> H\u0131rka, blazer ceket, ceket ve hatta transparan \u00fcstlerin alt\u0131na giymek i\u00e7in m\u00fckemmeldir. Kollara hacim kazand\u0131rmadan p\u00fcr\u00fczs\u00fcz bir taban katman\u0131 sa\u011flarlar.<\/li>\n<li data-sourcepos=\"17:1-17:127\"><strong>Konfor:<\/strong> Kolsuz tasar\u0131mlar\u0131 ve genellikle hafif kuma\u015flar\u0131, \u00f6zellikle s\u0131cak havalarda rahat\u00e7a giyilebilmelerini sa\u011flar.<\/li>\n<li data-sourcepos=\"18:1-19:0\"><strong>Zamans\u0131z Stil:<\/strong> Kabuklu \u00fcstler, asla modas\u0131 ge\u00e7meyen klasik bir gard\u0131rop elyaf\u0131d\u0131r.<\/li>\n<\/ul>\n<h3 data-sourcepos=\"20:1-20:28\"><strong>Kad\u0131n Kaban \u00dcstler Nas\u0131l Giyilir?<\/strong><\/h3>\n<ul data-sourcepos=\"22:1-26:0\">\n<li data-sourcepos=\"22:1-22:90\"><strong>S\u0131radan:<\/strong> G\u00fcnl\u00fck rahat bir g\u00f6r\u00fcn\u00fcm i\u00e7in kot pantolon, \u015fort veya rahat bir etekle e\u015fle\u015ftirin.<\/li>\n<li data-sourcepos=\"23:1-23:122\"><strong>\u0130\u015f k\u0131yafeti:<\/strong> Profesyonel ama rahat bir k\u0131yafet i\u00e7in blazer ceketin alt\u0131na pantolon veya kalem etekle giyin.<\/li>\n<li data-sourcepos=\"24:1-24:138\"><strong>\u015e\u0131k:<\/strong> \u0130pek veya saten gibi l\u00fcks bir kuma\u015ftan kabuklu bir \u00fcst se\u00e7in ve bir ak\u015fam etkinli\u011fi i\u00e7in \u015f\u0131k bir etek veya pantolonla e\u015fle\u015ftirin.<\/li>\n<li data-sourcepos=\"25:1-26:0\"><strong>Kat kat:<\/strong> Daha fazla s\u0131cakl\u0131k ve stil i\u00e7in bir h\u0131rka, ceket veya hatta bir elbisenin alt\u0131na katlay\u0131n.<\/li>\n<\/ul>\n<h3 data-sourcepos=\"27:1-27:28\"><strong>Kad\u0131n Kabuk \u00dcstler \u00d6rnekler ve Varyasyonlar:<\/strong><\/h3>\n<ul data-sourcepos=\"29:1-33:0\">\n<li data-sourcepos=\"29:1-29:89\"><strong>\u0130pek Kabuk \u00dcst:<\/strong> Daha \u015f\u0131k davetler i\u00e7in idealdir, p\u00fcr\u00fczs\u00fcz ve zarif bir g\u00f6r\u00fcn\u00fcm sunar.<\/li>\n<li data-sourcepos=\"30:1-30:87\"><strong>Pamuk Kabuklu \u00dcst:<\/strong> G\u00fcnl\u00fck kullan\u0131m i\u00e7in m\u00fckemmeldir, konfor ve nefes alabilirlik sa\u011flar.<\/li>\n<li data-sourcepos=\"31:1-31:89\"><strong><span class=\"citation-6 recitation\">Nerv\u00fcrl\u00fc \u00d6rg\u00fc Kabuk \u00dcst:<\/span><\/strong><span class=\"citation-6 recitation citation-end-6\"> Daha dokulu bir g\u00f6r\u00fcn\u00fcm ve daha yak\u0131n bir uyum sunar.<\/span><span class=\"button-container hide-from-message-actions ng-star-inserted\"> \u00a0<\/span>\n<div class=\"container ng-tns-c2960411664-63 hide\">\n<div class=\"carousel-container ng-tns-c2960411664-63\"><\/div>\n<\/div>\n<\/li>\n<li data-sourcepos=\"32:1-33:0\"><strong>Dantel Kabuk \u00dcst:<\/strong> Kad\u0131ns\u0131 bir dokunu\u015f katar ve a\u015fa\u011f\u0131 ya da yukar\u0131 giydirilebilir.<\/li>\n<\/ul>","protected":false},"excerpt":{"rendered":"<table style=\"height: 542px;\" width=\"437\">\n<tbody>\n<tr>\n<td width=\"146\"><strong><b>\u00dcr\u00fcn<\/b><\/strong>\u00a0<strong><b>\u0130sim:<\/b><\/strong><\/td>\n<td width=\"601\">Kad\u0131n Kabuk \u00dcstler<\/td>\n<\/tr>\n<tr>\n<td width=\"146\"><strong><b>Materlal:<\/b><\/strong><\/td>\n<td width=\"601\">\u00d6rg\u00fc<\/td>\n<\/tr>\n<tr>\n<td width=\"146\"><strong><b>Teknik:<\/b><\/strong><\/td>\n<td width=\"601\">\u0130\u015flemeli<\/td>\n<\/tr>\n<tr>\n<td width=\"146\"><strong><b>Stil:<\/b><\/strong><\/td>\n<td width=\"601\">G\u00fcndelik<\/td>\n<\/tr>\n<tr>\n<td width=\"146\"><strong><b>Renk<\/b><\/strong><strong><b>:<\/b><\/strong><\/td>\n<td width=\"601\">\u00a0\u00d6zel Renkler<\/td>\n<\/tr>\n<tr>\n<td width=\"146\"><strong><b>Boyut:<\/b><\/strong><\/td>\n<td width=\"601\">S \/M \/L \/XL \/2XL<\/td>\n<\/tr>\n<tr>\n<td width=\"146\"><strong><b>OEM\/ODM:<\/b><\/strong><\/td>\n<td width=\"601\">Kabul edilebilir<\/td>\n<\/tr>\n<tr>\n<td width=\"146\"><strong><b>Kalite:<\/b><\/strong><\/td>\n<td width=\"601\">100% Y\u00fcksek Kalite<\/td>\n<\/tr>\n<tr>\n<td width=\"146\"><strong><b>M<\/b><\/strong><strong><b>OQ:<\/b><\/strong><\/td>\n<td width=\"601\">200 Adet<\/td>\n<\/tr>\n<\/tbody>\n<\/table>","protected":false},"featured_media":2007,"template":"","meta":[],"product_brand":[],"product_cat":[39],"product_tag":[],"class_list":{"0":"post-1999","1":"product","2":"type-product","3":"status-publish","4":"has-post-thumbnail","6":"product_cat-womens-clothing","8":"first","9":"instock","10":"shipping-taxable","11":"product-type-simple"},"_links":{"self":[{"href":"https:\/\/mj-clothing.com\/tr\/wp-json\/wp\/v2\/product\/1999","targetHints":{"allow":["GET"]}}],"collection":[{"href":"https:\/\/mj-clothing.com\/tr\/wp-json\/wp\/v2\/product"}],"about":[{"href":"https:\/\/mj-clothing.com\/tr\/wp-json\/wp\/v2\/types\/product"}],"wp:featuredmedia":[{"embeddable":true,"href":"https:\/\/mj-clothing.com\/tr\/wp-json\/wp\/v2\/media\/2007"}],"wp:attachment":[{"href":"https:\/\/mj-clothing.com\/tr\/wp-json\/wp\/v2\/media?parent=1999"}],"wp:term":[{"taxonomy":"product_brand","embeddable":true,"href":"https:\/\/mj-clothing.com\/tr\/wp-json\/wp\/v2\/product_brand?post=1999"},{"taxonomy":"product_cat","embeddable":true,"href":"https:\/\/mj-clothing.com\/tr\/wp-json\/wp\/v2\/product_cat?post=1999"},{"taxonomy":"product_tag","embeddable":true,"href":"https:\/\/mj-clothing.com\/tr\/wp-json\/wp\/v2\/product_tag?post=1999"}],"curies":[{"name":"wp","href":"https:\/\/api.w.org\/{rel}","templated":true}]}}