{"id":2001,"date":"2024-12-17T08:02:02","date_gmt":"2024-12-17T08:02:02","guid":{"rendered":"https:\/\/mj-clothing.com\/?post_type=product&#038;p=2001"},"modified":"2024-12-17T08:57:32","modified_gmt":"2024-12-17T08:57:32","slug":"womens-surplice-top","status":"publish","type":"product","link":"https:\/\/mj-clothing.com\/tr\/manufacturer\/womens-surplice-top\/","title":{"rendered":"Kad\u0131n Surplice \u00dcst"},"content":{"rendered":"<p data-sourcepos=\"1:1-1:164\">Surplice kad\u0131n bluzu, kendine \u00f6zg\u00fc yakas\u0131yla bilinen \u015f\u0131k ve gurur verici bir giysidir. \u0130\u015fte temel \u00f6zellikleri ve neden pop\u00fcler bir se\u00e7im oldu\u011funa dair bir d\u00f6k\u00fcm:<\/p>\n<h3 data-sourcepos=\"3:1-3:27\"><strong>Kad\u0131n Surplice \u00dcst Nedir?<\/strong><\/h3>\n<p data-sourcepos=\"5:1-5:212\">Surplice \u00fcst k\u0131sm\u0131n tan\u0131mlay\u0131c\u0131 \u00f6zelli\u011fi <strong>\u00fcst \u00fcste binen \u00f6n paneller<\/strong> diyagonal veya V \u015feklinde bir yaka olu\u015fturur. Bu tasar\u0131m, surplice ad\u0131 verilen geleneksel kilise k\u0131yafetinden esinlenmi\u015ftir.<\/p>\n<p data-sourcepos=\"7:1-7:27\">\u0130\u015fte baz\u0131 temel \u00f6zellikler:<\/p>\n<ul data-sourcepos=\"9:1-14:0\">\n<li data-sourcepos=\"9:1-9:98\"><strong>\u00d6rt\u00fc\u015fen Cephe:<\/strong> Kuma\u015f kendi \u00fczerinden ge\u00e7erek sar\u0131lm\u0131\u015f veya sahte bir sarg\u0131 efekti yarat\u0131r.<\/li>\n<li data-sourcepos=\"10:1-10:131\"><strong>V Yaka veya \u00c7apraz Yaka:<\/strong> Bu yaka genellikle olduk\u00e7a derin ve uzat\u0131c\u0131d\u0131r, bu da bir\u00e7ok v\u00fccut tipi i\u00e7in gurur vericidir.<\/li>\n<li data-sourcepos=\"11:1-11:133\"><strong>\u00c7e\u015fitli Kol Stilleri:<\/strong> Surplice \u00fcstler k\u0131sa kollu, uzun kollu, \u00fc\u00e7 \u00e7eyrek kollu veya hatta kolsuz olabilir.<\/li>\n<li data-sourcepos=\"12:1-12:179\"><strong>Farkl\u0131 Kuma\u015flar:<\/strong> \u00d6rme, dokuma, ipek, jarse ve daha fazlas\u0131 dahil olmak \u00fczere \u00e7e\u015fitli kuma\u015flardan yap\u0131labilirler. Kuma\u015f se\u00e7imi, \u00fcst k\u0131sm\u0131n d\u00f6k\u00fcm\u00fcn\u00fc ve genel g\u00f6r\u00fcn\u00fcm\u00fcn\u00fc etkiler.<\/li>\n<li data-sourcepos=\"13:1-14:0\"><strong>G\u00f6mme veya Gev\u015fek:<\/strong> Kal\u0131p, tasar\u0131m ve kuma\u015fa ba\u011fl\u0131 olarak v\u00fccuda oturandan bol ve d\u00f6k\u00fcml\u00fc olana kadar de\u011fi\u015febilir.<\/li>\n<\/ul>\n<h3 data-sourcepos=\"15:1-15:34\"><strong>Kad\u0131n Surplice \u00dcstler Neden Pop\u00fcler?<\/strong><\/h3>\n<ul data-sourcepos=\"17:1-21:0\">\n<li data-sourcepos=\"17:1-17:188\"><strong>Gurur Verici Yaka:<\/strong> V yaka veya diyagonal yaka boynu ve g\u00f6vdeyi uzatarak inceltici bir etki yarat\u0131r. Ayr\u0131ca k\u00f6pr\u00fcc\u00fck kemi\u011fini ve g\u00f6\u011f\u00fcs b\u00f6lgesini de gurur verici bir \u015fekilde vurgular.<\/li>\n<li data-sourcepos=\"18:1-18:107\"><strong>Kad\u0131ns\u0131 ve Zarif:<\/strong> \u00dcst \u00fcste binen tasar\u0131m, her k\u0131yafete feminen ve \u015f\u0131k bir dokunu\u015f katar.<\/li>\n<li data-sourcepos=\"19:1-19:103\"><strong>\u00c7ok y\u00f6nl\u00fc:<\/strong> Surplice \u00fcstler yukar\u0131 veya a\u015fa\u011f\u0131 giyilebilir, bu da onlar\u0131 \u00e7e\u015fitli durumlar i\u00e7in uygun hale getirir.<\/li>\n<li data-sourcepos=\"20:1-21:0\"><strong>Rahat:<\/strong> Kuma\u015f\u0131na ve kal\u0131b\u0131na ba\u011fl\u0131 olarak giymesi \u00e7ok rahat olabilir.<\/li>\n<\/ul>\n<h3 data-sourcepos=\"22:1-22:32\"><strong>Surplice Kad\u0131n \u00dcst\u00fc Nas\u0131l Stil Verilir?<\/strong><\/h3>\n<ul data-sourcepos=\"24:1-28:0\">\n<li data-sourcepos=\"24:1-24:90\"><strong>S\u0131radan:<\/strong> G\u00fcnl\u00fck rahat bir g\u00f6r\u00fcn\u00fcm i\u00e7in kot pantolon, \u015fort veya rahat bir etekle e\u015fle\u015ftirin.<\/li>\n<li data-sourcepos=\"25:1-25:114\"><strong>\u0130\u015f k\u0131yafeti:<\/strong> Pantolonla, kalem etekle veya daha profesyonel bir ortam i\u00e7in blazer ceketin alt\u0131na giyin.<\/li>\n<li data-sourcepos=\"26:1-26:140\"><strong>\u015e\u0131k:<\/strong> \u0130pek veya saten gibi l\u00fcks bir kuma\u015ftan bir b\u00fcr\u00fcmc\u00fck \u00fcst se\u00e7in ve bir ak\u015fam etkinli\u011fi i\u00e7in elbise pantolon veya etekle e\u015fle\u015ftirin.<\/li>\n<li data-sourcepos=\"27:1-28:0\"><strong>Kat kat:<\/strong> Daha fazla s\u0131cakl\u0131k ve stil i\u00e7in bir h\u0131rka veya ceketin alt\u0131na bir surplice \u00fcst katlayabilirsiniz.<\/li>\n<\/ul>","protected":false},"excerpt":{"rendered":"<table style=\"height: 571px;\" width=\"446\">\n<tbody>\n<tr>\n<td width=\"146\"><strong><b>\u00dcr\u00fcn<\/b><\/strong>\u00a0<strong><b>\u0130sim:<\/b><\/strong><\/td>\n<td width=\"601\"><strong>Kad\u0131n Surplice \u00dcst<\/strong><\/td>\n<\/tr>\n<tr>\n<td width=\"146\"><strong><b>Materlal:<\/b><\/strong><\/td>\n<td width=\"601\">\u00d6rg\u00fc<\/td>\n<\/tr>\n<tr>\n<td width=\"146\"><strong><b>Teknik:<\/b><\/strong><\/td>\n<td width=\"601\">\u0130\u015flemeli<\/td>\n<\/tr>\n<tr>\n<td width=\"146\"><strong><b>Stil:<\/b><\/strong><\/td>\n<td width=\"601\">G\u00fcndelik<\/td>\n<\/tr>\n<tr>\n<td width=\"146\"><strong><b>Renk<\/b><\/strong><strong><b>:<\/b><\/strong><\/td>\n<td width=\"601\">\u00a0\u00d6zel Renkler<\/td>\n<\/tr>\n<tr>\n<td width=\"146\"><strong><b>Boyut:<\/b><\/strong><\/td>\n<td width=\"601\">S \/M \/L \/XL \/2XL<\/td>\n<\/tr>\n<tr>\n<td width=\"146\"><strong><b>OEM\/ODM:<\/b><\/strong><\/td>\n<td width=\"601\">Kabul edilebilir<\/td>\n<\/tr>\n<tr>\n<td width=\"146\"><strong><b>Kalite:<\/b><\/strong><\/td>\n<td width=\"601\">100% Y\u00fcksek Kalite<\/td>\n<\/tr>\n<tr>\n<td width=\"146\"><strong><b>M<\/b><\/strong><strong><b>OQ:<\/b><\/strong><\/td>\n<td width=\"601\">200 Adet<\/td>\n<\/tr>\n<\/tbody>\n<\/table>","protected":false},"featured_media":2002,"template":"","meta":[],"product_brand":[],"product_cat":[39],"product_tag":[],"class_list":{"0":"post-2001","1":"product","2":"type-product","3":"status-publish","4":"has-post-thumbnail","6":"product_cat-womens-clothing","8":"first","9":"instock","10":"shipping-taxable","11":"product-type-simple"},"_links":{"self":[{"href":"https:\/\/mj-clothing.com\/tr\/wp-json\/wp\/v2\/product\/2001","targetHints":{"allow":["GET"]}}],"collection":[{"href":"https:\/\/mj-clothing.com\/tr\/wp-json\/wp\/v2\/product"}],"about":[{"href":"https:\/\/mj-clothing.com\/tr\/wp-json\/wp\/v2\/types\/product"}],"wp:featuredmedia":[{"embeddable":true,"href":"https:\/\/mj-clothing.com\/tr\/wp-json\/wp\/v2\/media\/2002"}],"wp:attachment":[{"href":"https:\/\/mj-clothing.com\/tr\/wp-json\/wp\/v2\/media?parent=2001"}],"wp:term":[{"taxonomy":"product_brand","embeddable":true,"href":"https:\/\/mj-clothing.com\/tr\/wp-json\/wp\/v2\/product_brand?post=2001"},{"taxonomy":"product_cat","embeddable":true,"href":"https:\/\/mj-clothing.com\/tr\/wp-json\/wp\/v2\/product_cat?post=2001"},{"taxonomy":"product_tag","embeddable":true,"href":"https:\/\/mj-clothing.com\/tr\/wp-json\/wp\/v2\/product_tag?post=2001"}],"curies":[{"name":"wp","href":"https:\/\/api.w.org\/{rel}","templated":true}]}}