{"id":2003,"date":"2024-12-17T08:19:49","date_gmt":"2024-12-17T08:19:49","guid":{"rendered":"https:\/\/mj-clothing.com\/?post_type=product&#038;p=2003"},"modified":"2025-01-04T03:04:40","modified_gmt":"2025-01-04T03:04:40","slug":"womens-tops-for-winter","status":"publish","type":"product","link":"https:\/\/mj-clothing.com\/tr\/manufacturer\/womens-tops-for-winter\/","title":{"rendered":"K\u0131\u015fl\u0131k Kad\u0131n \u00dcstleri"},"content":{"rendered":"<p data-sourcepos=\"1:1-1:137\">K\u0131\u015fl\u0131k kad\u0131n \u00fcstleri s\u00f6z konusu oldu\u011funda, anahtar nokta stil ile s\u0131cakl\u0131k ve rahatl\u0131\u011f\u0131 dengelemektir. \u0130\u015fte kad\u0131nlar i\u00e7in baz\u0131 pop\u00fcler ve pratik se\u00e7enekler:<\/p>\n<h3 data-sourcepos=\"3:1-3:28\"><strong>K\u0131\u015f S\u0131cakl\u0131\u011f\u0131 ve Katmanlama i\u00e7in Kad\u0131n \u00dcstleri i\u00e7in:<\/strong><\/h3>\n<ul data-sourcepos=\"5:1-9:0\">\n<li data-sourcepos=\"5:1-5:239\"><strong>Bal\u0131k\u00e7\u0131 yakalar ve sahte yakalar:<\/strong> Bunlar boynunuzu s\u0131cak tutmak i\u00e7in m\u00fckemmeldir ve tek ba\u015flar\u0131na giyilebilecekleri gibi kazak veya ceketlerin alt\u0131na da giyilebilirler. Ekstra s\u0131cakl\u0131k i\u00e7in merinos y\u00fcn\u00fc, ka\u015fmir veya termal \u00f6rg\u00fcler gibi malzemeler aray\u0131n.<\/li>\n<li data-sourcepos=\"6:1-6:205\"><strong>Uzun Kollu Termal \u00dcstler:<\/strong> Bunlar \u0131s\u0131y\u0131 hapsetmek ve \u00e7ok so\u011fuk ko\u015fullarda bile sizi s\u0131cak tutmak i\u00e7in tasarlanm\u0131\u015ft\u0131r. Di\u011fer \u00fcstlerin alt\u0131na giymek veya a\u00e7\u0131k hava etkinlikleri i\u00e7in tek ba\u015f\u0131na giymek i\u00e7in harikad\u0131r.<\/li>\n<li data-sourcepos=\"7:1-7:199\"><strong>Kazaklar:<\/strong> Klasik bir k\u0131\u015f elyaf\u0131 olan kazaklar, bisiklet yaka, V yaka, h\u0131rka ve bal\u0131k\u00e7\u0131 yaka gibi \u00e7e\u015fitli stillere sahiptir. Maksimum s\u0131cakl\u0131k i\u00e7in y\u00fcn, ka\u015fmir veya polar gibi malzemeleri tercih edin.<\/li>\n<li data-sourcepos=\"8:1-9:0\"><strong>Polar \u00dcstler:<\/strong> Bunlar inan\u0131lmaz derecede yumu\u015fak, s\u0131cak ve rahatt\u0131r. G\u00fcnl\u00fck giyim ve a\u00e7\u0131k hava etkinlikleri i\u00e7in m\u00fckemmeldir.<\/li>\n<\/ul>\n<h3 data-sourcepos=\"10:1-10:20\"><strong>K\u0131\u015f \u0130\u00e7in Kad\u0131n \u00dcstleri \u015e\u0131k Se\u00e7enekler:<\/strong><\/h3>\n<ul data-sourcepos=\"12:1-16:0\">\n<li data-sourcepos=\"12:1-12:140\"><strong>Kazak Elbiseler:<\/strong> Bunlar k\u0131\u015f i\u00e7in \u015f\u0131k ve rahat bir se\u00e7enektir. Eksiksiz bir k\u0131yafet i\u00e7in tayt ve botlarla e\u015fle\u015ftirilebilirler.<\/li>\n<li data-sourcepos=\"13:1-13:144\"><strong>\u00d6rme Tunikler:<\/strong> Bunlar rahat ve konforlu bir uyum sunarken \u015f\u0131k g\u00f6r\u00fcnmeye de devam eder. Taytlarla veya skinny jeanlerle e\u015fle\u015ftirilebilir.<\/li>\n<li data-sourcepos=\"14:1-14:142\"><strong>Kadife \u00dcstler:<\/strong> Kadife, her k\u0131yafete \u015f\u0131kl\u0131k ve s\u0131cakl\u0131k katar. Tatil partileri veya di\u011fer \u00f6zel g\u00fcnler i\u00e7in m\u00fckemmeldir.<\/li>\n<li data-sourcepos=\"15:1-16:0\"><strong>D\u00fc\u011fmeli G\u00f6mlekler (Flanel veya Kadife):<\/strong> Bunlar tek ba\u015flar\u0131na giyilebilir veya ekstra s\u0131cakl\u0131k i\u00e7in bal\u0131k\u00e7\u0131 yaka veya termal \u00fcst \u00fczerine katlanabilir.<\/li>\n<\/ul>\n<h3 data-sourcepos=\"17:1-17:26\"><strong>K\u0131\u015f \u0130\u00e7in Kad\u0131n \u00dcstlerinde Aranacak Malzemeler:<\/strong><\/h3>\n<ul data-sourcepos=\"19:1-24:0\">\n<li data-sourcepos=\"19:1-19:68\"><strong>Y\u00fcn:<\/strong> Islakken bile sizi s\u0131cak tutan do\u011fal bir yal\u0131tkan.<\/li>\n<li data-sourcepos=\"20:1-20:90\"><strong>Ka\u015fmir:<\/strong> M\u00fckemmel s\u0131cakl\u0131k sa\u011flayan l\u00fcks ve inan\u0131lmaz yumu\u015fak bir malzeme.<\/li>\n<li data-sourcepos=\"21:1-21:91\"><strong>Polar:<\/strong> Ayn\u0131 zamanda hafif ve nefes alabilen yumu\u015fak ve s\u0131cak tutan sentetik bir malzeme.<\/li>\n<li data-sourcepos=\"22:1-22:82\"><strong>Termal \u00d6rmeler:<\/strong> Is\u0131y\u0131 hapsetmek ve so\u011fuk ko\u015fullarda sizi s\u0131cak tutmak i\u00e7in tasarlanm\u0131\u015ft\u0131r.<\/li>\n<li data-sourcepos=\"23:1-24:0\"><strong>Pamuk:<\/strong> Y\u00fcn veya polar kadar s\u0131cak olmasa da pamuk nefes alabilir ve kat kat giymek i\u00e7in rahatt\u0131r.<\/li>\n<\/ul>\n<h3 data-sourcepos=\"25:1-25:34\"><strong>K\u0131\u015fl\u0131k Kad\u0131n \u00dcst Giysileri i\u00e7in \u0130pu\u00e7lar\u0131:<\/strong><\/h3>\n<ul data-sourcepos=\"27:1-30:0\">\n<li data-sourcepos=\"27:1-27:222\"><strong>\u0130klimi d\u00fc\u015f\u00fcn\u00fcn:<\/strong> \u00c7ok so\u011fuk bir iklimde ya\u015f\u0131yorsan\u0131z, s\u0131cak tutmaya \u00f6ncelik verin ve y\u00fcn veya polar gibi malzemeler se\u00e7in. Daha \u0131l\u0131man bir iklimde ya\u015f\u0131yorsan\u0131z, pamuk veya daha ince \u00f6rg\u00fcler gibi daha hafif malzemeleri tercih edebilirsiniz.<\/li>\n<li data-sourcepos=\"28:1-28:107\"><strong>Katmanlar\u0131 d\u00fc\u015f\u00fcn\u00fcn:<\/strong> Daha fazla s\u0131cakl\u0131k i\u00e7in di\u011fer giysilerin alt\u0131na kolayca katlanabilen \u00fcstler se\u00e7in.<\/li>\n<li data-sourcepos=\"29:1-30:0\"><strong>Tarz\u0131n\u0131z\u0131 unutmay\u0131n:<\/strong> K\u0131\u015fl\u0131k \u00fcstler hem i\u015flevsel hem de \u015f\u0131k olabilir. Sevdi\u011finiz ve gard\u0131robunuzu tamamlayan stilleri ve renkleri se\u00e7in.<\/li>\n<\/ul>\n<p data-sourcepos=\"31:1-31:126\">Bu fakt\u00f6rleri g\u00f6z \u00f6n\u00fcnde bulundurarak, k\u0131\u015f sezonu boyunca sizi s\u0131cak ve \u015f\u0131k tutacak m\u00fckemmel kad\u0131n \u00fcstlerini bulabilirsiniz.<\/p>","protected":false},"excerpt":{"rendered":"<table style=\"height: 515px;\" width=\"480\">\n<tbody>\n<tr>\n<td width=\"146\"><strong><b>\u00dcr\u00fcn<\/b><\/strong>\u00a0<strong><b>\u0130sim:<\/b><\/strong><\/td>\n<td width=\"601\"><strong>K\u0131\u015fl\u0131k Kad\u0131n \u00dcstleri<\/strong><\/td>\n<\/tr>\n<tr>\n<td width=\"146\"><strong><b>Materlal:<\/b><\/strong><\/td>\n<td width=\"601\">\u00d6rg\u00fc<\/td>\n<\/tr>\n<tr>\n<td width=\"146\"><strong><b>Teknik:<\/b><\/strong><\/td>\n<td width=\"601\">\u0130\u015flemeli<\/td>\n<\/tr>\n<tr>\n<td width=\"146\"><strong><b>Stil:<\/b><\/strong><\/td>\n<td width=\"601\">G\u00fcndelik<\/td>\n<\/tr>\n<tr>\n<td width=\"146\"><strong><b>Renk<\/b><\/strong><strong><b>:<\/b><\/strong><\/td>\n<td width=\"601\">\u00a0\u00d6zel Renkler<\/td>\n<\/tr>\n<tr>\n<td width=\"146\"><strong><b>Boyut:<\/b><\/strong><\/td>\n<td width=\"601\">S \/M \/L \/XL \/2XL<\/td>\n<\/tr>\n<tr>\n<td width=\"146\"><strong><b>OEM\/ODM:<\/b><\/strong><\/td>\n<td width=\"601\">Kabul edilebilir<\/td>\n<\/tr>\n<tr>\n<td width=\"146\"><strong><b>Kalite:<\/b><\/strong><\/td>\n<td width=\"601\">100% Y\u00fcksek Kalite<\/td>\n<\/tr>\n<tr>\n<td width=\"146\"><strong><b>M<\/b><\/strong><strong><b>OQ:<\/b><\/strong><\/td>\n<td width=\"601\">200 Adet<\/td>\n<\/tr>\n<\/tbody>\n<\/table>","protected":false},"featured_media":2088,"template":"","meta":[],"product_brand":[],"product_cat":[39],"product_tag":[],"class_list":{"0":"post-2003","1":"product","2":"type-product","3":"status-publish","4":"has-post-thumbnail","6":"product_cat-womens-clothing","8":"first","9":"instock","10":"shipping-taxable","11":"product-type-simple"},"_links":{"self":[{"href":"https:\/\/mj-clothing.com\/tr\/wp-json\/wp\/v2\/product\/2003","targetHints":{"allow":["GET"]}}],"collection":[{"href":"https:\/\/mj-clothing.com\/tr\/wp-json\/wp\/v2\/product"}],"about":[{"href":"https:\/\/mj-clothing.com\/tr\/wp-json\/wp\/v2\/types\/product"}],"wp:featuredmedia":[{"embeddable":true,"href":"https:\/\/mj-clothing.com\/tr\/wp-json\/wp\/v2\/media\/2088"}],"wp:attachment":[{"href":"https:\/\/mj-clothing.com\/tr\/wp-json\/wp\/v2\/media?parent=2003"}],"wp:term":[{"taxonomy":"product_brand","embeddable":true,"href":"https:\/\/mj-clothing.com\/tr\/wp-json\/wp\/v2\/product_brand?post=2003"},{"taxonomy":"product_cat","embeddable":true,"href":"https:\/\/mj-clothing.com\/tr\/wp-json\/wp\/v2\/product_cat?post=2003"},{"taxonomy":"product_tag","embeddable":true,"href":"https:\/\/mj-clothing.com\/tr\/wp-json\/wp\/v2\/product_tag?post=2003"}],"curies":[{"name":"wp","href":"https:\/\/api.w.org\/{rel}","templated":true}]}}