{"id":2008,"date":"2024-12-17T08:49:20","date_gmt":"2024-12-17T08:49:20","guid":{"rendered":"https:\/\/mj-clothing.com\/?post_type=product&#038;p=2008"},"modified":"2024-12-17T08:56:51","modified_gmt":"2024-12-17T08:56:51","slug":"womens-cashmere-long-coat","status":"publish","type":"product","link":"https:\/\/mj-clothing.com\/tr\/manufacturer\/womens-cashmere-long-coat\/","title":{"rendered":"Kad\u0131n Ka\u015fmir Uzun Kaban"},"content":{"rendered":"<div id=\"model-response-message-contentr_21586b4a0aa106d5\" class=\"markdown markdown-main-panel response-optimization\" dir=\"ltr\">\n<p data-sourcepos=\"1:1-1:191\">Kad\u0131n ka\u015fmir uzun kaban l\u00fcks\u00fcn, s\u0131cakl\u0131\u011f\u0131n ve zamans\u0131z stilin \u00f6z\u00fcd\u00fcr. Her k\u0131\u015f gard\u0131robunu y\u00fckseltebilecek \u00f6nemli bir yat\u0131r\u0131m par\u00e7as\u0131d\u0131r. \u0130\u015fte onlar\u0131 bu kadar \u00f6zel yapan \u015fey:<\/p>\n<h3 data-sourcepos=\"3:1-3:17\"><strong>Neden Kad\u0131n Ka\u015fmir Uzun Kaban?<\/strong><\/h3>\n<ul data-sourcepos=\"5:1-9:0\">\n<li data-sourcepos=\"5:1-5:146\"><strong><span class=\"citation-0 recitation\">Benzersiz Yumu\u015fakl\u0131k:<\/span><\/strong><span class=\"citation-0 recitation citation-end-0\"> Ka\u015fmir lifleri inan\u0131lmaz derecede incedir ve cilde kar\u015f\u0131 l\u00fcks bir yumu\u015fakl\u0131k ve p\u00fcr\u00fczs\u00fczl\u00fck hissi verir.<\/span><span class=\"button-container hide-from-message-actions ng-star-inserted\"> \u00a0<\/span>\n<div class=\"container ng-tns-c2960411664-95 hide\">\n<div class=\"carousel-container ng-tns-c2960411664-95\"><\/div>\n<\/div>\n<\/li>\n<li data-sourcepos=\"6:1-6:147\"><strong><span class=\"citation-1 recitation\">Ola\u011fan\u00fcst\u00fc S\u0131cakl\u0131k:<\/span><\/strong><span class=\"citation-1 recitation citation-end-1\"> Ka\u015fmir, hafif olmas\u0131na ra\u011fmen m\u00fckemmel yal\u0131t\u0131m sa\u011flayarak sizi hantal hissettirmeden s\u0131cak tutar.<\/span><span class=\"button-container hide-from-message-actions ng-star-inserted\">\u00a0<\/span>\n<div class=\"container ng-tns-c2960411664-96 hide\">\n<div class=\"carousel-container ng-tns-c2960411664-96\"><\/div>\n<\/div>\n<\/li>\n<li data-sourcepos=\"7:1-7:152\"><strong>Hafif ve Rahat:<\/strong> <span class=\"citation-2 recitation citation-end-2\">Ka\u015fmir giysiler hafiflikleriyle bilinir ve bu sayede uzun s\u00fcre rahatl\u0131kla giyilebilirler.<\/span><span class=\"button-container hide-from-message-actions ng-star-inserted\">\u00a0 \u00a0<\/span>\n<div class=\"container ng-tns-c2960411664-97 hide\">\n<div class=\"carousel-container ng-tns-c2960411664-97\"><\/div>\n<\/div>\n<\/li>\n<li data-sourcepos=\"8:1-9:0\"><strong><span class=\"citation-3 recitation\">Dayan\u0131kl\u0131l\u0131k:<\/span><\/strong><span class=\"citation-3 recitation citation-end-3\"> Do\u011fru bak\u0131mla, y\u00fcksek kaliteli bir ka\u015fmir palto uzun y\u0131llar dayanabilir ve bu da onu de\u011ferli bir yat\u0131r\u0131m haline getirir.<\/span><span class=\"button-container hide-from-message-actions ng-star-inserted\">\u00a0 \u00a0<\/span>\n<div class=\"container ng-tns-c2960411664-98 hide\">\n<div class=\"carousel-container ng-tns-c2960411664-98\"><\/div>\n<\/div>\n<\/li>\n<\/ul>\n<h3 data-sourcepos=\"10:1-10:41\"><strong>Kad\u0131n Ka\u015fmir Uzun Kaban\u0131n Temel \u00d6zellikleri:<\/strong><\/h3>\n<ul data-sourcepos=\"12:1-22:0\">\n<li data-sourcepos=\"12:1-12:85\"><strong>Uzunluk:<\/strong> Tipik olarak diz alt\u0131na kadar iner, maksimum \u00f6rt\u00fcc\u00fcl\u00fck ve s\u0131cakl\u0131k sunar.<\/li>\n<li data-sourcepos=\"13:1-16:93\"><strong>Klasik Tarzlar:<\/strong> Genellikle a\u015fa\u011f\u0131daki gibi zamans\u0131z sil\u00fcetlere sahiptir:\n<ul data-sourcepos=\"14:5-16:93\">\n<li data-sourcepos=\"14:5-14:88\"><strong>Tek d\u00fc\u011fmeli:<\/strong> Tek s\u0131ra d\u00fc\u011fmeli klasik ve \u00e7ok y\u00f6nl\u00fc bir stil.<\/li>\n<li data-sourcepos=\"15:5-15:87\"><strong>Kruvaze:<\/strong> <span class=\"citation-4 recitation citation-end-4\">\u0130ki s\u0131ra d\u00fc\u011fmeli daha resmi bir stil.<\/span><span class=\"button-container hide-from-message-actions ng-star-inserted\">\u00a0 \u00a0<\/span>\n<div class=\"container ng-tns-c2960411664-99 hide\">\n<div class=\"carousel-container ng-tns-c2960411664-99\"><\/div>\n<\/div>\n<\/li>\n<li data-sourcepos=\"16:5-16:93\"><strong><span class=\"citation-5 recitation\">\u015eal ceket:<\/span><\/strong><span class=\"citation-5 recitation citation-end-5\"> Kemer ile ba\u011flanabilen rahat ve zarif bir stil.<\/span><span class=\"button-container hide-from-message-actions ng-star-inserted\"> \u00a0<\/span>\n<div class=\"container ng-tns-c2960411664-100 hide\">\n<div class=\"carousel-container ng-tns-c2960411664-100\">\n<div class=\"carousel-content ng-tns-c2960411664-100\">\n<div class=\"sources-carousel-source ng-tns-c2960411664-100 hide ng-star-inserted\" data-test-id=\"sources-carousel-source\"><\/div>\n<\/div>\n<\/div>\n<\/div>\n<\/li>\n<\/ul>\n<\/li>\n<li data-sourcepos=\"17:1-20:67\"><strong>Yaka Se\u00e7enekleri:<\/strong> \u00c7e\u015fitli yaka stillerine sahip olabilir, \u00f6rne\u011fin:\n<ul data-sourcepos=\"18:5-20:67\">\n<li data-sourcepos=\"18:5-18:69\"><strong><span class=\"citation-6 recitation\">\u00c7entikli yaka:<\/span><\/strong><span class=\"citation-6 recitation citation-end-6\"> Klasik ve \u00e7ok y\u00f6nl\u00fc bir yaka.<\/span><span class=\"button-container hide-from-message-actions ng-star-inserted\">\u00a0<\/span>\n<div class=\"container ng-tns-c2960411664-101 hide\">\n<div class=\"carousel-container ng-tns-c2960411664-101\"><\/div>\n<\/div>\n<\/li>\n<li data-sourcepos=\"19:5-19:57\"><strong>\u015eal yaka:<\/strong> Daha rahat ve konforlu bir yaka.<\/li>\n<li data-sourcepos=\"20:5-20:67\"><strong>Dik yaka:<\/strong> Boyun \u00e7evresinde ekstra s\u0131cakl\u0131k sa\u011flar.<\/li>\n<\/ul>\n<\/li>\n<li data-sourcepos=\"21:1-22:0\"><strong>Minimal Detayland\u0131rma:<\/strong> L\u00fcks kuma\u015f\u0131 sergilemek i\u00e7in genellikle temiz hatlara ve minimal detaylara sahiptir.<\/li>\n<\/ul>\n<h3 data-sourcepos=\"23:1-23:56\"><strong>Kad\u0131n Ka\u015fmir Uzun Kaban Al\u0131rken Dikkat Edilmesi Gerekenler:<\/strong><\/h3>\n<ul data-sourcepos=\"25:1-30:0\">\n<li data-sourcepos=\"25:1-25:129\"><strong>Ka\u015fmir Kalite:<\/strong> 100% ka\u015fmirden veya di\u011fer ince liflerle harmanlanm\u0131\u015f y\u00fcksek oranda ka\u015fmirden yap\u0131lm\u0131\u015f paltolar\u0131 aray\u0131n.<\/li>\n<li data-sourcepos=\"26:1-26:134\"><strong>A\u011f\u0131rl\u0131k:<\/strong> Ka\u015fmirin a\u011f\u0131rl\u0131\u011f\u0131, s\u0131cakl\u0131\u011f\u0131n\u0131 ve d\u00f6k\u00fcm\u00fcn\u00fc etkiler. Daha a\u011f\u0131r ka\u015fmir genellikle daha s\u0131cakt\u0131r ancak daha hantal da olabilir.<\/li>\n<li data-sourcepos=\"27:1-27:89\"><strong>\u0130n\u015faat:<\/strong> Dayan\u0131kl\u0131l\u0131\u011f\u0131 sa\u011flamak i\u00e7in diki\u015f ve astar kalitesini kontrol edin.<\/li>\n<li data-sourcepos=\"28:1-28:99\"><strong>Fit:<\/strong> Omuzlara tam oturan ve rahat katmanlamaya izin veren bir palto se\u00e7in.<\/li>\n<li data-sourcepos=\"29:1-30:0\"><strong>Fiyat:<\/strong> <span class=\"citation-7 recitation citation-end-7\">Ka\u015fmir paltolar bir yat\u0131r\u0131md\u0131r, bu nedenle \u00f6nemli miktarda harcama yapmaya haz\u0131r olun.<\/span> Bununla birlikte, uygun bak\u0131mla uzun y\u0131llar dayanacakt\u0131r.<span class=\"button-container hide-from-message-actions ng-star-inserted\">\u00a0<\/span>\n<div class=\"container ng-tns-c2960411664-102 hide\">\n<div class=\"carousel-container ng-tns-c2960411664-102\"><\/div>\n<\/div>\n<\/li>\n<\/ul>\n<h3 data-sourcepos=\"31:1-31:46\"><strong>Kad\u0131n Ka\u015fmir Uzun Kabanlar Nerede Bulunur:<\/strong><\/h3>\n<ul data-sourcepos=\"33:1-37:0\">\n<li data-sourcepos=\"33:1-33:80\"><strong>\u00dcst d\u00fczey ma\u011fazalar:<\/strong> Nordstrom, Saks Fifth Avenue, Bloomingdale's<\/li>\n<li data-sourcepos=\"34:1-34:52\"><strong>L\u00fcks markalar:<\/strong> Max Mara, Loro Piana, The Row<\/li>\n<li data-sourcepos=\"35:1-35:80\"><strong>\u00d6zel ka\u015fmir perakendecileri:<\/strong> <span class=\"citation-8 recitation citation-end-8\">GOBI Cashmere, Sofia Cashmere<\/span><span class=\"button-container hide-from-message-actions ng-star-inserted\">\u00a0 \u00a0<\/span>\n<div class=\"container ng-tns-c2960411664-103 hide\">\n<div class=\"carousel-container ng-tns-c2960411664-103\"><\/div>\n<\/div>\n<\/li>\n<li data-sourcepos=\"36:1-37:0\"><strong>\u00c7evrimi\u00e7i perakendeciler:<\/strong> Farfetch, Net-a-Porter, Mytheresa<\/li>\n<\/ul>\n<p data-sourcepos=\"38:1-38:122\">Kad\u0131n ka\u015fmir uzun kaban, sizi y\u0131llarca s\u0131cak ve \u015f\u0131k tutacak l\u00fcks ve zamans\u0131z bir yat\u0131r\u0131md\u0131r.<\/p>\n<\/div>\n<div class=\"response-footer gap complete\">\n<div class=\"container ng-tns-c2960411664-94\">\n<div class=\"carousel-container ng-tns-c2960411664-94\">\n<div class=\"carousel-content ng-tns-c2960411664-94\">\n<div class=\"sources-carousel-source ng-tns-c2960411664-94 ng-star-inserted\" data-test-id=\"sources-carousel-source\">\n<div class=\"source-card-container\">\n<div class=\"source-card-content\">\n<div class=\"source-card-body\">\n<div class=\"source-card-header\">\n<div class=\"source-card-title\"><\/div>\n<\/div>\n<\/div>\n<\/div>\n<\/div>\n<\/div>\n<\/div>\n<\/div>\n<\/div>\n<\/div>","protected":false},"excerpt":{"rendered":"<table style=\"height: 596px;\" width=\"487\">\n<tbody>\n<tr>\n<td width=\"146\"><strong><b>\u00dcr\u00fcn<\/b><\/strong>\u00a0<strong><b>\u0130sim:<\/b><\/strong><\/td>\n<td width=\"601\"><strong>Kad\u0131n Ka\u015fmir Uzun Kaban<\/strong><\/td>\n<\/tr>\n<tr>\n<td width=\"146\"><strong><b>Materlal:<\/b><\/strong><\/td>\n<td width=\"601\">\u00d6rg\u00fc<\/td>\n<\/tr>\n<tr>\n<td width=\"146\"><strong><b>Teknik:<\/b><\/strong><\/td>\n<td width=\"601\">\u0130\u015flemeli<\/td>\n<\/tr>\n<tr>\n<td width=\"146\"><strong><b>Stil:<\/b><\/strong><\/td>\n<td width=\"601\">G\u00fcndelik<\/td>\n<\/tr>\n<tr>\n<td width=\"146\"><strong><b>Renk<\/b><\/strong><strong><b>:<\/b><\/strong><\/td>\n<td width=\"601\">\u00a0\u00d6zel Renkler<\/td>\n<\/tr>\n<tr>\n<td width=\"146\"><strong><b>Boyut:<\/b><\/strong><\/td>\n<td width=\"601\">S \/M \/L \/XL \/2XL<\/td>\n<\/tr>\n<tr>\n<td width=\"146\"><strong><b>OEM\/ODM:<\/b><\/strong><\/td>\n<td width=\"601\">Kabul edilebilir<\/td>\n<\/tr>\n<tr>\n<td width=\"146\"><strong><b>Kalite:<\/b><\/strong><\/td>\n<td width=\"601\">100% Y\u00fcksek Kalite<\/td>\n<\/tr>\n<tr>\n<td width=\"146\"><strong><b>M<\/b><\/strong><strong><b>OQ:<\/b><\/strong><\/td>\n<td width=\"601\">200 Adet<\/td>\n<\/tr>\n<\/tbody>\n<\/table>","protected":false},"featured_media":2009,"template":"","meta":[],"product_brand":[],"product_cat":[39],"product_tag":[],"class_list":{"0":"post-2008","1":"product","2":"type-product","3":"status-publish","4":"has-post-thumbnail","6":"product_cat-womens-clothing","8":"first","9":"instock","10":"shipping-taxable","11":"product-type-simple"},"_links":{"self":[{"href":"https:\/\/mj-clothing.com\/tr\/wp-json\/wp\/v2\/product\/2008","targetHints":{"allow":["GET"]}}],"collection":[{"href":"https:\/\/mj-clothing.com\/tr\/wp-json\/wp\/v2\/product"}],"about":[{"href":"https:\/\/mj-clothing.com\/tr\/wp-json\/wp\/v2\/types\/product"}],"wp:featuredmedia":[{"embeddable":true,"href":"https:\/\/mj-clothing.com\/tr\/wp-json\/wp\/v2\/media\/2009"}],"wp:attachment":[{"href":"https:\/\/mj-clothing.com\/tr\/wp-json\/wp\/v2\/media?parent=2008"}],"wp:term":[{"taxonomy":"product_brand","embeddable":true,"href":"https:\/\/mj-clothing.com\/tr\/wp-json\/wp\/v2\/product_brand?post=2008"},{"taxonomy":"product_cat","embeddable":true,"href":"https:\/\/mj-clothing.com\/tr\/wp-json\/wp\/v2\/product_cat?post=2008"},{"taxonomy":"product_tag","embeddable":true,"href":"https:\/\/mj-clothing.com\/tr\/wp-json\/wp\/v2\/product_tag?post=2008"}],"curies":[{"name":"wp","href":"https:\/\/api.w.org\/{rel}","templated":true}]}}