{"id":2010,"date":"2024-12-17T08:55:56","date_gmt":"2024-12-17T08:55:56","guid":{"rendered":"https:\/\/mj-clothing.com\/?post_type=product&#038;p=2010"},"modified":"2024-12-17T08:55:56","modified_gmt":"2024-12-17T08:55:56","slug":"black-long-wool-coat-womens","status":"publish","type":"product","link":"https:\/\/mj-clothing.com\/tr\/manufacturer\/black-long-wool-coat-womens\/","title":{"rendered":"Siyah Uzun Y\u00fcn Kaban Kad\u0131n"},"content":{"rendered":"<p data-sourcepos=\"1:1-1:191\">Siyah Uzun Y\u00fcn Kaban Kad\u0131n, her kad\u0131n i\u00e7in ger\u00e7ek bir gard\u0131rop vazge\u00e7ilmezidir. Pratikli\u011fi, s\u0131cakl\u0131\u011f\u0131 ve zamans\u0131z stili bir araya getiren klasik bir par\u00e7ad\u0131r. \u0130\u015fte onlar\u0131 bu kadar harika yapan \u015feylerin bir d\u00f6k\u00fcm\u00fc:<\/p>\n<h3 data-sourcepos=\"3:1-3:13\"><strong>Neden Siyah Uzun Y\u00fcn Kaban Kad\u0131n Y\u00fcn?<\/strong><\/h3>\n<ul data-sourcepos=\"5:1-9:0\">\n<li data-sourcepos=\"5:1-5:116\"><strong><span class=\"citation-0 recitation\">S\u0131cakl\u0131k:<\/span><\/strong><span class=\"citation-0 recitation citation-end-0\"> Y\u00fcn do\u011fal bir yal\u0131tkand\u0131r ve \u00e7ok so\u011fuk havalarda bile m\u00fckemmel s\u0131cakl\u0131k sa\u011flar.<\/span><span class=\"button-container hide-from-message-actions ng-star-inserted\"> \u00a0<\/span>\n<div class=\"container ng-tns-c2960411664-110 hide\">\n<div class=\"carousel-container ng-tns-c2960411664-110\"><\/div>\n<\/div>\n<\/li>\n<li data-sourcepos=\"6:1-6:114\"><strong><span class=\"citation-1 recitation\">Dayan\u0131kl\u0131l\u0131k:<\/span><\/strong><span class=\"citation-1 recitation citation-end-1\"> Y\u00fcn lifleri g\u00fc\u00e7l\u00fc ve esnektir, bu da y\u00fcn paltolar\u0131 dayan\u0131kl\u0131 ve uzun \u00f6m\u00fcrl\u00fc k\u0131lar.<\/span><span class=\"button-container hide-from-message-actions ng-star-inserted\"> \u00a0<\/span>\n<div class=\"container ng-tns-c2960411664-111 hide\">\n<div class=\"carousel-container ng-tns-c2960411664-111\"><\/div>\n<\/div>\n<\/li>\n<li data-sourcepos=\"7:1-7:130\"><strong><span class=\"citation-2 recitation\">Su ge\u00e7irmezlik:<\/span><\/strong><span class=\"citation-2 recitation citation-end-2\"> Y\u00fcn, do\u011fal su itici \u00f6zelliklere sahiptir ve hafif ya\u011fmur veya karda kuru kalman\u0131za yard\u0131mc\u0131 olur.<\/span><span class=\"button-container hide-from-message-actions ng-star-inserted\"> \u00a0<\/span>\n<div class=\"container ng-tns-c2960411664-112 hide\">\n<div class=\"carousel-container ng-tns-c2960411664-112\"><\/div>\n<\/div>\n<\/li>\n<li data-sourcepos=\"8:1-9:0\"><strong><span class=\"citation-3 recitation\">Nefes alabilirlik:<\/span><\/strong><span class=\"citation-3 recitation citation-end-3\"> Y\u00fcn nefes alabilir, bu da v\u00fccut \u0131s\u0131n\u0131z\u0131 d\u00fczenlemeye ve a\u015f\u0131r\u0131 \u0131s\u0131nmay\u0131 \u00f6nlemeye yard\u0131mc\u0131 olur.<\/span><span class=\"button-container hide-from-message-actions ng-star-inserted\">\u00a0 \u00a0<\/span>\n<div class=\"container ng-tns-c2960411664-113 hide\">\n<div class=\"carousel-container ng-tns-c2960411664-113\"><\/div>\n<\/div>\n<\/li>\n<\/ul>\n<h3 data-sourcepos=\"10:1-10:43\"><strong>Siyah Uzun Y\u00fcn Kaban Kad\u0131n'\u0131n Temel \u00d6zellikleri:<\/strong><\/h3>\n<ul data-sourcepos=\"12:1-23:0\">\n<li data-sourcepos=\"12:1-12:137\"><strong>Uzunluk:<\/strong> Tipik olarak diz alt\u0131na d\u00fc\u015fer, maksimum \u00f6rt\u00fcc\u00fcl\u00fck ve s\u0131cakl\u0131k sunar. Bu uzunluk ayn\u0131 zamanda \u00e7ok gurur verici ve uzat\u0131c\u0131d\u0131r.<\/li>\n<li data-sourcepos=\"13:1-13:125\"><strong>Renk:<\/strong> Siyah inan\u0131lmaz derecede \u00e7ok y\u00f6nl\u00fcd\u00fcr ve her \u015feyle uyumludur. Asla modas\u0131 ge\u00e7meyecek klasik bir se\u00e7imdir.<\/li>\n<li data-sourcepos=\"14:1-18:62\"><strong>Klasik Tarzlar:<\/strong> Yayg\u0131n stiller \u015funlard\u0131r:\n<ul data-sourcepos=\"15:5-18:62\">\n<li data-sourcepos=\"15:5-15:89\"><strong>Tek d\u00fc\u011fmeli:<\/strong> Tek s\u0131ra d\u00fc\u011fmeli, zamans\u0131z ve \u00e7ok y\u00f6nl\u00fc bir stil.<\/li>\n<li data-sourcepos=\"16:5-16:102\"><strong>Kruvaze:<\/strong> <span class=\"citation-4 recitation citation-end-4\">\u0130ki s\u0131ra d\u00fc\u011fmeli daha resmi ve yap\u0131land\u0131r\u0131lm\u0131\u015f bir stil.<\/span><span class=\"button-container hide-from-message-actions ng-star-inserted\">\u00a0<\/span>\n<div class=\"container ng-tns-c2960411664-114 hide\">\n<div class=\"carousel-container ng-tns-c2960411664-114\"><\/div>\n<\/div>\n<\/li>\n<li data-sourcepos=\"17:5-17:93\"><strong><span class=\"citation-5 recitation\">\u015eal ceket:<\/span><\/strong><span class=\"citation-5 recitation citation-end-5\"> Kemer ile ba\u011flanabilen rahat ve zarif bir stil.<\/span><span class=\"button-container hide-from-message-actions ng-star-inserted\"> \u00a0<\/span>\n<div class=\"container ng-tns-c2960411664-115 hide\">\n<div class=\"carousel-container ng-tns-c2960411664-115\"><\/div>\n<\/div>\n<\/li>\n<li data-sourcepos=\"18:5-18:62\"><strong>Chesterfield:<\/strong> Kadife yakal\u0131 resmi bir tarz.<\/li>\n<\/ul>\n<\/li>\n<li data-sourcepos=\"19:1-23:0\"><strong>Yaka Se\u00e7enekleri:<\/strong>\n<ul data-sourcepos=\"20:5-23:0\">\n<li data-sourcepos=\"20:5-20:69\"><strong><span class=\"citation-6 recitation\">\u00c7entikli yaka:<\/span><\/strong><span class=\"citation-6 recitation citation-end-6\"> Klasik ve \u00e7ok y\u00f6nl\u00fc bir yaka.<\/span><span class=\"button-container hide-from-message-actions ng-star-inserted\"> \u00a0<\/span>\n<div class=\"container ng-tns-c2960411664-116 hide\">\n<div class=\"carousel-container ng-tns-c2960411664-116\"><\/div>\n<\/div>\n<\/li>\n<li data-sourcepos=\"21:5-21:71\"><strong><span class=\"citation-7 recitation\">Tepe yaka:<\/span><\/strong><span class=\"citation-7 recitation citation-end-7\"> Daha resmi ve dramatik bir yaka.<\/span><span class=\"button-container hide-from-message-actions ng-star-inserted\"> \u00a0<\/span>\n<div class=\"container ng-tns-c2960411664-117 hide\">\n<div class=\"carousel-container ng-tns-c2960411664-117\"><\/div>\n<\/div>\n<\/li>\n<li data-sourcepos=\"22:5-23:0\"><strong>Dik yaka:<\/strong> Boyun \u00e7evresinde ekstra s\u0131cakl\u0131k sa\u011flar.<\/li>\n<\/ul>\n<\/li>\n<\/ul>\n<h3 data-sourcepos=\"24:1-24:58\"><strong>Siyah Uzun Y\u00fcn Kaban Kad\u0131n Al\u0131rken Dikkat Edilmesi Gerekenler:<\/strong><\/h3>\n<ul data-sourcepos=\"26:1-31:0\">\n<li data-sourcepos=\"26:1-26:101\"><strong>Y\u00fcn Kalitesi:<\/strong> Merinos y\u00fcn\u00fc veya i\u015flenmemi\u015f y\u00fcn gibi y\u00fcksek kaliteli y\u00fcnden yap\u0131lm\u0131\u015f paltolar\u0131 tercih edin.<\/li>\n<li data-sourcepos=\"27:1-27:75\"><strong>Astar:<\/strong> \u0130yi bir astar, montun s\u0131cakl\u0131\u011f\u0131na ve dayan\u0131kl\u0131l\u0131\u011f\u0131na katk\u0131da bulunacakt\u0131r.<\/li>\n<li data-sourcepos=\"28:1-28:99\"><strong>Fit:<\/strong> Paltonun omuzlara tam oturdu\u011fundan ve rahat katmanlamaya olanak sa\u011flad\u0131\u011f\u0131ndan emin olun.<\/li>\n<li data-sourcepos=\"29:1-29:72\"><strong>Detaylar:<\/strong> Cepler, d\u00fc\u011fmeler ve kemer halkalar\u0131 gibi detaylar\u0131 g\u00f6z \u00f6n\u00fcnde bulundurun.<\/li>\n<li data-sourcepos=\"30:1-31:0\"><strong><span class=\"citation-8 recitation\">Fiyat:<\/span><\/strong><span class=\"citation-8 recitation citation-end-8\"> Kaliteli bir y\u00fcn palto bir yat\u0131r\u0131md\u0131r, ancak uzun y\u0131llar dayanacakt\u0131r.<\/span><span class=\"button-container hide-from-message-actions ng-star-inserted\">\u00a0 \u00a0<\/span>\n<div class=\"container ng-tns-c2960411664-118 hide\">\n<div class=\"carousel-container ng-tns-c2960411664-118\"><\/div>\n<\/div>\n<\/li>\n<\/ul>\n<h3 data-sourcepos=\"32:1-32:40\"><strong>Siyah Uzun Y\u00fcn Kaban Kad\u0131n Stili Nas\u0131l Olmal\u0131?<\/strong><\/h3>\n<ul data-sourcepos=\"34:1-37:0\">\n<li data-sourcepos=\"34:1-34:85\"><strong>S\u0131radan:<\/strong> Klasik bir g\u00fcnl\u00fck g\u00f6r\u00fcn\u00fcm i\u00e7in kot pantolon, kazak ve botlarla e\u015fle\u015ftirin.<\/li>\n<li data-sourcepos=\"35:1-35:95\"><strong>\u0130\u015f k\u0131yafeti:<\/strong> Profesyonel bir g\u00f6r\u00fcn\u00fcm i\u00e7in bluz ve pantolon veya etek \u00fczerine giyin.<\/li>\n<li data-sourcepos=\"36:1-37:0\"><strong>\u015e\u0131k:<\/strong> Sofistike bir g\u00f6r\u00fcn\u00fcm i\u00e7in elbise veya gece k\u0131yafeti \u00fczerine katlay\u0131n.<\/li>\n<\/ul>\n<p data-sourcepos=\"38:1-38:217\"><span class=\"citation-9 recitation citation-end-9\">Siyah uzun y\u00fcn palto, k\u0131\u015f sezonu boyunca sizi s\u0131cak ve \u015f\u0131k tutacak \u00e7ok y\u00f6nl\u00fc ve vazge\u00e7ilmez bir par\u00e7ad\u0131r.<\/span> Uzun y\u0131llar boyunca giyebilece\u011finiz de\u011ferli bir yat\u0131r\u0131md\u0131r.<span class=\"button-container hide-from-message-actions ng-star-inserted\"> \u00a0 <\/span><\/p>","protected":false},"excerpt":{"rendered":"<table style=\"height: 647px;\" width=\"508\">\n<tbody>\n<tr>\n<td width=\"146\"><strong><b>\u00dcr\u00fcn<\/b><\/strong>\u00a0<strong><b>\u0130sim:<\/b><\/strong><\/td>\n<td width=\"601\"><strong>Siyah Uzun Y\u00fcn Kaban Kad\u0131n<\/strong><\/td>\n<\/tr>\n<tr>\n<td width=\"146\"><strong><b>Materlal:<\/b><\/strong><\/td>\n<td width=\"601\">\u00d6rg\u00fc<\/td>\n<\/tr>\n<tr>\n<td width=\"146\"><strong><b>Teknik:<\/b><\/strong><\/td>\n<td width=\"601\">\u0130\u015flemeli<\/td>\n<\/tr>\n<tr>\n<td width=\"146\"><strong><b>Stil:<\/b><\/strong><\/td>\n<td width=\"601\">G\u00fcndelik<\/td>\n<\/tr>\n<tr>\n<td width=\"146\"><strong><b>Renk<\/b><\/strong><strong><b>:<\/b><\/strong><\/td>\n<td width=\"601\">\u00a0\u00d6zel Renkler<\/td>\n<\/tr>\n<tr>\n<td width=\"146\"><strong><b>Boyut:<\/b><\/strong><\/td>\n<td width=\"601\">S \/M \/L \/XL \/2XL<\/td>\n<\/tr>\n<tr>\n<td width=\"146\"><strong><b>OEM\/ODM:<\/b><\/strong><\/td>\n<td width=\"601\">Kabul edilebilir<\/td>\n<\/tr>\n<tr>\n<td width=\"146\"><strong><b>Kalite:<\/b><\/strong><\/td>\n<td width=\"601\">100% Y\u00fcksek Kalite<\/td>\n<\/tr>\n<tr>\n<td width=\"146\"><strong><b>M<\/b><\/strong><strong><b>OQ:<\/b><\/strong><\/td>\n<td width=\"601\">200 Adet<\/td>\n<\/tr>\n<\/tbody>\n<\/table>","protected":false},"featured_media":2011,"template":"","meta":[],"product_brand":[],"product_cat":[39],"product_tag":[],"class_list":{"0":"post-2010","1":"product","2":"type-product","3":"status-publish","4":"has-post-thumbnail","6":"product_cat-womens-clothing","8":"first","9":"instock","10":"shipping-taxable","11":"product-type-simple"},"_links":{"self":[{"href":"https:\/\/mj-clothing.com\/tr\/wp-json\/wp\/v2\/product\/2010","targetHints":{"allow":["GET"]}}],"collection":[{"href":"https:\/\/mj-clothing.com\/tr\/wp-json\/wp\/v2\/product"}],"about":[{"href":"https:\/\/mj-clothing.com\/tr\/wp-json\/wp\/v2\/types\/product"}],"wp:featuredmedia":[{"embeddable":true,"href":"https:\/\/mj-clothing.com\/tr\/wp-json\/wp\/v2\/media\/2011"}],"wp:attachment":[{"href":"https:\/\/mj-clothing.com\/tr\/wp-json\/wp\/v2\/media?parent=2010"}],"wp:term":[{"taxonomy":"product_brand","embeddable":true,"href":"https:\/\/mj-clothing.com\/tr\/wp-json\/wp\/v2\/product_brand?post=2010"},{"taxonomy":"product_cat","embeddable":true,"href":"https:\/\/mj-clothing.com\/tr\/wp-json\/wp\/v2\/product_cat?post=2010"},{"taxonomy":"product_tag","embeddable":true,"href":"https:\/\/mj-clothing.com\/tr\/wp-json\/wp\/v2\/product_tag?post=2010"}],"curies":[{"name":"wp","href":"https:\/\/api.w.org\/{rel}","templated":true}]}}