{"id":2013,"date":"2024-12-17T09:06:12","date_gmt":"2024-12-17T09:06:12","guid":{"rendered":"https:\/\/mj-clothing.com\/?post_type=product&#038;p=2013"},"modified":"2024-12-17T09:06:12","modified_gmt":"2024-12-17T09:06:12","slug":"womens-petite-long-wool-coat","status":"publish","type":"product","link":"https:\/\/mj-clothing.com\/tr\/manufacturer\/womens-petite-long-wool-coat\/","title":{"rendered":"Kad\u0131n Minyon Uzun Y\u00fcn Kaban"},"content":{"rendered":"<p data-sourcepos=\"1:1-1:249\">Minyon kad\u0131n uzun y\u00fcn palto, \u00f6zellikle de daha k\u00fc\u00e7\u00fck bir bedene sahipseniz, so\u011fuk aylarda s\u0131cak ve \u015f\u0131k kalmak i\u00e7in harika bir se\u00e7imdir. \u00d6nemli olan, \u00fczerinize tam oturan ve v\u00fccudunuzu saran bir palto bulmakt\u0131r. \u0130\u015fte akl\u0131n\u0131zda tutman\u0131z gerekenler:<\/p>\n<h3 data-sourcepos=\"3:1-3:31\"><strong>Kad\u0131n Minyon Uzun Y\u00fcn Kaban Nas\u0131l Olmal\u0131d\u0131r?<\/strong><\/h3>\n<p data-sourcepos=\"5:1-5:125\"><span class=\"citation-0 recitation citation-end-0\">Minyon giysiler, genellikle 1.80 ve alt\u0131ndaki kad\u0131nlar i\u00e7in tasarlanm\u0131\u015ft\u0131r.<\/span> Minyon montlardaki temel farkl\u0131l\u0131klar \u015funlard\u0131r:<span class=\"button-container hide-from-message-actions ng-star-inserted\">\u00a0 \u00a0<\/span><\/p>\n<ul data-sourcepos=\"7:1-11:0\">\n<li data-sourcepos=\"7:1-7:105\"><strong>Daha K\u0131sa Boylar:<\/strong> Kaban\u0131n toplam uzunlu\u011fu, daha k\u00fc\u00e7\u00fck bir \u00e7er\u00e7eveyi ezmekten ka\u00e7\u0131nmak i\u00e7in daha k\u0131sad\u0131r.<\/li>\n<li data-sourcepos=\"8:1-8:104\"><strong>K\u0131sa Kollu:<\/strong> Kollar bile\u011fe tam oturacak \u015fekilde tasarlanm\u0131\u015ft\u0131r ve tadilat ihtiyac\u0131n\u0131 ortadan kald\u0131r\u0131r.<\/li>\n<li data-sourcepos=\"9:1-9:82\"><strong>Y\u00fcksek Kol Oyuklar\u0131:<\/strong> Bu, fazla kuma\u015f\u0131n kollar\u0131n alt\u0131nda toplanmas\u0131n\u0131 \u00f6nler.<\/li>\n<li data-sourcepos=\"10:1-11:0\"><strong><span class=\"citation-1 recitation\">Dar Omuzlar:<\/span><\/strong><span class=\"citation-1 recitation citation-end-1\"> Omuz diki\u015fleri daha k\u00fc\u00e7\u00fck bir \u00e7er\u00e7eveye tam oturmas\u0131 i\u00e7in daha dard\u0131r.<\/span><span class=\"button-container hide-from-message-actions ng-star-inserted\"> \u00a0<\/span>\n<div class=\"container ng-tns-c2960411664-127 hide\">\n<div class=\"carousel-container ng-tns-c2960411664-127\"><\/div>\n<\/div>\n<\/li>\n<\/ul>\n<h3 data-sourcepos=\"12:1-12:56\"><strong>Neden Kad\u0131n Petite Uzun Y\u00fcn Kaban Se\u00e7melisiniz (Minyon Olsan\u0131z Bile)?<\/strong><\/h3>\n<ul data-sourcepos=\"14:1-17:0\">\n<li data-sourcepos=\"14:1-14:111\"><strong><span class=\"citation-2 recitation\">S\u0131cakl\u0131k:<\/span><\/strong><span class=\"citation-2 recitation citation-end-2\"> Uzun bir y\u00fcn palto, so\u011fuk havalar i\u00e7in m\u00fckemmel bir \u00f6rt\u00fcc\u00fcl\u00fck ve s\u0131cakl\u0131k sa\u011flar.<\/span><span class=\"button-container hide-from-message-actions ng-star-inserted\"> \u00a0<\/span>\n<div class=\"container ng-tns-c2960411664-128 hide\">\n<div class=\"carousel-container ng-tns-c2960411664-128\"><\/div>\n<\/div>\n<\/li>\n<li data-sourcepos=\"15:1-15:97\"><strong>Zarafet:<\/strong> Uzun siluet, minyon fig\u00fcrlerde bile \u00e7ok zarif ve gurur verici olabilir.<\/li>\n<li data-sourcepos=\"16:1-17:0\"><strong>\u00c7ok y\u00f6nl\u00fcl\u00fck:<\/strong> <span class=\"citation-3 recitation citation-end-3\">Klasik bir uzun y\u00fcn palto, ister a\u015fa\u011f\u0131 ister yukar\u0131 giydirilebilir ve gard\u0131robunuza \u00e7ok y\u00f6nl\u00fc bir katk\u0131 sa\u011flar.<\/span>\n<div class=\"container ng-tns-c2960411664-129 hide\">\n<div class=\"carousel-container ng-tns-c2960411664-129\"><\/div>\n<\/div>\n<\/li>\n<\/ul>\n<h3 data-sourcepos=\"18:1-18:56\"><strong>Kad\u0131n Minyon Uzun Y\u00fcn Kabanda Aranacak Temel \u00d6zellikler:<\/strong><\/h3>\n<ul data-sourcepos=\"20:1-25:0\">\n<li data-sourcepos=\"20:1-20:144\"><strong>Uzunluk:<\/strong> \u0130deal olarak kaban diz hizas\u0131nda veya biraz alt\u0131nda olmal\u0131d\u0131r. \u00c7ok uzun paltolardan ka\u00e7\u0131n\u0131n \u00e7\u00fcnk\u00fc bunlar bedeninizi bo\u011fabilir.<\/li>\n<li data-sourcepos=\"21:1-21:140\"><strong>Fit:<\/strong> Omuzlar ve g\u00f6\u011f\u00fcs k\u0131sm\u0131ndaki uyuma \u00e7ok dikkat edin. Kaban \u00e7ok s\u0131k\u0131 veya \u00e7ok bol olmadan rahat\u00e7a oturmal\u0131d\u0131r.<\/li>\n<li data-sourcepos=\"22:1-22:108\"><strong>Kollar:<\/strong> Kollar bile\u011finize kadar uzanmal\u0131d\u0131r. \u00c7ok uzun olurlarsa sizi daha k\u0131sa g\u00f6sterebilirler.<\/li>\n<li data-sourcepos=\"23:1-23:146\"><strong>Stil:<\/strong> Tek g\u00f6\u011f\u00fcsl\u00fc, kruvaze veya \u015fal montlar gibi klasik stilleri d\u00fc\u015f\u00fcn\u00fcn. Bu stiller minyon v\u00fccutlar\u0131 daha iyi yans\u0131t\u0131r.<\/li>\n<li data-sourcepos=\"24:1-25:0\"><strong>Renk:<\/strong> Siyah, lacivert ve gri klasik ve \u00e7ok y\u00f6nl\u00fc se\u00e7imlerdir. Bununla birlikte, cilt tonunuzu tamamlayan di\u011fer renkleri de d\u00fc\u015f\u00fcnebilirsiniz.<\/li>\n<\/ul>\n<h3 data-sourcepos=\"26:1-26:45\"><strong>Minyon Kad\u0131n Minyon Uzun Y\u00fcn Kaban i\u00e7in \u0130pu\u00e7lar\u0131:<\/strong><\/h3>\n<ul data-sourcepos=\"28:1-32:0\">\n<li data-sourcepos=\"28:1-28:124\"><strong>B\u00fcy\u00fck boy stillerden ka\u00e7\u0131n\u0131n:<\/strong> B\u00fcy\u00fck paltolar minyon bir v\u00fccudu bunaltabilir. Daha v\u00fccuda oturan veya \u00f6zel dikim bir palto se\u00e7in.<\/li>\n<li data-sourcepos=\"29:1-29:127\"><strong>Ayr\u0131nt\u0131lara dikkat edin:<\/strong> Kemer, d\u00fc\u011fme ve yaka gibi detaylar daha d\u00fczg\u00fcn bir siluet olu\u015fturmaya yard\u0131mc\u0131 olabilir.<\/li>\n<li data-sourcepos=\"30:1-30:117\"><strong>Topuklu ayakkab\u0131 veya topuklu bot giyin:<\/strong> Bu, bacaklar\u0131n\u0131z\u0131 uzatmaya ve paltonun oranlar\u0131n\u0131 dengelemeye yard\u0131mc\u0131 olabilir.<\/li>\n<li data-sourcepos=\"31:1-32:0\"><strong>Kuma\u015f\u0131 d\u00fc\u015f\u00fcn\u00fcn:<\/strong> Hacim eklemekten ka\u00e7\u0131nmak i\u00e7in hafif ila orta a\u011f\u0131rl\u0131kta bir y\u00fcn se\u00e7in.<\/li>\n<\/ul>\n<h3 data-sourcepos=\"33:1-33:41\"><strong>Kad\u0131n Minyon Uzun Y\u00fcn Kaban Nerede Bulunur:<\/strong><\/h3>\n<ul data-sourcepos=\"35:1-38:0\">\n<li data-sourcepos=\"35:1-35:124\"><strong><span class=\"citation-4 recitation\">B\u00fcy\u00fck ma\u011fazalar:<\/span><\/strong><span class=\"citation-4 recitation citation-end-4\"> Bir\u00e7ok ma\u011fazada \u00e7e\u015fitli palto stillerinin bulundu\u011fu \u00f6zel minyon b\u00f6l\u00fcmleri vard\u0131r.<\/span><span class=\"button-container hide-from-message-actions ng-star-inserted\"> \u00a0<\/span>\n<div class=\"container ng-tns-c2960411664-130 hide\">\n<div class=\"carousel-container ng-tns-c2960411664-130\"><\/div>\n<\/div>\n<\/li>\n<li data-sourcepos=\"36:1-36:124\"><strong>\u00d6zel perakendeciler:<\/strong> <span class=\"citation-5 recitation citation-end-5\">Baz\u0131 perakendeciler minyon giyim konusunda uzmanla\u015fm\u0131\u015ft\u0131r ve daha geni\u015f bir mont yelpazesi sunar.<\/span><span class=\"button-container hide-from-message-actions ng-star-inserted\">\u00a0 \u00a0<\/span>\n<div class=\"container ng-tns-c2960411664-131 hide\">\n<div class=\"carousel-container ng-tns-c2960411664-131\"><\/div>\n<\/div>\n<\/li>\n<li data-sourcepos=\"37:1-38:0\"><strong><span class=\"citation-6 recitation\">\u00c7evrimi\u00e7i perakendeciler:<\/span><\/strong><span class=\"citation-6 recitation citation-end-6\"> Online perakendeciler, \u00e7e\u015fitli stillerde ve fiyat aral\u0131klar\u0131nda \u00e7ok \u00e7e\u015fitli minyon montlar sunuyor.<\/span><span class=\"button-container hide-from-message-actions ng-star-inserted\">\u00a0<\/span>\n<div class=\"container ng-tns-c2960411664-132 hide\">\n<div class=\"carousel-container ng-tns-c2960411664-132\"><\/div>\n<\/div>\n<\/li>\n<\/ul>\n<p data-sourcepos=\"39:1-39:150\">Bu ipu\u00e7lar\u0131n\u0131 akl\u0131n\u0131zda tutarak, t\u00fcm k\u0131\u015f boyunca sizi s\u0131cak, \u015f\u0131k ve \u00f6zg\u00fcvenli hissettirecek m\u00fckemmel minyon uzun y\u00fcn kaban\u0131 bulabilirsiniz.<\/p>","protected":false},"excerpt":{"rendered":"<table style=\"height: 521px;\" width=\"496\">\n<tbody>\n<tr>\n<td width=\"146\"><strong><b>\u00dcr\u00fcn<\/b><\/strong>\u00a0<strong><b>\u0130sim:<\/b><\/strong><\/td>\n<td width=\"601\"><strong>Kad\u0131n Minyon Uzun Y\u00fcn Kaban<\/strong><\/td>\n<\/tr>\n<tr>\n<td width=\"146\"><strong><b>Materlal:<\/b><\/strong><\/td>\n<td width=\"601\">\u00d6rg\u00fc<\/td>\n<\/tr>\n<tr>\n<td width=\"146\"><strong><b>Teknik:<\/b><\/strong><\/td>\n<td width=\"601\">\u0130\u015flemeli<\/td>\n<\/tr>\n<tr>\n<td width=\"146\"><strong><b>Stil:<\/b><\/strong><\/td>\n<td width=\"601\">G\u00fcndelik<\/td>\n<\/tr>\n<tr>\n<td width=\"146\"><strong><b>Renk<\/b><\/strong><strong><b>:<\/b><\/strong><\/td>\n<td width=\"601\">\u00a0\u00d6zel Renkler<\/td>\n<\/tr>\n<tr>\n<td width=\"146\"><strong><b>Boyut:<\/b><\/strong><\/td>\n<td width=\"601\">S \/M \/L \/XL \/2XL<\/td>\n<\/tr>\n<tr>\n<td width=\"146\"><strong><b>OEM\/ODM:<\/b><\/strong><\/td>\n<td width=\"601\">Kabul edilebilir<\/td>\n<\/tr>\n<tr>\n<td width=\"146\"><strong><b>Kalite:<\/b><\/strong><\/td>\n<td width=\"601\">100% Y\u00fcksek Kalite<\/td>\n<\/tr>\n<tr>\n<td width=\"146\"><strong><b>M<\/b><\/strong><strong><b>OQ:<\/b><\/strong><\/td>\n<td width=\"601\">200 Adet<\/td>\n<\/tr>\n<\/tbody>\n<\/table>","protected":false},"featured_media":2014,"template":"","meta":[],"product_brand":[],"product_cat":[39],"product_tag":[],"class_list":{"0":"post-2013","1":"product","2":"type-product","3":"status-publish","4":"has-post-thumbnail","6":"product_cat-womens-clothing","8":"first","9":"instock","10":"shipping-taxable","11":"product-type-simple"},"_links":{"self":[{"href":"https:\/\/mj-clothing.com\/tr\/wp-json\/wp\/v2\/product\/2013","targetHints":{"allow":["GET"]}}],"collection":[{"href":"https:\/\/mj-clothing.com\/tr\/wp-json\/wp\/v2\/product"}],"about":[{"href":"https:\/\/mj-clothing.com\/tr\/wp-json\/wp\/v2\/types\/product"}],"wp:featuredmedia":[{"embeddable":true,"href":"https:\/\/mj-clothing.com\/tr\/wp-json\/wp\/v2\/media\/2014"}],"wp:attachment":[{"href":"https:\/\/mj-clothing.com\/tr\/wp-json\/wp\/v2\/media?parent=2013"}],"wp:term":[{"taxonomy":"product_brand","embeddable":true,"href":"https:\/\/mj-clothing.com\/tr\/wp-json\/wp\/v2\/product_brand?post=2013"},{"taxonomy":"product_cat","embeddable":true,"href":"https:\/\/mj-clothing.com\/tr\/wp-json\/wp\/v2\/product_cat?post=2013"},{"taxonomy":"product_tag","embeddable":true,"href":"https:\/\/mj-clothing.com\/tr\/wp-json\/wp\/v2\/product_tag?post=2013"}],"curies":[{"name":"wp","href":"https:\/\/api.w.org\/{rel}","templated":true}]}}