{"id":2020,"date":"2024-12-17T09:14:47","date_gmt":"2024-12-17T09:14:47","guid":{"rendered":"https:\/\/mj-clothing.com\/?post_type=product&#038;p=2020"},"modified":"2024-12-19T03:40:02","modified_gmt":"2024-12-19T03:40:02","slug":"long-shearling-coat-womens","status":"publish","type":"product","link":"https:\/\/mj-clothing.com\/tr\/manufacturer\/long-shearling-coat-womens\/","title":{"rendered":"Uzun K\u00fcrkl\u00fc Mont Kad\u0131n"},"content":{"rendered":"<p data-sourcepos=\"1:1-1:209\">Uzun Shearling Mont Kad\u0131n, kad\u0131nlar i\u00e7in l\u00fcks ve inan\u0131lmaz derecede s\u0131cak tutan bir d\u0131\u015f giyim se\u00e7ene\u011fidir. Pratikli\u011fi inkar edilemez bir stille birle\u015ftiren bir ifade par\u00e7as\u0131d\u0131r. \u0130\u015fte onlar\u0131 bu kadar cazip k\u0131lan \u015feylerin bir d\u00f6k\u00fcm\u00fc:<\/p>\n<h3 data-sourcepos=\"3:1-3:22\"><strong>Uzun K\u00fcrkl\u00fc Mont Kad\u0131n Nedir?<\/strong><\/h3>\n<p data-sourcepos=\"5:1-5:190\">Shearling, y\u00fcn\u00fc hala ba\u011fl\u0131yken tabaklanm\u0131\u015f ve i\u015flenmi\u015f koyun veya kuzu derisinden yap\u0131l\u0131r. Bu da yumu\u015fak, pel\u00fc\u015f bir i\u00e7 k\u0131s\u0131m ve belirgin bir s\u00fcet veya deri d\u0131\u015f y\u00fczey yarat\u0131r.<\/p>\n<h3 data-sourcepos=\"5:1-5:190\"><strong>Neden Uzun K\u00fcrkl\u00fc Mont Kad\u0131n Se\u00e7melisiniz?<\/strong><\/h3>\n<ul data-sourcepos=\"9:1-13:0\">\n<li data-sourcepos=\"9:1-9:190\"><strong>Ola\u011fan\u00fcst\u00fc S\u0131cakl\u0131k:<\/strong> Shearling, mevcut en s\u0131cak do\u011fal malzemelerden biridir. Yo\u011fun y\u00fcn lifleri havay\u0131 hapsederek en so\u011fuk s\u0131cakl\u0131klara kar\u015f\u0131 bile m\u00fckemmel yal\u0131t\u0131m sa\u011flar.<\/li>\n<li data-sourcepos=\"9:1-9:190\"><strong>Konfor:<\/strong> Bir shearling montun yumu\u015fak, pel\u00fc\u015f i\u00e7 k\u0131sm\u0131 cilde kar\u015f\u0131 inan\u0131lmaz derecede rahat hissettirir.<\/li>\n<li data-sourcepos=\"11:1-11:98\"><strong>Dayan\u0131kl\u0131l\u0131k:<\/strong> Shearling, uygun bak\u0131mla uzun y\u0131llar dayanabilen dayan\u0131kl\u0131 bir malzemedir.<\/li>\n<li data-sourcepos=\"12:1-13:0\"><strong>Stil:<\/strong> Uzun bir k\u00fcrk manto, her k\u0131yafete l\u00fcks ve sofistike bir dokunu\u015f katan \u00f6nemli bir par\u00e7ad\u0131r.<\/li>\n<\/ul>\n<h3 data-sourcepos=\"14:1-14:42\"><strong>Uzun K\u00fcrkl\u00fc Mont Kad\u0131nlar\u0131n Temel \u00d6zellikleri:<\/strong><\/h3>\n<ul data-sourcepos=\"16:1-21:0\">\n<li data-sourcepos=\"16:1-16:86\"><strong>Uzunluk:<\/strong> Tipik olarak diz alt\u0131na kadar iner, maksimum \u00f6rt\u00fcc\u00fcl\u00fck ve s\u0131cakl\u0131k sa\u011flar.<\/li>\n<li data-sourcepos=\"17:1-17:66\"><strong>D\u0131\u015far\u0131dan:<\/strong> S\u00fcet, deri veya her ikisinin bir kombinasyonu olabilir.<\/li>\n<li data-sourcepos=\"18:1-18:46\"><strong>\u0130\u00e7 mekan:<\/strong> Yumu\u015fak, pel\u00fc\u015f y\u00fcn astar.<\/li>\n<li data-sourcepos=\"19:1-19:100\"><strong>Yaka:<\/strong> \u015eal yaka, \u00e7entikli yaka veya kap\u00fc\u015fon gibi \u00e7e\u015fitli yaka stillerine sahip olabilir.<\/li>\n<li data-sourcepos=\"20:1-21:0\"><strong>Kapan\u0131\u015f:<\/strong> D\u00fc\u011fmeler, fermuarlar veya ge\u00e7i\u015fler olabilir.<\/li>\n<\/ul>\n<h3 data-sourcepos=\"22:1-22:57\"><strong>Uzun Shearling Mont Al\u0131rken Dikkat Edilmesi Gerekenler:<\/strong><\/h3>\n<ul data-sourcepos=\"24:1-28:0\">\n<li data-sourcepos=\"24:1-24:87\"><strong>Kalite:<\/strong> Yo\u011fun, e\u015fit y\u00fcnl\u00fc y\u00fcksek kaliteli k\u00fcrkten yap\u0131lm\u0131\u015f paltolar\u0131 aray\u0131n.<\/li>\n<li data-sourcepos=\"25:1-25:129\"><strong>A\u011f\u0131rl\u0131k:<\/strong> K\u00fcrkl\u00fc montlar a\u011f\u0131r olabilir, bu nedenle a\u011f\u0131rl\u0131\u011f\u0131 ve uzun s\u00fcre giymenin ne kadar rahat olaca\u011f\u0131n\u0131 g\u00f6z \u00f6n\u00fcnde bulundurun.<\/li>\n<li data-sourcepos=\"26:1-26:99\"><strong>Fit:<\/strong> Paltonun omuzlara tam oturdu\u011fundan ve rahat katmanlamaya olanak sa\u011flad\u0131\u011f\u0131ndan emin olun.<\/li>\n<li data-sourcepos=\"27:1-28:0\"><strong>Fiyat:<\/strong> K\u00fcrkl\u00fc montlar bir yat\u0131r\u0131md\u0131r, bu nedenle \u00f6nemli miktarda harcama yapmaya haz\u0131r olun.<\/li>\n<\/ul>\n<h3 data-sourcepos=\"29:1-29:39\"><strong>Uzun K\u00fcrk Manto Nas\u0131l Stilize Edilir?<\/strong><\/h3>\n<ul data-sourcepos=\"31:1-33:0\">\n<li data-sourcepos=\"31:1-31:94\"><strong>S\u0131radan:<\/strong> S\u0131cak ve \u015f\u0131k bir g\u00fcnl\u00fck g\u00f6r\u00fcn\u00fcm i\u00e7in kot pantolon, kazak ve botlarla e\u015fle\u015ftirin.<\/li>\n<li data-sourcepos=\"32:1-33:0\"><strong>\u015e\u0131k:<\/strong> L\u00fcks ve sofistike bir g\u00f6r\u00fcn\u00fcm i\u00e7in elbisenizin veya gece k\u0131yafetinizin \u00fczerine katlay\u0131n.<\/li>\n<\/ul>\n<h3 data-sourcepos=\"34:1-34:35\"><strong>Uzun K\u00fcrkl\u00fc Mont Bak\u0131m\u0131:<\/strong><\/h3>\n<ul data-sourcepos=\"36:1-39:0\">\n<li data-sourcepos=\"36:1-36:115\"><strong>Profesyonel Temizlik:<\/strong> Shearling montunuzun bir uzman taraf\u0131ndan profesyonel olarak temizlenmesi tavsiye edilir.<\/li>\n<li data-sourcepos=\"36:1-36:115\"><strong>Leke Temizli\u011fi:<\/strong> K\u00fc\u00e7\u00fck lekeleri nemli bir bez ve hafif bir deterjanla temizleyebilirsiniz.<\/li>\n<li data-sourcepos=\"38:1-39:0\"><strong>Depolama:<\/strong> Shearling montunuzu serin ve kuru bir yerde, do\u011frudan g\u00fcne\u015f \u0131\u015f\u0131\u011f\u0131ndan uzakta saklay\u0131n.<\/li>\n<\/ul>\n<p data-sourcepos=\"40:1-40:121\">Uzun bir k\u00fcrk manto, sizi uzun y\u0131llar boyunca s\u0131cak ve \u015f\u0131k tutacak l\u00fcks ve pratik bir yat\u0131r\u0131md\u0131r.<\/p>","protected":false},"excerpt":{"rendered":"<table style=\"height: 560px;\" width=\"542\">\n<tbody>\n<tr>\n<td width=\"146\"><strong><b>\u00dcr\u00fcn<\/b><\/strong>\u00a0<strong><b>\u0130sim:<\/b><\/strong><\/td>\n<td width=\"601\"><strong>Uzun K\u00fcrkl\u00fc Mont Kad\u0131n<\/strong><\/td>\n<\/tr>\n<tr>\n<td width=\"146\"><strong><b>Materlal:<\/b><\/strong><\/td>\n<td width=\"601\">\u00d6rg\u00fc<\/td>\n<\/tr>\n<tr>\n<td width=\"146\"><strong><b>Teknik:<\/b><\/strong><\/td>\n<td width=\"601\">\u0130\u015flemeli<\/td>\n<\/tr>\n<tr>\n<td width=\"146\"><strong><b>Stil:<\/b><\/strong><\/td>\n<td width=\"601\">G\u00fcndelik<\/td>\n<\/tr>\n<tr>\n<td width=\"146\"><strong><b>Renk<\/b><\/strong><strong><b>:<\/b><\/strong><\/td>\n<td width=\"601\">\u00a0\u00d6zel Renkler<\/td>\n<\/tr>\n<tr>\n<td width=\"146\"><strong><b>Boyut:<\/b><\/strong><\/td>\n<td width=\"601\">S \/M \/L \/XL \/2XL<\/td>\n<\/tr>\n<tr>\n<td width=\"146\"><strong><b>OEM\/ODM:<\/b><\/strong><\/td>\n<td width=\"601\">Kabul edilebilir<\/td>\n<\/tr>\n<tr>\n<td width=\"146\"><strong><b>Kalite:<\/b><\/strong><\/td>\n<td width=\"601\">100% Y\u00fcksek Kalite<\/td>\n<\/tr>\n<tr>\n<td width=\"146\"><strong><b>M<\/b><\/strong><strong><b>OQ:<\/b><\/strong><\/td>\n<td width=\"601\">200 Adet<\/td>\n<\/tr>\n<\/tbody>\n<\/table>","protected":false},"featured_media":2026,"template":"","meta":[],"product_brand":[],"product_cat":[39],"product_tag":[],"class_list":{"0":"post-2020","1":"product","2":"type-product","3":"status-publish","4":"has-post-thumbnail","6":"product_cat-womens-clothing","8":"first","9":"instock","10":"shipping-taxable","11":"product-type-simple"},"_links":{"self":[{"href":"https:\/\/mj-clothing.com\/tr\/wp-json\/wp\/v2\/product\/2020","targetHints":{"allow":["GET"]}}],"collection":[{"href":"https:\/\/mj-clothing.com\/tr\/wp-json\/wp\/v2\/product"}],"about":[{"href":"https:\/\/mj-clothing.com\/tr\/wp-json\/wp\/v2\/types\/product"}],"wp:featuredmedia":[{"embeddable":true,"href":"https:\/\/mj-clothing.com\/tr\/wp-json\/wp\/v2\/media\/2026"}],"wp:attachment":[{"href":"https:\/\/mj-clothing.com\/tr\/wp-json\/wp\/v2\/media?parent=2020"}],"wp:term":[{"taxonomy":"product_brand","embeddable":true,"href":"https:\/\/mj-clothing.com\/tr\/wp-json\/wp\/v2\/product_brand?post=2020"},{"taxonomy":"product_cat","embeddable":true,"href":"https:\/\/mj-clothing.com\/tr\/wp-json\/wp\/v2\/product_cat?post=2020"},{"taxonomy":"product_tag","embeddable":true,"href":"https:\/\/mj-clothing.com\/tr\/wp-json\/wp\/v2\/product_tag?post=2020"}],"curies":[{"name":"wp","href":"https:\/\/api.w.org\/{rel}","templated":true}]}}